{"id":10285,"date":"2017-05-30T14:25:03","date_gmt":"2017-05-30T12:25:03","guid":{"rendered":"https:\/\/cce.it\/\/division-plinthes-automatiques\/produits\/easy\/trend-sq\/"},"modified":"2018-07-19T09:38:55","modified_gmt":"2018-07-19T07:38:55","slug":"trend-sq","status":"publish","type":"page","link":"https:\/\/cce.it\/fr\/division-plinthes-automatiques\/categories\/easy\/trend-sq\/","title":{"rendered":"Trend Sq"},"content":{"rendered":"<h5><span>INFORMATION<\/span><\/h5>\n<hr \/>\n<p>Mod\u00e8le offrant des dimensions r\u00e9duites tout en conservant de bonnes performances acoustiques, disponible dans de nombreuses combinaisons de bouton poussoir et de joints, pr\u00e9sent\u00e9 dans sa configuration avec fixation par \u00e9querres lat\u00e9rales. En fonction du type de joint s\u00e9lectionn\u00e9, un abattement acoustique de 32 \u00e0 39dB peut \u00eatre obtenu, r\u00e9sultats exceptionnels pour une plinthe si petite.<\/p>\n","protected":false},"excerpt":{"rendered":"<p>INFORMATION Mod\u00e8le offrant des dimensions r\u00e9duites tout en conservant de bonnes performances acoustiques, disponible dans de nombreuses combinaisons de bouton poussoir et de joints, pr\u00e9sent\u00e9 dans sa configuration avec fixation par \u00e9querres lat\u00e9rales. En fonction du type de joint s\u00e9lectionn\u00e9, un abattement acoustique de 32 \u00e0 39dB peut \u00eatre obtenu, r\u00e9sultats exceptionnels pour une plinthe &hellip; <a href=\"https:\/\/cce.it\/fr\/division-plinthes-automatiques\/categories\/easy\/trend-sq\/\">Continua<\/a><\/p>\n","protected":false},"author":12,"featured_media":17684,"parent":3534,"menu_order":1279,"comment_status":"closed","ping_status":"closed","template":"template-antis-product.php","meta":[],"acf":[],"yoast_head":"<!-- This site is optimized with the Yoast SEO plugin v15.0 - https:\/\/yoast.com\/wordpress\/plugins\/seo\/ -->\n<title>Trend Sq - CCE<\/title>\n<meta name=\"robots\" content=\"index, follow, max-snippet:-1, max-image-preview:large, max-video-preview:-1\" \/>\n<link rel=\"canonical\" href=\"https:\/\/cce.it\/fr\/division-plinthes-automatiques\/categories\/easy\/trend-sq\/\" \/>\n<meta property=\"og:locale\" content=\"it_IT\" \/>\n<meta property=\"og:type\" content=\"article\" \/>\n<meta property=\"og:title\" content=\"Trend Sq - CCE\" \/>\n<meta property=\"og:description\" content=\"INFORMATION Mod\u00e8le offrant des dimensions r\u00e9duites tout en conservant de bonnes performances acoustiques, disponible dans de nombreuses combinaisons de bouton poussoir et de joints, pr\u00e9sent\u00e9 dans sa configuration avec fixation par \u00e9querres lat\u00e9rales. En fonction du type de joint s\u00e9lectionn\u00e9, un abattement acoustique de 32 \u00e0 39dB peut \u00eatre obtenu, r\u00e9sultats exceptionnels pour une plinthe &hellip; Continua\" \/>\n<meta property=\"og:url\" content=\"https:\/\/cce.it\/fr\/division-plinthes-automatiques\/categories\/easy\/trend-sq\/\" \/>\n<meta property=\"og:site_name\" content=\"CCE\" \/>\n<meta property=\"article:modified_time\" content=\"2018-07-19T07:38:55+00:00\" \/>\n<meta property=\"og:image\" content=\"https:\/\/cce.it\/wp-content\/uploads\/trend_sq.jpg\" \/>\n\t<meta property=\"og:image:width\" content=\"1920\" \/>\n\t<meta property=\"og:image:height\" content=\"726\" \/>\n<script type=\"application\/ld+json\" class=\"yoast-schema-graph\">{\"@context\":\"https:\/\/schema.org\",\"@graph\":[{\"@type\":\"WebSite\",\"@id\":\"https:\/\/cce.it\/fr\/#website\",\"url\":\"https:\/\/cce.it\/fr\/\",\"name\":\"CCE\",\"description\":\"\",\"potentialAction\":[{\"@type\":\"SearchAction\",\"target\":\"https:\/\/cce.it\/fr\/?s={search_term_string}\",\"query-input\":\"required name=search_term_string\"}],\"inLanguage\":\"it-IT\"},{\"@type\":\"ImageObject\",\"@id\":\"https:\/\/cce.it\/fr\/division-plinthes-automatiques\/categories\/easy\/trend-sq\/#primaryimage\",\"inLanguage\":\"it-IT\",\"url\":\"https:\/\/cce.it\/wp-content\/uploads\/trend_sq.jpg\",\"width\":1920,\"height\":726},{\"@type\":\"WebPage\",\"@id\":\"https:\/\/cce.it\/fr\/division-plinthes-automatiques\/categories\/easy\/trend-sq\/#webpage\",\"url\":\"https:\/\/cce.it\/fr\/division-plinthes-automatiques\/categories\/easy\/trend-sq\/\",\"name\":\"Trend Sq - CCE\",\"isPartOf\":{\"@id\":\"https:\/\/cce.it\/fr\/#website\"},\"primaryImageOfPage\":{\"@id\":\"https:\/\/cce.it\/fr\/division-plinthes-automatiques\/categories\/easy\/trend-sq\/#primaryimage\"},\"datePublished\":\"2017-05-30T12:25:03+00:00\",\"dateModified\":\"2018-07-19T07:38:55+00:00\",\"breadcrumb\":{\"@id\":\"https:\/\/cce.it\/fr\/division-plinthes-automatiques\/categories\/easy\/trend-sq\/#breadcrumb\"},\"inLanguage\":\"it-IT\",\"potentialAction\":[{\"@type\":\"ReadAction\",\"target\":[\"https:\/\/cce.it\/fr\/division-plinthes-automatiques\/categories\/easy\/trend-sq\/\"]}]},{\"@type\":\"BreadcrumbList\",\"@id\":\"https:\/\/cce.it\/fr\/division-plinthes-automatiques\/categories\/easy\/trend-sq\/#breadcrumb\",\"itemListElement\":[{\"@type\":\"ListItem\",\"position\":1,\"item\":{\"@type\":\"WebPage\",\"@id\":\"https:\/\/cce.it\/\",\"url\":\"https:\/\/cce.it\/\",\"name\":\"Home\"}},{\"@type\":\"ListItem\",\"position\":2,\"item\":{\"@type\":\"WebPage\",\"@id\":\"https:\/\/cce.it\/fr\/division-plinthes-automatiques\/\",\"url\":\"https:\/\/cce.it\/fr\/division-plinthes-automatiques\/\",\"name\":\"Division Plinthes Automatiques\"}},{\"@type\":\"ListItem\",\"position\":3,\"item\":{\"@type\":\"WebPage\",\"@id\":\"https:\/\/cce.it\/fr\/division-plinthes-automatiques\/categories\/\",\"url\":\"https:\/\/cce.it\/fr\/division-plinthes-automatiques\/categories\/\",\"name\":\"Cat\\u00e9gories\"}},{\"@type\":\"ListItem\",\"position\":4,\"item\":{\"@type\":\"WebPage\",\"@id\":\"https:\/\/cce.it\/fr\/division-plinthes-automatiques\/categories\/easy\/\",\"url\":\"https:\/\/cce.it\/fr\/division-plinthes-automatiques\/categories\/easy\/\",\"name\":\"Easy\"}},{\"@type\":\"ListItem\",\"position\":5,\"item\":{\"@type\":\"WebPage\",\"@id\":\"https:\/\/cce.it\/fr\/division-plinthes-automatiques\/categories\/easy\/trend-sq\/\",\"url\":\"https:\/\/cce.it\/fr\/division-plinthes-automatiques\/categories\/easy\/trend-sq\/\",\"name\":\"Trend Sq\"}}]}]}<\/script>\n<!-- \/ Yoast SEO plugin. -->","_links":{"self":[{"href":"https:\/\/cce.it\/fr\/wp-json\/wp\/v2\/pages\/10285"}],"collection":[{"href":"https:\/\/cce.it\/fr\/wp-json\/wp\/v2\/pages"}],"about":[{"href":"https:\/\/cce.it\/fr\/wp-json\/wp\/v2\/types\/page"}],"author":[{"embeddable":true,"href":"https:\/\/cce.it\/fr\/wp-json\/wp\/v2\/users\/12"}],"replies":[{"embeddable":true,"href":"https:\/\/cce.it\/fr\/wp-json\/wp\/v2\/comments?post=10285"}],"version-history":[{"count":9,"href":"https:\/\/cce.it\/fr\/wp-json\/wp\/v2\/pages\/10285\/revisions"}],"predecessor-version":[{"id":18303,"href":"https:\/\/cce.it\/fr\/wp-json\/wp\/v2\/pages\/10285\/revisions\/18303"}],"up":[{"embeddable":true,"href":"https:\/\/cce.it\/fr\/wp-json\/wp\/v2\/pages\/3534"}],"wp:featuredmedia":[{"embeddable":true,"href":"https:\/\/cce.it\/fr\/wp-json\/wp\/v2\/media\/17684"}],"wp:attachment":[{"href":"https:\/\/cce.it\/fr\/wp-json\/wp\/v2\/media?parent=10285"}],"curies":[{"name":"wp","href":"https:\/\/api.w.org\/{rel}","templated":true}]}}