{"id":10278,"date":"2017-05-30T14:32:07","date_gmt":"2017-05-30T12:32:07","guid":{"rendered":"https:\/\/cce.it\/\/division-plinthes-automatiques\/produits\/easy\/top-slide-magnetic\/"},"modified":"2018-07-19T09:39:18","modified_gmt":"2018-07-19T07:39:18","slug":"top-slide-magnetic","status":"publish","type":"page","link":"https:\/\/cce.it\/fr\/division-plinthes-automatiques\/categories\/easy\/top-slide-magnetic\/","title":{"rendered":"Top Slide Magnetic"},"content":{"rendered":"<h5><span>INFORMATION<\/span><\/h5>\n<hr \/>\n<p>Mod\u00e8le d\u00e9di\u00e9 pour les portes coulissantes, il est fourni avec un guide de porte et un syst\u00e8me de blocage magn\u00e9tique de la porte au travers d\u2019un kit de deux aimants. Le r\u00e9glage est simplifi\u00e9 gr\u00e2ce \u00e0 un bouton poussoir extractible sur ressort. Il est fourni avec un joint souple en silicone auto-extinguible.<\/p>\n","protected":false},"excerpt":{"rendered":"<p>INFORMATION Mod\u00e8le d\u00e9di\u00e9 pour les portes coulissantes, il est fourni avec un guide de porte et un syst\u00e8me de blocage magn\u00e9tique de la porte au travers d\u2019un kit de deux aimants. Le r\u00e9glage est simplifi\u00e9 gr\u00e2ce \u00e0 un bouton poussoir extractible sur ressort. Il est fourni avec un joint souple en silicone auto-extinguible.<\/p>\n","protected":false},"author":12,"featured_media":8978,"parent":3534,"menu_order":601,"comment_status":"closed","ping_status":"closed","template":"template-antis-product.php","meta":[],"acf":[],"yoast_head":"<!-- This site is optimized with the Yoast SEO plugin v15.0 - https:\/\/yoast.com\/wordpress\/plugins\/seo\/ -->\n<title>Top Slide Magnetic - CCE<\/title>\n<meta name=\"robots\" content=\"index, follow, max-snippet:-1, max-image-preview:large, max-video-preview:-1\" \/>\n<link rel=\"canonical\" href=\"https:\/\/cce.it\/fr\/division-plinthes-automatiques\/categories\/easy\/top-slide-magnetic\/\" \/>\n<meta property=\"og:locale\" content=\"it_IT\" \/>\n<meta property=\"og:type\" content=\"article\" \/>\n<meta property=\"og:title\" content=\"Top Slide Magnetic - CCE\" \/>\n<meta property=\"og:description\" content=\"INFORMATION Mod\u00e8le d\u00e9di\u00e9 pour les portes coulissantes, il est fourni avec un guide de porte et un syst\u00e8me de blocage magn\u00e9tique de la porte au travers d\u2019un kit de deux aimants. Le r\u00e9glage est simplifi\u00e9 gr\u00e2ce \u00e0 un bouton poussoir extractible sur ressort. Il est fourni avec un joint souple en silicone auto-extinguible.\" \/>\n<meta property=\"og:url\" content=\"https:\/\/cce.it\/fr\/division-plinthes-automatiques\/categories\/easy\/top-slide-magnetic\/\" \/>\n<meta property=\"og:site_name\" content=\"CCE\" \/>\n<meta property=\"article:modified_time\" content=\"2018-07-19T07:39:18+00:00\" \/>\n<meta property=\"og:image\" content=\"https:\/\/cce.it\/wp-content\/uploads\/astsl-prodotto_rev2.jpg\" \/>\n\t<meta property=\"og:image:width\" content=\"1920\" \/>\n\t<meta property=\"og:image:height\" content=\"726\" \/>\n<script type=\"application\/ld+json\" class=\"yoast-schema-graph\">{\"@context\":\"https:\/\/schema.org\",\"@graph\":[{\"@type\":\"WebSite\",\"@id\":\"https:\/\/cce.it\/fr\/#website\",\"url\":\"https:\/\/cce.it\/fr\/\",\"name\":\"CCE\",\"description\":\"\",\"potentialAction\":[{\"@type\":\"SearchAction\",\"target\":\"https:\/\/cce.it\/fr\/?s={search_term_string}\",\"query-input\":\"required name=search_term_string\"}],\"inLanguage\":\"it-IT\"},{\"@type\":\"ImageObject\",\"@id\":\"https:\/\/cce.it\/fr\/division-plinthes-automatiques\/categories\/easy\/top-slide-magnetic\/#primaryimage\",\"inLanguage\":\"it-IT\",\"url\":\"https:\/\/cce.it\/wp-content\/uploads\/astsl-prodotto_rev2.jpg\",\"width\":1920,\"height\":726},{\"@type\":\"WebPage\",\"@id\":\"https:\/\/cce.it\/fr\/division-plinthes-automatiques\/categories\/easy\/top-slide-magnetic\/#webpage\",\"url\":\"https:\/\/cce.it\/fr\/division-plinthes-automatiques\/categories\/easy\/top-slide-magnetic\/\",\"name\":\"Top Slide Magnetic - CCE\",\"isPartOf\":{\"@id\":\"https:\/\/cce.it\/fr\/#website\"},\"primaryImageOfPage\":{\"@id\":\"https:\/\/cce.it\/fr\/division-plinthes-automatiques\/categories\/easy\/top-slide-magnetic\/#primaryimage\"},\"datePublished\":\"2017-05-30T12:32:07+00:00\",\"dateModified\":\"2018-07-19T07:39:18+00:00\",\"breadcrumb\":{\"@id\":\"https:\/\/cce.it\/fr\/division-plinthes-automatiques\/categories\/easy\/top-slide-magnetic\/#breadcrumb\"},\"inLanguage\":\"it-IT\",\"potentialAction\":[{\"@type\":\"ReadAction\",\"target\":[\"https:\/\/cce.it\/fr\/division-plinthes-automatiques\/categories\/easy\/top-slide-magnetic\/\"]}]},{\"@type\":\"BreadcrumbList\",\"@id\":\"https:\/\/cce.it\/fr\/division-plinthes-automatiques\/categories\/easy\/top-slide-magnetic\/#breadcrumb\",\"itemListElement\":[{\"@type\":\"ListItem\",\"position\":1,\"item\":{\"@type\":\"WebPage\",\"@id\":\"https:\/\/cce.it\/\",\"url\":\"https:\/\/cce.it\/\",\"name\":\"Home\"}},{\"@type\":\"ListItem\",\"position\":2,\"item\":{\"@type\":\"WebPage\",\"@id\":\"https:\/\/cce.it\/fr\/division-plinthes-automatiques\/\",\"url\":\"https:\/\/cce.it\/fr\/division-plinthes-automatiques\/\",\"name\":\"Division Plinthes Automatiques\"}},{\"@type\":\"ListItem\",\"position\":3,\"item\":{\"@type\":\"WebPage\",\"@id\":\"https:\/\/cce.it\/fr\/division-plinthes-automatiques\/categories\/\",\"url\":\"https:\/\/cce.it\/fr\/division-plinthes-automatiques\/categories\/\",\"name\":\"Cat\\u00e9gories\"}},{\"@type\":\"ListItem\",\"position\":4,\"item\":{\"@type\":\"WebPage\",\"@id\":\"https:\/\/cce.it\/fr\/division-plinthes-automatiques\/categories\/easy\/\",\"url\":\"https:\/\/cce.it\/fr\/division-plinthes-automatiques\/categories\/easy\/\",\"name\":\"Easy\"}},{\"@type\":\"ListItem\",\"position\":5,\"item\":{\"@type\":\"WebPage\",\"@id\":\"https:\/\/cce.it\/fr\/division-plinthes-automatiques\/categories\/easy\/top-slide-magnetic\/\",\"url\":\"https:\/\/cce.it\/fr\/division-plinthes-automatiques\/categories\/easy\/top-slide-magnetic\/\",\"name\":\"Top Slide Magnetic\"}}]}]}<\/script>\n<!-- \/ Yoast SEO plugin. -->","_links":{"self":[{"href":"https:\/\/cce.it\/fr\/wp-json\/wp\/v2\/pages\/10278"}],"collection":[{"href":"https:\/\/cce.it\/fr\/wp-json\/wp\/v2\/pages"}],"about":[{"href":"https:\/\/cce.it\/fr\/wp-json\/wp\/v2\/types\/page"}],"author":[{"embeddable":true,"href":"https:\/\/cce.it\/fr\/wp-json\/wp\/v2\/users\/12"}],"replies":[{"embeddable":true,"href":"https:\/\/cce.it\/fr\/wp-json\/wp\/v2\/comments?post=10278"}],"version-history":[{"count":9,"href":"https:\/\/cce.it\/fr\/wp-json\/wp\/v2\/pages\/10278\/revisions"}],"predecessor-version":[{"id":18307,"href":"https:\/\/cce.it\/fr\/wp-json\/wp\/v2\/pages\/10278\/revisions\/18307"}],"up":[{"embeddable":true,"href":"https:\/\/cce.it\/fr\/wp-json\/wp\/v2\/pages\/3534"}],"wp:featuredmedia":[{"embeddable":true,"href":"https:\/\/cce.it\/fr\/wp-json\/wp\/v2\/media\/8978"}],"wp:attachment":[{"href":"https:\/\/cce.it\/fr\/wp-json\/wp\/v2\/media?parent=10278"}],"curies":[{"name":"wp","href":"https:\/\/api.w.org\/{rel}","templated":true}]}}