{"id":10271,"date":"2017-05-30T15:20:26","date_gmt":"2017-05-30T13:20:26","guid":{"rendered":"https:\/\/cce.it\/\/division-plinthes-automatiques\/produits\/glass\/glass-chrono\/"},"modified":"2019-05-27T18:17:40","modified_gmt":"2019-05-27T16:17:40","slug":"glass-chrono","status":"publish","type":"page","link":"https:\/\/cce.it\/fr\/division-plinthes-automatiques\/categories\/glass\/glass-chrono\/","title":{"rendered":"Glass Chrono"},"content":{"rendered":"<h5><span>INFORMATION<\/span><\/h5>\n<hr \/>\n<p>Sur la base du mod\u00e8le Glass, avons appliqu\u00e9 la nouvelle technologie Chrono de descente hydraulique retard\u00e9e (brevet\u00e9e par CCE), ce qui le rend encore plus performant. Le joint descend seulement quelques secondes apr\u00e8s que la porte soit ferm\u00e9e, \u00e9vitant frottement et bruit avec le sol. Avec ce mod\u00e8le, il est n\u00e9cessaire de sp\u00e9cifier ouverture \u00e0 droite ou \u00e0 gauche.<\/p>\n","protected":false},"excerpt":{"rendered":"<p>INFORMATION Sur la base du mod\u00e8le Glass, avons appliqu\u00e9 la nouvelle technologie Chrono de descente hydraulique retard\u00e9e (brevet\u00e9e par CCE), ce qui le rend encore plus performant. Le joint descend seulement quelques secondes apr\u00e8s que la porte soit ferm\u00e9e, \u00e9vitant frottement et bruit avec le sol. Avec ce mod\u00e8le, il est n\u00e9cessaire de sp\u00e9cifier ouverture &hellip; <a href=\"https:\/\/cce.it\/fr\/division-plinthes-automatiques\/categories\/glass\/glass-chrono\/\">Continua<\/a><\/p>\n","protected":false},"author":12,"featured_media":9038,"parent":3422,"menu_order":639,"comment_status":"closed","ping_status":"closed","template":"template-antis-product.php","meta":[],"acf":[],"yoast_head":"<!-- This site is optimized with the Yoast SEO plugin v15.0 - https:\/\/yoast.com\/wordpress\/plugins\/seo\/ -->\n<title>Glass Chrono - CCE<\/title>\n<meta name=\"robots\" content=\"index, follow, max-snippet:-1, max-image-preview:large, max-video-preview:-1\" \/>\n<link rel=\"canonical\" href=\"https:\/\/cce.it\/fr\/division-plinthes-automatiques\/categories\/glass\/glass-chrono\/\" \/>\n<meta property=\"og:locale\" content=\"it_IT\" \/>\n<meta property=\"og:type\" content=\"article\" \/>\n<meta property=\"og:title\" content=\"Glass Chrono - CCE\" \/>\n<meta property=\"og:description\" content=\"INFORMATION Sur la base du mod\u00e8le Glass, avons appliqu\u00e9 la nouvelle technologie Chrono de descente hydraulique retard\u00e9e (brevet\u00e9e par CCE), ce qui le rend encore plus performant. Le joint descend seulement quelques secondes apr\u00e8s que la porte soit ferm\u00e9e, \u00e9vitant frottement et bruit avec le sol. Avec ce mod\u00e8le, il est n\u00e9cessaire de sp\u00e9cifier ouverture &hellip; Continua\" \/>\n<meta property=\"og:url\" content=\"https:\/\/cce.it\/fr\/division-plinthes-automatiques\/categories\/glass\/glass-chrono\/\" \/>\n<meta property=\"og:site_name\" content=\"CCE\" \/>\n<meta property=\"article:modified_time\" content=\"2019-05-27T16:17:40+00:00\" \/>\n<meta property=\"og:image\" content=\"https:\/\/cce.it\/wp-content\/uploads\/asglachr-prodotto_rev2.jpg\" \/>\n\t<meta property=\"og:image:width\" content=\"1920\" \/>\n\t<meta property=\"og:image:height\" content=\"726\" \/>\n<script type=\"application\/ld+json\" class=\"yoast-schema-graph\">{\"@context\":\"https:\/\/schema.org\",\"@graph\":[{\"@type\":\"WebSite\",\"@id\":\"https:\/\/cce.it\/fr\/#website\",\"url\":\"https:\/\/cce.it\/fr\/\",\"name\":\"CCE\",\"description\":\"\",\"potentialAction\":[{\"@type\":\"SearchAction\",\"target\":\"https:\/\/cce.it\/fr\/?s={search_term_string}\",\"query-input\":\"required name=search_term_string\"}],\"inLanguage\":\"it-IT\"},{\"@type\":\"ImageObject\",\"@id\":\"https:\/\/cce.it\/fr\/division-plinthes-automatiques\/categories\/glass\/glass-chrono\/#primaryimage\",\"inLanguage\":\"it-IT\",\"url\":\"https:\/\/cce.it\/wp-content\/uploads\/asglachr-prodotto_rev2.jpg\",\"width\":1920,\"height\":726},{\"@type\":\"WebPage\",\"@id\":\"https:\/\/cce.it\/fr\/division-plinthes-automatiques\/categories\/glass\/glass-chrono\/#webpage\",\"url\":\"https:\/\/cce.it\/fr\/division-plinthes-automatiques\/categories\/glass\/glass-chrono\/\",\"name\":\"Glass Chrono - CCE\",\"isPartOf\":{\"@id\":\"https:\/\/cce.it\/fr\/#website\"},\"primaryImageOfPage\":{\"@id\":\"https:\/\/cce.it\/fr\/division-plinthes-automatiques\/categories\/glass\/glass-chrono\/#primaryimage\"},\"datePublished\":\"2017-05-30T13:20:26+00:00\",\"dateModified\":\"2019-05-27T16:17:40+00:00\",\"breadcrumb\":{\"@id\":\"https:\/\/cce.it\/fr\/division-plinthes-automatiques\/categories\/glass\/glass-chrono\/#breadcrumb\"},\"inLanguage\":\"it-IT\",\"potentialAction\":[{\"@type\":\"ReadAction\",\"target\":[\"https:\/\/cce.it\/fr\/division-plinthes-automatiques\/categories\/glass\/glass-chrono\/\"]}]},{\"@type\":\"BreadcrumbList\",\"@id\":\"https:\/\/cce.it\/fr\/division-plinthes-automatiques\/categories\/glass\/glass-chrono\/#breadcrumb\",\"itemListElement\":[{\"@type\":\"ListItem\",\"position\":1,\"item\":{\"@type\":\"WebPage\",\"@id\":\"https:\/\/cce.it\/\",\"url\":\"https:\/\/cce.it\/\",\"name\":\"Home\"}},{\"@type\":\"ListItem\",\"position\":2,\"item\":{\"@type\":\"WebPage\",\"@id\":\"https:\/\/cce.it\/fr\/division-plinthes-automatiques\/\",\"url\":\"https:\/\/cce.it\/fr\/division-plinthes-automatiques\/\",\"name\":\"Division Plinthes Automatiques\"}},{\"@type\":\"ListItem\",\"position\":3,\"item\":{\"@type\":\"WebPage\",\"@id\":\"https:\/\/cce.it\/fr\/division-plinthes-automatiques\/categories\/\",\"url\":\"https:\/\/cce.it\/fr\/division-plinthes-automatiques\/categories\/\",\"name\":\"Cat\\u00e9gories\"}},{\"@type\":\"ListItem\",\"position\":4,\"item\":{\"@type\":\"WebPage\",\"@id\":\"https:\/\/cce.it\/fr\/division-plinthes-automatiques\/categories\/glass\/\",\"url\":\"https:\/\/cce.it\/fr\/division-plinthes-automatiques\/categories\/glass\/\",\"name\":\"Glass\"}},{\"@type\":\"ListItem\",\"position\":5,\"item\":{\"@type\":\"WebPage\",\"@id\":\"https:\/\/cce.it\/fr\/division-plinthes-automatiques\/categories\/glass\/glass-chrono\/\",\"url\":\"https:\/\/cce.it\/fr\/division-plinthes-automatiques\/categories\/glass\/glass-chrono\/\",\"name\":\"Glass Chrono\"}}]}]}<\/script>\n<!-- \/ Yoast SEO plugin. -->","_links":{"self":[{"href":"https:\/\/cce.it\/fr\/wp-json\/wp\/v2\/pages\/10271"}],"collection":[{"href":"https:\/\/cce.it\/fr\/wp-json\/wp\/v2\/pages"}],"about":[{"href":"https:\/\/cce.it\/fr\/wp-json\/wp\/v2\/types\/page"}],"author":[{"embeddable":true,"href":"https:\/\/cce.it\/fr\/wp-json\/wp\/v2\/users\/12"}],"replies":[{"embeddable":true,"href":"https:\/\/cce.it\/fr\/wp-json\/wp\/v2\/comments?post=10271"}],"version-history":[{"count":7,"href":"https:\/\/cce.it\/fr\/wp-json\/wp\/v2\/pages\/10271\/revisions"}],"predecessor-version":[{"id":19454,"href":"https:\/\/cce.it\/fr\/wp-json\/wp\/v2\/pages\/10271\/revisions\/19454"}],"up":[{"embeddable":true,"href":"https:\/\/cce.it\/fr\/wp-json\/wp\/v2\/pages\/3422"}],"wp:featuredmedia":[{"embeddable":true,"href":"https:\/\/cce.it\/fr\/wp-json\/wp\/v2\/media\/9038"}],"wp:attachment":[{"href":"https:\/\/cce.it\/fr\/wp-json\/wp\/v2\/media?parent=10271"}],"curies":[{"name":"wp","href":"https:\/\/api.w.org\/{rel}","templated":true}]}}