{"id":10257,"date":"2017-06-05T16:18:51","date_gmt":"2017-06-05T14:18:51","guid":{"rendered":"https:\/\/cce.it\/\/division-plinthes-automatiques\/produits\/threshold\/unitermo-metal\/"},"modified":"2018-07-19T10:04:03","modified_gmt":"2018-07-19T08:04:03","slug":"unitermo-metal","status":"publish","type":"page","link":"https:\/\/cce.it\/fr\/division-plinthes-automatiques\/categories\/threshold\/unitermo-metal\/","title":{"rendered":"Unitermo Metal"},"content":{"rendered":"<h5><span>INFORMATION<\/span><\/h5>\n<hr \/>\n<p>Le seuil UNITERMO METAL est un seuil universel \u00e0 pont thermique pour porte blind\u00e9e, compos\u00e9 de deux pro ls en PVC et d&#8217;un profil externe en aluminium. Il garantit un pont thermique de haut niveau, pour un meilleur confort et une \u00e9conomie d&#8217;\u00e9nergie.<br \/>\nPour les portes blind\u00e9es \u00e0 double vantail avec verrou, le seuil UNITERMO METAL permet d&#8217;utiliser une g\u00e2che en mati\u00e8re plastique avec une dis- tance de trou versionable, ce qui le rend adaptable \u00e0 tout type de porte.<\/p>\n","protected":false},"excerpt":{"rendered":"<p>INFORMATION Le seuil UNITERMO METAL est un seuil universel \u00e0 pont thermique pour porte blind\u00e9e, compos\u00e9 de deux pro ls en PVC et d&#8217;un profil externe en aluminium. Il garantit un pont thermique de haut niveau, pour un meilleur confort et une \u00e9conomie d&#8217;\u00e9nergie. Pour les portes blind\u00e9es \u00e0 double vantail avec verrou, le seuil &hellip; <a href=\"https:\/\/cce.it\/fr\/division-plinthes-automatiques\/categories\/threshold\/unitermo-metal\/\">Continua<\/a><\/p>\n","protected":false},"author":12,"featured_media":9111,"parent":3401,"menu_order":1311,"comment_status":"closed","ping_status":"closed","template":"template-antis-product.php","meta":[],"acf":[],"yoast_head":"<!-- This site is optimized with the Yoast SEO plugin v15.0 - https:\/\/yoast.com\/wordpress\/plugins\/seo\/ -->\n<title>Unitermo Metal - CCE<\/title>\n<meta name=\"robots\" content=\"index, follow, max-snippet:-1, max-image-preview:large, max-video-preview:-1\" \/>\n<link rel=\"canonical\" href=\"https:\/\/cce.it\/fr\/division-plinthes-automatiques\/categories\/threshold\/unitermo-metal\/\" \/>\n<meta property=\"og:locale\" content=\"it_IT\" \/>\n<meta property=\"og:type\" content=\"article\" \/>\n<meta property=\"og:title\" content=\"Unitermo Metal - CCE\" \/>\n<meta property=\"og:description\" content=\"INFORMATION Le seuil UNITERMO METAL est un seuil universel \u00e0 pont thermique pour porte blind\u00e9e, compos\u00e9 de deux pro ls en PVC et d&#8217;un profil externe en aluminium. Il garantit un pont thermique de haut niveau, pour un meilleur confort et une \u00e9conomie d&#8217;\u00e9nergie. Pour les portes blind\u00e9es \u00e0 double vantail avec verrou, le seuil &hellip; Continua\" \/>\n<meta property=\"og:url\" content=\"https:\/\/cce.it\/fr\/division-plinthes-automatiques\/categories\/threshold\/unitermo-metal\/\" \/>\n<meta property=\"og:site_name\" content=\"CCE\" \/>\n<meta property=\"article:modified_time\" content=\"2018-07-19T08:04:03+00:00\" \/>\n<meta property=\"og:image\" content=\"https:\/\/cce.it\/wp-content\/uploads\/unitermometal-prodotto_rev2.jpg\" \/>\n\t<meta property=\"og:image:width\" content=\"1920\" \/>\n\t<meta property=\"og:image:height\" content=\"726\" \/>\n<script type=\"application\/ld+json\" class=\"yoast-schema-graph\">{\"@context\":\"https:\/\/schema.org\",\"@graph\":[{\"@type\":\"WebSite\",\"@id\":\"https:\/\/cce.it\/fr\/#website\",\"url\":\"https:\/\/cce.it\/fr\/\",\"name\":\"CCE\",\"description\":\"\",\"potentialAction\":[{\"@type\":\"SearchAction\",\"target\":\"https:\/\/cce.it\/fr\/?s={search_term_string}\",\"query-input\":\"required name=search_term_string\"}],\"inLanguage\":\"it-IT\"},{\"@type\":\"ImageObject\",\"@id\":\"https:\/\/cce.it\/fr\/division-plinthes-automatiques\/categories\/threshold\/unitermo-metal\/#primaryimage\",\"inLanguage\":\"it-IT\",\"url\":\"https:\/\/cce.it\/wp-content\/uploads\/unitermometal-prodotto_rev2.jpg\",\"width\":1920,\"height\":726},{\"@type\":\"WebPage\",\"@id\":\"https:\/\/cce.it\/fr\/division-plinthes-automatiques\/categories\/threshold\/unitermo-metal\/#webpage\",\"url\":\"https:\/\/cce.it\/fr\/division-plinthes-automatiques\/categories\/threshold\/unitermo-metal\/\",\"name\":\"Unitermo Metal - CCE\",\"isPartOf\":{\"@id\":\"https:\/\/cce.it\/fr\/#website\"},\"primaryImageOfPage\":{\"@id\":\"https:\/\/cce.it\/fr\/division-plinthes-automatiques\/categories\/threshold\/unitermo-metal\/#primaryimage\"},\"datePublished\":\"2017-06-05T14:18:51+00:00\",\"dateModified\":\"2018-07-19T08:04:03+00:00\",\"breadcrumb\":{\"@id\":\"https:\/\/cce.it\/fr\/division-plinthes-automatiques\/categories\/threshold\/unitermo-metal\/#breadcrumb\"},\"inLanguage\":\"it-IT\",\"potentialAction\":[{\"@type\":\"ReadAction\",\"target\":[\"https:\/\/cce.it\/fr\/division-plinthes-automatiques\/categories\/threshold\/unitermo-metal\/\"]}]},{\"@type\":\"BreadcrumbList\",\"@id\":\"https:\/\/cce.it\/fr\/division-plinthes-automatiques\/categories\/threshold\/unitermo-metal\/#breadcrumb\",\"itemListElement\":[{\"@type\":\"ListItem\",\"position\":1,\"item\":{\"@type\":\"WebPage\",\"@id\":\"https:\/\/cce.it\/\",\"url\":\"https:\/\/cce.it\/\",\"name\":\"Home\"}},{\"@type\":\"ListItem\",\"position\":2,\"item\":{\"@type\":\"WebPage\",\"@id\":\"https:\/\/cce.it\/fr\/division-plinthes-automatiques\/\",\"url\":\"https:\/\/cce.it\/fr\/division-plinthes-automatiques\/\",\"name\":\"Division Plinthes Automatiques\"}},{\"@type\":\"ListItem\",\"position\":3,\"item\":{\"@type\":\"WebPage\",\"@id\":\"https:\/\/cce.it\/fr\/division-plinthes-automatiques\/categories\/\",\"url\":\"https:\/\/cce.it\/fr\/division-plinthes-automatiques\/categories\/\",\"name\":\"Cat\\u00e9gories\"}},{\"@type\":\"ListItem\",\"position\":4,\"item\":{\"@type\":\"WebPage\",\"@id\":\"https:\/\/cce.it\/fr\/division-plinthes-automatiques\/categories\/threshold\/\",\"url\":\"https:\/\/cce.it\/fr\/division-plinthes-automatiques\/categories\/threshold\/\",\"name\":\"Threshold\"}},{\"@type\":\"ListItem\",\"position\":5,\"item\":{\"@type\":\"WebPage\",\"@id\":\"https:\/\/cce.it\/fr\/division-plinthes-automatiques\/categories\/threshold\/unitermo-metal\/\",\"url\":\"https:\/\/cce.it\/fr\/division-plinthes-automatiques\/categories\/threshold\/unitermo-metal\/\",\"name\":\"Unitermo Metal\"}}]}]}<\/script>\n<!-- \/ Yoast SEO plugin. -->","_links":{"self":[{"href":"https:\/\/cce.it\/fr\/wp-json\/wp\/v2\/pages\/10257"}],"collection":[{"href":"https:\/\/cce.it\/fr\/wp-json\/wp\/v2\/pages"}],"about":[{"href":"https:\/\/cce.it\/fr\/wp-json\/wp\/v2\/types\/page"}],"author":[{"embeddable":true,"href":"https:\/\/cce.it\/fr\/wp-json\/wp\/v2\/users\/12"}],"replies":[{"embeddable":true,"href":"https:\/\/cce.it\/fr\/wp-json\/wp\/v2\/comments?post=10257"}],"version-history":[{"count":7,"href":"https:\/\/cce.it\/fr\/wp-json\/wp\/v2\/pages\/10257\/revisions"}],"predecessor-version":[{"id":18368,"href":"https:\/\/cce.it\/fr\/wp-json\/wp\/v2\/pages\/10257\/revisions\/18368"}],"up":[{"embeddable":true,"href":"https:\/\/cce.it\/fr\/wp-json\/wp\/v2\/pages\/3401"}],"wp:featuredmedia":[{"embeddable":true,"href":"https:\/\/cce.it\/fr\/wp-json\/wp\/v2\/media\/9111"}],"wp:attachment":[{"href":"https:\/\/cce.it\/fr\/wp-json\/wp\/v2\/media?parent=10257"}],"curies":[{"name":"wp","href":"https:\/\/api.w.org\/{rel}","templated":true}]}}