{"id":8366,"date":"2015-11-03T12:53:32","date_gmt":"2015-11-03T11:53:32","guid":{"rendered":"https:\/\/cce.it\/\/es\/division-juntas-automaticas\/perche-cce\/"},"modified":"2023-08-23T13:42:33","modified_gmt":"2023-08-23T11:42:33","slug":"perche-cce","status":"publish","type":"page","link":"https:\/\/cce.it\/es\/division-juntas-automaticas\/perche-cce\/","title":{"rendered":"Porque CCE"},"content":{"rendered":"<div class=\"row\"><div class=\"col-sm-6\">\n<div style=\"padding: 35px;\">\n<p><img loading=\"lazy\" class=\"alignnone\" src=\"https:\/\/cce.it\/wp-content\/uploads\/qualita.jpg\" alt=\"Qualit\u00e0 CCE\" width=\"70\" height=\"70\" \/><\/p>\n<p><span style=\"font-size: 30px;\">Quality<\/span><\/p>\n<p>&#8211; CCE es una empresa que opera en el sector de las juntas autom\u00e1ticas de debajo de la puerta desde hace m\u00e1s de 30 a\u00f1os.<br \/>\n&#8211; La empresa cuenta con la certificaci\u00f3n ISO 9001 \/ ISO 45001 y pone gran atenci\u00f3n en la calidad y seguridad de los procesos empresariales.<br \/>\n&#8211; Las juntas autom\u00e1ticas para puertas ac\u00fasticas y cortafuegos est\u00e1n certificadas por prestigiosos organismos internacionales, como el IFT Rosenheim, Exova, Cambridge Fire Research o IFC Group.<br \/>\n&#8211; CCE utiliza materiales de primera calidad y muy reciclables, como el aluminio aleado T6 6060. Las materias pl\u00e1sticas utilizadas para el moldeado y las extrusiones son de primera calidad.<br \/>\n&#8211; Todos los procesos de producci\u00f3n se someten a un riguroso control de calidad interno, desde los materiales de entrada hasta el env\u00edo.<\/p>\n<\/div>\n<p><\/p><\/div><div class=\"col-sm-6\">\n<div style=\"padding: 35px;\">\n<p><img loading=\"lazy\" class=\"alignnone\" src=\"https:\/\/cce.it\/wp-content\/uploads\/tecnologia.jpg\" alt=\"Tecnologia CCE\" width=\"70\" height=\"70\" \/><\/p>\n<p><span style=\"font-size: 30px;\">Tecnology<\/span><\/p>\n<p>&#8211; CCE est\u00e1 en continua evoluci\u00f3n en cuanto a proyectos y dispone de numerosas patentes, entre las cuales el movimiento basculante autonivelador y el exclusivo movimiento de cierre hidr\u00e1ulico retardado.<br \/>\n&#8211; La empresa dispone de un equipo interno de investigaci\u00f3n y desarrollo que comprende una oficina de moldes para el moldeado de inyecci\u00f3n y un equipo de creaci\u00f3n de prototipos 3D. Esto permite reducir tiempos y costes de cualquier proyecto.<br \/>\n&#8211; La empresa dispone de instalaciones de prueba de aire, viento y agua para comprobar y mejorar las prestaciones de los sistemas de estanqueidad antes de su env\u00edo a los organismos certificadores.<br \/>\n&#8211; Las juntas autom\u00e1ticas de debajo de la puerta est\u00e1n fabricadas con un sistema de bielas r\u00edgidas de nailon cargado con fibra de cristal, para garantizar la m\u00e1xima eficacia y una presi\u00f3n uniforme en suelos de todo tipo.<\/p>\n<\/div>\n<p><\/p><\/div><\/div>\n<div class=\"row\"><div class=\"col-sm-6\">\n<div style=\"padding: 35px;\">\n<p><img loading=\"lazy\" class=\"alignnone\" src=\"https:\/\/cce.it\/wp-content\/uploads\/gamma.jpg\" alt=\"Gamma CCE\" width=\"70\" height=\"70\" \/><\/p>\n<p><span style=\"font-size: 30px;\">Products Range<br \/>\n<\/span><\/p>\n<p>&#8211; CCE produce m\u00e1s de 50 modelos distintos, que var\u00edan seg\u00fan el tama\u00f1o y la utilizaci\u00f3n para satisfacer las necesidades de fabricaci\u00f3n de cualquier tipo de puerta: blindada, de madera o PVC.<br \/>\n&#8211; Muchos productos est\u00e1n disponibles con varios tipos de pulsador de empuje, junta y sistema de fijaci\u00f3n, que puede realizarse con tornillos premontados o escuadras laterales.<br \/>\n&#8211; La gama CCE comprende una serie de productos exclusivamente dedicada al mundo de las puertas de cristal y una serie de productos dotados del revolucionario sistema de cierre hidr\u00e1ulico retardado.<br \/>\n&#8211; Adem\u00e1s de las juntas autom\u00e1ticas de debajo de la puerta, CCE produce una serie de accesorios para aumentar la eficiencia de la estanqueidad en las carpinter\u00edas.<\/p>\n<\/div>\n<p><\/p><\/div><div class=\"col-sm-6\">\n<div style=\"padding: 35px;\">\n<p><img loading=\"lazy\" class=\"alignnone\" src=\"https:\/\/cce.it\/wp-content\/uploads\/ricerca_2.jpg\" alt=\"Ricerca CCE\" width=\"70\" height=\"70\" \/> <img loading=\"lazy\" class=\"alignnone\" src=\"https:\/\/cce.it\/wp-content\/uploads\/idee.jpg\" alt=\"Idee CCE\" width=\"70\" height=\"70\" \/><img loading=\"lazy\" class=\"alignnone\" src=\"https:\/\/cce.it\/wp-content\/uploads\/spedizione.jpg\" alt=\"Spedizione CCE\" width=\"70\" height=\"70\" \/><\/p>\n<p><span style=\"font-size: 30px;\">Services<\/span><\/p>\n<p>&#8211; Gracias a su equipo de investigaci\u00f3n y desarrollo, CCE puede estudiar soluciones personalizadas para los clientes, reduciendo tiempos y costes gracias a la cadena de producci\u00f3n toda dentro de la empresa.<br \/>\n&#8211; La flexibilidad de producci\u00f3n y la cadena corta permiten entregas r\u00e1pidas y personalizar los embalajes.<br \/>\n&#8211; CCE existe en m\u00e1s de 55 pa\u00edses del mundo y su red comercial est\u00e1 en continua expansi\u00f3n.<\/p>\n<\/div>\n<p><\/p><\/div><\/div>\n","protected":false},"excerpt":{"rendered":"","protected":false},"author":12,"featured_media":0,"parent":28,"menu_order":820,"comment_status":"closed","ping_status":"closed","template":"","meta":[],"acf":[],"yoast_head":"<!-- This site is optimized with the Yoast SEO plugin v15.0 - https:\/\/yoast.com\/wordpress\/plugins\/seo\/ -->\n<title>Porque CCE - CCE<\/title>\n<meta name=\"robots\" content=\"index, follow, max-snippet:-1, max-image-preview:large, max-video-preview:-1\" \/>\n<link rel=\"canonical\" href=\"https:\/\/cce.it\/es\/division-juntas-automaticas\/perche-cce\/\" \/>\n<meta property=\"og:locale\" content=\"it_IT\" \/>\n<meta property=\"og:type\" content=\"article\" \/>\n<meta property=\"og:title\" content=\"Porque CCE - CCE\" \/>\n<meta property=\"og:url\" content=\"https:\/\/cce.it\/es\/division-juntas-automaticas\/perche-cce\/\" \/>\n<meta property=\"og:site_name\" content=\"CCE\" \/>\n<meta property=\"article:modified_time\" content=\"2023-08-23T11:42:33+00:00\" \/>\n<meta property=\"og:image\" content=\"https:\/\/cce.it\/wp-content\/uploads\/qualita.jpg\" \/>\n<script type=\"application\/ld+json\" class=\"yoast-schema-graph\">{\"@context\":\"https:\/\/schema.org\",\"@graph\":[{\"@type\":\"WebSite\",\"@id\":\"https:\/\/cce.it\/es\/#website\",\"url\":\"https:\/\/cce.it\/es\/\",\"name\":\"CCE\",\"description\":\"\",\"potentialAction\":[{\"@type\":\"SearchAction\",\"target\":\"https:\/\/cce.it\/es\/?s={search_term_string}\",\"query-input\":\"required name=search_term_string\"}],\"inLanguage\":\"it-IT\"},{\"@type\":\"ImageObject\",\"@id\":\"https:\/\/cce.it\/es\/division-juntas-automaticas\/perche-cce\/#primaryimage\",\"inLanguage\":\"it-IT\",\"url\":\"https:\/\/cce.it\/wp-content\/uploads\/qualita.jpg\",\"width\":70,\"height\":70,\"caption\":\"Qualit\\u00e0 CCE\"},{\"@type\":\"WebPage\",\"@id\":\"https:\/\/cce.it\/es\/division-juntas-automaticas\/perche-cce\/#webpage\",\"url\":\"https:\/\/cce.it\/es\/division-juntas-automaticas\/perche-cce\/\",\"name\":\"Porque CCE - CCE\",\"isPartOf\":{\"@id\":\"https:\/\/cce.it\/es\/#website\"},\"primaryImageOfPage\":{\"@id\":\"https:\/\/cce.it\/es\/division-juntas-automaticas\/perche-cce\/#primaryimage\"},\"datePublished\":\"2015-11-03T11:53:32+00:00\",\"dateModified\":\"2023-08-23T11:42:33+00:00\",\"breadcrumb\":{\"@id\":\"https:\/\/cce.it\/es\/division-juntas-automaticas\/perche-cce\/#breadcrumb\"},\"inLanguage\":\"it-IT\",\"potentialAction\":[{\"@type\":\"ReadAction\",\"target\":[\"https:\/\/cce.it\/es\/division-juntas-automaticas\/perche-cce\/\"]}]},{\"@type\":\"BreadcrumbList\",\"@id\":\"https:\/\/cce.it\/es\/division-juntas-automaticas\/perche-cce\/#breadcrumb\",\"itemListElement\":[{\"@type\":\"ListItem\",\"position\":1,\"item\":{\"@type\":\"WebPage\",\"@id\":\"https:\/\/cce.it\/\",\"url\":\"https:\/\/cce.it\/\",\"name\":\"Home\"}},{\"@type\":\"ListItem\",\"position\":2,\"item\":{\"@type\":\"WebPage\",\"@id\":\"https:\/\/cce.it\/es\/division-juntas-automaticas\/\",\"url\":\"https:\/\/cce.it\/es\/division-juntas-automaticas\/\",\"name\":\"Divisi\\u00f2n Juntas Autom\\u00e0ticas\"}},{\"@type\":\"ListItem\",\"position\":3,\"item\":{\"@type\":\"WebPage\",\"@id\":\"https:\/\/cce.it\/es\/division-juntas-automaticas\/perche-cce\/\",\"url\":\"https:\/\/cce.it\/es\/division-juntas-automaticas\/perche-cce\/\",\"name\":\"Porque CCE\"}}]}]}<\/script>\n<!-- \/ Yoast SEO plugin. -->","_links":{"self":[{"href":"https:\/\/cce.it\/es\/wp-json\/wp\/v2\/pages\/8366"}],"collection":[{"href":"https:\/\/cce.it\/es\/wp-json\/wp\/v2\/pages"}],"about":[{"href":"https:\/\/cce.it\/es\/wp-json\/wp\/v2\/types\/page"}],"author":[{"embeddable":true,"href":"https:\/\/cce.it\/es\/wp-json\/wp\/v2\/users\/12"}],"replies":[{"embeddable":true,"href":"https:\/\/cce.it\/es\/wp-json\/wp\/v2\/comments?post=8366"}],"version-history":[{"count":6,"href":"https:\/\/cce.it\/es\/wp-json\/wp\/v2\/pages\/8366\/revisions"}],"predecessor-version":[{"id":21184,"href":"https:\/\/cce.it\/es\/wp-json\/wp\/v2\/pages\/8366\/revisions\/21184"}],"up":[{"embeddable":true,"href":"https:\/\/cce.it\/es\/wp-json\/wp\/v2\/pages\/28"}],"wp:attachment":[{"href":"https:\/\/cce.it\/es\/wp-json\/wp\/v2\/media?parent=8366"}],"curies":[{"name":"wp","href":"https:\/\/api.w.org\/{rel}","templated":true}]}}