{"id":6473,"date":"2015-05-06T10:40:05","date_gmt":"2015-05-06T08:40:05","guid":{"rendered":"https:\/\/cce.it\/\/divisione-antispifferi\/cataloghi\/"},"modified":"2025-02-28T12:50:56","modified_gmt":"2025-02-28T11:50:56","slug":"catalogos","status":"publish","type":"page","link":"https:\/\/cce.it\/es\/division-juntas-automaticas\/catalogos\/","title":{"rendered":"Cat\u00e1logos"},"content":{"rendered":"<h3 style=\"text-align: center;\">Consulta \/ descarga nuestros cat\u00e1logos<\/h3>\n<p><\/p>\n\n\n<div class=\"wp-container-4 wp-block-columns\">\n<div class=\"wp-container-1 wp-block-column\"><div class=\"wp-block-image\">\n<figure class=\"aligncenter size-full\"><a href=\"\/downloads\/CCE-general- catalogue_2025.pdf\" target=\"_blank\" rel=\"noreferrer noopener\"><img loading=\"lazy\" width=\"81\" height=\"80\" src=\"https:\/\/cce.it\/wp-content\/uploads\/DS_cat_04-04.png\" alt=\"icona catalogo CCE\" class=\"wp-image-5938\"\/><\/a><\/figure><\/div>\n\n\n<p class=\"has-text-align-center\"><a href=\"\/downloads\/CCE-general- catalogue_2025.pdf\"><strong>CATALOGUE<\/strong><br \/>Divisi\u00f2n Juntas Autom\u00e0ticas<\/a><\/p>\n<\/div>\n\n\n\n<div class=\"wp-container-2 wp-block-column\"><div class=\"wp-block-image\">\n<figure class=\"aligncenter size-full\"><a href=\"\/downloads\/CCE_glassline_2023.pdf\" target=\"_blank\" rel=\"noreferrer noopener\"><img loading=\"lazy\" width=\"81\" height=\"80\" src=\"https:\/\/cce.it\/wp-content\/uploads\/DS_cat_04-04.png\" alt=\"icona catalogo CCE\" class=\"wp-image-5938\"\/><\/a><\/figure><\/div>\n\n\n<p class=\"has-text-align-center\"><a href=\"\/downloads\/CCE_glassline_2023.pdf\" target=\"_blank\" rel=\"noreferrer noopener\"><strong>BROCHURE<\/strong><br \/>Vidrio<\/a><\/p>\n<\/div>\n\n\n\n<div class=\"wp-container-3 wp-block-column\"><div class=\"wp-block-image\">\n<figure class=\"aligncenter size-full\"><a href=\"\/downloads\/CCE_brochure-soglia-unitermo-PVC.pdf\" target=\"_blank\" rel=\"noreferrer noopener\"><img loading=\"lazy\" width=\"81\" height=\"80\" src=\"https:\/\/cce.it\/wp-content\/uploads\/DS_cat_04-04.png\" alt=\"icona catalogo CCE\" class=\"wp-image-5938\"\/><\/a><\/figure><\/div>\n\n\n<p class=\"has-text-align-center\"><a href=\"\/downloads\/CCE_brochure-soglia-unitermo-PVC.pdf\" target=\"_blank\" rel=\"noreferrer noopener\"><strong>BROCHURE<\/strong><br \/>PVC<\/a><\/p>\n<\/div>\n<\/div>\n\n\n\n<div class=\"wp-container-8 wp-block-columns\">\n<div class=\"wp-container-5 wp-block-column\"><div class=\"wp-block-image\">\n<figure class=\"aligncenter size-full\"><a href=\"https:\/\/cce.it\/wp-content\/uploads\/brochure-chrono.pdf\" target=\"_blank\" rel=\"noreferrer noopener\"><img loading=\"lazy\" width=\"81\" height=\"80\" src=\"https:\/\/cce.it\/wp-content\/uploads\/DS_cat_04-04.png\" alt=\"icona catalogo CCE\" class=\"wp-image-5938\"\/><\/a><\/figure><\/div>\n\n\n<p class=\"has-text-align-center\"><a href=\"https:\/\/cce.it\/wp-content\/uploads\/brochure-chrono.pdf\" target=\"_blank\" rel=\"noreferrer noopener\"><strong>BROCHURE<\/strong><br \/>Chronoseal<\/a><\/p>\n<\/div>\n\n\n\n<div class=\"wp-container-6 wp-block-column\"><div class=\"wp-block-image\">\n<figure class=\"aligncenter size-full\"><a href=\"https:\/\/cce.it\/wp-content\/uploads\/brochure-idrozero.pdf\" target=\"_blank\" rel=\"noreferrer noopener\"><img loading=\"lazy\" width=\"81\" height=\"80\" src=\"https:\/\/cce.it\/wp-content\/uploads\/DS_cat_04-04.png\" alt=\"icona catalogo CCE\" class=\"wp-image-5938\"\/><\/a><\/figure><\/div>\n\n\n<p class=\"has-text-align-center\"><a href=\"https:\/\/cce.it\/wp-content\/uploads\/brochure-idrozero.pdf\" target=\"_blank\" rel=\"noreferrer noopener\"><strong>BROCHURE<\/strong><br \/>Idrozero<\/a><\/p>\n<\/div>\n\n\n\n<div class=\"wp-container-7 wp-block-column\"><div class=\"wp-block-image\">\n<figure class=\"aligncenter size-full\"><a href=\"\/downloads\/CCE_folder-legno.pdf\" target=\"_blank\" rel=\"noreferrer noopener\"><img loading=\"lazy\" width=\"81\" height=\"80\" src=\"https:\/\/cce.it\/wp-content\/uploads\/DS_cat_04-04.png\" alt=\"icona catalogo CCE\" class=\"wp-image-5938\"\/><\/a><\/figure><\/div>\n\n\n<p class=\"has-text-align-center\"><a href=\"\/downloads\/CCE_folder-legno.pdf\" target=\"_blank\" rel=\"noreferrer noopener\"><strong>BROCHURE<\/strong><br \/>Madera<\/a><\/p>\n<\/div>\n<\/div>\n\n\n\n<div class=\"wp-container-12 wp-block-columns\">\n<div class=\"wp-container-9 wp-block-column\"><div class=\"wp-block-image\">\n<figure class=\"aligncenter size-full\"><a href=\"\/downloads\/CCE-folder-Alluminio.pdf\" target=\"_blank\" rel=\"noreferrer noopener\"><img loading=\"lazy\" width=\"81\" height=\"80\" src=\"https:\/\/cce.it\/wp-content\/uploads\/DS_cat_04-04.png\" alt=\"icona catalogo CCE\" class=\"wp-image-5938\"\/><\/a><\/figure><\/div>\n\n\n<p class=\"has-text-align-center\"><a href=\"\/downloads\/CCE-folder-Alluminio.pdf\"><strong>BROCHURE<\/strong><br \/>Alluminio<\/a><\/p>\n<\/div>\n\n\n\n<div class=\"wp-container-10 wp-block-column\"><\/div>\n\n\n\n<div class=\"wp-container-11 wp-block-column\"><\/div>\n<\/div>\n","protected":false},"excerpt":{"rendered":"<p>Consulta \/ descarga nuestros cat\u00e1logos CATALOGUEDivisi\u00f2n Juntas Autom\u00e0ticas BROCHUREVidrio BROCHUREPVC BROCHUREChronoseal BROCHUREIdrozero BROCHUREMadera BROCHUREAlluminio<\/p>\n","protected":false},"author":2,"featured_media":0,"parent":28,"menu_order":311,"comment_status":"closed","ping_status":"open","template":"","meta":[],"acf":[],"yoast_head":"<!-- This site is optimized with the Yoast SEO plugin v15.0 - https:\/\/yoast.com\/wordpress\/plugins\/seo\/ -->\n<title>Cat\u00e1logos - CCE<\/title>\n<meta name=\"robots\" content=\"index, follow, max-snippet:-1, max-image-preview:large, max-video-preview:-1\" \/>\n<link rel=\"canonical\" href=\"https:\/\/cce.it\/es\/division-juntas-automaticas\/catalogos\/\" \/>\n<meta property=\"og:locale\" content=\"it_IT\" \/>\n<meta property=\"og:type\" content=\"article\" \/>\n<meta property=\"og:title\" content=\"Cat\u00e1logos - CCE\" \/>\n<meta property=\"og:description\" content=\"Consulta \/ descarga nuestros cat\u00e1logos CATALOGUEDivisi\u00f2n Juntas Autom\u00e0ticas BROCHUREVidrio BROCHUREPVC BROCHUREChronoseal BROCHUREIdrozero BROCHUREMadera BROCHUREAlluminio\" \/>\n<meta property=\"og:url\" content=\"https:\/\/cce.it\/es\/division-juntas-automaticas\/catalogos\/\" \/>\n<meta property=\"og:site_name\" content=\"CCE\" \/>\n<meta property=\"article:modified_time\" content=\"2025-02-28T11:50:56+00:00\" \/>\n<meta property=\"og:image\" content=\"https:\/\/cce.it\/wp-content\/uploads\/DS_cat_04-04.png\" \/>\n<script type=\"application\/ld+json\" class=\"yoast-schema-graph\">{\"@context\":\"https:\/\/schema.org\",\"@graph\":[{\"@type\":\"WebSite\",\"@id\":\"https:\/\/cce.it\/es\/#website\",\"url\":\"https:\/\/cce.it\/es\/\",\"name\":\"CCE\",\"description\":\"\",\"potentialAction\":[{\"@type\":\"SearchAction\",\"target\":\"https:\/\/cce.it\/es\/?s={search_term_string}\",\"query-input\":\"required name=search_term_string\"}],\"inLanguage\":\"it-IT\"},{\"@type\":\"ImageObject\",\"@id\":\"https:\/\/cce.it\/es\/division-juntas-automaticas\/catalogos\/#primaryimage\",\"inLanguage\":\"it-IT\",\"url\":\"https:\/\/cce.it\/wp-content\/uploads\/DS_cat_04-04.png\",\"width\":81,\"height\":80,\"caption\":\"icona catalogo CCE\"},{\"@type\":\"WebPage\",\"@id\":\"https:\/\/cce.it\/es\/division-juntas-automaticas\/catalogos\/#webpage\",\"url\":\"https:\/\/cce.it\/es\/division-juntas-automaticas\/catalogos\/\",\"name\":\"Cat\\u00e1logos - CCE\",\"isPartOf\":{\"@id\":\"https:\/\/cce.it\/es\/#website\"},\"primaryImageOfPage\":{\"@id\":\"https:\/\/cce.it\/es\/division-juntas-automaticas\/catalogos\/#primaryimage\"},\"datePublished\":\"2015-05-06T08:40:05+00:00\",\"dateModified\":\"2025-02-28T11:50:56+00:00\",\"breadcrumb\":{\"@id\":\"https:\/\/cce.it\/es\/division-juntas-automaticas\/catalogos\/#breadcrumb\"},\"inLanguage\":\"it-IT\",\"potentialAction\":[{\"@type\":\"ReadAction\",\"target\":[\"https:\/\/cce.it\/es\/division-juntas-automaticas\/catalogos\/\"]}]},{\"@type\":\"BreadcrumbList\",\"@id\":\"https:\/\/cce.it\/es\/division-juntas-automaticas\/catalogos\/#breadcrumb\",\"itemListElement\":[{\"@type\":\"ListItem\",\"position\":1,\"item\":{\"@type\":\"WebPage\",\"@id\":\"https:\/\/cce.it\/\",\"url\":\"https:\/\/cce.it\/\",\"name\":\"Home\"}},{\"@type\":\"ListItem\",\"position\":2,\"item\":{\"@type\":\"WebPage\",\"@id\":\"https:\/\/cce.it\/es\/division-juntas-automaticas\/\",\"url\":\"https:\/\/cce.it\/es\/division-juntas-automaticas\/\",\"name\":\"Divisi\\u00f2n Juntas Autom\\u00e0ticas\"}},{\"@type\":\"ListItem\",\"position\":3,\"item\":{\"@type\":\"WebPage\",\"@id\":\"https:\/\/cce.it\/es\/division-juntas-automaticas\/catalogos\/\",\"url\":\"https:\/\/cce.it\/es\/division-juntas-automaticas\/catalogos\/\",\"name\":\"Cat\\u00e1logos\"}}]}]}<\/script>\n<!-- \/ Yoast SEO plugin. -->","_links":{"self":[{"href":"https:\/\/cce.it\/es\/wp-json\/wp\/v2\/pages\/6473"}],"collection":[{"href":"https:\/\/cce.it\/es\/wp-json\/wp\/v2\/pages"}],"about":[{"href":"https:\/\/cce.it\/es\/wp-json\/wp\/v2\/types\/page"}],"author":[{"embeddable":true,"href":"https:\/\/cce.it\/es\/wp-json\/wp\/v2\/users\/2"}],"replies":[{"embeddable":true,"href":"https:\/\/cce.it\/es\/wp-json\/wp\/v2\/comments?post=6473"}],"version-history":[{"count":16,"href":"https:\/\/cce.it\/es\/wp-json\/wp\/v2\/pages\/6473\/revisions"}],"predecessor-version":[{"id":22197,"href":"https:\/\/cce.it\/es\/wp-json\/wp\/v2\/pages\/6473\/revisions\/22197"}],"up":[{"embeddable":true,"href":"https:\/\/cce.it\/es\/wp-json\/wp\/v2\/pages\/28"}],"wp:attachment":[{"href":"https:\/\/cce.it\/es\/wp-json\/wp\/v2\/media?parent=6473"}],"curies":[{"name":"wp","href":"https:\/\/api.w.org\/{rel}","templated":true}]}}