{"id":6453,"date":"2015-07-02T12:47:30","date_gmt":"2015-07-02T10:47:30","guid":{"rendered":"https:\/\/cce.it\/\/divisione-antispifferi\/certificazioni\/"},"modified":"2018-06-15T10:24:03","modified_gmt":"2018-06-15T08:24:03","slug":"certificaciones","status":"publish","type":"page","link":"https:\/\/cce.it\/es\/division-juntas-automaticas\/certificaciones\/","title":{"rendered":"Certificaci\u00f3nes"},"content":{"rendered":"<h3 style=\"text-align: center;\">Certificaci\u00f3n ac\u00fastica<\/h3>\n<p>&nbsp;<\/p>\n<div class=\"row\"><br \/>\n<div class=\"col-sm-3\">\n<p style=\"text-align: center;\"><a class=\"overlay\" href=\"#request-form\"><img loading=\"lazy\" class=\"alignnone\" src=\"https:\/\/cce.it\/\/de\/bereich-sicherheit\/produzieren\/\" alt=\"certificate\" width=\"80\" height=\"80\" \/><br \/>\n<strong>CHRONOSEAL 14X35<\/strong><\/a><\/p>\n<p><\/p><\/div><div class=\"col-sm-3\">\n<p style=\"text-align: center;\"><a class=\"overlay\" href=\"#request-form\"><img loading=\"lazy\" class=\"alignnone\" src=\"https:\/\/cce.it\/\/de\/bereich-sicherheit\/produzieren\/\" alt=\"certificate\" width=\"80\" height=\"80\" \/><br \/>\n<strong>CHRONOSEAL 15X30<\/strong><\/a><\/p>\n<p><\/p><\/div><div class=\"col-sm-3\">\n<p style=\"text-align: center;\"><a class=\"overlay\" href=\"#request-form\"><img loading=\"lazy\" class=\"alignnone\" src=\"https:\/\/cce.it\/\/de\/bereich-sicherheit\/produzieren\/\" alt=\"certificate\" width=\"80\" height=\"80\" \/><br \/>\n<strong>MAXI FILLER<\/strong><\/a><\/p>\n<p><\/p><\/div><div class=\"col-sm-3\">\n<p style=\"text-align: center;\"><a class=\"overlay\" href=\"#request-form\"><img loading=\"lazy\" class=\"alignnone\" src=\"https:\/\/cce.it\/\/de\/bereich-sicherheit\/produzieren\/\" alt=\"certificate\" width=\"80\" height=\"80\" \/><br \/>\n<strong>ACOUSTIC PLUS<\/strong><\/a><\/p>\n<p><\/p><\/div><\/div>\n<div class=\"row\"><br \/>\n<div class=\"col-sm-3\">\n<p style=\"text-align: center;\"><a class=\"overlay\" href=\"#request-form\"><img loading=\"lazy\" class=\"alignnone\" src=\"https:\/\/cce.it\/\/de\/bereich-sicherheit\/produzieren\/\" alt=\"certificate\" width=\"80\" height=\"80\" \/><br \/>\n<strong>MINI PLUS<\/strong><\/a><\/p>\n<p><\/p><\/div><div class=\"col-sm-3\">\n<p style=\"text-align: center;\"><a class=\"overlay\" href=\"#request-form\"><img loading=\"lazy\" class=\"alignnone\" src=\"https:\/\/cce.it\/\/de\/bereich-sicherheit\/produzieren\/\" alt=\"certificate\" width=\"80\" height=\"80\" \/><br \/>\n<strong>MINI PLUS DOPPIO<\/strong><\/a><\/p>\n<p><\/p><\/div><div class=\"col-sm-3\">\n<p style=\"text-align: center;\"><a class=\"overlay\" href=\"#request-form\"><img loading=\"lazy\" class=\"alignnone\" src=\"https:\/\/cce.it\/\/de\/bereich-sicherheit\/produzieren\/\" alt=\"certificate\" width=\"80\" height=\"80\" \/><br \/>\n<strong>TREND PLUS<\/strong><\/a><\/p>\n<p><\/p><\/div><div class=\"col-sm-3\">\n<p style=\"text-align: center;\"><a class=\"overlay\" href=\"#request-form\"><img loading=\"lazy\" class=\"alignnone\" src=\"https:\/\/cce.it\/\/de\/bereich-sicherheit\/produzieren\/\" alt=\"certificate\" width=\"80\" height=\"80\" \/><br \/>\n<strong>DECIBEL<\/strong><\/a><\/p>\n<p><\/p><\/div><\/div>\n<div class=\"row\"><br \/>\n<div class=\"col-sm-3\">\n<p style=\"text-align: center;\"><a class=\"overlay\" href=\"#request-form\"><img loading=\"lazy\" class=\"alignnone\" src=\"https:\/\/cce.it\/\/de\/bereich-sicherheit\/produzieren\/\" alt=\"certificate\" width=\"80\" height=\"80\" \/><br \/>\n<strong>TOP PLUS<\/strong><\/a><\/p>\n<p><\/p><\/div><div class=\"col-sm-3\">\n<p style=\"text-align: center;\"><a class=\"overlay\" href=\"#request-form\"><img loading=\"lazy\" class=\"alignnone\" src=\"https:\/\/cce.it\/\/de\/bereich-sicherheit\/produzieren\/\" alt=\"certificate\" width=\"80\" height=\"80\" \/><br \/>\n<strong>ACOUSTIC ALU<\/strong><\/a><\/p>\n<p><\/p><\/div><div class=\"col-sm-3\">\n<p style=\"text-align: center;\"><a class=\"overlay\" href=\"#request-form\"><img loading=\"lazy\" class=\"alignnone\" src=\"https:\/\/cce.it\/\/de\/bereich-sicherheit\/produzieren\/\" alt=\"certificate\" width=\"80\" height=\"80\" \/><br \/>\n<strong>ACOUSTIC ALU<br \/>\n<\/strong><strong>CON ALETTE<\/strong><\/a><\/p>\n<p><\/p><\/div><div class=\"col-sm-3\">\n<p style=\"text-align: center;\"><a class=\"overlay\" href=\"#request-form\"><img loading=\"lazy\" class=\"alignnone\" src=\"https:\/\/cce.it\/\/de\/bereich-sicherheit\/produzieren\/\" alt=\"certificate\" width=\"80\" height=\"80\" \/><br \/>\n<strong>ALU PLUS<\/strong><\/a><\/p>\n<p><\/p><\/div><\/div>\n<div class=\"row\"><br \/>\n<div class=\"col-sm-3\">\n<p style=\"text-align: center;\"><a class=\"overlay\" href=\"#request-form\"><img loading=\"lazy\" class=\"alignnone\" src=\"https:\/\/cce.it\/\/de\/bereich-sicherheit\/produzieren\/\" alt=\"certificate\" width=\"80\" height=\"80\" \/><br \/>\n<strong>IPER<\/strong><\/a><\/p>\n<p><\/p><\/div><div class=\"col-sm-3\">\n<p style=\"text-align: center;\"><a class=\"overlay\" href=\"#request-form\"><img loading=\"lazy\" class=\"alignnone\" src=\"https:\/\/cce.it\/\/de\/bereich-sicherheit\/produzieren\/\" alt=\"certificate\" width=\"80\" height=\"80\" \/><br \/>\n<strong>SUPERIOR<\/strong><\/a><\/p>\n<p><\/p><\/div><div class=\"col-sm-3\">\n<p style=\"text-align: center;\"><a class=\"overlay\" href=\"#request-form\"><img loading=\"lazy\" class=\"alignnone\" src=\"https:\/\/cce.it\/\/de\/bereich-sicherheit\/produzieren\/\" alt=\"certificate\" width=\"80\" height=\"80\" \/><br \/>\n<strong>SUPERIOR<br \/>\n<\/strong><strong>CON ALETTE<\/strong><\/a><\/p>\n<p><\/p><\/div><div class=\"col-sm-3\">\n<p style=\"text-align: center;\"><a class=\"overlay\" href=\"#request-form\"><img loading=\"lazy\" class=\"alignnone\" src=\"https:\/\/cce.it\/\/de\/bereich-sicherheit\/produzieren\/\" alt=\"certificate\" width=\"80\" height=\"80\" \/><br \/>\n<strong>DROP 20 MAXI<\/strong><\/a><\/p>\n<p><\/p><\/div><\/div>\n<div class=\"row\"><br \/>\n<div class=\"col-sm-3\">\n<p style=\"text-align: center;\"><a class=\"overlay\" href=\"#request-form\"><img loading=\"lazy\" class=\"alignnone\" src=\"https:\/\/cce.it\/\/de\/bereich-sicherheit\/produzieren\/\" alt=\"certificate\" width=\"80\" height=\"80\" \/><br \/>\n<strong>DROP 20 MINI 30&#8242;<\/strong><\/a><\/p>\n<p><\/p><\/div><div class=\"col-sm-3\">\n<p style=\"text-align: center;\"><a class=\"overlay\" href=\"#request-form\"><img loading=\"lazy\" class=\"alignnone\" src=\"https:\/\/cce.it\/\/de\/bereich-sicherheit\/produzieren\/\" alt=\"certificate\" width=\"80\" height=\"80\" \/><br \/>\n<strong>DROP 20 MINI 60&#8242;<\/strong><\/a><\/p>\n<p><\/p><\/div><div class=\"col-sm-3\">\n<p style=\"text-align: center;\"><a class=\"overlay\" href=\"#request-form\"><img loading=\"lazy\" class=\"alignnone\" src=\"https:\/\/cce.it\/\/de\/bereich-sicherheit\/produzieren\/\" alt=\"certificate\" width=\"80\" height=\"80\" \/><br \/>\n<strong>MINI FIRE<\/strong><\/a><\/p>\n<p><\/p><\/div><div class=\"col-sm-3\">\n<p style=\"text-align: center;\"><a class=\"overlay\" href=\"#request-form\"><img loading=\"lazy\" class=\"alignnone\" src=\"https:\/\/cce.it\/\/de\/bereich-sicherheit\/produzieren\/\" alt=\"certificate\" width=\"80\" height=\"80\" \/><br \/>\n<strong>UNIFIRE 30<\/strong><\/a><\/p>\n<p><\/p><\/div><\/div>\n<div class=\"row\"><br \/>\n<div class=\"col-sm-3\">\n<p style=\"text-align: center;\"><a class=\"overlay\" href=\"#request-form\"><img loading=\"lazy\" class=\"alignnone\" src=\"https:\/\/cce.it\/\/de\/bereich-sicherheit\/produzieren\/\" alt=\"certificate\" width=\"80\" height=\"80\" \/><br \/>\n<strong>UNIFIRE 60<\/strong><\/a><\/p>\n<p><\/p><\/div><div class=\"col-sm-3\">\n<p style=\"text-align: center;\"><a class=\"overlay\" href=\"#request-form\"><img loading=\"lazy\" class=\"alignnone\" src=\"https:\/\/cce.it\/\/de\/bereich-sicherheit\/produzieren\/\" alt=\"certificate\" width=\"80\" height=\"80\" \/><br \/>\n<strong>CON GUARNIZIONE SFILABILE<\/strong><\/a><\/p>\n<p><\/p><\/div><div class=\"col-sm-3\">\n<p style=\"text-align: center;\"><a class=\"overlay\" href=\"#request-form\"><img loading=\"lazy\" class=\"alignnone\" src=\"https:\/\/cce.it\/\/de\/bereich-sicherheit\/produzieren\/\" alt=\"certificate\" width=\"80\" height=\"80\" \/><br \/>\n<strong>CON GUARNIZIONE SFILABILE<\/strong><br \/>\n<strong>12X30<\/strong><\/a><\/p>\n<p><\/p><\/div><div class=\"col-sm-3\">\n<p style=\"text-align: center;\"><a class=\"overlay\" href=\"#request-form\"><img loading=\"lazy\" class=\"alignnone\" src=\"https:\/\/cce.it\/\/de\/bereich-sicherheit\/produzieren\/\" alt=\"certificate\" width=\"80\" height=\"80\" \/><br \/>\n<strong>TREND<\/strong><\/a><\/p>\n<p><\/p><\/div><\/div>\n<div class=\"row\"><br \/>\n<div class=\"col-sm-3\">\n<p style=\"text-align: center;\"><a class=\"overlay\" href=\"#request-form\"><img loading=\"lazy\" class=\"alignnone\" src=\"https:\/\/cce.it\/\/de\/bereich-sicherheit\/produzieren\/\" alt=\"certificate\" width=\"80\" height=\"80\" \/><br \/>\n<strong>TOP<\/strong><\/a><\/p>\n<p><\/p><\/div><\/div>\n<h3 style=\"text-align: center;\">Certificaci\u00f3n fuego<\/h3>\n<p>&nbsp;<\/p>\n<div class=\"row\"><br \/>\n<div class=\"col-sm-3\">\n<p style=\"text-align: center;\"><a class=\"overlay\" href=\"#request-form\"><img loading=\"lazy\" class=\"alignnone\" src=\"https:\/\/cce.it\/\/de\/bereich-sicherheit\/produzieren\/\" alt=\"certificate\" width=\"80\" height=\"80\" \/><br \/>\n<strong>DROP 20 MAXI<\/strong><\/a><\/p>\n<p><\/p><\/div><div class=\"col-sm-3\">\n<p style=\"text-align: center;\"><a class=\"overlay\" href=\"#request-form\"><img loading=\"lazy\" class=\"alignnone\" src=\"https:\/\/cce.it\/\/de\/bereich-sicherheit\/produzieren\/\" alt=\"certificate\" width=\"80\" height=\"80\" \/><br \/>\n<strong>DROP 20 MINI 30&#8242;<\/strong><\/a><\/p>\n<p><\/p><\/div><div class=\"col-sm-3\">\n<p style=\"text-align: center;\"><a class=\"overlay\" href=\"#request-form\"><img loading=\"lazy\" class=\"alignnone\" src=\"https:\/\/cce.it\/\/de\/bereich-sicherheit\/produzieren\/\" alt=\"certificate\" width=\"80\" height=\"80\" \/><br \/>\n<strong>DROP 20 MINI 60&#8242;<\/strong><\/a><\/p>\n<p><\/p><\/div><div class=\"col-sm-3\">\n<p style=\"text-align: center;\"><a class=\"overlay\" href=\"#request-form\"><img loading=\"lazy\" class=\"alignnone\" src=\"https:\/\/cce.it\/\/de\/bereich-sicherheit\/produzieren\/\" alt=\"certificate\" width=\"80\" height=\"80\" \/><br \/>\n<strong>MINI FIRE<\/strong><\/a><\/p>\n<p><\/p><\/div><\/div>\n<div class=\"row\"><br \/>\n<div class=\"col-sm-3\">\n<p style=\"text-align: center;\"><a class=\"overlay\" href=\"#request-form\"><img loading=\"lazy\" class=\"alignnone\" src=\"https:\/\/cce.it\/\/de\/bereich-sicherheit\/produzieren\/\" alt=\"certificate\" width=\"80\" height=\"80\" \/><br \/>\n<strong>UNIFIRE 30<\/strong><\/a><\/p>\n<p><\/p><\/div><div class=\"col-sm-3\">\n<p style=\"text-align: center;\"><a class=\"overlay\" href=\"#request-form\"><img loading=\"lazy\" class=\"alignnone\" src=\"https:\/\/cce.it\/\/de\/bereich-sicherheit\/produzieren\/\" alt=\"certificate\" width=\"80\" height=\"80\" \/><br \/>\n<strong>UNIFIRE 60<\/strong><\/a><\/p>\n<p><\/p><\/div><\/div>\n","protected":false},"excerpt":{"rendered":"<p>Certificaci\u00f3n ac\u00fastica &nbsp; Certificaci\u00f3n fuego &nbsp;<\/p>\n","protected":false},"author":12,"featured_media":0,"parent":28,"menu_order":250,"comment_status":"closed","ping_status":"open","template":"","meta":[],"acf":[],"yoast_head":"<!-- This site is optimized with the Yoast SEO plugin v15.0 - https:\/\/yoast.com\/wordpress\/plugins\/seo\/ -->\n<title>Certificaci\u00f3nes - CCE<\/title>\n<meta name=\"robots\" content=\"index, follow, max-snippet:-1, max-image-preview:large, max-video-preview:-1\" \/>\n<link rel=\"canonical\" href=\"https:\/\/cce.it\/es\/division-juntas-automaticas\/certificaciones\/\" \/>\n<meta property=\"og:locale\" content=\"es_ES\" \/>\n<meta property=\"og:type\" content=\"article\" \/>\n<meta property=\"og:title\" content=\"Certificaci\u00f3nes - CCE\" \/>\n<meta property=\"og:description\" content=\"Certificaci\u00f3n ac\u00fastica &nbsp; Certificaci\u00f3n fuego &nbsp;\" \/>\n<meta property=\"og:url\" content=\"https:\/\/cce.it\/es\/division-juntas-automaticas\/certificaciones\/\" \/>\n<meta property=\"og:site_name\" content=\"CCE\" \/>\n<meta property=\"article:modified_time\" content=\"2018-06-15T08:24:03+00:00\" \/>\n<meta property=\"og:image\" content=\"https:\/\/cce.it\/\/de\/bereich-sicherheit\/produzieren\/\" \/>\n<script type=\"application\/ld+json\" class=\"yoast-schema-graph\">{\"@context\":\"https:\/\/schema.org\",\"@graph\":[{\"@type\":\"WebSite\",\"@id\":\"https:\/\/cce.it\/es\/#website\",\"url\":\"https:\/\/cce.it\/es\/\",\"name\":\"CCE\",\"description\":\"\",\"potentialAction\":[{\"@type\":\"SearchAction\",\"target\":\"https:\/\/cce.it\/es\/?s={search_term_string}\",\"query-input\":\"required name=search_term_string\"}],\"inLanguage\":\"es\"},{\"@type\":\"ImageObject\",\"@id\":\"https:\/\/cce.it\/es\/division-juntas-automaticas\/certificaciones\/#primaryimage\",\"inLanguage\":\"es\",\"url\":\"https:\/\/cce.it\/\/de\/bereich-sicherheit\/produzieren\/\"},{\"@type\":\"WebPage\",\"@id\":\"https:\/\/cce.it\/es\/division-juntas-automaticas\/certificaciones\/#webpage\",\"url\":\"https:\/\/cce.it\/es\/division-juntas-automaticas\/certificaciones\/\",\"name\":\"Certificaci\\u00f3nes - CCE\",\"isPartOf\":{\"@id\":\"https:\/\/cce.it\/es\/#website\"},\"primaryImageOfPage\":{\"@id\":\"https:\/\/cce.it\/es\/division-juntas-automaticas\/certificaciones\/#primaryimage\"},\"datePublished\":\"2015-07-02T10:47:30+00:00\",\"dateModified\":\"2018-06-15T08:24:03+00:00\",\"breadcrumb\":{\"@id\":\"https:\/\/cce.it\/es\/division-juntas-automaticas\/certificaciones\/#breadcrumb\"},\"inLanguage\":\"es\",\"potentialAction\":[{\"@type\":\"ReadAction\",\"target\":[\"https:\/\/cce.it\/es\/division-juntas-automaticas\/certificaciones\/\"]}]},{\"@type\":\"BreadcrumbList\",\"@id\":\"https:\/\/cce.it\/es\/division-juntas-automaticas\/certificaciones\/#breadcrumb\",\"itemListElement\":[{\"@type\":\"ListItem\",\"position\":1,\"item\":{\"@type\":\"WebPage\",\"@id\":\"https:\/\/cce.it\/es\/home\/\",\"url\":\"https:\/\/cce.it\/es\/home\/\",\"name\":\"Home\"}},{\"@type\":\"ListItem\",\"position\":2,\"item\":{\"@type\":\"WebPage\",\"@id\":\"https:\/\/cce.it\/es\/division-juntas-automaticas\/\",\"url\":\"https:\/\/cce.it\/es\/division-juntas-automaticas\/\",\"name\":\"Divisi\\u00f2n Juntas Autom\\u00e0ticas\"}},{\"@type\":\"ListItem\",\"position\":3,\"item\":{\"@type\":\"WebPage\",\"@id\":\"https:\/\/cce.it\/es\/division-juntas-automaticas\/certificaciones\/\",\"url\":\"https:\/\/cce.it\/es\/division-juntas-automaticas\/certificaciones\/\",\"name\":\"Certificaci\\u00f3nes\"}}]}]}<\/script>\n<!-- \/ Yoast SEO plugin. -->","_links":{"self":[{"href":"https:\/\/cce.it\/es\/wp-json\/wp\/v2\/pages\/6453"}],"collection":[{"href":"https:\/\/cce.it\/es\/wp-json\/wp\/v2\/pages"}],"about":[{"href":"https:\/\/cce.it\/es\/wp-json\/wp\/v2\/types\/page"}],"author":[{"embeddable":true,"href":"https:\/\/cce.it\/es\/wp-json\/wp\/v2\/users\/12"}],"replies":[{"embeddable":true,"href":"https:\/\/cce.it\/es\/wp-json\/wp\/v2\/comments?post=6453"}],"version-history":[{"count":4,"href":"https:\/\/cce.it\/es\/wp-json\/wp\/v2\/pages\/6453\/revisions"}],"predecessor-version":[{"id":17087,"href":"https:\/\/cce.it\/es\/wp-json\/wp\/v2\/pages\/6453\/revisions\/17087"}],"up":[{"embeddable":true,"href":"https:\/\/cce.it\/es\/wp-json\/wp\/v2\/pages\/28"}],"wp:attachment":[{"href":"https:\/\/cce.it\/es\/wp-json\/wp\/v2\/media?parent=6453"}],"curies":[{"name":"wp","href":"https:\/\/api.w.org\/{rel}","templated":true}]}}