{"id":6383,"date":"2015-03-04T12:49:39","date_gmt":"2015-03-04T11:49:39","guid":{"rendered":"https:\/\/cce.it\/\/divisione-antispifferi\/ambiti-di-applicazione\/"},"modified":"2015-08-05T09:54:31","modified_gmt":"2015-08-05T07:54:31","slug":"aplicacion","status":"publish","type":"page","link":"https:\/\/cce.it\/es\/division-juntas-automaticas\/aplicacion\/","title":{"rendered":"Aplicaci\u00f2n"},"content":{"rendered":"<p>Con el paso del tiempo, las puertas especiales cortafuegos han experimentado una evoluci\u00f3n t&eacute;cnica y estil\u00edstica que las ha ido convirtiendo en protagonistas del mercado de los cerramientos. C.C.E. ofrece una gama de juntas autom\u00e1ticas estudiadas espec\u00edficamente para ofrecer resistencia al fuego, incluso hasta 60 minutos.<\/p>\n","protected":false},"excerpt":{"rendered":"<p>Con el paso del tiempo, las puertas especiales cortafuegos han experimentado una evoluci\u00f3n t&eacute;cnica y estil\u00edstica que las ha ido convirtiendo en protagonistas del mercado de los cerramientos. C.C.E. ofrece una gama de juntas autom\u00e1ticas estudiadas espec\u00edficamente para ofrecer resistencia al fuego, incluso hasta 60 minutos.<\/p>\n","protected":false},"author":2,"featured_media":0,"parent":28,"menu_order":200,"comment_status":"closed","ping_status":"closed","template":"template-antis-applications.php","meta":[],"acf":[],"yoast_head":"<!-- This site is optimized with the Yoast SEO plugin v15.0 - https:\/\/yoast.com\/wordpress\/plugins\/seo\/ -->\n<title>Aplicaci\u00f2n - CCE<\/title>\n<meta name=\"robots\" content=\"index, follow, max-snippet:-1, max-image-preview:large, max-video-preview:-1\" \/>\n<link rel=\"canonical\" href=\"https:\/\/cce.it\/es\/division-juntas-automaticas\/aplicacion\/\" \/>\n<meta property=\"og:locale\" content=\"it_IT\" \/>\n<meta property=\"og:type\" content=\"article\" \/>\n<meta property=\"og:title\" content=\"Aplicaci\u00f2n - CCE\" \/>\n<meta property=\"og:description\" content=\"Con el paso del tiempo, las puertas especiales cortafuegos han experimentado una evoluci\u00f3n t&eacute;cnica y estil\u00edstica que las ha ido convirtiendo en protagonistas del mercado de los cerramientos. C.C.E. ofrece una gama de juntas autom\u00e1ticas estudiadas espec\u00edficamente para ofrecer resistencia al fuego, incluso hasta 60 minutos.\" \/>\n<meta property=\"og:url\" content=\"https:\/\/cce.it\/es\/division-juntas-automaticas\/aplicacion\/\" \/>\n<meta property=\"og:site_name\" content=\"CCE\" \/>\n<meta property=\"article:modified_time\" content=\"2015-08-05T07:54:31+00:00\" \/>\n<script type=\"application\/ld+json\" class=\"yoast-schema-graph\">{\"@context\":\"https:\/\/schema.org\",\"@graph\":[{\"@type\":\"WebSite\",\"@id\":\"https:\/\/cce.it\/es\/#website\",\"url\":\"https:\/\/cce.it\/es\/\",\"name\":\"CCE\",\"description\":\"\",\"potentialAction\":[{\"@type\":\"SearchAction\",\"target\":\"https:\/\/cce.it\/es\/?s={search_term_string}\",\"query-input\":\"required name=search_term_string\"}],\"inLanguage\":\"it-IT\"},{\"@type\":\"WebPage\",\"@id\":\"https:\/\/cce.it\/es\/division-juntas-automaticas\/aplicacion\/#webpage\",\"url\":\"https:\/\/cce.it\/es\/division-juntas-automaticas\/aplicacion\/\",\"name\":\"Aplicaci\\u00f2n - CCE\",\"isPartOf\":{\"@id\":\"https:\/\/cce.it\/es\/#website\"},\"datePublished\":\"2015-03-04T11:49:39+00:00\",\"dateModified\":\"2015-08-05T07:54:31+00:00\",\"breadcrumb\":{\"@id\":\"https:\/\/cce.it\/es\/division-juntas-automaticas\/aplicacion\/#breadcrumb\"},\"inLanguage\":\"it-IT\",\"potentialAction\":[{\"@type\":\"ReadAction\",\"target\":[\"https:\/\/cce.it\/es\/division-juntas-automaticas\/aplicacion\/\"]}]},{\"@type\":\"BreadcrumbList\",\"@id\":\"https:\/\/cce.it\/es\/division-juntas-automaticas\/aplicacion\/#breadcrumb\",\"itemListElement\":[{\"@type\":\"ListItem\",\"position\":1,\"item\":{\"@type\":\"WebPage\",\"@id\":\"https:\/\/cce.it\/\",\"url\":\"https:\/\/cce.it\/\",\"name\":\"Home\"}},{\"@type\":\"ListItem\",\"position\":2,\"item\":{\"@type\":\"WebPage\",\"@id\":\"https:\/\/cce.it\/es\/division-juntas-automaticas\/\",\"url\":\"https:\/\/cce.it\/es\/division-juntas-automaticas\/\",\"name\":\"Divisi\\u00f2n Juntas Autom\\u00e0ticas\"}},{\"@type\":\"ListItem\",\"position\":3,\"item\":{\"@type\":\"WebPage\",\"@id\":\"https:\/\/cce.it\/es\/division-juntas-automaticas\/aplicacion\/\",\"url\":\"https:\/\/cce.it\/es\/division-juntas-automaticas\/aplicacion\/\",\"name\":\"Aplicaci\\u00f2n\"}}]}]}<\/script>\n<!-- \/ Yoast SEO plugin. -->","_links":{"self":[{"href":"https:\/\/cce.it\/es\/wp-json\/wp\/v2\/pages\/6383"}],"collection":[{"href":"https:\/\/cce.it\/es\/wp-json\/wp\/v2\/pages"}],"about":[{"href":"https:\/\/cce.it\/es\/wp-json\/wp\/v2\/types\/page"}],"author":[{"embeddable":true,"href":"https:\/\/cce.it\/es\/wp-json\/wp\/v2\/users\/2"}],"replies":[{"embeddable":true,"href":"https:\/\/cce.it\/es\/wp-json\/wp\/v2\/comments?post=6383"}],"version-history":[{"count":3,"href":"https:\/\/cce.it\/es\/wp-json\/wp\/v2\/pages\/6383\/revisions"}],"predecessor-version":[{"id":6619,"href":"https:\/\/cce.it\/es\/wp-json\/wp\/v2\/pages\/6383\/revisions\/6619"}],"up":[{"embeddable":true,"href":"https:\/\/cce.it\/es\/wp-json\/wp\/v2\/pages\/28"}],"wp:attachment":[{"href":"https:\/\/cce.it\/es\/wp-json\/wp\/v2\/media?parent=6383"}],"curies":[{"name":"wp","href":"https:\/\/api.w.org\/{rel}","templated":true}]}}