{"id":6246,"date":"2015-03-09T17:34:57","date_gmt":"2015-03-09T16:34:57","guid":{"rendered":"https:\/\/cce.it\/\/azienda-2\/"},"modified":"2022-02-16T10:56:34","modified_gmt":"2022-02-16T09:56:34","slug":"empresa","status":"publish","type":"page","link":"https:\/\/cce.it\/es\/empresa\/","title":{"rendered":"Empresa"},"content":{"rendered":"<p>C.C.E. Costruzioni Chiusure Ermetiche Srl se fund\u00f3 en 1980 y empez\u00f3 su actividad con la realizaci\u00f3n de juntas autom\u00e1ticas de debajo de la puerta, accesorio imprescindible para eliminar la molesta ranura que queda entre la puerta y el suelo. La utilidad de la aplicaci\u00f3n y la tecnolog\u00eda sorprendente que incorpora este accesorio determinaron el \u00e9xito inmediato del producto.<\/p>\n<p>Con el paso del tiempo, al sector de las juntas autom\u00e1ticas se une el sector de los dispositivos de seguridad, que se centra en la producci\u00f3n de bordes sensibles para proteger las aperturas autom\u00e1ticas contra choques. La observancia de la normativa m\u00e1s reciente y el uso de materiales de primera calidad consolidan r\u00e1pidamente la posici\u00f3n de los bordes sensibles de C.C.E. entre los mejores del mercado. La red comercial se ampl\u00eda a escala mundial gracias a la presencia constante de la empresa en los eventos del sector.<\/p>\n<p>El punto fuerte de C.C.E. es su capacidad de realizar productos personalizados para los clientes, desde el proyecto hasta la fabricaci\u00f3n. Para ello, cuenta con un departamento t\u00e9cnico de I+D que puede producir prototipos 3D mediante estereolitograf\u00eda, gracias a los cuales es posible analizar los objetos antes de ponerlos en producci\u00f3n. Adem\u00e1s, C.C.E. tiene un taller interno y un departamento de moldeo por inyecci\u00f3n que le permiten abreviar la cadena de producci\u00f3n, lo que conlleva una notable reducci\u00f3n del plazo de entrega al cliente.<\/p>\n<div class=\"row\"><br class=\"nc\"\/><div class=\"col-sm-12\"><a class=\"zoom\" href=\"\/wp-content\/uploads\/2022_cce_timeline-scaled.jpg\" rel=\"attachment wp-att-8455\"><img loading=\"lazy\" class=\"img-responsive alignnone\" src=\"\/wp-content\/uploads\/2022_cce_timeline-scaled.jpg\" alt=\"storyCCE1\" width=\"1500\" height=\"750\"\/><\/a><\/div><br class=\"nc\"\/><\/div>\n<p>Por otra parte, C.C.E. colabora desde siempre con proveedores locales afianzados, para respaldar la creaci\u00f3n de una red de empresas con vocaci\u00f3n internacional pero atentas al tejido productivo local.<br \/>\nLas certificaciones seg\u00fan las normas ISO 9001 e ISO 45001 no son meras cuestiones burocr\u00e1ticas para la empresa, sino la consecuencia de una filosof\u00eda profesional que empieza con la creaci\u00f3n de un entorno de trabajo seguro, din\u00e1mico y eficiente, para ofrecer productos de alto nivel a sus clientes en todo el mundo.<\/p>\n<p>C.C.E. es sensible a los problemas medioambientales y de ahorro energ\u00e9tico, utiliza materiales que no contienen sustancias nocivas para la salud, usa energ\u00edas renovables y prefiere colaborar con una red de proveedores que comparten esta sensibilidad. La compa\u00f1\u00eda se ha embarcado en un proceso de certificaci\u00f3n ISO 14001 que se completar\u00e1 en 2022.<br \/>\nDada su vocaci\u00f3n empresarial, C.C.E piensa hoy en lo que el mercado va a pedir ma\u00f1ana y siempre intenta promover la creatividad durante la fase de dise\u00f1o de nuevos productos que mejoren los objetos que nos rodean.<\/p>\n<div class=\"gallery gallery-6246-1\"><div class=\"row gallery-row\"><div class=\"col-sm-6 col-lg-6\"><a class=\"thumbnail img-thumbnail\" href='https:\/\/cce.it\/wp-content\/uploads\/azienda_cce1-e1531487132996.jpg'><img width=\"1024\" height=\"589\" src=\"https:\/\/cce.it\/wp-content\/uploads\/azienda_cce1-e1531487132996-1024x589.jpg\" class=\"attachment-large size-large\" alt=\"\" loading=\"lazy\" srcset=\"https:\/\/cce.it\/wp-content\/uploads\/azienda_cce1-e1531487132996-1024x589.jpg 1024w, https:\/\/cce.it\/wp-content\/uploads\/azienda_cce1-e1531487132996-300x173.jpg 300w, https:\/\/cce.it\/wp-content\/uploads\/azienda_cce1-e1531487132996-768x442.jpg 768w, https:\/\/cce.it\/wp-content\/uploads\/azienda_cce1-e1531487132996-350x201.jpg 350w\" sizes=\"(max-width: 1024px) 100vw, 1024px\" \/><\/a><\/div><div class=\"col-sm-6 col-lg-6\"><a class=\"thumbnail img-thumbnail\" href='https:\/\/cce.it\/wp-content\/uploads\/azienda_cce2-e1531486576955.png'><img width=\"1024\" height=\"590\" src=\"https:\/\/cce.it\/wp-content\/uploads\/azienda_cce2-1024x590.png\" class=\"attachment-large size-large\" alt=\"\" loading=\"lazy\" srcset=\"https:\/\/cce.it\/wp-content\/uploads\/azienda_cce2-1024x590.png 1024w, https:\/\/cce.it\/wp-content\/uploads\/azienda_cce2-300x173.png 300w, https:\/\/cce.it\/wp-content\/uploads\/azienda_cce2-768x442.png 768w, https:\/\/cce.it\/wp-content\/uploads\/azienda_cce2-350x202.png 350w, https:\/\/cce.it\/wp-content\/uploads\/azienda_cce2-e1531486576955.png 940w\" sizes=\"(max-width: 1024px) 100vw, 1024px\" \/><\/a><\/div><\/div><\/div>\n","protected":false},"excerpt":{"rendered":"<p>C.C.E. Costruzioni Chiusure Ermetiche Srl se fund\u00f3 en 1980 y empez\u00f3 su actividad con la realizaci\u00f3n de juntas autom\u00e1ticas de debajo de la puerta, accesorio imprescindible para eliminar la molesta ranura que queda entre la puerta y el suelo. La utilidad de la aplicaci\u00f3n y la tecnolog\u00eda sorprendente que incorpora este accesorio determinaron el \u00e9xito &hellip; <a href=\"https:\/\/cce.it\/es\/empresa\/\">Continua<\/a><\/p>\n","protected":false},"author":2,"featured_media":368,"parent":0,"menu_order":129,"comment_status":"closed","ping_status":"open","template":"","meta":[],"acf":[],"yoast_head":"<!-- This site is optimized with the Yoast SEO plugin v15.0 - https:\/\/yoast.com\/wordpress\/plugins\/seo\/ -->\n<title>Empresa - CCE<\/title>\n<meta name=\"robots\" content=\"index, follow, max-snippet:-1, max-image-preview:large, max-video-preview:-1\" \/>\n<link rel=\"canonical\" href=\"https:\/\/cce.it\/es\/empresa\/\" \/>\n<meta property=\"og:locale\" content=\"it_IT\" \/>\n<meta property=\"og:type\" content=\"article\" \/>\n<meta property=\"og:title\" content=\"Empresa - CCE\" \/>\n<meta property=\"og:description\" content=\"C.C.E. Costruzioni Chiusure Ermetiche Srl se fund\u00f3 en 1980 y empez\u00f3 su actividad con la realizaci\u00f3n de juntas autom\u00e1ticas de debajo de la puerta, accesorio imprescindible para eliminar la molesta ranura que queda entre la puerta y el suelo. La utilidad de la aplicaci\u00f3n y la tecnolog\u00eda sorprendente que incorpora este accesorio determinaron el \u00e9xito &hellip; Continua\" \/>\n<meta property=\"og:url\" content=\"https:\/\/cce.it\/es\/empresa\/\" \/>\n<meta property=\"og:site_name\" content=\"CCE\" \/>\n<meta property=\"article:modified_time\" content=\"2022-02-16T09:56:34+00:00\" \/>\n<meta property=\"og:image\" content=\"https:\/\/cce.it\/wp-content\/uploads\/azienda_cover.jpg\" \/>\n\t<meta property=\"og:image:width\" content=\"1920\" \/>\n\t<meta property=\"og:image:height\" content=\"932\" \/>\n<script type=\"application\/ld+json\" class=\"yoast-schema-graph\">{\"@context\":\"https:\/\/schema.org\",\"@graph\":[{\"@type\":\"WebSite\",\"@id\":\"https:\/\/cce.it\/es\/#website\",\"url\":\"https:\/\/cce.it\/es\/\",\"name\":\"CCE\",\"description\":\"\",\"potentialAction\":[{\"@type\":\"SearchAction\",\"target\":\"https:\/\/cce.it\/es\/?s={search_term_string}\",\"query-input\":\"required name=search_term_string\"}],\"inLanguage\":\"it-IT\"},{\"@type\":\"ImageObject\",\"@id\":\"https:\/\/cce.it\/es\/empresa\/#primaryimage\",\"inLanguage\":\"it-IT\",\"url\":\"https:\/\/cce.it\/wp-content\/uploads\/azienda_cover.jpg\",\"width\":1920,\"height\":932},{\"@type\":\"WebPage\",\"@id\":\"https:\/\/cce.it\/es\/empresa\/#webpage\",\"url\":\"https:\/\/cce.it\/es\/empresa\/\",\"name\":\"Empresa - CCE\",\"isPartOf\":{\"@id\":\"https:\/\/cce.it\/es\/#website\"},\"primaryImageOfPage\":{\"@id\":\"https:\/\/cce.it\/es\/empresa\/#primaryimage\"},\"datePublished\":\"2015-03-09T16:34:57+00:00\",\"dateModified\":\"2022-02-16T09:56:34+00:00\",\"breadcrumb\":{\"@id\":\"https:\/\/cce.it\/es\/empresa\/#breadcrumb\"},\"inLanguage\":\"it-IT\",\"potentialAction\":[{\"@type\":\"ReadAction\",\"target\":[\"https:\/\/cce.it\/es\/empresa\/\"]}]},{\"@type\":\"BreadcrumbList\",\"@id\":\"https:\/\/cce.it\/es\/empresa\/#breadcrumb\",\"itemListElement\":[{\"@type\":\"ListItem\",\"position\":1,\"item\":{\"@type\":\"WebPage\",\"@id\":\"https:\/\/cce.it\/\",\"url\":\"https:\/\/cce.it\/\",\"name\":\"Home\"}},{\"@type\":\"ListItem\",\"position\":2,\"item\":{\"@type\":\"WebPage\",\"@id\":\"https:\/\/cce.it\/es\/empresa\/\",\"url\":\"https:\/\/cce.it\/es\/empresa\/\",\"name\":\"Empresa\"}}]}]}<\/script>\n<!-- \/ Yoast SEO plugin. -->","_links":{"self":[{"href":"https:\/\/cce.it\/es\/wp-json\/wp\/v2\/pages\/6246"}],"collection":[{"href":"https:\/\/cce.it\/es\/wp-json\/wp\/v2\/pages"}],"about":[{"href":"https:\/\/cce.it\/es\/wp-json\/wp\/v2\/types\/page"}],"author":[{"embeddable":true,"href":"https:\/\/cce.it\/es\/wp-json\/wp\/v2\/users\/2"}],"replies":[{"embeddable":true,"href":"https:\/\/cce.it\/es\/wp-json\/wp\/v2\/comments?post=6246"}],"version-history":[{"count":7,"href":"https:\/\/cce.it\/es\/wp-json\/wp\/v2\/pages\/6246\/revisions"}],"predecessor-version":[{"id":21004,"href":"https:\/\/cce.it\/es\/wp-json\/wp\/v2\/pages\/6246\/revisions\/21004"}],"wp:featuredmedia":[{"embeddable":true,"href":"https:\/\/cce.it\/es\/wp-json\/wp\/v2\/media\/368"}],"wp:attachment":[{"href":"https:\/\/cce.it\/es\/wp-json\/wp\/v2\/media?parent=6246"}],"curies":[{"name":"wp","href":"https:\/\/api.w.org\/{rel}","templated":true}]}}