{"id":50,"date":"2015-02-18T15:28:05","date_gmt":"2015-02-18T14:28:05","guid":{"rendered":"https:\/\/cce.it\/\/safety-division-2\/"},"modified":"2024-04-24T13:34:23","modified_gmt":"2024-04-24T11:34:23","slug":"division-seguridad","status":"publish","type":"page","link":"https:\/\/cce.it\/es\/division-seguridad\/","title":{"rendered":"Divisi\u00f2n Seguridad"},"content":{"rendered":"<h2>Prot\u00e9gete para evitar dolorosos accidentes<\/h2>\n<p>Todos los a\u00f1os cientos de personas, entre los que se incluyen ni\u00f1os y personas mayores, se aplastan los dedos en casa o en un lugar p\u00fablico con una puerta. En muchos pa\u00edses ya es obligatorio instalar sistemas de prevenci\u00f3n de accidentes en los lugares p\u00fablicos; C.C.E. va m\u00e1s all\u00e1 y ofrece una serie de productos ideales para garantizar la seguridad en cualquier entorno dom\u00e9stico o abierto al p\u00fablico, tales como hoteles, hospitales, oficinas p\u00fablicas y colegios.<\/p>\n<p>El sistema Digisafe est\u00e1 formado por perfiles de aluminio que ofrecen protecci\u00f3n total en el punto interno de cizallamiento entre la puerta y el marco.<\/p>\n<p>Elegante y esencial, el sistema Digisafe consta de varios modelos y se adapta de forma discreta a todo tipo de cerramientos, manteniendo intactas sus cualidades t\u00e9cnicas a la vez que brinda una est\u00e9tica agradable.<\/p>\n","protected":false},"excerpt":{"rendered":"<p>Prot\u00e9gete para evitar dolorosos accidentes Todos los a\u00f1os cientos de personas, entre los que se incluyen ni\u00f1os y personas mayores, se aplastan los dedos en casa o en un lugar p\u00fablico con una puerta. En muchos pa\u00edses ya es obligatorio instalar sistemas de prevenci\u00f3n de accidentes en los lugares p\u00fablicos; C.C.E. va m\u00e1s all\u00e1 y &hellip; <a href=\"https:\/\/cce.it\/es\/division-seguridad\/\">Continua<\/a><\/p>\n","protected":false},"author":2,"featured_media":21308,"parent":0,"menu_order":842,"comment_status":"closed","ping_status":"open","template":"template-divisione-sicurezza.php","meta":[],"acf":[],"yoast_head":"<!-- This site is optimized with the Yoast SEO plugin v15.0 - https:\/\/yoast.com\/wordpress\/plugins\/seo\/ -->\n<title>Divisi\u00f2n Seguridad - CCE<\/title>\n<meta name=\"robots\" content=\"index, follow, max-snippet:-1, max-image-preview:large, max-video-preview:-1\" \/>\n<link rel=\"canonical\" href=\"https:\/\/cce.it\/es\/division-seguridad\/\" \/>\n<meta property=\"og:locale\" content=\"it_IT\" \/>\n<meta property=\"og:type\" content=\"article\" \/>\n<meta property=\"og:title\" content=\"Divisi\u00f2n Seguridad - CCE\" \/>\n<meta property=\"og:description\" content=\"Prot\u00e9gete para evitar dolorosos accidentes Todos los a\u00f1os cientos de personas, entre los que se incluyen ni\u00f1os y personas mayores, se aplastan los dedos en casa o en un lugar p\u00fablico con una puerta. En muchos pa\u00edses ya es obligatorio instalar sistemas de prevenci\u00f3n de accidentes en los lugares p\u00fablicos; C.C.E. va m\u00e1s all\u00e1 y &hellip; Continua\" \/>\n<meta property=\"og:url\" content=\"https:\/\/cce.it\/es\/division-seguridad\/\" \/>\n<meta property=\"og:site_name\" content=\"CCE\" \/>\n<meta property=\"article:modified_time\" content=\"2024-04-24T11:34:23+00:00\" \/>\n<meta property=\"og:image\" content=\"https:\/\/cce.it\/wp-content\/uploads\/CCE-srl-divisione-sicurezza.jpg\" \/>\n\t<meta property=\"og:image:width\" content=\"700\" \/>\n\t<meta property=\"og:image:height\" content=\"530\" \/>\n<script type=\"application\/ld+json\" class=\"yoast-schema-graph\">{\"@context\":\"https:\/\/schema.org\",\"@graph\":[{\"@type\":\"WebSite\",\"@id\":\"https:\/\/cce.it\/es\/#website\",\"url\":\"https:\/\/cce.it\/es\/\",\"name\":\"CCE\",\"description\":\"\",\"potentialAction\":[{\"@type\":\"SearchAction\",\"target\":\"https:\/\/cce.it\/es\/?s={search_term_string}\",\"query-input\":\"required name=search_term_string\"}],\"inLanguage\":\"it-IT\"},{\"@type\":\"ImageObject\",\"@id\":\"https:\/\/cce.it\/es\/division-seguridad\/#primaryimage\",\"inLanguage\":\"it-IT\",\"url\":\"https:\/\/cce.it\/wp-content\/uploads\/CCE-srl-divisione-sicurezza.jpg\",\"width\":700,\"height\":530,\"caption\":\"CCE srl divisione sicurezza\"},{\"@type\":\"WebPage\",\"@id\":\"https:\/\/cce.it\/es\/division-seguridad\/#webpage\",\"url\":\"https:\/\/cce.it\/es\/division-seguridad\/\",\"name\":\"Divisi\\u00f2n Seguridad - CCE\",\"isPartOf\":{\"@id\":\"https:\/\/cce.it\/es\/#website\"},\"primaryImageOfPage\":{\"@id\":\"https:\/\/cce.it\/es\/division-seguridad\/#primaryimage\"},\"datePublished\":\"2015-02-18T14:28:05+00:00\",\"dateModified\":\"2024-04-24T11:34:23+00:00\",\"breadcrumb\":{\"@id\":\"https:\/\/cce.it\/es\/division-seguridad\/#breadcrumb\"},\"inLanguage\":\"it-IT\",\"potentialAction\":[{\"@type\":\"ReadAction\",\"target\":[\"https:\/\/cce.it\/es\/division-seguridad\/\"]}]},{\"@type\":\"BreadcrumbList\",\"@id\":\"https:\/\/cce.it\/es\/division-seguridad\/#breadcrumb\",\"itemListElement\":[{\"@type\":\"ListItem\",\"position\":1,\"item\":{\"@type\":\"WebPage\",\"@id\":\"https:\/\/cce.it\/\",\"url\":\"https:\/\/cce.it\/\",\"name\":\"Home\"}},{\"@type\":\"ListItem\",\"position\":2,\"item\":{\"@type\":\"WebPage\",\"@id\":\"https:\/\/cce.it\/es\/division-seguridad\/\",\"url\":\"https:\/\/cce.it\/es\/division-seguridad\/\",\"name\":\"Divisi\\u00f2n Seguridad\"}}]}]}<\/script>\n<!-- \/ Yoast SEO plugin. -->","_links":{"self":[{"href":"https:\/\/cce.it\/es\/wp-json\/wp\/v2\/pages\/50"}],"collection":[{"href":"https:\/\/cce.it\/es\/wp-json\/wp\/v2\/pages"}],"about":[{"href":"https:\/\/cce.it\/es\/wp-json\/wp\/v2\/types\/page"}],"author":[{"embeddable":true,"href":"https:\/\/cce.it\/es\/wp-json\/wp\/v2\/users\/2"}],"replies":[{"embeddable":true,"href":"https:\/\/cce.it\/es\/wp-json\/wp\/v2\/comments?post=50"}],"version-history":[{"count":5,"href":"https:\/\/cce.it\/es\/wp-json\/wp\/v2\/pages\/50\/revisions"}],"predecessor-version":[{"id":21326,"href":"https:\/\/cce.it\/es\/wp-json\/wp\/v2\/pages\/50\/revisions\/21326"}],"wp:featuredmedia":[{"embeddable":true,"href":"https:\/\/cce.it\/es\/wp-json\/wp\/v2\/media\/21308"}],"wp:attachment":[{"href":"https:\/\/cce.it\/es\/wp-json\/wp\/v2\/media?parent=50"}],"curies":[{"name":"wp","href":"https:\/\/api.w.org\/{rel}","templated":true}]}}