{"id":4072,"date":"2015-04-17T12:06:12","date_gmt":"2015-04-17T10:06:12","guid":{"rendered":"https:\/\/cce.it\/\/division-juntas-automaticas\/accessori\/digimini\/"},"modified":"2018-05-17T14:15:28","modified_gmt":"2018-05-17T12:15:28","slug":"digimini","status":"publish","type":"page","link":"https:\/\/cce.it\/es\/division-juntas-automaticas\/categorias\/accesorios-y-promo\/digimini\/","title":{"rendered":"Digimini"},"content":{"rendered":"<h5><span>INFORMACI\u00d3N<\/span><\/h5>\n<hr \/>\n<p>DIGIMINI es el sistema de protecci\u00f3n anti-aplastamiento de los dedos para puertas de batiente m\u00e1s ligero y sencillo posible. Se instala r\u00e1pidamente con biadhesivo y protege el punto de cizallado entre la puerta y el marco en el lado exterior de la bisagra de las puertas de madera.<br \/>\nAsociado a los modelos DIGISAFE y DIGISAFE180 garantiza una protecci\u00f3n total contra el aplastamiento de los dedos y permite la apertura de la puerta hasta 180\u00b0.<\/p>\n","protected":false},"excerpt":{"rendered":"<p>INFORMACI\u00d3N DIGIMINI es el sistema de protecci\u00f3n anti-aplastamiento de los dedos para puertas de batiente m\u00e1s ligero y sencillo posible. Se instala r\u00e1pidamente con biadhesivo y protege el punto de cizallado entre la puerta y el marco en el lado exterior de la bisagra de las puertas de madera. Asociado a los modelos DIGISAFE y &hellip; <a href=\"https:\/\/cce.it\/es\/division-juntas-automaticas\/categorias\/accesorios-y-promo\/digimini\/\">Continua<\/a><\/p>\n","protected":false},"author":12,"featured_media":9195,"parent":3947,"menu_order":440,"comment_status":"closed","ping_status":"open","template":"template-antis-product.php","meta":[],"acf":[],"yoast_head":"<!-- This site is optimized with the Yoast SEO plugin v15.0 - https:\/\/yoast.com\/wordpress\/plugins\/seo\/ -->\n<title>Digimini - CCE<\/title>\n<meta name=\"robots\" content=\"index, follow, max-snippet:-1, max-image-preview:large, max-video-preview:-1\" \/>\n<link rel=\"canonical\" href=\"https:\/\/cce.it\/es\/division-juntas-automaticas\/accesorios-y-promo\/digimini\/\" \/>\n<meta property=\"og:locale\" content=\"it_IT\" \/>\n<meta property=\"og:type\" content=\"article\" \/>\n<meta property=\"og:title\" content=\"Digimini - CCE\" \/>\n<meta property=\"og:description\" content=\"INFORMACI\u00d3N DIGIMINI es el sistema de protecci\u00f3n anti-aplastamiento de los dedos para puertas de batiente m\u00e1s ligero y sencillo posible. Se instala r\u00e1pidamente con biadhesivo y protege el punto de cizallado entre la puerta y el marco en el lado exterior de la bisagra de las puertas de madera. Asociado a los modelos DIGISAFE y &hellip; Continua\" \/>\n<meta property=\"og:url\" content=\"https:\/\/cce.it\/es\/division-juntas-automaticas\/accesorios-y-promo\/digimini\/\" \/>\n<meta property=\"og:site_name\" content=\"CCE\" \/>\n<meta property=\"article:modified_time\" content=\"2018-05-17T12:15:28+00:00\" \/>\n<meta property=\"og:image\" content=\"https:\/\/cce.it\/wp-content\/uploads\/digimin-prodotto_rev2.jpg\" \/>\n\t<meta property=\"og:image:width\" content=\"1920\" \/>\n\t<meta property=\"og:image:height\" content=\"726\" \/>\n<script type=\"application\/ld+json\" class=\"yoast-schema-graph\">{\"@context\":\"https:\/\/schema.org\",\"@graph\":[{\"@type\":\"WebSite\",\"@id\":\"https:\/\/cce.it\/es\/#website\",\"url\":\"https:\/\/cce.it\/es\/\",\"name\":\"CCE\",\"description\":\"\",\"potentialAction\":[{\"@type\":\"SearchAction\",\"target\":\"https:\/\/cce.it\/es\/?s={search_term_string}\",\"query-input\":\"required name=search_term_string\"}],\"inLanguage\":\"it-IT\"},{\"@type\":\"ImageObject\",\"@id\":\"https:\/\/cce.it\/es\/division-juntas-automaticas\/accesorios-y-promo\/digimini\/#primaryimage\",\"inLanguage\":\"it-IT\",\"url\":\"https:\/\/cce.it\/wp-content\/uploads\/digimin-prodotto_rev2.jpg\",\"width\":1920,\"height\":726},{\"@type\":\"WebPage\",\"@id\":\"https:\/\/cce.it\/es\/division-juntas-automaticas\/accesorios-y-promo\/digimini\/#webpage\",\"url\":\"https:\/\/cce.it\/es\/division-juntas-automaticas\/accesorios-y-promo\/digimini\/\",\"name\":\"Digimini - CCE\",\"isPartOf\":{\"@id\":\"https:\/\/cce.it\/es\/#website\"},\"primaryImageOfPage\":{\"@id\":\"https:\/\/cce.it\/es\/division-juntas-automaticas\/accesorios-y-promo\/digimini\/#primaryimage\"},\"datePublished\":\"2015-04-17T10:06:12+00:00\",\"dateModified\":\"2018-05-17T12:15:28+00:00\",\"breadcrumb\":{\"@id\":\"https:\/\/cce.it\/es\/division-juntas-automaticas\/accesorios-y-promo\/digimini\/#breadcrumb\"},\"inLanguage\":\"it-IT\",\"potentialAction\":[{\"@type\":\"ReadAction\",\"target\":[\"https:\/\/cce.it\/es\/division-juntas-automaticas\/accesorios-y-promo\/digimini\/\"]}]},{\"@type\":\"BreadcrumbList\",\"@id\":\"https:\/\/cce.it\/es\/division-juntas-automaticas\/accesorios-y-promo\/digimini\/#breadcrumb\",\"itemListElement\":[{\"@type\":\"ListItem\",\"position\":1,\"item\":{\"@type\":\"WebPage\",\"@id\":\"https:\/\/cce.it\/\",\"url\":\"https:\/\/cce.it\/\",\"name\":\"Home\"}},{\"@type\":\"ListItem\",\"position\":2,\"item\":{\"@type\":\"WebPage\",\"@id\":\"https:\/\/cce.it\/es\/division-juntas-automaticas\/\",\"url\":\"https:\/\/cce.it\/es\/division-juntas-automaticas\/\",\"name\":\"Divisi\\u00f2n Juntas Autom\\u00e0ticas\"}},{\"@type\":\"ListItem\",\"position\":3,\"item\":{\"@type\":\"WebPage\",\"@id\":\"https:\/\/cce.it\/es\/division-juntas-automaticas\/accesorios-y-promo\/\",\"url\":\"https:\/\/cce.it\/es\/division-juntas-automaticas\/accesorios-y-promo\/\",\"name\":\"Accesorios y Promo\"}},{\"@type\":\"ListItem\",\"position\":4,\"item\":{\"@type\":\"WebPage\",\"@id\":\"https:\/\/cce.it\/es\/division-juntas-automaticas\/accesorios-y-promo\/digimini\/\",\"url\":\"https:\/\/cce.it\/es\/division-juntas-automaticas\/accesorios-y-promo\/digimini\/\",\"name\":\"Digimini\"}}]}]}<\/script>\n<!-- \/ Yoast SEO plugin. -->","_links":{"self":[{"href":"https:\/\/cce.it\/es\/wp-json\/wp\/v2\/pages\/4072"}],"collection":[{"href":"https:\/\/cce.it\/es\/wp-json\/wp\/v2\/pages"}],"about":[{"href":"https:\/\/cce.it\/es\/wp-json\/wp\/v2\/types\/page"}],"author":[{"embeddable":true,"href":"https:\/\/cce.it\/es\/wp-json\/wp\/v2\/users\/12"}],"replies":[{"embeddable":true,"href":"https:\/\/cce.it\/es\/wp-json\/wp\/v2\/comments?post=4072"}],"version-history":[{"count":9,"href":"https:\/\/cce.it\/es\/wp-json\/wp\/v2\/pages\/4072\/revisions"}],"predecessor-version":[{"id":16298,"href":"https:\/\/cce.it\/es\/wp-json\/wp\/v2\/pages\/4072\/revisions\/16298"}],"up":[{"embeddable":true,"href":"https:\/\/cce.it\/es\/wp-json\/wp\/v2\/pages\/3947"}],"wp:featuredmedia":[{"embeddable":true,"href":"https:\/\/cce.it\/es\/wp-json\/wp\/v2\/media\/9195"}],"wp:attachment":[{"href":"https:\/\/cce.it\/es\/wp-json\/wp\/v2\/media?parent=4072"}],"curies":[{"name":"wp","href":"https:\/\/api.w.org\/{rel}","templated":true}]}}