{"id":4051,"date":"2015-04-17T11:38:29","date_gmt":"2015-04-17T09:38:29","guid":{"rendered":"https:\/\/cce.it\/\/division-juntas-automaticas\/accessori\/digisafe-180\/"},"modified":"2018-11-27T11:21:45","modified_gmt":"2018-11-27T10:21:45","slug":"digisafe-180","status":"publish","type":"page","link":"https:\/\/cce.it\/es\/division-juntas-automaticas\/categorias\/accesorios-y-promo\/digisafe-180\/","title":{"rendered":"Digisafe 180"},"content":{"rendered":"<h5><span>INFORMACI\u00d3N<\/span><\/h5>\n<hr \/>\n<p>DIGISAFE180 es un dispositivo de protecci\u00f3n contra el riesgo de aplastamiento de los dedos que se aplica en el lado de la bisagra de las puertas de hoja batiente de cualquier tipo. Todos los a\u00f1os hay cientos de accidentes causados por el aplastamiento de los dedos que tambi&eacute;n pueden afectar a ni\u00f1os o ancianos tanto en sitios p\u00fablicos como en casa, DIGISAFE180 es el producto ideal para la seguridad de todos los espacios, tanto dom&eacute;sticos como p\u00fablicos (hoteles, hospitales, oficinas p\u00fablicas y escuelas). El sistema DIGISAFE180 est\u00e1 formado por dos perfiles de aluminio ensamblados con bisagras entre ellos que permiten a la puerta una apertura hasta 180\u00b0 (DGSMAX180) y la cobertura total desde el punto de vista de cizallado entre la puerta y el marco.<\/p>\n","protected":false},"excerpt":{"rendered":"<p>INFORMACI\u00d3N DIGISAFE180 es un dispositivo de protecci\u00f3n contra el riesgo de aplastamiento de los dedos que se aplica en el lado de la bisagra de las puertas de hoja batiente de cualquier tipo. Todos los a\u00f1os hay cientos de accidentes causados por el aplastamiento de los dedos que tambi&eacute;n pueden afectar a ni\u00f1os o ancianos &hellip; <a href=\"https:\/\/cce.it\/es\/division-juntas-automaticas\/categorias\/accesorios-y-promo\/digisafe-180\/\">Continua<\/a><\/p>\n","protected":false},"author":12,"featured_media":9183,"parent":3947,"menu_order":463,"comment_status":"closed","ping_status":"open","template":"template-antis-product.php","meta":[],"acf":[],"yoast_head":"<!-- This site is optimized with the Yoast SEO plugin v15.0 - https:\/\/yoast.com\/wordpress\/plugins\/seo\/ -->\n<title>Digisafe 180 - CCE<\/title>\n<meta name=\"robots\" content=\"index, follow, max-snippet:-1, max-image-preview:large, max-video-preview:-1\" \/>\n<link rel=\"canonical\" href=\"https:\/\/cce.it\/es\/division-juntas-automaticas\/accesorios-y-promo\/digisafe-180\/\" \/>\n<meta property=\"og:locale\" content=\"it_IT\" \/>\n<meta property=\"og:type\" content=\"article\" \/>\n<meta property=\"og:title\" content=\"Digisafe 180 - CCE\" \/>\n<meta property=\"og:description\" content=\"INFORMACI\u00d3N DIGISAFE180 es un dispositivo de protecci\u00f3n contra el riesgo de aplastamiento de los dedos que se aplica en el lado de la bisagra de las puertas de hoja batiente de cualquier tipo. Todos los a\u00f1os hay cientos de accidentes causados por el aplastamiento de los dedos que tambi&eacute;n pueden afectar a ni\u00f1os o ancianos &hellip; Continua\" \/>\n<meta property=\"og:url\" content=\"https:\/\/cce.it\/es\/division-juntas-automaticas\/accesorios-y-promo\/digisafe-180\/\" \/>\n<meta property=\"og:site_name\" content=\"CCE\" \/>\n<meta property=\"article:modified_time\" content=\"2018-11-27T10:21:45+00:00\" \/>\n<meta property=\"og:image\" content=\"https:\/\/cce.it\/wp-content\/uploads\/digisafe180-prodotto_rev2.jpg\" \/>\n\t<meta property=\"og:image:width\" content=\"1920\" \/>\n\t<meta property=\"og:image:height\" content=\"726\" \/>\n<script type=\"application\/ld+json\" class=\"yoast-schema-graph\">{\"@context\":\"https:\/\/schema.org\",\"@graph\":[{\"@type\":\"WebSite\",\"@id\":\"https:\/\/cce.it\/es\/#website\",\"url\":\"https:\/\/cce.it\/es\/\",\"name\":\"CCE\",\"description\":\"\",\"potentialAction\":[{\"@type\":\"SearchAction\",\"target\":\"https:\/\/cce.it\/es\/?s={search_term_string}\",\"query-input\":\"required name=search_term_string\"}],\"inLanguage\":\"it-IT\"},{\"@type\":\"ImageObject\",\"@id\":\"https:\/\/cce.it\/es\/division-juntas-automaticas\/accesorios-y-promo\/digisafe-180\/#primaryimage\",\"inLanguage\":\"it-IT\",\"url\":\"https:\/\/cce.it\/wp-content\/uploads\/digisafe180-prodotto_rev2.jpg\",\"width\":1920,\"height\":726},{\"@type\":\"WebPage\",\"@id\":\"https:\/\/cce.it\/es\/division-juntas-automaticas\/accesorios-y-promo\/digisafe-180\/#webpage\",\"url\":\"https:\/\/cce.it\/es\/division-juntas-automaticas\/accesorios-y-promo\/digisafe-180\/\",\"name\":\"Digisafe 180 - CCE\",\"isPartOf\":{\"@id\":\"https:\/\/cce.it\/es\/#website\"},\"primaryImageOfPage\":{\"@id\":\"https:\/\/cce.it\/es\/division-juntas-automaticas\/accesorios-y-promo\/digisafe-180\/#primaryimage\"},\"datePublished\":\"2015-04-17T09:38:29+00:00\",\"dateModified\":\"2018-11-27T10:21:45+00:00\",\"breadcrumb\":{\"@id\":\"https:\/\/cce.it\/es\/division-juntas-automaticas\/accesorios-y-promo\/digisafe-180\/#breadcrumb\"},\"inLanguage\":\"it-IT\",\"potentialAction\":[{\"@type\":\"ReadAction\",\"target\":[\"https:\/\/cce.it\/es\/division-juntas-automaticas\/accesorios-y-promo\/digisafe-180\/\"]}]},{\"@type\":\"BreadcrumbList\",\"@id\":\"https:\/\/cce.it\/es\/division-juntas-automaticas\/accesorios-y-promo\/digisafe-180\/#breadcrumb\",\"itemListElement\":[{\"@type\":\"ListItem\",\"position\":1,\"item\":{\"@type\":\"WebPage\",\"@id\":\"https:\/\/cce.it\/\",\"url\":\"https:\/\/cce.it\/\",\"name\":\"Home\"}},{\"@type\":\"ListItem\",\"position\":2,\"item\":{\"@type\":\"WebPage\",\"@id\":\"https:\/\/cce.it\/es\/division-juntas-automaticas\/\",\"url\":\"https:\/\/cce.it\/es\/division-juntas-automaticas\/\",\"name\":\"Divisi\\u00f2n Juntas Autom\\u00e0ticas\"}},{\"@type\":\"ListItem\",\"position\":3,\"item\":{\"@type\":\"WebPage\",\"@id\":\"https:\/\/cce.it\/es\/division-juntas-automaticas\/accesorios-y-promo\/\",\"url\":\"https:\/\/cce.it\/es\/division-juntas-automaticas\/accesorios-y-promo\/\",\"name\":\"Accesorios y Promo\"}},{\"@type\":\"ListItem\",\"position\":4,\"item\":{\"@type\":\"WebPage\",\"@id\":\"https:\/\/cce.it\/es\/division-juntas-automaticas\/accesorios-y-promo\/digisafe-180\/\",\"url\":\"https:\/\/cce.it\/es\/division-juntas-automaticas\/accesorios-y-promo\/digisafe-180\/\",\"name\":\"Digisafe 180\"}}]}]}<\/script>\n<!-- \/ Yoast SEO plugin. -->","_links":{"self":[{"href":"https:\/\/cce.it\/es\/wp-json\/wp\/v2\/pages\/4051"}],"collection":[{"href":"https:\/\/cce.it\/es\/wp-json\/wp\/v2\/pages"}],"about":[{"href":"https:\/\/cce.it\/es\/wp-json\/wp\/v2\/types\/page"}],"author":[{"embeddable":true,"href":"https:\/\/cce.it\/es\/wp-json\/wp\/v2\/users\/12"}],"replies":[{"embeddable":true,"href":"https:\/\/cce.it\/es\/wp-json\/wp\/v2\/comments?post=4051"}],"version-history":[{"count":10,"href":"https:\/\/cce.it\/es\/wp-json\/wp\/v2\/pages\/4051\/revisions"}],"predecessor-version":[{"id":19009,"href":"https:\/\/cce.it\/es\/wp-json\/wp\/v2\/pages\/4051\/revisions\/19009"}],"up":[{"embeddable":true,"href":"https:\/\/cce.it\/es\/wp-json\/wp\/v2\/pages\/3947"}],"wp:featuredmedia":[{"embeddable":true,"href":"https:\/\/cce.it\/es\/wp-json\/wp\/v2\/media\/9183"}],"wp:attachment":[{"href":"https:\/\/cce.it\/es\/wp-json\/wp\/v2\/media?parent=4051"}],"curies":[{"name":"wp","href":"https:\/\/api.w.org\/{rel}","templated":true}]}}