{"id":3971,"date":"2015-04-16T16:35:27","date_gmt":"2015-04-16T14:35:27","guid":{"rendered":"https:\/\/cce.it\/\/division-juntas-automaticas\/accessori\/kit-doppio-pulsante\/"},"modified":"2018-06-26T08:47:55","modified_gmt":"2018-06-26T06:47:55","slug":"kit-doppio-pulsante","status":"publish","type":"page","link":"https:\/\/cce.it\/es\/division-juntas-automaticas\/categorias\/accesorios-y-promo\/kit-doppio-pulsante\/","title":{"rendered":"Kit Doppio Pulsante"},"content":{"rendered":"<h5><span>INFORMACI\u00d3N<\/span><\/h5>\n<hr \/>\n<p>El KIT DOPPIO PULSANTE (KIT DE DOBLE PULSADOR) es un nuevo accesorio que permite que se cierre en suelo la guarnici\u00f3n autom\u00e1tica en el lado del tirador solo cuando la puerta est\u00e1 completamente cerrada. La guarnici\u00f3n baja con el caracter\u00edstico movimiento basculante gracias a la presi\u00f3n de pulsador de empuje en el lado de bisagra y cierra completamente en el suelo cuando se aprieta el segundo pulsador. De esta manera se puede obtener el m\u00e1ximo de la estanqueidad retrasando al m\u00e1ximo la bajada de la guarnici\u00f3n y manteniendo la presi\u00f3n homog&eacute;nea en toda la longitud. El KIT DOPPIO PULSANTE se puede reducir 55 mm, simplemente cortando la varilla graduada con la misma medida con que se ha cortado la guarnici\u00f3n autom\u00e1tica de debajo de puerta.<\/p>\n","protected":false},"excerpt":{"rendered":"<p>INFORMACI\u00d3N El KIT DOPPIO PULSANTE (KIT DE DOBLE PULSADOR) es un nuevo accesorio que permite que se cierre en suelo la guarnici\u00f3n autom\u00e1tica en el lado del tirador solo cuando la puerta est\u00e1 completamente cerrada. La guarnici\u00f3n baja con el caracter\u00edstico movimiento basculante gracias a la presi\u00f3n de pulsador de empuje en el lado de &hellip; <a href=\"https:\/\/cce.it\/es\/division-juntas-automaticas\/categorias\/accesorios-y-promo\/kit-doppio-pulsante\/\">Continua<\/a><\/p>\n","protected":false},"author":12,"featured_media":9141,"parent":3947,"menu_order":742,"comment_status":"closed","ping_status":"open","template":"template-antis-product.php","meta":[],"acf":[],"yoast_head":"<!-- This site is optimized with the Yoast SEO plugin v15.0 - https:\/\/yoast.com\/wordpress\/plugins\/seo\/ -->\n<title>Kit Doppio Pulsante - CCE<\/title>\n<meta name=\"robots\" content=\"index, follow, max-snippet:-1, max-image-preview:large, max-video-preview:-1\" \/>\n<link rel=\"canonical\" href=\"https:\/\/cce.it\/es\/division-juntas-automaticas\/accesorios-y-promo\/kit-doppio-pulsante\/\" \/>\n<meta property=\"og:locale\" content=\"it_IT\" \/>\n<meta property=\"og:type\" content=\"article\" \/>\n<meta property=\"og:title\" content=\"Kit Doppio Pulsante - CCE\" \/>\n<meta property=\"og:description\" content=\"INFORMACI\u00d3N El KIT DOPPIO PULSANTE (KIT DE DOBLE PULSADOR) es un nuevo accesorio que permite que se cierre en suelo la guarnici\u00f3n autom\u00e1tica en el lado del tirador solo cuando la puerta est\u00e1 completamente cerrada. La guarnici\u00f3n baja con el caracter\u00edstico movimiento basculante gracias a la presi\u00f3n de pulsador de empuje en el lado de &hellip; Continua\" \/>\n<meta property=\"og:url\" content=\"https:\/\/cce.it\/es\/division-juntas-automaticas\/accesorios-y-promo\/kit-doppio-pulsante\/\" \/>\n<meta property=\"og:site_name\" content=\"CCE\" \/>\n<meta property=\"article:modified_time\" content=\"2018-06-26T06:47:55+00:00\" \/>\n<meta property=\"og:image\" content=\"https:\/\/cce.it\/wp-content\/uploads\/ackitdp-prodotto_rev2.jpg\" \/>\n\t<meta property=\"og:image:width\" content=\"1920\" \/>\n\t<meta property=\"og:image:height\" content=\"726\" \/>\n<script type=\"application\/ld+json\" class=\"yoast-schema-graph\">{\"@context\":\"https:\/\/schema.org\",\"@graph\":[{\"@type\":\"WebSite\",\"@id\":\"https:\/\/cce.it\/es\/#website\",\"url\":\"https:\/\/cce.it\/es\/\",\"name\":\"CCE\",\"description\":\"\",\"potentialAction\":[{\"@type\":\"SearchAction\",\"target\":\"https:\/\/cce.it\/es\/?s={search_term_string}\",\"query-input\":\"required name=search_term_string\"}],\"inLanguage\":\"it-IT\"},{\"@type\":\"ImageObject\",\"@id\":\"https:\/\/cce.it\/es\/division-juntas-automaticas\/accesorios-y-promo\/kit-doppio-pulsante\/#primaryimage\",\"inLanguage\":\"it-IT\",\"url\":\"https:\/\/cce.it\/wp-content\/uploads\/ackitdp-prodotto_rev2.jpg\",\"width\":1920,\"height\":726},{\"@type\":\"WebPage\",\"@id\":\"https:\/\/cce.it\/es\/division-juntas-automaticas\/accesorios-y-promo\/kit-doppio-pulsante\/#webpage\",\"url\":\"https:\/\/cce.it\/es\/division-juntas-automaticas\/accesorios-y-promo\/kit-doppio-pulsante\/\",\"name\":\"Kit Doppio Pulsante - CCE\",\"isPartOf\":{\"@id\":\"https:\/\/cce.it\/es\/#website\"},\"primaryImageOfPage\":{\"@id\":\"https:\/\/cce.it\/es\/division-juntas-automaticas\/accesorios-y-promo\/kit-doppio-pulsante\/#primaryimage\"},\"datePublished\":\"2015-04-16T14:35:27+00:00\",\"dateModified\":\"2018-06-26T06:47:55+00:00\",\"breadcrumb\":{\"@id\":\"https:\/\/cce.it\/es\/division-juntas-automaticas\/accesorios-y-promo\/kit-doppio-pulsante\/#breadcrumb\"},\"inLanguage\":\"it-IT\",\"potentialAction\":[{\"@type\":\"ReadAction\",\"target\":[\"https:\/\/cce.it\/es\/division-juntas-automaticas\/accesorios-y-promo\/kit-doppio-pulsante\/\"]}]},{\"@type\":\"BreadcrumbList\",\"@id\":\"https:\/\/cce.it\/es\/division-juntas-automaticas\/accesorios-y-promo\/kit-doppio-pulsante\/#breadcrumb\",\"itemListElement\":[{\"@type\":\"ListItem\",\"position\":1,\"item\":{\"@type\":\"WebPage\",\"@id\":\"https:\/\/cce.it\/\",\"url\":\"https:\/\/cce.it\/\",\"name\":\"Home\"}},{\"@type\":\"ListItem\",\"position\":2,\"item\":{\"@type\":\"WebPage\",\"@id\":\"https:\/\/cce.it\/es\/division-juntas-automaticas\/\",\"url\":\"https:\/\/cce.it\/es\/division-juntas-automaticas\/\",\"name\":\"Divisi\\u00f2n Juntas Autom\\u00e0ticas\"}},{\"@type\":\"ListItem\",\"position\":3,\"item\":{\"@type\":\"WebPage\",\"@id\":\"https:\/\/cce.it\/es\/division-juntas-automaticas\/accesorios-y-promo\/\",\"url\":\"https:\/\/cce.it\/es\/division-juntas-automaticas\/accesorios-y-promo\/\",\"name\":\"Accesorios y Promo\"}},{\"@type\":\"ListItem\",\"position\":4,\"item\":{\"@type\":\"WebPage\",\"@id\":\"https:\/\/cce.it\/es\/division-juntas-automaticas\/accesorios-y-promo\/kit-doppio-pulsante\/\",\"url\":\"https:\/\/cce.it\/es\/division-juntas-automaticas\/accesorios-y-promo\/kit-doppio-pulsante\/\",\"name\":\"Kit Doppio Pulsante\"}}]}]}<\/script>\n<!-- \/ Yoast SEO plugin. -->","_links":{"self":[{"href":"https:\/\/cce.it\/es\/wp-json\/wp\/v2\/pages\/3971"}],"collection":[{"href":"https:\/\/cce.it\/es\/wp-json\/wp\/v2\/pages"}],"about":[{"href":"https:\/\/cce.it\/es\/wp-json\/wp\/v2\/types\/page"}],"author":[{"embeddable":true,"href":"https:\/\/cce.it\/es\/wp-json\/wp\/v2\/users\/12"}],"replies":[{"embeddable":true,"href":"https:\/\/cce.it\/es\/wp-json\/wp\/v2\/comments?post=3971"}],"version-history":[{"count":11,"href":"https:\/\/cce.it\/es\/wp-json\/wp\/v2\/pages\/3971\/revisions"}],"predecessor-version":[{"id":17737,"href":"https:\/\/cce.it\/es\/wp-json\/wp\/v2\/pages\/3971\/revisions\/17737"}],"up":[{"embeddable":true,"href":"https:\/\/cce.it\/es\/wp-json\/wp\/v2\/pages\/3947"}],"wp:featuredmedia":[{"embeddable":true,"href":"https:\/\/cce.it\/es\/wp-json\/wp\/v2\/media\/9141"}],"wp:attachment":[{"href":"https:\/\/cce.it\/es\/wp-json\/wp\/v2\/media?parent=3971"}],"curies":[{"name":"wp","href":"https:\/\/api.w.org\/{rel}","templated":true}]}}