{"id":39,"date":"2015-02-17T11:16:41","date_gmt":"2015-02-17T10:16:41","guid":{"rendered":"https:\/\/cce.it\/\/home-2\/"},"modified":"2018-05-29T10:57:26","modified_gmt":"2018-05-29T08:57:26","slug":"home","status":"publish","type":"page","link":"https:\/\/cce.it\/es\/","title":{"rendered":"Home"},"content":{"rendered":"<h1>La protecci\u00f3n es nuestra especialidad<\/h1>\n<p>Tanto si se trata de proteger los locales de un edificio contra las molestas corrientes de aire, la intemperie o el ruido del exterior, como si se desea proteger a las personas y las cosas contra posibles accidentes con las aperturas autom\u00e1ticas, desde hace treinta a\u00f1os C.C.E. se especializa en la fabricaci\u00f3n de productos que resuelven con eficacia todos estos problemas.<\/p>\n<p>Las juntas autom\u00e1ticas debajo de la puerta que realizamos son capaces de reducir el ruido en 55dB y nuestros sistemas de estanqueidad han superado los ensayos m\u00e1s rigurosos de adecuaci\u00f3n a la normativa sobre estanqueidad al aire\/agua\/viento.<\/p>\n<p>Nuestros bordes sensibles para puertas y portones de todo tipo est\u00e1n disponibles en una amplia gama que responde a todas las exigencias de seguridad.<\/p>\n<p>&nbsp;<\/p>\n","protected":false},"excerpt":{"rendered":"<p>La protecci\u00f3n es nuestra especialidad Tanto si se trata de proteger los locales de un edificio contra las molestas corrientes de aire, la intemperie o el ruido del exterior, como si se desea proteger a las personas y las cosas contra posibles accidentes con las aperturas autom\u00e1ticas, desde hace treinta a\u00f1os C.C.E. se especializa en &hellip; <a href=\"https:\/\/cce.it\/es\/\">Continued<\/a><\/p>\n","protected":false},"author":2,"featured_media":306,"parent":0,"menu_order":905,"comment_status":"open","ping_status":"open","template":"","meta":[],"acf":[],"yoast_head":"<!-- This site is optimized with the Yoast SEO plugin v15.0 - https:\/\/yoast.com\/wordpress\/plugins\/seo\/ -->\n<title>Home - CCE<\/title>\n<meta name=\"robots\" content=\"index, follow, max-snippet:-1, max-image-preview:large, max-video-preview:-1\" \/>\n<link rel=\"canonical\" href=\"https:\/\/cce.it\/es\/home\/\" \/>\n<meta property=\"og:locale\" content=\"es_ES\" \/>\n<meta property=\"og:type\" content=\"article\" \/>\n<meta property=\"og:title\" content=\"Home - CCE\" \/>\n<meta property=\"og:description\" content=\"La protecci\u00f3n es nuestra especialidad Tanto si se trata de proteger los locales de un edificio contra las molestas corrientes de aire, la intemperie o el ruido del exterior, como si se desea proteger a las personas y las cosas contra posibles accidentes con las aperturas autom\u00e1ticas, desde hace treinta a\u00f1os C.C.E. se especializa en &hellip; Continued\" \/>\n<meta property=\"og:url\" content=\"https:\/\/cce.it\/es\/home\/\" \/>\n<meta property=\"og:site_name\" content=\"CCE\" \/>\n<meta property=\"article:modified_time\" content=\"2018-05-29T08:57:26+00:00\" \/>\n<meta property=\"og:image\" content=\"https:\/\/cce.it\/wp-content\/uploads\/capannone.jpg\" \/>\n\t<meta property=\"og:image:width\" content=\"859\" \/>\n\t<meta property=\"og:image:height\" content=\"612\" \/>\n<script type=\"application\/ld+json\" class=\"yoast-schema-graph\">{\"@context\":\"https:\/\/schema.org\",\"@graph\":[{\"@type\":\"WebSite\",\"@id\":\"https:\/\/cce.it\/es\/#website\",\"url\":\"https:\/\/cce.it\/es\/\",\"name\":\"CCE\",\"description\":\"\",\"potentialAction\":[{\"@type\":\"SearchAction\",\"target\":\"https:\/\/cce.it\/es\/?s={search_term_string}\",\"query-input\":\"required name=search_term_string\"}],\"inLanguage\":\"es\"},{\"@type\":\"ImageObject\",\"@id\":\"https:\/\/cce.it\/es\/home\/#primaryimage\",\"inLanguage\":\"es\",\"url\":\"https:\/\/cce.it\/wp-content\/uploads\/capannone.jpg\",\"width\":859,\"height\":612},{\"@type\":\"WebPage\",\"@id\":\"https:\/\/cce.it\/es\/home\/#webpage\",\"url\":\"https:\/\/cce.it\/es\/home\/\",\"name\":\"Home - CCE\",\"isPartOf\":{\"@id\":\"https:\/\/cce.it\/es\/#website\"},\"primaryImageOfPage\":{\"@id\":\"https:\/\/cce.it\/es\/home\/#primaryimage\"},\"datePublished\":\"2015-02-17T10:16:41+00:00\",\"dateModified\":\"2018-05-29T08:57:26+00:00\",\"breadcrumb\":{\"@id\":\"https:\/\/cce.it\/es\/home\/#breadcrumb\"},\"inLanguage\":\"es\",\"potentialAction\":[{\"@type\":\"ReadAction\",\"target\":[\"https:\/\/cce.it\/es\/home\/\"]}]},{\"@type\":\"BreadcrumbList\",\"@id\":\"https:\/\/cce.it\/es\/home\/#breadcrumb\",\"itemListElement\":[{\"@type\":\"ListItem\",\"position\":1,\"item\":{\"@type\":\"WebPage\",\"@id\":\"https:\/\/cce.it\/es\/home\/\",\"url\":\"https:\/\/cce.it\/es\/home\/\",\"name\":\"Home\"}},{\"@type\":\"ListItem\",\"position\":2,\"item\":{\"@type\":\"WebPage\",\"@id\":\"https:\/\/cce.it\/es\/home\/\",\"url\":\"https:\/\/cce.it\/es\/home\/\",\"name\":\"Home\"}}]}]}<\/script>\n<!-- \/ Yoast SEO plugin. -->","_links":{"self":[{"href":"https:\/\/cce.it\/es\/wp-json\/wp\/v2\/pages\/39"}],"collection":[{"href":"https:\/\/cce.it\/es\/wp-json\/wp\/v2\/pages"}],"about":[{"href":"https:\/\/cce.it\/es\/wp-json\/wp\/v2\/types\/page"}],"author":[{"embeddable":true,"href":"https:\/\/cce.it\/es\/wp-json\/wp\/v2\/users\/2"}],"replies":[{"embeddable":true,"href":"https:\/\/cce.it\/es\/wp-json\/wp\/v2\/comments?post=39"}],"version-history":[{"count":5,"href":"https:\/\/cce.it\/es\/wp-json\/wp\/v2\/pages\/39\/revisions"}],"predecessor-version":[{"id":16938,"href":"https:\/\/cce.it\/es\/wp-json\/wp\/v2\/pages\/39\/revisions\/16938"}],"wp:featuredmedia":[{"embeddable":true,"href":"https:\/\/cce.it\/es\/wp-json\/wp\/v2\/media\/306"}],"wp:attachment":[{"href":"https:\/\/cce.it\/es\/wp-json\/wp\/v2\/media?parent=39"}],"curies":[{"name":"wp","href":"https:\/\/api.w.org\/{rel}","templated":true}]}}