{"id":3869,"date":"2015-04-09T18:28:08","date_gmt":"2015-04-09T16:28:08","guid":{"rendered":"https:\/\/cce.it\/\/division-juntas-automaticas\/prodotti\/comfort-fire\/"},"modified":"2022-02-08T15:22:21","modified_gmt":"2022-02-08T14:22:21","slug":"comfort-fire","status":"publish","type":"page","link":"https:\/\/cce.it\/es\/division-juntas-automaticas\/categorias\/comfort-fire\/","title":{"rendered":"Comfort Fire"},"content":{"rendered":"<p>Gama de juntas autom\u00e1ticas debajo de la puerta, las mejores en su categor\u00eda. Estas juntas pertenecen a la familia Comfort, pero han sido estudiadas espec\u00edficamente para garantizar la resistencia al fuego. El estudio de los materiales nos ha llevado a superar con \u00e9xito el ensayo de resistencia al fuego<br \/>\ndurante 60 o 120 minutos en conformidad con las normas m\u00e1s recientes (BS EN 1634-1-:2000).<\/p>\n","protected":false},"excerpt":{"rendered":"<p>Gama de juntas autom\u00e1ticas debajo de la puerta, las mejores en su categor\u00eda. Estas juntas pertenecen a la familia Comfort, pero han sido estudiadas espec\u00edficamente para garantizar la resistencia al fuego. El estudio de los materiales nos ha llevado a superar con \u00e9xito el ensayo de resistencia al fuego durante 60 o 120 minutos en &hellip; <a href=\"https:\/\/cce.it\/es\/division-juntas-automaticas\/categorias\/comfort-fire\/\">Continua<\/a><\/p>\n","protected":false},"author":12,"featured_media":595,"parent":3691,"menu_order":73,"comment_status":"closed","ping_status":"closed","template":"template-antis-family.php","meta":[],"acf":[],"yoast_head":"<!-- This site is optimized with the Yoast SEO plugin v15.0 - https:\/\/yoast.com\/wordpress\/plugins\/seo\/ -->\n<title>Comfort Fire - CCE<\/title>\n<meta name=\"robots\" content=\"index, follow, max-snippet:-1, max-image-preview:large, max-video-preview:-1\" \/>\n<link rel=\"canonical\" href=\"https:\/\/cce.it\/es\/division-juntas-automaticas\/categorias\/comfort-fire\/\" \/>\n<meta property=\"og:locale\" content=\"it_IT\" \/>\n<meta property=\"og:type\" content=\"article\" \/>\n<meta property=\"og:title\" content=\"Comfort Fire - CCE\" \/>\n<meta property=\"og:description\" content=\"Gama de juntas autom\u00e1ticas debajo de la puerta, las mejores en su categor\u00eda. Estas juntas pertenecen a la familia Comfort, pero han sido estudiadas espec\u00edficamente para garantizar la resistencia al fuego. El estudio de los materiales nos ha llevado a superar con \u00e9xito el ensayo de resistencia al fuego durante 60 o 120 minutos en &hellip; Continua\" \/>\n<meta property=\"og:url\" content=\"https:\/\/cce.it\/es\/division-juntas-automaticas\/categorias\/comfort-fire\/\" \/>\n<meta property=\"og:site_name\" content=\"CCE\" \/>\n<meta property=\"article:modified_time\" content=\"2022-02-08T14:22:21+00:00\" \/>\n<meta property=\"og:image\" content=\"https:\/\/cce.it\/wp-content\/uploads\/visual-comfort-fire.jpg\" \/>\n\t<meta property=\"og:image:width\" content=\"1769\" \/>\n\t<meta property=\"og:image:height\" content=\"947\" \/>\n<script type=\"application\/ld+json\" class=\"yoast-schema-graph\">{\"@context\":\"https:\/\/schema.org\",\"@graph\":[{\"@type\":\"WebSite\",\"@id\":\"https:\/\/cce.it\/es\/#website\",\"url\":\"https:\/\/cce.it\/es\/\",\"name\":\"CCE\",\"description\":\"\",\"potentialAction\":[{\"@type\":\"SearchAction\",\"target\":\"https:\/\/cce.it\/es\/?s={search_term_string}\",\"query-input\":\"required name=search_term_string\"}],\"inLanguage\":\"it-IT\"},{\"@type\":\"ImageObject\",\"@id\":\"https:\/\/cce.it\/es\/division-juntas-automaticas\/categorias\/comfort-fire\/#primaryimage\",\"inLanguage\":\"it-IT\",\"url\":\"https:\/\/cce.it\/wp-content\/uploads\/visual-comfort-fire.jpg\",\"width\":1769,\"height\":947},{\"@type\":\"WebPage\",\"@id\":\"https:\/\/cce.it\/es\/division-juntas-automaticas\/categorias\/comfort-fire\/#webpage\",\"url\":\"https:\/\/cce.it\/es\/division-juntas-automaticas\/categorias\/comfort-fire\/\",\"name\":\"Comfort Fire - CCE\",\"isPartOf\":{\"@id\":\"https:\/\/cce.it\/es\/#website\"},\"primaryImageOfPage\":{\"@id\":\"https:\/\/cce.it\/es\/division-juntas-automaticas\/categorias\/comfort-fire\/#primaryimage\"},\"datePublished\":\"2015-04-09T16:28:08+00:00\",\"dateModified\":\"2022-02-08T14:22:21+00:00\",\"breadcrumb\":{\"@id\":\"https:\/\/cce.it\/es\/division-juntas-automaticas\/categorias\/comfort-fire\/#breadcrumb\"},\"inLanguage\":\"it-IT\",\"potentialAction\":[{\"@type\":\"ReadAction\",\"target\":[\"https:\/\/cce.it\/es\/division-juntas-automaticas\/categorias\/comfort-fire\/\"]}]},{\"@type\":\"BreadcrumbList\",\"@id\":\"https:\/\/cce.it\/es\/division-juntas-automaticas\/categorias\/comfort-fire\/#breadcrumb\",\"itemListElement\":[{\"@type\":\"ListItem\",\"position\":1,\"item\":{\"@type\":\"WebPage\",\"@id\":\"https:\/\/cce.it\/\",\"url\":\"https:\/\/cce.it\/\",\"name\":\"Home\"}},{\"@type\":\"ListItem\",\"position\":2,\"item\":{\"@type\":\"WebPage\",\"@id\":\"https:\/\/cce.it\/es\/division-juntas-automaticas\/\",\"url\":\"https:\/\/cce.it\/es\/division-juntas-automaticas\/\",\"name\":\"Divisi\\u00f2n Juntas Autom\\u00e0ticas\"}},{\"@type\":\"ListItem\",\"position\":3,\"item\":{\"@type\":\"WebPage\",\"@id\":\"https:\/\/cce.it\/es\/division-juntas-automaticas\/categorias\/\",\"url\":\"https:\/\/cce.it\/es\/division-juntas-automaticas\/categorias\/\",\"name\":\"Categor\\u00edas\"}},{\"@type\":\"ListItem\",\"position\":4,\"item\":{\"@type\":\"WebPage\",\"@id\":\"https:\/\/cce.it\/es\/division-juntas-automaticas\/categorias\/comfort-fire\/\",\"url\":\"https:\/\/cce.it\/es\/division-juntas-automaticas\/categorias\/comfort-fire\/\",\"name\":\"Comfort Fire\"}}]}]}<\/script>\n<!-- \/ Yoast SEO plugin. -->","_links":{"self":[{"href":"https:\/\/cce.it\/es\/wp-json\/wp\/v2\/pages\/3869"}],"collection":[{"href":"https:\/\/cce.it\/es\/wp-json\/wp\/v2\/pages"}],"about":[{"href":"https:\/\/cce.it\/es\/wp-json\/wp\/v2\/types\/page"}],"author":[{"embeddable":true,"href":"https:\/\/cce.it\/es\/wp-json\/wp\/v2\/users\/12"}],"replies":[{"embeddable":true,"href":"https:\/\/cce.it\/es\/wp-json\/wp\/v2\/comments?post=3869"}],"version-history":[{"count":6,"href":"https:\/\/cce.it\/es\/wp-json\/wp\/v2\/pages\/3869\/revisions"}],"predecessor-version":[{"id":20903,"href":"https:\/\/cce.it\/es\/wp-json\/wp\/v2\/pages\/3869\/revisions\/20903"}],"up":[{"embeddable":true,"href":"https:\/\/cce.it\/es\/wp-json\/wp\/v2\/pages\/3691"}],"wp:featuredmedia":[{"embeddable":true,"href":"https:\/\/cce.it\/es\/wp-json\/wp\/v2\/media\/595"}],"wp:attachment":[{"href":"https:\/\/cce.it\/es\/wp-json\/wp\/v2\/media?parent=3869"}],"curies":[{"name":"wp","href":"https:\/\/api.w.org\/{rel}","templated":true}]}}