{"id":3865,"date":"2015-04-10T10:49:45","date_gmt":"2015-04-10T08:49:45","guid":{"rendered":"https:\/\/cce.it\/\/division-juntas-automaticas\/prodotti\/easy\/"},"modified":"2018-07-10T11:39:14","modified_gmt":"2018-07-10T09:39:14","slug":"easy","status":"publish","type":"page","link":"https:\/\/cce.it\/es\/division-juntas-automaticas\/categorias\/easy\/","title":{"rendered":"Easy"},"content":{"rendered":"<p>Gama de juntas autom\u00e1ticas debajo de la puerta, estudiadas espec\u00edficamente para responder a la solicitud, cada vez m\u00e1s frecuente, de productos de alta calidad junto a la necesidad de reducir los costes.<br \/>\nEstas juntas encuentran su aplicaci\u00f3n sobre todo en las puertas blindadas, de madera, de aluminio y de PVC.<\/p>\n","protected":false},"excerpt":{"rendered":"<p>Gama de juntas autom\u00e1ticas debajo de la puerta, estudiadas espec\u00edficamente para responder a la solicitud, cada vez m\u00e1s frecuente, de productos de alta calidad junto a la necesidad de reducir los costes. Estas juntas encuentran su aplicaci\u00f3n sobre todo en las puertas blindadas, de madera, de aluminio y de PVC.<\/p>\n","protected":false},"author":12,"featured_media":597,"parent":3691,"menu_order":79,"comment_status":"closed","ping_status":"closed","template":"template-antis-family.php","meta":[],"acf":[],"yoast_head":"<!-- This site is optimized with the Yoast SEO plugin v15.0 - https:\/\/yoast.com\/wordpress\/plugins\/seo\/ -->\n<title>Easy - CCE<\/title>\n<meta name=\"robots\" content=\"index, follow, max-snippet:-1, max-image-preview:large, max-video-preview:-1\" \/>\n<link rel=\"canonical\" href=\"https:\/\/cce.it\/es\/division-juntas-automaticas\/categorias\/easy\/\" \/>\n<meta property=\"og:locale\" content=\"it_IT\" \/>\n<meta property=\"og:type\" content=\"article\" \/>\n<meta property=\"og:title\" content=\"Easy - CCE\" \/>\n<meta property=\"og:description\" content=\"Gama de juntas autom\u00e1ticas debajo de la puerta, estudiadas espec\u00edficamente para responder a la solicitud, cada vez m\u00e1s frecuente, de productos de alta calidad junto a la necesidad de reducir los costes. Estas juntas encuentran su aplicaci\u00f3n sobre todo en las puertas blindadas, de madera, de aluminio y de PVC.\" \/>\n<meta property=\"og:url\" content=\"https:\/\/cce.it\/es\/division-juntas-automaticas\/categorias\/easy\/\" \/>\n<meta property=\"og:site_name\" content=\"CCE\" \/>\n<meta property=\"article:modified_time\" content=\"2018-07-10T09:39:14+00:00\" \/>\n<meta property=\"og:image\" content=\"https:\/\/cce.it\/wp-content\/uploads\/visual-easy.jpg\" \/>\n\t<meta property=\"og:image:width\" content=\"1769\" \/>\n\t<meta property=\"og:image:height\" content=\"947\" \/>\n<script type=\"application\/ld+json\" class=\"yoast-schema-graph\">{\"@context\":\"https:\/\/schema.org\",\"@graph\":[{\"@type\":\"WebSite\",\"@id\":\"https:\/\/cce.it\/es\/#website\",\"url\":\"https:\/\/cce.it\/es\/\",\"name\":\"CCE\",\"description\":\"\",\"potentialAction\":[{\"@type\":\"SearchAction\",\"target\":\"https:\/\/cce.it\/es\/?s={search_term_string}\",\"query-input\":\"required name=search_term_string\"}],\"inLanguage\":\"it-IT\"},{\"@type\":\"ImageObject\",\"@id\":\"https:\/\/cce.it\/es\/division-juntas-automaticas\/categorias\/easy\/#primaryimage\",\"inLanguage\":\"it-IT\",\"url\":\"https:\/\/cce.it\/wp-content\/uploads\/visual-easy.jpg\",\"width\":1769,\"height\":947},{\"@type\":\"WebPage\",\"@id\":\"https:\/\/cce.it\/es\/division-juntas-automaticas\/categorias\/easy\/#webpage\",\"url\":\"https:\/\/cce.it\/es\/division-juntas-automaticas\/categorias\/easy\/\",\"name\":\"Easy - CCE\",\"isPartOf\":{\"@id\":\"https:\/\/cce.it\/es\/#website\"},\"primaryImageOfPage\":{\"@id\":\"https:\/\/cce.it\/es\/division-juntas-automaticas\/categorias\/easy\/#primaryimage\"},\"datePublished\":\"2015-04-10T08:49:45+00:00\",\"dateModified\":\"2018-07-10T09:39:14+00:00\",\"breadcrumb\":{\"@id\":\"https:\/\/cce.it\/es\/division-juntas-automaticas\/categorias\/easy\/#breadcrumb\"},\"inLanguage\":\"it-IT\",\"potentialAction\":[{\"@type\":\"ReadAction\",\"target\":[\"https:\/\/cce.it\/es\/division-juntas-automaticas\/categorias\/easy\/\"]}]},{\"@type\":\"BreadcrumbList\",\"@id\":\"https:\/\/cce.it\/es\/division-juntas-automaticas\/categorias\/easy\/#breadcrumb\",\"itemListElement\":[{\"@type\":\"ListItem\",\"position\":1,\"item\":{\"@type\":\"WebPage\",\"@id\":\"https:\/\/cce.it\/\",\"url\":\"https:\/\/cce.it\/\",\"name\":\"Home\"}},{\"@type\":\"ListItem\",\"position\":2,\"item\":{\"@type\":\"WebPage\",\"@id\":\"https:\/\/cce.it\/es\/division-juntas-automaticas\/\",\"url\":\"https:\/\/cce.it\/es\/division-juntas-automaticas\/\",\"name\":\"Divisi\\u00f2n Juntas Autom\\u00e0ticas\"}},{\"@type\":\"ListItem\",\"position\":3,\"item\":{\"@type\":\"WebPage\",\"@id\":\"https:\/\/cce.it\/es\/division-juntas-automaticas\/categorias\/\",\"url\":\"https:\/\/cce.it\/es\/division-juntas-automaticas\/categorias\/\",\"name\":\"Categor\\u00edas\"}},{\"@type\":\"ListItem\",\"position\":4,\"item\":{\"@type\":\"WebPage\",\"@id\":\"https:\/\/cce.it\/es\/division-juntas-automaticas\/categorias\/easy\/\",\"url\":\"https:\/\/cce.it\/es\/division-juntas-automaticas\/categorias\/easy\/\",\"name\":\"Easy\"}}]}]}<\/script>\n<!-- \/ Yoast SEO plugin. -->","_links":{"self":[{"href":"https:\/\/cce.it\/es\/wp-json\/wp\/v2\/pages\/3865"}],"collection":[{"href":"https:\/\/cce.it\/es\/wp-json\/wp\/v2\/pages"}],"about":[{"href":"https:\/\/cce.it\/es\/wp-json\/wp\/v2\/types\/page"}],"author":[{"embeddable":true,"href":"https:\/\/cce.it\/es\/wp-json\/wp\/v2\/users\/12"}],"replies":[{"embeddable":true,"href":"https:\/\/cce.it\/es\/wp-json\/wp\/v2\/comments?post=3865"}],"version-history":[{"count":4,"href":"https:\/\/cce.it\/es\/wp-json\/wp\/v2\/pages\/3865\/revisions"}],"predecessor-version":[{"id":15769,"href":"https:\/\/cce.it\/es\/wp-json\/wp\/v2\/pages\/3865\/revisions\/15769"}],"up":[{"embeddable":true,"href":"https:\/\/cce.it\/es\/wp-json\/wp\/v2\/pages\/3691"}],"wp:featuredmedia":[{"embeddable":true,"href":"https:\/\/cce.it\/es\/wp-json\/wp\/v2\/media\/597"}],"wp:attachment":[{"href":"https:\/\/cce.it\/es\/wp-json\/wp\/v2\/media?parent=3865"}],"curies":[{"name":"wp","href":"https:\/\/api.w.org\/{rel}","templated":true}]}}