{"id":3763,"date":"2015-04-16T15:04:48","date_gmt":"2015-04-16T13:04:48","guid":{"rendered":"https:\/\/cce.it\/\/division-juntas-automaticas\/prodotti\/glass\/glass-brush\/"},"modified":"2018-11-27T10:05:37","modified_gmt":"2018-11-27T09:05:37","slug":"glass-brush","status":"publish","type":"page","link":"https:\/\/cce.it\/es\/division-juntas-automaticas\/categorias\/glass\/glass-brush\/","title":{"rendered":"Glass Brush"},"content":{"rendered":"<h5><span>INFORMACI\u00d3N<\/span><\/h5>\n<hr \/>\n<p>Modelo econ\u00f3mico, de aspecto sobrio y elegante. Se fija con un biadhesivo de gran estanqueidad y est\u00e1 dotado de un cepillo de polipropileno que se adapta al terreno gracias a un resorte autoajustable. Est\u00e1 disponible en varios acabados de anodizaci\u00f3n y puede acortarse si es necesario.<\/p>\n","protected":false},"excerpt":{"rendered":"<p>INFORMACI\u00d3N Modelo econ\u00f3mico, de aspecto sobrio y elegante. Se fija con un biadhesivo de gran estanqueidad y est\u00e1 dotado de un cepillo de polipropileno que se adapta al terreno gracias a un resorte autoajustable. Est\u00e1 disponible en varios acabados de anodizaci\u00f3n y puede acortarse si es necesario.<\/p>\n","protected":false},"author":12,"featured_media":9050,"parent":3749,"menu_order":635,"comment_status":"closed","ping_status":"open","template":"template-antis-product.php","meta":[],"acf":[],"yoast_head":"<!-- This site is optimized with the Yoast SEO plugin v15.0 - https:\/\/yoast.com\/wordpress\/plugins\/seo\/ -->\n<title>Glass Brush - CCE<\/title>\n<meta name=\"robots\" content=\"index, follow, max-snippet:-1, max-image-preview:large, max-video-preview:-1\" \/>\n<link rel=\"canonical\" href=\"https:\/\/cce.it\/es\/division-juntas-automaticas\/categorias\/glass\/glass-brush\/\" \/>\n<meta property=\"og:locale\" content=\"it_IT\" \/>\n<meta property=\"og:type\" content=\"article\" \/>\n<meta property=\"og:title\" content=\"Glass Brush - CCE\" \/>\n<meta property=\"og:description\" content=\"INFORMACI\u00d3N Modelo econ\u00f3mico, de aspecto sobrio y elegante. Se fija con un biadhesivo de gran estanqueidad y est\u00e1 dotado de un cepillo de polipropileno que se adapta al terreno gracias a un resorte autoajustable. Est\u00e1 disponible en varios acabados de anodizaci\u00f3n y puede acortarse si es necesario.\" \/>\n<meta property=\"og:url\" content=\"https:\/\/cce.it\/es\/division-juntas-automaticas\/categorias\/glass\/glass-brush\/\" \/>\n<meta property=\"og:site_name\" content=\"CCE\" \/>\n<meta property=\"article:modified_time\" content=\"2018-11-27T09:05:37+00:00\" \/>\n<meta property=\"og:image\" content=\"https:\/\/cce.it\/wp-content\/uploads\/asglabr-prodotto_rev2.jpg\" \/>\n\t<meta property=\"og:image:width\" content=\"1920\" \/>\n\t<meta property=\"og:image:height\" content=\"726\" \/>\n<script type=\"application\/ld+json\" class=\"yoast-schema-graph\">{\"@context\":\"https:\/\/schema.org\",\"@graph\":[{\"@type\":\"WebSite\",\"@id\":\"https:\/\/cce.it\/es\/#website\",\"url\":\"https:\/\/cce.it\/es\/\",\"name\":\"CCE\",\"description\":\"\",\"potentialAction\":[{\"@type\":\"SearchAction\",\"target\":\"https:\/\/cce.it\/es\/?s={search_term_string}\",\"query-input\":\"required name=search_term_string\"}],\"inLanguage\":\"it-IT\"},{\"@type\":\"ImageObject\",\"@id\":\"https:\/\/cce.it\/es\/division-juntas-automaticas\/categorias\/glass\/glass-brush\/#primaryimage\",\"inLanguage\":\"it-IT\",\"url\":\"https:\/\/cce.it\/wp-content\/uploads\/asglabr-prodotto_rev2.jpg\",\"width\":1920,\"height\":726},{\"@type\":\"WebPage\",\"@id\":\"https:\/\/cce.it\/es\/division-juntas-automaticas\/categorias\/glass\/glass-brush\/#webpage\",\"url\":\"https:\/\/cce.it\/es\/division-juntas-automaticas\/categorias\/glass\/glass-brush\/\",\"name\":\"Glass Brush - CCE\",\"isPartOf\":{\"@id\":\"https:\/\/cce.it\/es\/#website\"},\"primaryImageOfPage\":{\"@id\":\"https:\/\/cce.it\/es\/division-juntas-automaticas\/categorias\/glass\/glass-brush\/#primaryimage\"},\"datePublished\":\"2015-04-16T13:04:48+00:00\",\"dateModified\":\"2018-11-27T09:05:37+00:00\",\"breadcrumb\":{\"@id\":\"https:\/\/cce.it\/es\/division-juntas-automaticas\/categorias\/glass\/glass-brush\/#breadcrumb\"},\"inLanguage\":\"it-IT\",\"potentialAction\":[{\"@type\":\"ReadAction\",\"target\":[\"https:\/\/cce.it\/es\/division-juntas-automaticas\/categorias\/glass\/glass-brush\/\"]}]},{\"@type\":\"BreadcrumbList\",\"@id\":\"https:\/\/cce.it\/es\/division-juntas-automaticas\/categorias\/glass\/glass-brush\/#breadcrumb\",\"itemListElement\":[{\"@type\":\"ListItem\",\"position\":1,\"item\":{\"@type\":\"WebPage\",\"@id\":\"https:\/\/cce.it\/\",\"url\":\"https:\/\/cce.it\/\",\"name\":\"Home\"}},{\"@type\":\"ListItem\",\"position\":2,\"item\":{\"@type\":\"WebPage\",\"@id\":\"https:\/\/cce.it\/es\/division-juntas-automaticas\/\",\"url\":\"https:\/\/cce.it\/es\/division-juntas-automaticas\/\",\"name\":\"Divisi\\u00f2n Juntas Autom\\u00e0ticas\"}},{\"@type\":\"ListItem\",\"position\":3,\"item\":{\"@type\":\"WebPage\",\"@id\":\"https:\/\/cce.it\/es\/division-juntas-automaticas\/categorias\/\",\"url\":\"https:\/\/cce.it\/es\/division-juntas-automaticas\/categorias\/\",\"name\":\"Categor\\u00edas\"}},{\"@type\":\"ListItem\",\"position\":4,\"item\":{\"@type\":\"WebPage\",\"@id\":\"https:\/\/cce.it\/es\/division-juntas-automaticas\/categorias\/glass\/\",\"url\":\"https:\/\/cce.it\/es\/division-juntas-automaticas\/categorias\/glass\/\",\"name\":\"Glass\"}},{\"@type\":\"ListItem\",\"position\":5,\"item\":{\"@type\":\"WebPage\",\"@id\":\"https:\/\/cce.it\/es\/division-juntas-automaticas\/categorias\/glass\/glass-brush\/\",\"url\":\"https:\/\/cce.it\/es\/division-juntas-automaticas\/categorias\/glass\/glass-brush\/\",\"name\":\"Glass Brush\"}}]}]}<\/script>\n<!-- \/ Yoast SEO plugin. -->","_links":{"self":[{"href":"https:\/\/cce.it\/es\/wp-json\/wp\/v2\/pages\/3763"}],"collection":[{"href":"https:\/\/cce.it\/es\/wp-json\/wp\/v2\/pages"}],"about":[{"href":"https:\/\/cce.it\/es\/wp-json\/wp\/v2\/types\/page"}],"author":[{"embeddable":true,"href":"https:\/\/cce.it\/es\/wp-json\/wp\/v2\/users\/12"}],"replies":[{"embeddable":true,"href":"https:\/\/cce.it\/es\/wp-json\/wp\/v2\/comments?post=3763"}],"version-history":[{"count":9,"href":"https:\/\/cce.it\/es\/wp-json\/wp\/v2\/pages\/3763\/revisions"}],"predecessor-version":[{"id":18995,"href":"https:\/\/cce.it\/es\/wp-json\/wp\/v2\/pages\/3763\/revisions\/18995"}],"up":[{"embeddable":true,"href":"https:\/\/cce.it\/es\/wp-json\/wp\/v2\/pages\/3749"}],"wp:featuredmedia":[{"embeddable":true,"href":"https:\/\/cce.it\/es\/wp-json\/wp\/v2\/media\/9050"}],"wp:attachment":[{"href":"https:\/\/cce.it\/es\/wp-json\/wp\/v2\/media?parent=3763"}],"curies":[{"name":"wp","href":"https:\/\/api.w.org\/{rel}","templated":true}]}}