{"id":3691,"date":"2015-03-04T12:47:09","date_gmt":"2015-03-04T11:47:09","guid":{"rendered":"https:\/\/cce.it\/\/division-juntas-automaticas\/prodotti\/"},"modified":"2018-05-29T10:42:25","modified_gmt":"2018-05-29T08:42:25","slug":"categorias","status":"publish","type":"page","link":"https:\/\/cce.it\/es\/division-juntas-automaticas\/categorias\/","title":{"rendered":"Categor\u00edas"},"content":{"rendered":"<h2><strong>Para vivir mejor, dile adi\u00f3s al ruido<\/strong><\/h2>\n<p>C.C.E. somete sus juntas autom\u00e1ticas debajo de la puerta a pruebas continuas para comprobar su duraci\u00f3n, con ensayos de apertura\/cierre que alcanzan 500.000 ciclos.\u00a0 Los productos de la serie Comfort, estudiados espec\u00edficamente para proporcionar aislamiento ac\u00fastico, han sido certificados por el prestigioso organismo IFT (Instituto de tecnolog\u00eda de Ventanas y Puertas) de Rosenheim, en Alemania, y han alcanzado picos de reducci\u00f3n de hasta 55dB. La correcta instalaci\u00f3n de las juntas autom\u00e1ticas debajo de la puerta de C.C.E. en un cerramiento adecuado permite dejar todos los ruidos fuera de la puerta, mejorando la calidad de vida en el entorno dom&eacute;stico.<\/p>\n<p>&nbsp;<\/p>\n","protected":false},"excerpt":{"rendered":"<p>Para vivir mejor, dile adi\u00f3s al ruido C.C.E. somete sus juntas autom\u00e1ticas debajo de la puerta a pruebas continuas para comprobar su duraci\u00f3n, con ensayos de apertura\/cierre que alcanzan 500.000 ciclos.\u00a0 Los productos de la serie Comfort, estudiados espec\u00edficamente para proporcionar aislamiento ac\u00fastico, han sido certificados por el prestigioso organismo IFT (Instituto de tecnolog\u00eda de &hellip; <a href=\"https:\/\/cce.it\/es\/division-juntas-automaticas\/categorias\/\">Continua<\/a><\/p>\n","protected":false},"author":2,"featured_media":0,"parent":28,"menu_order":246,"comment_status":"closed","ping_status":"closed","template":"template-antis-families-list.php","meta":[],"acf":[],"yoast_head":"<!-- This site is optimized with the Yoast SEO plugin v15.0 - https:\/\/yoast.com\/wordpress\/plugins\/seo\/ -->\n<title>Categor\u00edas - CCE<\/title>\n<meta name=\"robots\" content=\"index, follow, max-snippet:-1, max-image-preview:large, max-video-preview:-1\" \/>\n<link rel=\"canonical\" href=\"https:\/\/cce.it\/es\/division-juntas-automaticas\/categorias\/\" \/>\n<meta property=\"og:locale\" content=\"it_IT\" \/>\n<meta property=\"og:type\" content=\"article\" \/>\n<meta property=\"og:title\" content=\"Categor\u00edas - CCE\" \/>\n<meta property=\"og:description\" content=\"Para vivir mejor, dile adi\u00f3s al ruido C.C.E. somete sus juntas autom\u00e1ticas debajo de la puerta a pruebas continuas para comprobar su duraci\u00f3n, con ensayos de apertura\/cierre que alcanzan 500.000 ciclos.\u00a0 Los productos de la serie Comfort, estudiados espec\u00edficamente para proporcionar aislamiento ac\u00fastico, han sido certificados por el prestigioso organismo IFT (Instituto de tecnolog\u00eda de &hellip; Continua\" \/>\n<meta property=\"og:url\" content=\"https:\/\/cce.it\/es\/division-juntas-automaticas\/categorias\/\" \/>\n<meta property=\"og:site_name\" content=\"CCE\" \/>\n<meta property=\"article:modified_time\" content=\"2018-05-29T08:42:25+00:00\" \/>\n<script type=\"application\/ld+json\" class=\"yoast-schema-graph\">{\"@context\":\"https:\/\/schema.org\",\"@graph\":[{\"@type\":\"WebSite\",\"@id\":\"https:\/\/cce.it\/es\/#website\",\"url\":\"https:\/\/cce.it\/es\/\",\"name\":\"CCE\",\"description\":\"\",\"potentialAction\":[{\"@type\":\"SearchAction\",\"target\":\"https:\/\/cce.it\/es\/?s={search_term_string}\",\"query-input\":\"required name=search_term_string\"}],\"inLanguage\":\"it-IT\"},{\"@type\":\"WebPage\",\"@id\":\"https:\/\/cce.it\/es\/division-juntas-automaticas\/categorias\/#webpage\",\"url\":\"https:\/\/cce.it\/es\/division-juntas-automaticas\/categorias\/\",\"name\":\"Categor\\u00edas - CCE\",\"isPartOf\":{\"@id\":\"https:\/\/cce.it\/es\/#website\"},\"datePublished\":\"2015-03-04T11:47:09+00:00\",\"dateModified\":\"2018-05-29T08:42:25+00:00\",\"breadcrumb\":{\"@id\":\"https:\/\/cce.it\/es\/division-juntas-automaticas\/categorias\/#breadcrumb\"},\"inLanguage\":\"it-IT\",\"potentialAction\":[{\"@type\":\"ReadAction\",\"target\":[\"https:\/\/cce.it\/es\/division-juntas-automaticas\/categorias\/\"]}]},{\"@type\":\"BreadcrumbList\",\"@id\":\"https:\/\/cce.it\/es\/division-juntas-automaticas\/categorias\/#breadcrumb\",\"itemListElement\":[{\"@type\":\"ListItem\",\"position\":1,\"item\":{\"@type\":\"WebPage\",\"@id\":\"https:\/\/cce.it\/\",\"url\":\"https:\/\/cce.it\/\",\"name\":\"Home\"}},{\"@type\":\"ListItem\",\"position\":2,\"item\":{\"@type\":\"WebPage\",\"@id\":\"https:\/\/cce.it\/es\/division-juntas-automaticas\/\",\"url\":\"https:\/\/cce.it\/es\/division-juntas-automaticas\/\",\"name\":\"Divisi\\u00f2n Juntas Autom\\u00e0ticas\"}},{\"@type\":\"ListItem\",\"position\":3,\"item\":{\"@type\":\"WebPage\",\"@id\":\"https:\/\/cce.it\/es\/division-juntas-automaticas\/categorias\/\",\"url\":\"https:\/\/cce.it\/es\/division-juntas-automaticas\/categorias\/\",\"name\":\"Categor\\u00edas\"}}]}]}<\/script>\n<!-- \/ Yoast SEO plugin. -->","_links":{"self":[{"href":"https:\/\/cce.it\/es\/wp-json\/wp\/v2\/pages\/3691"}],"collection":[{"href":"https:\/\/cce.it\/es\/wp-json\/wp\/v2\/pages"}],"about":[{"href":"https:\/\/cce.it\/es\/wp-json\/wp\/v2\/types\/page"}],"author":[{"embeddable":true,"href":"https:\/\/cce.it\/es\/wp-json\/wp\/v2\/users\/2"}],"replies":[{"embeddable":true,"href":"https:\/\/cce.it\/es\/wp-json\/wp\/v2\/comments?post=3691"}],"version-history":[{"count":4,"href":"https:\/\/cce.it\/es\/wp-json\/wp\/v2\/pages\/3691\/revisions"}],"predecessor-version":[{"id":16222,"href":"https:\/\/cce.it\/es\/wp-json\/wp\/v2\/pages\/3691\/revisions\/16222"}],"up":[{"embeddable":true,"href":"https:\/\/cce.it\/es\/wp-json\/wp\/v2\/pages\/28"}],"wp:attachment":[{"href":"https:\/\/cce.it\/es\/wp-json\/wp\/v2\/media?parent=3691"}],"curies":[{"name":"wp","href":"https:\/\/api.w.org\/{rel}","templated":true}]}}