{"id":3346,"date":"2015-05-06T10:14:30","date_gmt":"2015-05-06T08:14:30","guid":{"rendered":"https:\/\/cce.it\/\/divisione-sicurezza\/accessories\/ercole-cremagliera\/"},"modified":"2018-06-21T15:58:46","modified_gmt":"2018-06-21T13:58:46","slug":"ercole-cremagliera","status":"publish","type":"page","link":"https:\/\/cce.it\/es\/division-seguridad\/categorias\/accesorios\/ercole-cremagliera\/","title":{"rendered":"Ercole Cremagliera"},"content":{"rendered":"<h5><span style=\"color: #000;\"> INFORMACI\u00d3N<\/span><\/h5>\n<hr \/>\n<p>ERCOLE es una cremallera modular de nailon dotada de n\u00facleo de refuerzo de hierro. Dada su gran versatilidad, es posible instalarla con los soportes mirando hacia arriba o bien hacia abajo. Se instala de forma f\u00e1cil y r\u00e1pida gracias a los espesores modulares y es posible montarla incluso en portones que no son perfectamente rectil\u00edneos.<\/p>\n","protected":false},"excerpt":{"rendered":"<p>INFORMACI\u00d3N ERCOLE es una cremallera modular de nailon dotada de n\u00facleo de refuerzo de hierro. Dada su gran versatilidad, es posible instalarla con los soportes mirando hacia arriba o bien hacia abajo. Se instala de forma f\u00e1cil y r\u00e1pida gracias a los espesores modulares y es posible montarla incluso en portones que no son perfectamente &hellip; <a href=\"https:\/\/cce.it\/es\/division-seguridad\/categorias\/accesorios\/ercole-cremagliera\/\">Continua<\/a><\/p>\n","protected":false},"author":12,"featured_media":1843,"parent":20541,"menu_order":567,"comment_status":"closed","ping_status":"closed","template":"template-sicurezza-product.php","meta":[],"acf":[],"yoast_head":"<!-- This site is optimized with the Yoast SEO plugin v15.0 - https:\/\/yoast.com\/wordpress\/plugins\/seo\/ -->\n<title>Ercole Cremagliera - CCE<\/title>\n<meta name=\"robots\" content=\"index, follow, max-snippet:-1, max-image-preview:large, max-video-preview:-1\" \/>\n<link rel=\"canonical\" href=\"https:\/\/cce.it\/es\/division-seguridad\/categorias\/accesorios\/ercole-cremagliera\/\" \/>\n<meta property=\"og:locale\" content=\"it_IT\" \/>\n<meta property=\"og:type\" content=\"article\" \/>\n<meta property=\"og:title\" content=\"Ercole Cremagliera - CCE\" \/>\n<meta property=\"og:description\" content=\"INFORMACI\u00d3N ERCOLE es una cremallera modular de nailon dotada de n\u00facleo de refuerzo de hierro. Dada su gran versatilidad, es posible instalarla con los soportes mirando hacia arriba o bien hacia abajo. Se instala de forma f\u00e1cil y r\u00e1pida gracias a los espesores modulares y es posible montarla incluso en portones que no son perfectamente &hellip; Continua\" \/>\n<meta property=\"og:url\" content=\"https:\/\/cce.it\/es\/division-seguridad\/categorias\/accesorios\/ercole-cremagliera\/\" \/>\n<meta property=\"og:site_name\" content=\"CCE\" \/>\n<meta property=\"article:modified_time\" content=\"2018-06-21T13:58:46+00:00\" \/>\n<meta property=\"og:image\" content=\"https:\/\/cce.it\/wp-content\/uploads\/erc-prodotto.jpg\" \/>\n\t<meta property=\"og:image:width\" content=\"1920\" \/>\n\t<meta property=\"og:image:height\" content=\"726\" \/>\n<script type=\"application\/ld+json\" class=\"yoast-schema-graph\">{\"@context\":\"https:\/\/schema.org\",\"@graph\":[{\"@type\":\"WebSite\",\"@id\":\"https:\/\/cce.it\/es\/#website\",\"url\":\"https:\/\/cce.it\/es\/\",\"name\":\"CCE\",\"description\":\"\",\"potentialAction\":[{\"@type\":\"SearchAction\",\"target\":\"https:\/\/cce.it\/es\/?s={search_term_string}\",\"query-input\":\"required name=search_term_string\"}],\"inLanguage\":\"it-IT\"},{\"@type\":\"ImageObject\",\"@id\":\"https:\/\/cce.it\/es\/division-seguridad\/categorias\/accesorios\/ercole-cremagliera\/#primaryimage\",\"inLanguage\":\"it-IT\",\"url\":\"https:\/\/cce.it\/wp-content\/uploads\/erc-prodotto.jpg\",\"width\":1920,\"height\":726},{\"@type\":\"WebPage\",\"@id\":\"https:\/\/cce.it\/es\/division-seguridad\/categorias\/accesorios\/ercole-cremagliera\/#webpage\",\"url\":\"https:\/\/cce.it\/es\/division-seguridad\/categorias\/accesorios\/ercole-cremagliera\/\",\"name\":\"Ercole Cremagliera - CCE\",\"isPartOf\":{\"@id\":\"https:\/\/cce.it\/es\/#website\"},\"primaryImageOfPage\":{\"@id\":\"https:\/\/cce.it\/es\/division-seguridad\/categorias\/accesorios\/ercole-cremagliera\/#primaryimage\"},\"datePublished\":\"2015-05-06T08:14:30+00:00\",\"dateModified\":\"2018-06-21T13:58:46+00:00\",\"breadcrumb\":{\"@id\":\"https:\/\/cce.it\/es\/division-seguridad\/categorias\/accesorios\/ercole-cremagliera\/#breadcrumb\"},\"inLanguage\":\"it-IT\",\"potentialAction\":[{\"@type\":\"ReadAction\",\"target\":[\"https:\/\/cce.it\/es\/division-seguridad\/categorias\/accesorios\/ercole-cremagliera\/\"]}]},{\"@type\":\"BreadcrumbList\",\"@id\":\"https:\/\/cce.it\/es\/division-seguridad\/categorias\/accesorios\/ercole-cremagliera\/#breadcrumb\",\"itemListElement\":[{\"@type\":\"ListItem\",\"position\":1,\"item\":{\"@type\":\"WebPage\",\"@id\":\"https:\/\/cce.it\/\",\"url\":\"https:\/\/cce.it\/\",\"name\":\"Home\"}},{\"@type\":\"ListItem\",\"position\":2,\"item\":{\"@type\":\"WebPage\",\"@id\":\"https:\/\/cce.it\/es\/division-seguridad\/\",\"url\":\"https:\/\/cce.it\/es\/division-seguridad\/\",\"name\":\"Divisi\\u00f2n Seguridad\"}},{\"@type\":\"ListItem\",\"position\":3,\"item\":{\"@type\":\"WebPage\",\"@id\":\"https:\/\/cce.it\/es\/division-seguridad\/categorias\/\",\"url\":\"https:\/\/cce.it\/es\/division-seguridad\/categorias\/\",\"name\":\"Categor\\u00edas\"}},{\"@type\":\"ListItem\",\"position\":4,\"item\":{\"@type\":\"WebPage\",\"@id\":\"https:\/\/cce.it\/es\/division-seguridad\/categorias\/accesorios\/\",\"url\":\"https:\/\/cce.it\/es\/division-seguridad\/categorias\/accesorios\/\",\"name\":\"Accesorios\"}},{\"@type\":\"ListItem\",\"position\":5,\"item\":{\"@type\":\"WebPage\",\"@id\":\"https:\/\/cce.it\/es\/division-seguridad\/categorias\/accesorios\/ercole-cremagliera\/\",\"url\":\"https:\/\/cce.it\/es\/division-seguridad\/categorias\/accesorios\/ercole-cremagliera\/\",\"name\":\"Ercole Cremagliera\"}}]}]}<\/script>\n<!-- \/ Yoast SEO plugin. -->","_links":{"self":[{"href":"https:\/\/cce.it\/es\/wp-json\/wp\/v2\/pages\/3346"}],"collection":[{"href":"https:\/\/cce.it\/es\/wp-json\/wp\/v2\/pages"}],"about":[{"href":"https:\/\/cce.it\/es\/wp-json\/wp\/v2\/types\/page"}],"author":[{"embeddable":true,"href":"https:\/\/cce.it\/es\/wp-json\/wp\/v2\/users\/12"}],"replies":[{"embeddable":true,"href":"https:\/\/cce.it\/es\/wp-json\/wp\/v2\/comments?post=3346"}],"version-history":[{"count":5,"href":"https:\/\/cce.it\/es\/wp-json\/wp\/v2\/pages\/3346\/revisions"}],"predecessor-version":[{"id":17584,"href":"https:\/\/cce.it\/es\/wp-json\/wp\/v2\/pages\/3346\/revisions\/17584"}],"up":[{"embeddable":true,"href":"https:\/\/cce.it\/es\/wp-json\/wp\/v2\/pages\/20541"}],"wp:featuredmedia":[{"embeddable":true,"href":"https:\/\/cce.it\/es\/wp-json\/wp\/v2\/media\/1843"}],"wp:attachment":[{"href":"https:\/\/cce.it\/es\/wp-json\/wp\/v2\/media?parent=3346"}],"curies":[{"name":"wp","href":"https:\/\/api.w.org\/{rel}","templated":true}]}}