{"id":3331,"date":"2015-03-13T15:16:03","date_gmt":"2015-03-13T14:16:03","guid":{"rendered":"https:\/\/cce.it\/\/divisione-sicurezza\/accessories\/scheda-di-controllo\/"},"modified":"2018-06-26T11:45:15","modified_gmt":"2018-06-26T09:45:15","slug":"scheda-di-controllo","status":"publish","type":"page","link":"https:\/\/cce.it\/es\/division-seguridad\/categorias\/accesorios\/scheda-di-controllo\/","title":{"rendered":"Scheda di Controllo"},"content":{"rendered":"<h5><span style=\"color: #000;\"> INFORMACI\u00d3N<\/span><\/h5>\n<hr \/>\n<p>Tarjeta de control para bordes sensibles resistivos (8,2K\u03a9). Dotada de dos canales, garantiza la autocomprobaci\u00f3n continua del sistema, que se bloquea en caso de anomal\u00eda. Disponible en <strong>clase de protecci\u00f3n 2<\/strong> (SCHED2) o <strong>3<\/strong> (SCHED3).<\/p>\n","protected":false},"excerpt":{"rendered":"<p>INFORMACI\u00d3N Tarjeta de control para bordes sensibles resistivos (8,2K\u03a9). Dotada de dos canales, garantiza la autocomprobaci\u00f3n continua del sistema, que se bloquea en caso de anomal\u00eda. Disponible en clase de protecci\u00f3n 2 (SCHED2) o 3 (SCHED3).<\/p>\n","protected":false},"author":2,"featured_media":17294,"parent":20541,"menu_order":1109,"comment_status":"closed","ping_status":"closed","template":"template-sicurezza-product.php","meta":[],"acf":[],"yoast_head":"<!-- This site is optimized with the Yoast SEO plugin v15.0 - https:\/\/yoast.com\/wordpress\/plugins\/seo\/ -->\n<title>Scheda di Controllo - CCE<\/title>\n<meta name=\"robots\" content=\"index, follow, max-snippet:-1, max-image-preview:large, max-video-preview:-1\" \/>\n<link rel=\"canonical\" href=\"https:\/\/cce.it\/es\/division-seguridad\/categorias\/accesorios\/scheda-di-controllo\/\" \/>\n<meta property=\"og:locale\" content=\"it_IT\" \/>\n<meta property=\"og:type\" content=\"article\" \/>\n<meta property=\"og:title\" content=\"Scheda di Controllo - CCE\" \/>\n<meta property=\"og:description\" content=\"INFORMACI\u00d3N Tarjeta de control para bordes sensibles resistivos (8,2K\u03a9). Dotada de dos canales, garantiza la autocomprobaci\u00f3n continua del sistema, que se bloquea en caso de anomal\u00eda. Disponible en clase de protecci\u00f3n 2 (SCHED2) o 3 (SCHED3).\" \/>\n<meta property=\"og:url\" content=\"https:\/\/cce.it\/es\/division-seguridad\/categorias\/accesorios\/scheda-di-controllo\/\" \/>\n<meta property=\"og:site_name\" content=\"CCE\" \/>\n<meta property=\"article:modified_time\" content=\"2018-06-26T09:45:15+00:00\" \/>\n<meta property=\"og:image\" content=\"https:\/\/cce.it\/wp-content\/uploads\/scheda_testata_rev2.jpg\" \/>\n\t<meta property=\"og:image:width\" content=\"1920\" \/>\n\t<meta property=\"og:image:height\" content=\"726\" \/>\n<script type=\"application\/ld+json\" class=\"yoast-schema-graph\">{\"@context\":\"https:\/\/schema.org\",\"@graph\":[{\"@type\":\"WebSite\",\"@id\":\"https:\/\/cce.it\/es\/#website\",\"url\":\"https:\/\/cce.it\/es\/\",\"name\":\"CCE\",\"description\":\"\",\"potentialAction\":[{\"@type\":\"SearchAction\",\"target\":\"https:\/\/cce.it\/es\/?s={search_term_string}\",\"query-input\":\"required name=search_term_string\"}],\"inLanguage\":\"it-IT\"},{\"@type\":\"ImageObject\",\"@id\":\"https:\/\/cce.it\/es\/division-seguridad\/categorias\/accesorios\/scheda-di-controllo\/#primaryimage\",\"inLanguage\":\"it-IT\",\"url\":\"https:\/\/cce.it\/wp-content\/uploads\/scheda_testata_rev2.jpg\",\"width\":1920,\"height\":726},{\"@type\":\"WebPage\",\"@id\":\"https:\/\/cce.it\/es\/division-seguridad\/categorias\/accesorios\/scheda-di-controllo\/#webpage\",\"url\":\"https:\/\/cce.it\/es\/division-seguridad\/categorias\/accesorios\/scheda-di-controllo\/\",\"name\":\"Scheda di Controllo - CCE\",\"isPartOf\":{\"@id\":\"https:\/\/cce.it\/es\/#website\"},\"primaryImageOfPage\":{\"@id\":\"https:\/\/cce.it\/es\/division-seguridad\/categorias\/accesorios\/scheda-di-controllo\/#primaryimage\"},\"datePublished\":\"2015-03-13T14:16:03+00:00\",\"dateModified\":\"2018-06-26T09:45:15+00:00\",\"breadcrumb\":{\"@id\":\"https:\/\/cce.it\/es\/division-seguridad\/categorias\/accesorios\/scheda-di-controllo\/#breadcrumb\"},\"inLanguage\":\"it-IT\",\"potentialAction\":[{\"@type\":\"ReadAction\",\"target\":[\"https:\/\/cce.it\/es\/division-seguridad\/categorias\/accesorios\/scheda-di-controllo\/\"]}]},{\"@type\":\"BreadcrumbList\",\"@id\":\"https:\/\/cce.it\/es\/division-seguridad\/categorias\/accesorios\/scheda-di-controllo\/#breadcrumb\",\"itemListElement\":[{\"@type\":\"ListItem\",\"position\":1,\"item\":{\"@type\":\"WebPage\",\"@id\":\"https:\/\/cce.it\/\",\"url\":\"https:\/\/cce.it\/\",\"name\":\"Home\"}},{\"@type\":\"ListItem\",\"position\":2,\"item\":{\"@type\":\"WebPage\",\"@id\":\"https:\/\/cce.it\/es\/division-seguridad\/\",\"url\":\"https:\/\/cce.it\/es\/division-seguridad\/\",\"name\":\"Divisi\\u00f2n Seguridad\"}},{\"@type\":\"ListItem\",\"position\":3,\"item\":{\"@type\":\"WebPage\",\"@id\":\"https:\/\/cce.it\/es\/division-seguridad\/categorias\/\",\"url\":\"https:\/\/cce.it\/es\/division-seguridad\/categorias\/\",\"name\":\"Categor\\u00edas\"}},{\"@type\":\"ListItem\",\"position\":4,\"item\":{\"@type\":\"WebPage\",\"@id\":\"https:\/\/cce.it\/es\/division-seguridad\/categorias\/accesorios\/\",\"url\":\"https:\/\/cce.it\/es\/division-seguridad\/categorias\/accesorios\/\",\"name\":\"Accesorios\"}},{\"@type\":\"ListItem\",\"position\":5,\"item\":{\"@type\":\"WebPage\",\"@id\":\"https:\/\/cce.it\/es\/division-seguridad\/categorias\/accesorios\/scheda-di-controllo\/\",\"url\":\"https:\/\/cce.it\/es\/division-seguridad\/categorias\/accesorios\/scheda-di-controllo\/\",\"name\":\"Scheda di Controllo\"}}]}]}<\/script>\n<!-- \/ Yoast SEO plugin. -->","_links":{"self":[{"href":"https:\/\/cce.it\/es\/wp-json\/wp\/v2\/pages\/3331"}],"collection":[{"href":"https:\/\/cce.it\/es\/wp-json\/wp\/v2\/pages"}],"about":[{"href":"https:\/\/cce.it\/es\/wp-json\/wp\/v2\/types\/page"}],"author":[{"embeddable":true,"href":"https:\/\/cce.it\/es\/wp-json\/wp\/v2\/users\/2"}],"replies":[{"embeddable":true,"href":"https:\/\/cce.it\/es\/wp-json\/wp\/v2\/comments?post=3331"}],"version-history":[{"count":12,"href":"https:\/\/cce.it\/es\/wp-json\/wp\/v2\/pages\/3331\/revisions"}],"predecessor-version":[{"id":17575,"href":"https:\/\/cce.it\/es\/wp-json\/wp\/v2\/pages\/3331\/revisions\/17575"}],"up":[{"embeddable":true,"href":"https:\/\/cce.it\/es\/wp-json\/wp\/v2\/pages\/20541"}],"wp:featuredmedia":[{"embeddable":true,"href":"https:\/\/cce.it\/es\/wp-json\/wp\/v2\/media\/17294"}],"wp:attachment":[{"href":"https:\/\/cce.it\/es\/wp-json\/wp\/v2\/media?parent=3331"}],"curies":[{"name":"wp","href":"https:\/\/api.w.org\/{rel}","templated":true}]}}