{"id":3295,"date":"2015-04-21T15:54:24","date_gmt":"2015-04-21T13:54:24","guid":{"rendered":"https:\/\/cce.it\/\/divisione-sicurezza\/products\/compatta\/"},"modified":"2018-07-16T14:12:00","modified_gmt":"2018-07-16T12:12:00","slug":"compatta","status":"publish","type":"page","link":"https:\/\/cce.it\/es\/division-seguridad\/categorias\/compatta\/","title":{"rendered":"Compatta"},"content":{"rendered":"<h5><span style=\"color: #000;\"> INFORMACI\u00d3N<\/span><\/h5>\n<hr \/>\n<p>Ideal para puertas correderas ligeras y de hoja batiente, COMPATTA es un borde sensible peque\u00f1o y discreto, f\u00e1cil de instalar y recortar. Utiliza un sistema de microinterruptores estancos que ofrecen una respuesta r\u00e1pida a los choques a lo largo de toda la estructura.<\/p>\n","protected":false},"excerpt":{"rendered":"<p>INFORMACI\u00d3N Ideal para puertas correderas ligeras y de hoja batiente, COMPATTA es un borde sensible peque\u00f1o y discreto, f\u00e1cil de instalar y recortar. Utiliza un sistema de microinterruptores estancos que ofrecen una respuesta r\u00e1pida a los choques a lo largo de toda la estructura.<\/p>\n","protected":false},"author":12,"featured_media":1219,"parent":104,"menu_order":343,"comment_status":"closed","ping_status":"closed","template":"template-family.php","meta":[],"acf":[],"yoast_head":"<!-- This site is optimized with the Yoast SEO plugin v15.0 - https:\/\/yoast.com\/wordpress\/plugins\/seo\/ -->\n<title>Compatta - CCE<\/title>\n<meta name=\"robots\" content=\"index, follow, max-snippet:-1, max-image-preview:large, max-video-preview:-1\" \/>\n<link rel=\"canonical\" href=\"https:\/\/cce.it\/es\/division-seguridad\/categorias\/compatta\/\" \/>\n<meta property=\"og:locale\" content=\"it_IT\" \/>\n<meta property=\"og:type\" content=\"article\" \/>\n<meta property=\"og:title\" content=\"Compatta - CCE\" \/>\n<meta property=\"og:description\" content=\"INFORMACI\u00d3N Ideal para puertas correderas ligeras y de hoja batiente, COMPATTA es un borde sensible peque\u00f1o y discreto, f\u00e1cil de instalar y recortar. Utiliza un sistema de microinterruptores estancos que ofrecen una respuesta r\u00e1pida a los choques a lo largo de toda la estructura.\" \/>\n<meta property=\"og:url\" content=\"https:\/\/cce.it\/es\/division-seguridad\/categorias\/compatta\/\" \/>\n<meta property=\"og:site_name\" content=\"CCE\" \/>\n<meta property=\"article:modified_time\" content=\"2018-07-16T12:12:00+00:00\" \/>\n<meta property=\"og:image\" content=\"https:\/\/cce.it\/wp-content\/uploads\/compatta-prodotto.jpg\" \/>\n\t<meta property=\"og:image:width\" content=\"1920\" \/>\n\t<meta property=\"og:image:height\" content=\"726\" \/>\n<script type=\"application\/ld+json\" class=\"yoast-schema-graph\">{\"@context\":\"https:\/\/schema.org\",\"@graph\":[{\"@type\":\"WebSite\",\"@id\":\"https:\/\/cce.it\/es\/#website\",\"url\":\"https:\/\/cce.it\/es\/\",\"name\":\"CCE\",\"description\":\"\",\"potentialAction\":[{\"@type\":\"SearchAction\",\"target\":\"https:\/\/cce.it\/es\/?s={search_term_string}\",\"query-input\":\"required name=search_term_string\"}],\"inLanguage\":\"it-IT\"},{\"@type\":\"ImageObject\",\"@id\":\"https:\/\/cce.it\/es\/division-seguridad\/categorias\/compatta\/#primaryimage\",\"inLanguage\":\"it-IT\",\"url\":\"https:\/\/cce.it\/wp-content\/uploads\/compatta-prodotto.jpg\",\"width\":1920,\"height\":726},{\"@type\":\"WebPage\",\"@id\":\"https:\/\/cce.it\/es\/division-seguridad\/categorias\/compatta\/#webpage\",\"url\":\"https:\/\/cce.it\/es\/division-seguridad\/categorias\/compatta\/\",\"name\":\"Compatta - CCE\",\"isPartOf\":{\"@id\":\"https:\/\/cce.it\/es\/#website\"},\"primaryImageOfPage\":{\"@id\":\"https:\/\/cce.it\/es\/division-seguridad\/categorias\/compatta\/#primaryimage\"},\"datePublished\":\"2015-04-21T13:54:24+00:00\",\"dateModified\":\"2018-07-16T12:12:00+00:00\",\"breadcrumb\":{\"@id\":\"https:\/\/cce.it\/es\/division-seguridad\/categorias\/compatta\/#breadcrumb\"},\"inLanguage\":\"it-IT\",\"potentialAction\":[{\"@type\":\"ReadAction\",\"target\":[\"https:\/\/cce.it\/es\/division-seguridad\/categorias\/compatta\/\"]}]},{\"@type\":\"BreadcrumbList\",\"@id\":\"https:\/\/cce.it\/es\/division-seguridad\/categorias\/compatta\/#breadcrumb\",\"itemListElement\":[{\"@type\":\"ListItem\",\"position\":1,\"item\":{\"@type\":\"WebPage\",\"@id\":\"https:\/\/cce.it\/\",\"url\":\"https:\/\/cce.it\/\",\"name\":\"Home\"}},{\"@type\":\"ListItem\",\"position\":2,\"item\":{\"@type\":\"WebPage\",\"@id\":\"https:\/\/cce.it\/es\/division-seguridad\/\",\"url\":\"https:\/\/cce.it\/es\/division-seguridad\/\",\"name\":\"Divisi\\u00f2n Seguridad\"}},{\"@type\":\"ListItem\",\"position\":3,\"item\":{\"@type\":\"WebPage\",\"@id\":\"https:\/\/cce.it\/es\/division-seguridad\/categorias\/\",\"url\":\"https:\/\/cce.it\/es\/division-seguridad\/categorias\/\",\"name\":\"Categor\\u00edas\"}},{\"@type\":\"ListItem\",\"position\":4,\"item\":{\"@type\":\"WebPage\",\"@id\":\"https:\/\/cce.it\/es\/division-seguridad\/categorias\/compatta\/\",\"url\":\"https:\/\/cce.it\/es\/division-seguridad\/categorias\/compatta\/\",\"name\":\"Compatta\"}}]}]}<\/script>\n<!-- \/ Yoast SEO plugin. -->","_links":{"self":[{"href":"https:\/\/cce.it\/es\/wp-json\/wp\/v2\/pages\/3295"}],"collection":[{"href":"https:\/\/cce.it\/es\/wp-json\/wp\/v2\/pages"}],"about":[{"href":"https:\/\/cce.it\/es\/wp-json\/wp\/v2\/types\/page"}],"author":[{"embeddable":true,"href":"https:\/\/cce.it\/es\/wp-json\/wp\/v2\/users\/12"}],"replies":[{"embeddable":true,"href":"https:\/\/cce.it\/es\/wp-json\/wp\/v2\/comments?post=3295"}],"version-history":[{"count":3,"href":"https:\/\/cce.it\/es\/wp-json\/wp\/v2\/pages\/3295\/revisions"}],"predecessor-version":[{"id":18038,"href":"https:\/\/cce.it\/es\/wp-json\/wp\/v2\/pages\/3295\/revisions\/18038"}],"up":[{"embeddable":true,"href":"https:\/\/cce.it\/es\/wp-json\/wp\/v2\/pages\/104"}],"wp:featuredmedia":[{"embeddable":true,"href":"https:\/\/cce.it\/es\/wp-json\/wp\/v2\/media\/1219"}],"wp:attachment":[{"href":"https:\/\/cce.it\/es\/wp-json\/wp\/v2\/media?parent=3295"}],"curies":[{"name":"wp","href":"https:\/\/api.w.org\/{rel}","templated":true}]}}