{"id":3286,"date":"2015-02-25T15:04:11","date_gmt":"2015-02-25T14:04:11","guid":{"rendered":"https:\/\/cce.it\/\/divisione-sicurezza\/products\/maxxi-cnd\/"},"modified":"2018-07-16T14:11:21","modified_gmt":"2018-07-16T12:11:21","slug":"maxxi-cnd","status":"publish","type":"page","link":"https:\/\/cce.it\/es\/division-seguridad\/categorias\/maxxi-cnd\/","title":{"rendered":"Maxxi CND"},"content":{"rendered":"<h5><span style=\"color: #000;\"> INFORMACI\u00d3N<\/span><\/h5>\n<hr \/>\n<p>El punto fuerte de la familia de bordes sensibles con tecnolog\u00eda conductora es MAXXI CND, que ha sido dise\u00f1ado para el uso en puertas correderas muy pesadas. Utiliza un perfil conductor de TPE coextruido en su interior que garantiza respuestas r\u00e1pidas en cada impacto, puede recortarse ilimitadamente y tambi&eacute;n est\u00e1 disponible con transmisor inal\u00e1mbrico integrado.<\/p>\n<p><strong><a href=\"https:\/\/vimeo.com\/141065814\" target=\"_blank\"><i class=\"glyphicon glyphicon-play-circle\"><\/i> VER EL V\u00cdDEO<\/a><\/strong><\/p>\n","protected":false},"excerpt":{"rendered":"<p>INFORMACI\u00d3N El punto fuerte de la familia de bordes sensibles con tecnolog\u00eda conductora es MAXXI CND, que ha sido dise\u00f1ado para el uso en puertas correderas muy pesadas. Utiliza un perfil conductor de TPE coextruido en su interior que garantiza respuestas r\u00e1pidas en cada impacto, puede recortarse ilimitadamente y tambi&eacute;n est\u00e1 disponible con transmisor inal\u00e1mbrico &hellip; <a href=\"https:\/\/cce.it\/es\/division-seguridad\/categorias\/maxxi-cnd\/\">Continua<\/a><\/p>\n","protected":false},"author":2,"featured_media":1190,"parent":104,"menu_order":785,"comment_status":"closed","ping_status":"closed","template":"template-family.php","meta":[],"acf":[],"yoast_head":"<!-- This site is optimized with the Yoast SEO plugin v15.0 - https:\/\/yoast.com\/wordpress\/plugins\/seo\/ -->\n<title>Maxxi CND - CCE<\/title>\n<meta name=\"robots\" content=\"index, follow, max-snippet:-1, max-image-preview:large, max-video-preview:-1\" \/>\n<link rel=\"canonical\" href=\"https:\/\/cce.it\/es\/division-seguridad\/categorias\/maxxi-cnd\/\" \/>\n<meta property=\"og:locale\" content=\"it_IT\" \/>\n<meta property=\"og:type\" content=\"article\" \/>\n<meta property=\"og:title\" content=\"Maxxi CND - CCE\" \/>\n<meta property=\"og:description\" content=\"INFORMACI\u00d3N El punto fuerte de la familia de bordes sensibles con tecnolog\u00eda conductora es MAXXI CND, que ha sido dise\u00f1ado para el uso en puertas correderas muy pesadas. Utiliza un perfil conductor de TPE coextruido en su interior que garantiza respuestas r\u00e1pidas en cada impacto, puede recortarse ilimitadamente y tambi&eacute;n est\u00e1 disponible con transmisor inal\u00e1mbrico &hellip; Continua\" \/>\n<meta property=\"og:url\" content=\"https:\/\/cce.it\/es\/division-seguridad\/categorias\/maxxi-cnd\/\" \/>\n<meta property=\"og:site_name\" content=\"CCE\" \/>\n<meta property=\"article:modified_time\" content=\"2018-07-16T12:11:21+00:00\" \/>\n<meta property=\"og:image\" content=\"https:\/\/cce.it\/wp-content\/uploads\/maxxiCND-prodotto.jpg\" \/>\n\t<meta property=\"og:image:width\" content=\"1920\" \/>\n\t<meta property=\"og:image:height\" content=\"726\" \/>\n<script type=\"application\/ld+json\" class=\"yoast-schema-graph\">{\"@context\":\"https:\/\/schema.org\",\"@graph\":[{\"@type\":\"WebSite\",\"@id\":\"https:\/\/cce.it\/es\/#website\",\"url\":\"https:\/\/cce.it\/es\/\",\"name\":\"CCE\",\"description\":\"\",\"potentialAction\":[{\"@type\":\"SearchAction\",\"target\":\"https:\/\/cce.it\/es\/?s={search_term_string}\",\"query-input\":\"required name=search_term_string\"}],\"inLanguage\":\"it-IT\"},{\"@type\":\"ImageObject\",\"@id\":\"https:\/\/cce.it\/es\/division-seguridad\/categorias\/maxxi-cnd\/#primaryimage\",\"inLanguage\":\"it-IT\",\"url\":\"https:\/\/cce.it\/wp-content\/uploads\/maxxiCND-prodotto.jpg\",\"width\":1920,\"height\":726},{\"@type\":\"WebPage\",\"@id\":\"https:\/\/cce.it\/es\/division-seguridad\/categorias\/maxxi-cnd\/#webpage\",\"url\":\"https:\/\/cce.it\/es\/division-seguridad\/categorias\/maxxi-cnd\/\",\"name\":\"Maxxi CND - CCE\",\"isPartOf\":{\"@id\":\"https:\/\/cce.it\/es\/#website\"},\"primaryImageOfPage\":{\"@id\":\"https:\/\/cce.it\/es\/division-seguridad\/categorias\/maxxi-cnd\/#primaryimage\"},\"datePublished\":\"2015-02-25T14:04:11+00:00\",\"dateModified\":\"2018-07-16T12:11:21+00:00\",\"breadcrumb\":{\"@id\":\"https:\/\/cce.it\/es\/division-seguridad\/categorias\/maxxi-cnd\/#breadcrumb\"},\"inLanguage\":\"it-IT\",\"potentialAction\":[{\"@type\":\"ReadAction\",\"target\":[\"https:\/\/cce.it\/es\/division-seguridad\/categorias\/maxxi-cnd\/\"]}]},{\"@type\":\"BreadcrumbList\",\"@id\":\"https:\/\/cce.it\/es\/division-seguridad\/categorias\/maxxi-cnd\/#breadcrumb\",\"itemListElement\":[{\"@type\":\"ListItem\",\"position\":1,\"item\":{\"@type\":\"WebPage\",\"@id\":\"https:\/\/cce.it\/\",\"url\":\"https:\/\/cce.it\/\",\"name\":\"Home\"}},{\"@type\":\"ListItem\",\"position\":2,\"item\":{\"@type\":\"WebPage\",\"@id\":\"https:\/\/cce.it\/es\/division-seguridad\/\",\"url\":\"https:\/\/cce.it\/es\/division-seguridad\/\",\"name\":\"Divisi\\u00f2n Seguridad\"}},{\"@type\":\"ListItem\",\"position\":3,\"item\":{\"@type\":\"WebPage\",\"@id\":\"https:\/\/cce.it\/es\/division-seguridad\/categorias\/\",\"url\":\"https:\/\/cce.it\/es\/division-seguridad\/categorias\/\",\"name\":\"Categor\\u00edas\"}},{\"@type\":\"ListItem\",\"position\":4,\"item\":{\"@type\":\"WebPage\",\"@id\":\"https:\/\/cce.it\/es\/division-seguridad\/categorias\/maxxi-cnd\/\",\"url\":\"https:\/\/cce.it\/es\/division-seguridad\/categorias\/maxxi-cnd\/\",\"name\":\"Maxxi CND\"}}]}]}<\/script>\n<!-- \/ Yoast SEO plugin. -->","_links":{"self":[{"href":"https:\/\/cce.it\/es\/wp-json\/wp\/v2\/pages\/3286"}],"collection":[{"href":"https:\/\/cce.it\/es\/wp-json\/wp\/v2\/pages"}],"about":[{"href":"https:\/\/cce.it\/es\/wp-json\/wp\/v2\/types\/page"}],"author":[{"embeddable":true,"href":"https:\/\/cce.it\/es\/wp-json\/wp\/v2\/users\/2"}],"replies":[{"embeddable":true,"href":"https:\/\/cce.it\/es\/wp-json\/wp\/v2\/comments?post=3286"}],"version-history":[{"count":3,"href":"https:\/\/cce.it\/es\/wp-json\/wp\/v2\/pages\/3286\/revisions"}],"predecessor-version":[{"id":18037,"href":"https:\/\/cce.it\/es\/wp-json\/wp\/v2\/pages\/3286\/revisions\/18037"}],"up":[{"embeddable":true,"href":"https:\/\/cce.it\/es\/wp-json\/wp\/v2\/pages\/104"}],"wp:featuredmedia":[{"embeddable":true,"href":"https:\/\/cce.it\/es\/wp-json\/wp\/v2\/media\/1190"}],"wp:attachment":[{"href":"https:\/\/cce.it\/es\/wp-json\/wp\/v2\/media?parent=3286"}],"curies":[{"name":"wp","href":"https:\/\/api.w.org\/{rel}","templated":true}]}}