{"id":28,"date":"2015-02-18T15:29:26","date_gmt":"2015-02-18T14:29:26","guid":{"rendered":"https:\/\/cce.it\/\/divisione-antispifferi-2\/"},"modified":"2024-04-24T13:17:21","modified_gmt":"2024-04-24T11:17:21","slug":"division-juntas-automaticas","status":"publish","type":"page","link":"https:\/\/cce.it\/es\/division-juntas-automaticas\/","title":{"rendered":"Divisi\u00f2n Juntas Autom\u00e0ticas"},"content":{"rendered":"<h2>Ahorra, cerr\u00e1ndole la puerta al fr\u00edo<\/h2>\n<p>Las juntas autom\u00e1ticas debajo de la puerta, conocidas normalmente con el nombre de \u2018burletes\u2019 o \u2018bajo puertas\u2019, son dispositivos autom\u00e1ticos que hacen descender una junta hasta el suelo cuando se cierra la puerta. Se activan al presionar un pulsador situado en el marco de la puerta y sellan perfectamente la ranura que se crea entre la hoja de la puerta y el suelo. Cuando se a\u00edsla una vivienda contra filtraciones de aire fr\u00edo, humo, polvo y ruido, se mejora el confort del hogar y se obtiene un ahorro garantizado en la energ\u00eda necesaria para climatizarlo.<\/p>\n<p>[sg_popup id=3]<\/p>\n","protected":false},"excerpt":{"rendered":"<p>Ahorra, cerr\u00e1ndole la puerta al fr\u00edo Las juntas autom\u00e1ticas debajo de la puerta, conocidas normalmente con el nombre de \u2018burletes\u2019 o \u2018bajo puertas\u2019, son dispositivos autom\u00e1ticos que hacen descender una junta hasta el suelo cuando se cierra la puerta. Se activan al presionar un pulsador situado en el marco de la puerta y sellan perfectamente &hellip; <a href=\"https:\/\/cce.it\/es\/division-juntas-automaticas\/\">Continua<\/a><\/p>\n","protected":false},"author":2,"featured_media":21297,"parent":0,"menu_order":174,"comment_status":"closed","ping_status":"open","template":"template-divisione.php","meta":[],"acf":[],"yoast_head":"<!-- This site is optimized with the Yoast SEO plugin v15.0 - https:\/\/yoast.com\/wordpress\/plugins\/seo\/ -->\n<title>Divisi\u00f2n Juntas Autom\u00e0ticas - CCE<\/title>\n<meta name=\"robots\" content=\"index, follow, max-snippet:-1, max-image-preview:large, max-video-preview:-1\" \/>\n<link rel=\"canonical\" href=\"https:\/\/cce.it\/es\/division-juntas-automaticas\/\" \/>\n<meta property=\"og:locale\" content=\"it_IT\" \/>\n<meta property=\"og:type\" content=\"article\" \/>\n<meta property=\"og:title\" content=\"Divisi\u00f2n Juntas Autom\u00e0ticas - CCE\" \/>\n<meta property=\"og:description\" content=\"Ahorra, cerr\u00e1ndole la puerta al fr\u00edo Las juntas autom\u00e1ticas debajo de la puerta, conocidas normalmente con el nombre de \u2018burletes\u2019 o \u2018bajo puertas\u2019, son dispositivos autom\u00e1ticos que hacen descender una junta hasta el suelo cuando se cierra la puerta. Se activan al presionar un pulsador situado en el marco de la puerta y sellan perfectamente &hellip; Continua\" \/>\n<meta property=\"og:url\" content=\"https:\/\/cce.it\/es\/division-juntas-automaticas\/\" \/>\n<meta property=\"og:site_name\" content=\"CCE\" \/>\n<meta property=\"article:modified_time\" content=\"2024-04-24T11:17:21+00:00\" \/>\n<meta property=\"og:image\" content=\"https:\/\/cce.it\/wp-content\/uploads\/CCE-srl-divisione-antispifferi.jpg\" \/>\n\t<meta property=\"og:image:width\" content=\"700\" \/>\n\t<meta property=\"og:image:height\" content=\"530\" \/>\n<script type=\"application\/ld+json\" class=\"yoast-schema-graph\">{\"@context\":\"https:\/\/schema.org\",\"@graph\":[{\"@type\":\"WebSite\",\"@id\":\"https:\/\/cce.it\/es\/#website\",\"url\":\"https:\/\/cce.it\/es\/\",\"name\":\"CCE\",\"description\":\"\",\"potentialAction\":[{\"@type\":\"SearchAction\",\"target\":\"https:\/\/cce.it\/es\/?s={search_term_string}\",\"query-input\":\"required name=search_term_string\"}],\"inLanguage\":\"it-IT\"},{\"@type\":\"ImageObject\",\"@id\":\"https:\/\/cce.it\/es\/division-juntas-automaticas\/#primaryimage\",\"inLanguage\":\"it-IT\",\"url\":\"https:\/\/cce.it\/wp-content\/uploads\/CCE-srl-divisione-antispifferi.jpg\",\"width\":700,\"height\":530,\"caption\":\"CCE srl Divisione antispifferi\"},{\"@type\":\"WebPage\",\"@id\":\"https:\/\/cce.it\/es\/division-juntas-automaticas\/#webpage\",\"url\":\"https:\/\/cce.it\/es\/division-juntas-automaticas\/\",\"name\":\"Divisi\\u00f2n Juntas Autom\\u00e0ticas - CCE\",\"isPartOf\":{\"@id\":\"https:\/\/cce.it\/es\/#website\"},\"primaryImageOfPage\":{\"@id\":\"https:\/\/cce.it\/es\/division-juntas-automaticas\/#primaryimage\"},\"datePublished\":\"2015-02-18T14:29:26+00:00\",\"dateModified\":\"2024-04-24T11:17:21+00:00\",\"breadcrumb\":{\"@id\":\"https:\/\/cce.it\/es\/division-juntas-automaticas\/#breadcrumb\"},\"inLanguage\":\"it-IT\",\"potentialAction\":[{\"@type\":\"ReadAction\",\"target\":[\"https:\/\/cce.it\/es\/division-juntas-automaticas\/\"]}]},{\"@type\":\"BreadcrumbList\",\"@id\":\"https:\/\/cce.it\/es\/division-juntas-automaticas\/#breadcrumb\",\"itemListElement\":[{\"@type\":\"ListItem\",\"position\":1,\"item\":{\"@type\":\"WebPage\",\"@id\":\"https:\/\/cce.it\/\",\"url\":\"https:\/\/cce.it\/\",\"name\":\"Home\"}},{\"@type\":\"ListItem\",\"position\":2,\"item\":{\"@type\":\"WebPage\",\"@id\":\"https:\/\/cce.it\/es\/division-juntas-automaticas\/\",\"url\":\"https:\/\/cce.it\/es\/division-juntas-automaticas\/\",\"name\":\"Divisi\\u00f2n Juntas Autom\\u00e0ticas\"}}]}]}<\/script>\n<!-- \/ Yoast SEO plugin. -->","_links":{"self":[{"href":"https:\/\/cce.it\/es\/wp-json\/wp\/v2\/pages\/28"}],"collection":[{"href":"https:\/\/cce.it\/es\/wp-json\/wp\/v2\/pages"}],"about":[{"href":"https:\/\/cce.it\/es\/wp-json\/wp\/v2\/types\/page"}],"author":[{"embeddable":true,"href":"https:\/\/cce.it\/es\/wp-json\/wp\/v2\/users\/2"}],"replies":[{"embeddable":true,"href":"https:\/\/cce.it\/es\/wp-json\/wp\/v2\/comments?post=28"}],"version-history":[{"count":3,"href":"https:\/\/cce.it\/es\/wp-json\/wp\/v2\/pages\/28\/revisions"}],"predecessor-version":[{"id":10106,"href":"https:\/\/cce.it\/es\/wp-json\/wp\/v2\/pages\/28\/revisions\/10106"}],"wp:featuredmedia":[{"embeddable":true,"href":"https:\/\/cce.it\/es\/wp-json\/wp\/v2\/media\/21297"}],"wp:attachment":[{"href":"https:\/\/cce.it\/es\/wp-json\/wp\/v2\/media?parent=28"}],"curies":[{"name":"wp","href":"https:\/\/api.w.org\/{rel}","templated":true}]}}