{"id":21189,"date":"2023-08-24T10:12:48","date_gmt":"2023-08-24T08:12:48","guid":{"rendered":"https:\/\/cce.it\/?page_id=21189"},"modified":"2025-01-23T11:38:31","modified_gmt":"2025-01-23T10:38:31","slug":"certificaciones","status":"publish","type":"page","link":"https:\/\/cce.it\/es\/certificaciones\/","title":{"rendered":"Certificaciones"},"content":{"rendered":"\n<div class=\"wp-container-3 wp-block-columns\">\n<div class=\"wp-container-1 wp-block-column\" style=\"flex-basis:33.33%\">\n<p><\/p>\n\n\n\n<p>La empresa cuenta con la certificaci\u00f3n ISO 9001 \/ ISO 45001 y pone gran atenci\u00f3n en la calidad y seguridad de los procesos empresariales.<\/p>\n\n\n\n<p>En 2022 tambi\u00e9n se complet\u00f3 el proceso de certificaci\u00f3n ISO 14001 con la implantaci\u00f3n de un sistema de gesti\u00f3n ambiental para apoyar las distintas acciones ya implementadas.<\/p>\n<\/div>\n\n\n\n<div class=\"wp-container-2 wp-block-column\" style=\"flex-basis:66.66%\"><div class=\"wp-block-image\">\n<figure class=\"aligncenter size-full is-resized\"><img loading=\"lazy\" src=\"https:\/\/cce.it\/wp-content\/uploads\/CCE-TR-Testmark_9105070522_EN.jpg\" alt=\"CCE - Certificazioni ISO tuv.com\" class=\"wp-image-21124\" width=\"500\" height=\"178\"\/><\/figure><\/div><\/div>\n<\/div>\n\n\n\n<div class=\"wp-container-7 wp-block-columns\">\n<div class=\"wp-container-4 wp-block-column\"><div class=\"wp-block-image\">\n<figure class=\"aligncenter size-full\"><a href=\"\/downloads\/CCE-certificato-ISO-9001_en.pdf\" target=\"_blank\" rel=\"noreferrer noopener\"><img loading=\"lazy\" width=\"81\" height=\"80\" src=\"https:\/\/cce.it\/wp-content\/uploads\/DS_cat_04-04.png\" alt=\"icona catalogo CCE\" class=\"wp-image-5938\"\/><\/a><\/figure><\/div>\n\n\n<p class=\"has-text-align-center\"><a href=\"\/downloads\/CCE-certificato-ISO-9001_en.pdf\" target=\"_blank\" rel=\"noreferrer noopener\"><strong>CERTIFICACI\u00d3N<\/strong><br \/>ISO 9001<\/a><\/p>\n<\/div>\n\n\n\n<div class=\"wp-container-5 wp-block-column\"><div class=\"wp-block-image\">\n<figure class=\"aligncenter size-full\"><a href=\"\/downloads\/CCE-certificato-ISO-45001_en.pdf\" target=\"_blank\" rel=\"noreferrer noopener\"><img loading=\"lazy\" width=\"81\" height=\"80\" src=\"https:\/\/cce.it\/wp-content\/uploads\/DS_cat_04-04.png\" alt=\"icona catalogo CCE\" class=\"wp-image-5938\"\/><\/a><\/figure><\/div>\n\n\n<p class=\"has-text-align-center\"><a href=\"\/downloads\/CCE-certificato-ISO-45001_en.pdf\" target=\"_blank\" rel=\"noreferrer noopener\"><strong>CERTIFICACI\u00d3N<\/strong><br \/>ISO 45001<\/a><\/p>\n<\/div>\n\n\n\n<div class=\"wp-container-6 wp-block-column\"><div class=\"wp-block-image\">\n<figure class=\"aligncenter size-full\"><a href=\"\/downloads\/CCE-certificato-ISO-14001_en.pdf\"><img loading=\"lazy\" width=\"81\" height=\"80\" src=\"https:\/\/cce.it\/wp-content\/uploads\/DS_cat_04-04.png\" alt=\"icona catalogo CCE\" class=\"wp-image-5938\"\/><\/a><\/figure><\/div>\n\n\n<p class=\"has-text-align-center\"><a href=\"\/downloads\/CCE-certificato-ISO-14001_en.pdf\" target=\"_blank\" rel=\"noreferrer noopener\"><strong>CERTIFICACI\u00d3N<\/strong><br \/>ISO 14001<\/a><\/p>\n<\/div>\n<\/div>\n\n\n\n<div style=\"height:40px\" aria-hidden=\"true\" class=\"wp-block-spacer\"><\/div>\n\n\n\n<h2>Divisi\u00f2n Seguridad &#8211; Safety Division<\/h2>\n\n\n\n<div class=\"wp-container-11 wp-block-columns\">\n<div class=\"wp-container-8 wp-block-column\"><div class=\"wp-block-image\">\n<figure class=\"aligncenter size-full\"><a href=\"\/downloads\/IMQ-CR-466-DM_rev-3-CCE.pdf\" target=\"_blank\" rel=\"noreferrer noopener\"><img loading=\"lazy\" width=\"81\" height=\"80\" src=\"https:\/\/cce.it\/wp-content\/uploads\/DS_cat_04-04.png\" alt=\"icona catalogo CCE\" class=\"wp-image-5938\"\/><\/a><\/figure><\/div>\n\n\n<p class=\"has-text-align-center\"><a href=\"https:\/\/cdn.scrigno.com\/cce\/download\/IMQ-CT-496-DM_rev-1-CCE.pdf\" target=\"_blank\" rel=\"noreferrer noopener\"><\/a><a href=\"\/downloads\/IMQ-CR-466-DM_rev-3-CCE.pdf\" target=\"_blank\" rel=\"noreferrer noopener\"><strong>CERTIFICACI\u00d3N<\/strong><br \/>EN 12978 &#8211; Categoria 2<\/a><\/p>\n<\/div>\n\n\n\n<div class=\"wp-container-9 wp-block-column\"><div class=\"wp-block-image\">\n<figure class=\"aligncenter size-full\"><a href=\"\/downloads\/IMQ-CT-496-DM_rev-1-CCE.pdf\"><img loading=\"lazy\" width=\"81\" height=\"80\" src=\"https:\/\/cce.it\/wp-content\/uploads\/DS_cat_04-04.png\" alt=\"icona catalogo CCE\" class=\"wp-image-5938\"\/><\/a><\/figure><\/div>\n\n\n<p class=\"has-text-align-center\"><a href=\"\/downloads\/IMQ-CT-496-DM_rev-1-CCE.pdf\" target=\"_blank\" rel=\"noreferrer noopener\"><strong>CERTIFICACI\u00d3N<\/strong><br \/>EN 12978 &#8211; Categoria 3<\/a><\/p>\n<\/div>\n\n\n\n<div class=\"wp-container-10 wp-block-column\"><\/div>\n<\/div>\n","protected":false},"excerpt":{"rendered":"<p>La empresa cuenta con la certificaci\u00f3n ISO 9001 \/ ISO 45001 y pone gran atenci\u00f3n en la calidad y seguridad de los procesos empresariales. En 2022 tambi\u00e9n se complet\u00f3 el proceso de certificaci\u00f3n ISO 14001 con la implantaci\u00f3n de un sistema de gesti\u00f3n ambiental para apoyar las distintas acciones ya implementadas. CERTIFICACI\u00d3NISO 9001 CERTIFICACI\u00d3NISO 45001 &hellip; <a href=\"https:\/\/cce.it\/es\/certificaciones\/\">Continua<\/a><\/p>\n","protected":false},"author":2,"featured_media":0,"parent":0,"menu_order":14,"comment_status":"closed","ping_status":"closed","template":"","meta":[],"acf":[],"yoast_head":"<!-- This site is optimized with the Yoast SEO plugin v15.0 - https:\/\/yoast.com\/wordpress\/plugins\/seo\/ -->\n<title>Certificaciones - CCE<\/title>\n<meta name=\"robots\" content=\"index, follow, max-snippet:-1, max-image-preview:large, max-video-preview:-1\" \/>\n<link rel=\"canonical\" href=\"https:\/\/cce.it\/es\/certificaciones\/\" \/>\n<meta property=\"og:locale\" content=\"it_IT\" \/>\n<meta property=\"og:type\" content=\"article\" \/>\n<meta property=\"og:title\" content=\"Certificaciones - CCE\" \/>\n<meta property=\"og:description\" content=\"La empresa cuenta con la certificaci\u00f3n ISO 9001 \/ ISO 45001 y pone gran atenci\u00f3n en la calidad y seguridad de los procesos empresariales. En 2022 tambi\u00e9n se complet\u00f3 el proceso de certificaci\u00f3n ISO 14001 con la implantaci\u00f3n de un sistema de gesti\u00f3n ambiental para apoyar las distintas acciones ya implementadas. CERTIFICACI\u00d3NISO 9001 CERTIFICACI\u00d3NISO 45001 &hellip; Continua\" \/>\n<meta property=\"og:url\" content=\"https:\/\/cce.it\/es\/certificaciones\/\" \/>\n<meta property=\"og:site_name\" content=\"CCE\" \/>\n<meta property=\"article:modified_time\" content=\"2025-01-23T10:38:31+00:00\" \/>\n<meta property=\"og:image\" content=\"https:\/\/cce.it\/wp-content\/uploads\/CCE-TR-Testmark_9105070522_EN.jpg\" \/>\n<script type=\"application\/ld+json\" class=\"yoast-schema-graph\">{\"@context\":\"https:\/\/schema.org\",\"@graph\":[{\"@type\":\"WebSite\",\"@id\":\"https:\/\/cce.it\/es\/#website\",\"url\":\"https:\/\/cce.it\/es\/\",\"name\":\"CCE\",\"description\":\"\",\"potentialAction\":[{\"@type\":\"SearchAction\",\"target\":\"https:\/\/cce.it\/es\/?s={search_term_string}\",\"query-input\":\"required name=search_term_string\"}],\"inLanguage\":\"it-IT\"},{\"@type\":\"ImageObject\",\"@id\":\"https:\/\/cce.it\/es\/certificaciones\/#primaryimage\",\"inLanguage\":\"it-IT\",\"url\":\"https:\/\/cce.it\/wp-content\/uploads\/CCE-TR-Testmark_9105070522_EN.jpg\",\"width\":800,\"height\":295,\"caption\":\"CCE - Certificazioni ISO tuv.com\"},{\"@type\":\"WebPage\",\"@id\":\"https:\/\/cce.it\/es\/certificaciones\/#webpage\",\"url\":\"https:\/\/cce.it\/es\/certificaciones\/\",\"name\":\"Certificaciones - CCE\",\"isPartOf\":{\"@id\":\"https:\/\/cce.it\/es\/#website\"},\"primaryImageOfPage\":{\"@id\":\"https:\/\/cce.it\/es\/certificaciones\/#primaryimage\"},\"datePublished\":\"2023-08-24T08:12:48+00:00\",\"dateModified\":\"2025-01-23T10:38:31+00:00\",\"breadcrumb\":{\"@id\":\"https:\/\/cce.it\/es\/certificaciones\/#breadcrumb\"},\"inLanguage\":\"it-IT\",\"potentialAction\":[{\"@type\":\"ReadAction\",\"target\":[\"https:\/\/cce.it\/es\/certificaciones\/\"]}]},{\"@type\":\"BreadcrumbList\",\"@id\":\"https:\/\/cce.it\/es\/certificaciones\/#breadcrumb\",\"itemListElement\":[{\"@type\":\"ListItem\",\"position\":1,\"item\":{\"@type\":\"WebPage\",\"@id\":\"https:\/\/cce.it\/\",\"url\":\"https:\/\/cce.it\/\",\"name\":\"Home\"}},{\"@type\":\"ListItem\",\"position\":2,\"item\":{\"@type\":\"WebPage\",\"@id\":\"https:\/\/cce.it\/es\/certificaciones\/\",\"url\":\"https:\/\/cce.it\/es\/certificaciones\/\",\"name\":\"Certificaciones\"}}]}]}<\/script>\n<!-- \/ Yoast SEO plugin. -->","_links":{"self":[{"href":"https:\/\/cce.it\/es\/wp-json\/wp\/v2\/pages\/21189"}],"collection":[{"href":"https:\/\/cce.it\/es\/wp-json\/wp\/v2\/pages"}],"about":[{"href":"https:\/\/cce.it\/es\/wp-json\/wp\/v2\/types\/page"}],"author":[{"embeddable":true,"href":"https:\/\/cce.it\/es\/wp-json\/wp\/v2\/users\/2"}],"replies":[{"embeddable":true,"href":"https:\/\/cce.it\/es\/wp-json\/wp\/v2\/comments?post=21189"}],"version-history":[{"count":3,"href":"https:\/\/cce.it\/es\/wp-json\/wp\/v2\/pages\/21189\/revisions"}],"predecessor-version":[{"id":22076,"href":"https:\/\/cce.it\/es\/wp-json\/wp\/v2\/pages\/21189\/revisions\/22076"}],"wp:attachment":[{"href":"https:\/\/cce.it\/es\/wp-json\/wp\/v2\/media?parent=21189"}],"curies":[{"name":"wp","href":"https:\/\/api.w.org\/{rel}","templated":true}]}}