{"id":20541,"date":"2022-01-24T10:38:11","date_gmt":"2022-01-24T09:38:11","guid":{"rendered":"https:\/\/cce.it\/division-seguridad\/categorias\/accessori\/"},"modified":"2022-01-26T10:29:03","modified_gmt":"2022-01-26T09:29:03","slug":"accesorios","status":"publish","type":"page","link":"https:\/\/cce.it\/es\/division-seguridad\/categorias\/accesorios\/","title":{"rendered":"Accesorios"},"content":{"rendered":"<h5><span style=\"color: #000;\"> INFORMAZIONI<\/span><\/h5>\n<hr \/>\n<p>Familia de accesorios universales para automaciones compuesta por una amplia gama de luces intermitentes LED adaptables a cualquier tipo de aplicaci\u00f3n que combinan practicidad y dise\u00f1o con un alto rendimiento de ahorro energ\u00e9tico, un sem\u00e1foro compacto e inoxidable y un teclado universal. La familia se completa con la tarjeta de control para bandas de seguridad resistivas SCHED2 \/ SCHED3.<\/p>\n","protected":false},"excerpt":{"rendered":"<p>INFORMAZIONI Familia de accesorios universales para automaciones compuesta por una amplia gama de luces intermitentes LED adaptables a cualquier tipo de aplicaci\u00f3n que combinan practicidad y dise\u00f1o con un alto rendimiento de ahorro energ\u00e9tico, un sem\u00e1foro compacto e inoxidable y un teclado universal. La familia se completa con la tarjeta de control para bandas de &hellip; <a href=\"https:\/\/cce.it\/es\/division-seguridad\/categorias\/accesorios\/\">Continua<\/a><\/p>\n","protected":false},"author":12,"featured_media":20697,"parent":104,"menu_order":123,"comment_status":"closed","ping_status":"closed","template":"template-family.php","meta":[],"acf":[],"yoast_head":"<!-- This site is optimized with the Yoast SEO plugin v15.0 - https:\/\/yoast.com\/wordpress\/plugins\/seo\/ -->\n<title>Accesorios - CCE<\/title>\n<meta name=\"robots\" content=\"index, follow, max-snippet:-1, max-image-preview:large, max-video-preview:-1\" \/>\n<link rel=\"canonical\" href=\"https:\/\/cce.it\/es\/division-seguridad\/categorias\/accesorios\/\" \/>\n<meta property=\"og:locale\" content=\"it_IT\" \/>\n<meta property=\"og:type\" content=\"article\" \/>\n<meta property=\"og:title\" content=\"Accesorios - CCE\" \/>\n<meta property=\"og:description\" content=\"INFORMAZIONI Familia de accesorios universales para automaciones compuesta por una amplia gama de luces intermitentes LED adaptables a cualquier tipo de aplicaci\u00f3n que combinan practicidad y dise\u00f1o con un alto rendimiento de ahorro energ\u00e9tico, un sem\u00e1foro compacto e inoxidable y un teclado universal. La familia se completa con la tarjeta de control para bandas de &hellip; Continua\" \/>\n<meta property=\"og:url\" content=\"https:\/\/cce.it\/es\/division-seguridad\/categorias\/accesorios\/\" \/>\n<meta property=\"og:site_name\" content=\"CCE\" \/>\n<meta property=\"article:modified_time\" content=\"2022-01-26T09:29:03+00:00\" \/>\n<meta property=\"og:image\" content=\"https:\/\/cce.it\/wp-content\/uploads\/cce_famiglia_accessori_testata-1.jpg\" \/>\n\t<meta property=\"og:image:width\" content=\"1920\" \/>\n\t<meta property=\"og:image:height\" content=\"726\" \/>\n<script type=\"application\/ld+json\" class=\"yoast-schema-graph\">{\"@context\":\"https:\/\/schema.org\",\"@graph\":[{\"@type\":\"WebSite\",\"@id\":\"https:\/\/cce.it\/es\/#website\",\"url\":\"https:\/\/cce.it\/es\/\",\"name\":\"CCE\",\"description\":\"\",\"potentialAction\":[{\"@type\":\"SearchAction\",\"target\":\"https:\/\/cce.it\/es\/?s={search_term_string}\",\"query-input\":\"required name=search_term_string\"}],\"inLanguage\":\"it-IT\"},{\"@type\":\"ImageObject\",\"@id\":\"https:\/\/cce.it\/es\/division-seguridad\/categorias\/accesorios\/#primaryimage\",\"inLanguage\":\"it-IT\",\"url\":\"https:\/\/cce.it\/wp-content\/uploads\/cce_famiglia_accessori_testata-1.jpg\",\"width\":1920,\"height\":726},{\"@type\":\"WebPage\",\"@id\":\"https:\/\/cce.it\/es\/division-seguridad\/categorias\/accesorios\/#webpage\",\"url\":\"https:\/\/cce.it\/es\/division-seguridad\/categorias\/accesorios\/\",\"name\":\"Accesorios - CCE\",\"isPartOf\":{\"@id\":\"https:\/\/cce.it\/es\/#website\"},\"primaryImageOfPage\":{\"@id\":\"https:\/\/cce.it\/es\/division-seguridad\/categorias\/accesorios\/#primaryimage\"},\"datePublished\":\"2022-01-24T09:38:11+00:00\",\"dateModified\":\"2022-01-26T09:29:03+00:00\",\"breadcrumb\":{\"@id\":\"https:\/\/cce.it\/es\/division-seguridad\/categorias\/accesorios\/#breadcrumb\"},\"inLanguage\":\"it-IT\",\"potentialAction\":[{\"@type\":\"ReadAction\",\"target\":[\"https:\/\/cce.it\/es\/division-seguridad\/categorias\/accesorios\/\"]}]},{\"@type\":\"BreadcrumbList\",\"@id\":\"https:\/\/cce.it\/es\/division-seguridad\/categorias\/accesorios\/#breadcrumb\",\"itemListElement\":[{\"@type\":\"ListItem\",\"position\":1,\"item\":{\"@type\":\"WebPage\",\"@id\":\"https:\/\/cce.it\/\",\"url\":\"https:\/\/cce.it\/\",\"name\":\"Home\"}},{\"@type\":\"ListItem\",\"position\":2,\"item\":{\"@type\":\"WebPage\",\"@id\":\"https:\/\/cce.it\/es\/division-seguridad\/\",\"url\":\"https:\/\/cce.it\/es\/division-seguridad\/\",\"name\":\"Divisi\\u00f2n Seguridad\"}},{\"@type\":\"ListItem\",\"position\":3,\"item\":{\"@type\":\"WebPage\",\"@id\":\"https:\/\/cce.it\/es\/division-seguridad\/categorias\/\",\"url\":\"https:\/\/cce.it\/es\/division-seguridad\/categorias\/\",\"name\":\"Categor\\u00edas\"}},{\"@type\":\"ListItem\",\"position\":4,\"item\":{\"@type\":\"WebPage\",\"@id\":\"https:\/\/cce.it\/es\/division-seguridad\/categorias\/accesorios\/\",\"url\":\"https:\/\/cce.it\/es\/division-seguridad\/categorias\/accesorios\/\",\"name\":\"Accesorios\"}}]}]}<\/script>\n<!-- \/ Yoast SEO plugin. -->","_links":{"self":[{"href":"https:\/\/cce.it\/es\/wp-json\/wp\/v2\/pages\/20541"}],"collection":[{"href":"https:\/\/cce.it\/es\/wp-json\/wp\/v2\/pages"}],"about":[{"href":"https:\/\/cce.it\/es\/wp-json\/wp\/v2\/types\/page"}],"author":[{"embeddable":true,"href":"https:\/\/cce.it\/es\/wp-json\/wp\/v2\/users\/12"}],"replies":[{"embeddable":true,"href":"https:\/\/cce.it\/es\/wp-json\/wp\/v2\/comments?post=20541"}],"version-history":[{"count":5,"href":"https:\/\/cce.it\/es\/wp-json\/wp\/v2\/pages\/20541\/revisions"}],"predecessor-version":[{"id":20729,"href":"https:\/\/cce.it\/es\/wp-json\/wp\/v2\/pages\/20541\/revisions\/20729"}],"up":[{"embeddable":true,"href":"https:\/\/cce.it\/es\/wp-json\/wp\/v2\/pages\/104"}],"wp:featuredmedia":[{"embeddable":true,"href":"https:\/\/cce.it\/es\/wp-json\/wp\/v2\/media\/20697"}],"wp:attachment":[{"href":"https:\/\/cce.it\/es\/wp-json\/wp\/v2\/media?parent=20541"}],"curies":[{"name":"wp","href":"https:\/\/api.w.org\/{rel}","templated":true}]}}