{"id":18824,"date":"2018-11-15T09:08:17","date_gmt":"2018-11-15T08:08:17","guid":{"rendered":"https:\/\/cce.it\/radio-mobile-rx-evo-868-mhz\/"},"modified":"2018-11-15T09:38:24","modified_gmt":"2018-11-15T08:38:24","slug":"radio-mobile-rx-evo-868-mhz","status":"publish","type":"page","link":"https:\/\/cce.it\/es\/division-seguridad\/categorias\/radio\/radio-mobile-rx-evo-868-mhz\/","title":{"rendered":"RADIO MOBILE RX EVO 868 MHz"},"content":{"rendered":"<h5><span style=\"color: #000;\"> INFORMAZIONI<\/span><\/h5>\n<hr \/>\n<p>Radio EVO es la tercera generaci\u00f3n del sistema de comunicaci\u00f3n inal\u00e1mbrica CCE, con un rendimiento mejorado y nuevas funciones.<\/p>\n","protected":false},"excerpt":{"rendered":"<p>INFORMAZIONI Radio EVO es la tercera generaci\u00f3n del sistema de comunicaci\u00f3n inal\u00e1mbrica CCE, con un rendimiento mejorado y nuevas funciones.<\/p>\n","protected":false},"author":12,"featured_media":18802,"parent":20606,"menu_order":1050,"comment_status":"closed","ping_status":"closed","template":"template-sicurezza-product.php","meta":[],"acf":[],"yoast_head":"<!-- This site is optimized with the Yoast SEO plugin v15.0 - https:\/\/yoast.com\/wordpress\/plugins\/seo\/ -->\n<title>RADIO MOBILE RX EVO 868 MHz - CCE<\/title>\n<meta name=\"robots\" content=\"index, follow, max-snippet:-1, max-image-preview:large, max-video-preview:-1\" \/>\n<link rel=\"canonical\" href=\"https:\/\/cce.it\/es\/radio-mobile-rx-evo-868-mhz\/\" \/>\n<meta property=\"og:locale\" content=\"it_IT\" \/>\n<meta property=\"og:type\" content=\"article\" \/>\n<meta property=\"og:title\" content=\"RADIO MOBILE RX EVO 868 MHz - CCE\" \/>\n<meta property=\"og:description\" content=\"INFORMAZIONI Radio EVO es la tercera generaci\u00f3n del sistema de comunicaci\u00f3n inal\u00e1mbrica CCE, con un rendimiento mejorado y nuevas funciones.\" \/>\n<meta property=\"og:url\" content=\"https:\/\/cce.it\/es\/radio-mobile-rx-evo-868-mhz\/\" \/>\n<meta property=\"og:site_name\" content=\"CCE\" \/>\n<meta property=\"article:modified_time\" content=\"2018-11-15T08:38:24+00:00\" \/>\n<meta property=\"og:image\" content=\"https:\/\/cce.it\/wp-content\/uploads\/rx_evo_sito.jpg\" \/>\n\t<meta property=\"og:image:width\" content=\"1920\" \/>\n\t<meta property=\"og:image:height\" content=\"726\" \/>\n<script type=\"application\/ld+json\" class=\"yoast-schema-graph\">{\"@context\":\"https:\/\/schema.org\",\"@graph\":[{\"@type\":\"WebSite\",\"@id\":\"https:\/\/cce.it\/es\/#website\",\"url\":\"https:\/\/cce.it\/es\/\",\"name\":\"CCE\",\"description\":\"\",\"potentialAction\":[{\"@type\":\"SearchAction\",\"target\":\"https:\/\/cce.it\/es\/?s={search_term_string}\",\"query-input\":\"required name=search_term_string\"}],\"inLanguage\":\"it-IT\"},{\"@type\":\"ImageObject\",\"@id\":\"https:\/\/cce.it\/es\/radio-mobile-rx-evo-868-mhz\/#primaryimage\",\"inLanguage\":\"it-IT\",\"url\":\"https:\/\/cce.it\/wp-content\/uploads\/rx_evo_sito.jpg\",\"width\":1920,\"height\":726},{\"@type\":\"WebPage\",\"@id\":\"https:\/\/cce.it\/es\/radio-mobile-rx-evo-868-mhz\/#webpage\",\"url\":\"https:\/\/cce.it\/es\/radio-mobile-rx-evo-868-mhz\/\",\"name\":\"RADIO MOBILE RX EVO 868 MHz - CCE\",\"isPartOf\":{\"@id\":\"https:\/\/cce.it\/es\/#website\"},\"primaryImageOfPage\":{\"@id\":\"https:\/\/cce.it\/es\/radio-mobile-rx-evo-868-mhz\/#primaryimage\"},\"datePublished\":\"2018-11-15T08:08:17+00:00\",\"dateModified\":\"2018-11-15T08:38:24+00:00\",\"breadcrumb\":{\"@id\":\"https:\/\/cce.it\/es\/radio-mobile-rx-evo-868-mhz\/#breadcrumb\"},\"inLanguage\":\"it-IT\",\"potentialAction\":[{\"@type\":\"ReadAction\",\"target\":[\"https:\/\/cce.it\/es\/radio-mobile-rx-evo-868-mhz\/\"]}]},{\"@type\":\"BreadcrumbList\",\"@id\":\"https:\/\/cce.it\/es\/radio-mobile-rx-evo-868-mhz\/#breadcrumb\",\"itemListElement\":[{\"@type\":\"ListItem\",\"position\":1,\"item\":{\"@type\":\"WebPage\",\"@id\":\"https:\/\/cce.it\/\",\"url\":\"https:\/\/cce.it\/\",\"name\":\"Home\"}},{\"@type\":\"ListItem\",\"position\":2,\"item\":{\"@type\":\"WebPage\",\"@id\":\"https:\/\/cce.it\/es\/division-seguridad\/\",\"url\":\"https:\/\/cce.it\/es\/division-seguridad\/\",\"name\":\"Divisi\\u00f2n Seguridad\"}},{\"@type\":\"ListItem\",\"position\":3,\"item\":{\"@type\":\"WebPage\",\"@id\":\"https:\/\/cce.it\/es\/division-seguridad\/categorias\/\",\"url\":\"https:\/\/cce.it\/es\/division-seguridad\/categorias\/\",\"name\":\"Categor\\u00edas\"}},{\"@type\":\"ListItem\",\"position\":4,\"item\":{\"@type\":\"WebPage\",\"@id\":\"https:\/\/cce.it\/es\/division-seguridad\/categorias\/mini-cnd\/\",\"url\":\"https:\/\/cce.it\/es\/division-seguridad\/categorias\/mini-cnd\/\",\"name\":\"Mini CND\"}},{\"@type\":\"ListItem\",\"position\":5,\"item\":{\"@type\":\"WebPage\",\"@id\":\"https:\/\/cce.it\/es\/radio-mobile-rx-evo-868-mhz\/\",\"url\":\"https:\/\/cce.it\/es\/radio-mobile-rx-evo-868-mhz\/\",\"name\":\"RADIO MOBILE RX EVO 868 MHz\"}}]}]}<\/script>\n<!-- \/ Yoast SEO plugin. -->","_links":{"self":[{"href":"https:\/\/cce.it\/es\/wp-json\/wp\/v2\/pages\/18824"}],"collection":[{"href":"https:\/\/cce.it\/es\/wp-json\/wp\/v2\/pages"}],"about":[{"href":"https:\/\/cce.it\/es\/wp-json\/wp\/v2\/types\/page"}],"author":[{"embeddable":true,"href":"https:\/\/cce.it\/es\/wp-json\/wp\/v2\/users\/12"}],"replies":[{"embeddable":true,"href":"https:\/\/cce.it\/es\/wp-json\/wp\/v2\/comments?post=18824"}],"version-history":[{"count":1,"href":"https:\/\/cce.it\/es\/wp-json\/wp\/v2\/pages\/18824\/revisions"}],"predecessor-version":[{"id":18825,"href":"https:\/\/cce.it\/es\/wp-json\/wp\/v2\/pages\/18824\/revisions\/18825"}],"up":[{"embeddable":true,"href":"https:\/\/cce.it\/es\/wp-json\/wp\/v2\/pages\/20606"}],"wp:featuredmedia":[{"embeddable":true,"href":"https:\/\/cce.it\/es\/wp-json\/wp\/v2\/media\/18802"}],"wp:attachment":[{"href":"https:\/\/cce.it\/es\/wp-json\/wp\/v2\/media?parent=18824"}],"curies":[{"name":"wp","href":"https:\/\/api.w.org\/{rel}","templated":true}]}}