{"id":12909,"date":"2018-04-26T14:27:41","date_gmt":"2018-04-26T12:27:41","guid":{"rendered":"https:\/\/cce.it\/\/trend-12x20-one-size\/"},"modified":"2018-11-26T15:37:47","modified_gmt":"2018-11-26T14:37:47","slug":"trend-12x20-one-size","status":"publish","type":"page","link":"https:\/\/cce.it\/es\/division-juntas-automaticas\/categorias\/one-size\/trend-12x20-one-size\/","title":{"rendered":"Trend 12&#215;20 one size"},"content":{"rendered":"<h5><span>INFORMACI\u00d3N<\/span><\/h5>\n<hr \/>\n<p>Modelo sencillo y de tama\u00f1o reducido pero con buenas propiedades de aislamiento ac\u00fastico, disponible en muchas com- binaciones de pulsadores y juntas. Seg\u00fan la junta elegida, se pueden conseguir reducciones de emisiones ac\u00fasticas que van desde los 32 dB a los 39 dB, resultados excepcionales para una junta autom\u00e1tica tan sencilla y compacta.<\/p>\n","protected":false},"excerpt":{"rendered":"<p>INFORMACI\u00d3N Modelo sencillo y de tama\u00f1o reducido pero con buenas propiedades de aislamiento ac\u00fastico, disponible en muchas com- binaciones de pulsadores y juntas. Seg\u00fan la junta elegida, se pueden conseguir reducciones de emisiones ac\u00fasticas que van desde los 32 dB a los 39 dB, resultados excepcionales para una junta autom\u00e1tica tan sencilla y compacta.<\/p>\n","protected":false},"author":12,"featured_media":8957,"parent":15042,"menu_order":780,"comment_status":"closed","ping_status":"closed","template":"template-antis-product.php","meta":[],"acf":[],"yoast_head":"<!-- This site is optimized with the Yoast SEO plugin v15.0 - https:\/\/yoast.com\/wordpress\/plugins\/seo\/ -->\n<title>Trend 12x20 one size - CCE<\/title>\n<meta name=\"robots\" content=\"index, follow, max-snippet:-1, max-image-preview:large, max-video-preview:-1\" \/>\n<link rel=\"canonical\" href=\"https:\/\/cce.it\/es\/division-juntas-automaticas\/categorias\/one-size\/trend-12x20-one-size\/\" \/>\n<meta property=\"og:locale\" content=\"it_IT\" \/>\n<meta property=\"og:type\" content=\"article\" \/>\n<meta property=\"og:title\" content=\"Trend 12x20 one size - CCE\" \/>\n<meta property=\"og:description\" content=\"INFORMACI\u00d3N Modelo sencillo y de tama\u00f1o reducido pero con buenas propiedades de aislamiento ac\u00fastico, disponible en muchas com- binaciones de pulsadores y juntas. Seg\u00fan la junta elegida, se pueden conseguir reducciones de emisiones ac\u00fasticas que van desde los 32 dB a los 39 dB, resultados excepcionales para una junta autom\u00e1tica tan sencilla y compacta.\" \/>\n<meta property=\"og:url\" content=\"https:\/\/cce.it\/es\/division-juntas-automaticas\/categorias\/one-size\/trend-12x20-one-size\/\" \/>\n<meta property=\"og:site_name\" content=\"CCE\" \/>\n<meta property=\"article:modified_time\" content=\"2018-11-26T14:37:47+00:00\" \/>\n<meta property=\"og:image\" content=\"https:\/\/cce.it\/wp-content\/uploads\/astd-prodotto_rev2.jpg\" \/>\n\t<meta property=\"og:image:width\" content=\"1920\" \/>\n\t<meta property=\"og:image:height\" content=\"726\" \/>\n<script type=\"application\/ld+json\" class=\"yoast-schema-graph\">{\"@context\":\"https:\/\/schema.org\",\"@graph\":[{\"@type\":\"WebSite\",\"@id\":\"https:\/\/cce.it\/es\/#website\",\"url\":\"https:\/\/cce.it\/es\/\",\"name\":\"CCE\",\"description\":\"\",\"potentialAction\":[{\"@type\":\"SearchAction\",\"target\":\"https:\/\/cce.it\/es\/?s={search_term_string}\",\"query-input\":\"required name=search_term_string\"}],\"inLanguage\":\"it-IT\"},{\"@type\":\"ImageObject\",\"@id\":\"https:\/\/cce.it\/es\/division-juntas-automaticas\/categorias\/one-size\/trend-12x20-one-size\/#primaryimage\",\"inLanguage\":\"it-IT\",\"url\":\"https:\/\/cce.it\/wp-content\/uploads\/astd-prodotto_rev2.jpg\",\"width\":1920,\"height\":726},{\"@type\":\"WebPage\",\"@id\":\"https:\/\/cce.it\/es\/division-juntas-automaticas\/categorias\/one-size\/trend-12x20-one-size\/#webpage\",\"url\":\"https:\/\/cce.it\/es\/division-juntas-automaticas\/categorias\/one-size\/trend-12x20-one-size\/\",\"name\":\"Trend 12x20 one size - CCE\",\"isPartOf\":{\"@id\":\"https:\/\/cce.it\/es\/#website\"},\"primaryImageOfPage\":{\"@id\":\"https:\/\/cce.it\/es\/division-juntas-automaticas\/categorias\/one-size\/trend-12x20-one-size\/#primaryimage\"},\"datePublished\":\"2018-04-26T12:27:41+00:00\",\"dateModified\":\"2018-11-26T14:37:47+00:00\",\"breadcrumb\":{\"@id\":\"https:\/\/cce.it\/es\/division-juntas-automaticas\/categorias\/one-size\/trend-12x20-one-size\/#breadcrumb\"},\"inLanguage\":\"it-IT\",\"potentialAction\":[{\"@type\":\"ReadAction\",\"target\":[\"https:\/\/cce.it\/es\/division-juntas-automaticas\/categorias\/one-size\/trend-12x20-one-size\/\"]}]},{\"@type\":\"BreadcrumbList\",\"@id\":\"https:\/\/cce.it\/es\/division-juntas-automaticas\/categorias\/one-size\/trend-12x20-one-size\/#breadcrumb\",\"itemListElement\":[{\"@type\":\"ListItem\",\"position\":1,\"item\":{\"@type\":\"WebPage\",\"@id\":\"https:\/\/cce.it\/\",\"url\":\"https:\/\/cce.it\/\",\"name\":\"Home\"}},{\"@type\":\"ListItem\",\"position\":2,\"item\":{\"@type\":\"WebPage\",\"@id\":\"https:\/\/cce.it\/es\/division-juntas-automaticas\/\",\"url\":\"https:\/\/cce.it\/es\/division-juntas-automaticas\/\",\"name\":\"Divisi\\u00f2n Juntas Autom\\u00e0ticas\"}},{\"@type\":\"ListItem\",\"position\":3,\"item\":{\"@type\":\"WebPage\",\"@id\":\"https:\/\/cce.it\/es\/division-juntas-automaticas\/categorias\/\",\"url\":\"https:\/\/cce.it\/es\/division-juntas-automaticas\/categorias\/\",\"name\":\"Categor\\u00edas\"}},{\"@type\":\"ListItem\",\"position\":4,\"item\":{\"@type\":\"WebPage\",\"@id\":\"https:\/\/cce.it\/es\/division-juntas-automaticas\/categorias\/one-size\/\",\"url\":\"https:\/\/cce.it\/es\/division-juntas-automaticas\/categorias\/one-size\/\",\"name\":\"One size\"}},{\"@type\":\"ListItem\",\"position\":5,\"item\":{\"@type\":\"WebPage\",\"@id\":\"https:\/\/cce.it\/es\/division-juntas-automaticas\/categorias\/one-size\/trend-12x20-one-size\/\",\"url\":\"https:\/\/cce.it\/es\/division-juntas-automaticas\/categorias\/one-size\/trend-12x20-one-size\/\",\"name\":\"Trend 12&#215;20 one size\"}}]}]}<\/script>\n<!-- \/ Yoast SEO plugin. -->","_links":{"self":[{"href":"https:\/\/cce.it\/es\/wp-json\/wp\/v2\/pages\/12909"}],"collection":[{"href":"https:\/\/cce.it\/es\/wp-json\/wp\/v2\/pages"}],"about":[{"href":"https:\/\/cce.it\/es\/wp-json\/wp\/v2\/types\/page"}],"author":[{"embeddable":true,"href":"https:\/\/cce.it\/es\/wp-json\/wp\/v2\/users\/12"}],"replies":[{"embeddable":true,"href":"https:\/\/cce.it\/es\/wp-json\/wp\/v2\/comments?post=12909"}],"version-history":[{"count":9,"href":"https:\/\/cce.it\/es\/wp-json\/wp\/v2\/pages\/12909\/revisions"}],"predecessor-version":[{"id":18946,"href":"https:\/\/cce.it\/es\/wp-json\/wp\/v2\/pages\/12909\/revisions\/18946"}],"up":[{"embeddable":true,"href":"https:\/\/cce.it\/es\/wp-json\/wp\/v2\/pages\/15042"}],"wp:featuredmedia":[{"embeddable":true,"href":"https:\/\/cce.it\/es\/wp-json\/wp\/v2\/media\/8957"}],"wp:attachment":[{"href":"https:\/\/cce.it\/es\/wp-json\/wp\/v2\/media?parent=12909"}],"curies":[{"name":"wp","href":"https:\/\/api.w.org\/{rel}","templated":true}]}}