{"id":128,"date":"2015-02-20T17:10:44","date_gmt":"2015-02-20T16:10:44","guid":{"rendered":"https:\/\/cce.it\/\/divisione-sicurezza\/accessori\/"},"modified":"2015-08-05T09:52:17","modified_gmt":"2015-08-05T07:52:17","slug":"accesorios","status":"publish","type":"page","link":"https:\/\/cce.it\/es\/division-seguridad\/accesorios\/","title":{"rendered":"Accesorios"},"content":{"rendered":"<p>La l\u00ednea de ACCESORIOS consta de una gama completa de dispositivos y sistemas de ayuda, de simplificaci\u00f3n de la instalaci\u00f3n de los automatismos y de protecci\u00f3n contra el aplastamiento de los dedos en puertas de hoja batiente.<\/p>\n","protected":false},"excerpt":{"rendered":"<p>La l\u00ednea de ACCESORIOS consta de una gama completa de dispositivos y sistemas de ayuda, de simplificaci\u00f3n de la instalaci\u00f3n de los automatismos y de protecci\u00f3n contra el aplastamiento de los dedos en puertas de hoja batiente.<\/p>\n","protected":false},"author":2,"featured_media":0,"parent":50,"menu_order":124,"comment_status":"closed","ping_status":"open","template":"template-products.php","meta":[],"acf":[],"yoast_head":"<!-- This site is optimized with the Yoast SEO plugin v15.0 - https:\/\/yoast.com\/wordpress\/plugins\/seo\/ -->\n<title>Accesorios - CCE<\/title>\n<meta name=\"robots\" content=\"index, follow, max-snippet:-1, max-image-preview:large, max-video-preview:-1\" \/>\n<link rel=\"canonical\" href=\"https:\/\/cce.it\/es\/division-seguridad\/accesorios\/\" \/>\n<meta property=\"og:locale\" content=\"it_IT\" \/>\n<meta property=\"og:type\" content=\"article\" \/>\n<meta property=\"og:title\" content=\"Accesorios - CCE\" \/>\n<meta property=\"og:description\" content=\"La l\u00ednea de ACCESORIOS consta de una gama completa de dispositivos y sistemas de ayuda, de simplificaci\u00f3n de la instalaci\u00f3n de los automatismos y de protecci\u00f3n contra el aplastamiento de los dedos en puertas de hoja batiente.\" \/>\n<meta property=\"og:url\" content=\"https:\/\/cce.it\/es\/division-seguridad\/accesorios\/\" \/>\n<meta property=\"og:site_name\" content=\"CCE\" \/>\n<meta property=\"article:modified_time\" content=\"2015-08-05T07:52:17+00:00\" \/>\n<script type=\"application\/ld+json\" class=\"yoast-schema-graph\">{\"@context\":\"https:\/\/schema.org\",\"@graph\":[{\"@type\":\"WebSite\",\"@id\":\"https:\/\/cce.it\/es\/#website\",\"url\":\"https:\/\/cce.it\/es\/\",\"name\":\"CCE\",\"description\":\"\",\"potentialAction\":[{\"@type\":\"SearchAction\",\"target\":\"https:\/\/cce.it\/es\/?s={search_term_string}\",\"query-input\":\"required name=search_term_string\"}],\"inLanguage\":\"it-IT\"},{\"@type\":\"WebPage\",\"@id\":\"https:\/\/cce.it\/es\/division-seguridad\/accesorios\/#webpage\",\"url\":\"https:\/\/cce.it\/es\/division-seguridad\/accesorios\/\",\"name\":\"Accesorios - CCE\",\"isPartOf\":{\"@id\":\"https:\/\/cce.it\/es\/#website\"},\"datePublished\":\"2015-02-20T16:10:44+00:00\",\"dateModified\":\"2015-08-05T07:52:17+00:00\",\"breadcrumb\":{\"@id\":\"https:\/\/cce.it\/es\/division-seguridad\/accesorios\/#breadcrumb\"},\"inLanguage\":\"it-IT\",\"potentialAction\":[{\"@type\":\"ReadAction\",\"target\":[\"https:\/\/cce.it\/es\/division-seguridad\/accesorios\/\"]}]},{\"@type\":\"BreadcrumbList\",\"@id\":\"https:\/\/cce.it\/es\/division-seguridad\/accesorios\/#breadcrumb\",\"itemListElement\":[{\"@type\":\"ListItem\",\"position\":1,\"item\":{\"@type\":\"WebPage\",\"@id\":\"https:\/\/cce.it\/\",\"url\":\"https:\/\/cce.it\/\",\"name\":\"Home\"}},{\"@type\":\"ListItem\",\"position\":2,\"item\":{\"@type\":\"WebPage\",\"@id\":\"https:\/\/cce.it\/es\/division-seguridad\/\",\"url\":\"https:\/\/cce.it\/es\/division-seguridad\/\",\"name\":\"Divisi\\u00f2n Seguridad\"}},{\"@type\":\"ListItem\",\"position\":3,\"item\":{\"@type\":\"WebPage\",\"@id\":\"https:\/\/cce.it\/es\/division-seguridad\/accesorios\/\",\"url\":\"https:\/\/cce.it\/es\/division-seguridad\/accesorios\/\",\"name\":\"Accesorios\"}}]}]}<\/script>\n<!-- \/ Yoast SEO plugin. -->","_links":{"self":[{"href":"https:\/\/cce.it\/es\/wp-json\/wp\/v2\/pages\/128"}],"collection":[{"href":"https:\/\/cce.it\/es\/wp-json\/wp\/v2\/pages"}],"about":[{"href":"https:\/\/cce.it\/es\/wp-json\/wp\/v2\/types\/page"}],"author":[{"embeddable":true,"href":"https:\/\/cce.it\/es\/wp-json\/wp\/v2\/users\/2"}],"replies":[{"embeddable":true,"href":"https:\/\/cce.it\/es\/wp-json\/wp\/v2\/comments?post=128"}],"version-history":[{"count":3,"href":"https:\/\/cce.it\/es\/wp-json\/wp\/v2\/pages\/128\/revisions"}],"predecessor-version":[{"id":6617,"href":"https:\/\/cce.it\/es\/wp-json\/wp\/v2\/pages\/128\/revisions\/6617"}],"up":[{"embeddable":true,"href":"https:\/\/cce.it\/es\/wp-json\/wp\/v2\/pages\/50"}],"wp:attachment":[{"href":"https:\/\/cce.it\/es\/wp-json\/wp\/v2\/media?parent=128"}],"curies":[{"name":"wp","href":"https:\/\/api.w.org\/{rel}","templated":true}]}}