{"id":104,"date":"2015-02-20T16:46:53","date_gmt":"2015-02-20T15:46:53","guid":{"rendered":"https:\/\/cce.it\/\/divisione-sicurezza\/prodotti\/"},"modified":"2018-05-29T10:42:07","modified_gmt":"2018-05-29T08:42:07","slug":"categorias","status":"publish","type":"page","link":"https:\/\/cce.it\/es\/division-seguridad\/categorias\/","title":{"rendered":"Categor\u00edas"},"content":{"rendered":"<h2>Tipos de bordes sensibles<\/h2>\n<p>Los bordes sensibles de seguridad de C.C.E. se realizan con los mejores materiales e incorporan diferentes tecnolog\u00edas para garantizar la fiabilidad del producto y el cumplimiento de las normas vigentes.<br \/>\nLas l\u00edneas de bordes sensibles Control (contacto N.A., seguridad certificada) y Proto (contacto N.C., protecci\u00f3n auxiliar) utilizan microinterruptores estancos que garantizan una r\u00e1pida respuesta en caso de impacto. Tambi&eacute;n es posible utilizar la l\u00ednea de bordes sensibles CND con tecnolog\u00eda conductora (seguridad certificada), que emplea perfiles de TPE conductor insertados en el perfil de caucho del borde sensible.<br \/>\nLas l\u00edneas Control y CND han obtenido la certificaci\u00f3n de seguridad de IMQ y son aptas para la instalaci\u00f3n tanto en el sector de las aperturas autom\u00e1ticas como en el sector industrial.<\/p>\n<p>&nbsp;<\/p>\n","protected":false},"excerpt":{"rendered":"<p>Tipos de bordes sensibles Los bordes sensibles de seguridad de C.C.E. se realizan con los mejores materiales e incorporan diferentes tecnolog\u00edas para garantizar la fiabilidad del producto y el cumplimiento de las normas vigentes. Las l\u00edneas de bordes sensibles Control (contacto N.A., seguridad certificada) y Proto (contacto N.C., protecci\u00f3n auxiliar) utilizan microinterruptores estancos que garantizan &hellip; <a href=\"https:\/\/cce.it\/es\/division-seguridad\/categorias\/\">Continua<\/a><\/p>\n","protected":false},"author":2,"featured_media":0,"parent":50,"menu_order":245,"comment_status":"closed","ping_status":"closed","template":"template-products.php","meta":[],"acf":[],"yoast_head":"<!-- This site is optimized with the Yoast SEO plugin v15.0 - https:\/\/yoast.com\/wordpress\/plugins\/seo\/ -->\n<title>Categor\u00edas - CCE<\/title>\n<meta name=\"robots\" content=\"index, follow, max-snippet:-1, max-image-preview:large, max-video-preview:-1\" \/>\n<link rel=\"canonical\" href=\"https:\/\/cce.it\/es\/division-seguridad\/categorias\/\" \/>\n<meta property=\"og:locale\" content=\"it_IT\" \/>\n<meta property=\"og:type\" content=\"article\" \/>\n<meta property=\"og:title\" content=\"Categor\u00edas - CCE\" \/>\n<meta property=\"og:description\" content=\"Tipos de bordes sensibles Los bordes sensibles de seguridad de C.C.E. se realizan con los mejores materiales e incorporan diferentes tecnolog\u00edas para garantizar la fiabilidad del producto y el cumplimiento de las normas vigentes. Las l\u00edneas de bordes sensibles Control (contacto N.A., seguridad certificada) y Proto (contacto N.C., protecci\u00f3n auxiliar) utilizan microinterruptores estancos que garantizan &hellip; Continua\" \/>\n<meta property=\"og:url\" content=\"https:\/\/cce.it\/es\/division-seguridad\/categorias\/\" \/>\n<meta property=\"og:site_name\" content=\"CCE\" \/>\n<meta property=\"article:modified_time\" content=\"2018-05-29T08:42:07+00:00\" \/>\n<script type=\"application\/ld+json\" class=\"yoast-schema-graph\">{\"@context\":\"https:\/\/schema.org\",\"@graph\":[{\"@type\":\"WebSite\",\"@id\":\"https:\/\/cce.it\/es\/#website\",\"url\":\"https:\/\/cce.it\/es\/\",\"name\":\"CCE\",\"description\":\"\",\"potentialAction\":[{\"@type\":\"SearchAction\",\"target\":\"https:\/\/cce.it\/es\/?s={search_term_string}\",\"query-input\":\"required name=search_term_string\"}],\"inLanguage\":\"it-IT\"},{\"@type\":\"WebPage\",\"@id\":\"https:\/\/cce.it\/es\/division-seguridad\/categorias\/#webpage\",\"url\":\"https:\/\/cce.it\/es\/division-seguridad\/categorias\/\",\"name\":\"Categor\\u00edas - CCE\",\"isPartOf\":{\"@id\":\"https:\/\/cce.it\/es\/#website\"},\"datePublished\":\"2015-02-20T15:46:53+00:00\",\"dateModified\":\"2018-05-29T08:42:07+00:00\",\"breadcrumb\":{\"@id\":\"https:\/\/cce.it\/es\/division-seguridad\/categorias\/#breadcrumb\"},\"inLanguage\":\"it-IT\",\"potentialAction\":[{\"@type\":\"ReadAction\",\"target\":[\"https:\/\/cce.it\/es\/division-seguridad\/categorias\/\"]}]},{\"@type\":\"BreadcrumbList\",\"@id\":\"https:\/\/cce.it\/es\/division-seguridad\/categorias\/#breadcrumb\",\"itemListElement\":[{\"@type\":\"ListItem\",\"position\":1,\"item\":{\"@type\":\"WebPage\",\"@id\":\"https:\/\/cce.it\/\",\"url\":\"https:\/\/cce.it\/\",\"name\":\"Home\"}},{\"@type\":\"ListItem\",\"position\":2,\"item\":{\"@type\":\"WebPage\",\"@id\":\"https:\/\/cce.it\/es\/division-seguridad\/\",\"url\":\"https:\/\/cce.it\/es\/division-seguridad\/\",\"name\":\"Divisi\\u00f2n Seguridad\"}},{\"@type\":\"ListItem\",\"position\":3,\"item\":{\"@type\":\"WebPage\",\"@id\":\"https:\/\/cce.it\/es\/division-seguridad\/categorias\/\",\"url\":\"https:\/\/cce.it\/es\/division-seguridad\/categorias\/\",\"name\":\"Categor\\u00edas\"}}]}]}<\/script>\n<!-- \/ Yoast SEO plugin. -->","_links":{"self":[{"href":"https:\/\/cce.it\/es\/wp-json\/wp\/v2\/pages\/104"}],"collection":[{"href":"https:\/\/cce.it\/es\/wp-json\/wp\/v2\/pages"}],"about":[{"href":"https:\/\/cce.it\/es\/wp-json\/wp\/v2\/types\/page"}],"author":[{"embeddable":true,"href":"https:\/\/cce.it\/es\/wp-json\/wp\/v2\/users\/2"}],"replies":[{"embeddable":true,"href":"https:\/\/cce.it\/es\/wp-json\/wp\/v2\/comments?post=104"}],"version-history":[{"count":4,"href":"https:\/\/cce.it\/es\/wp-json\/wp\/v2\/pages\/104\/revisions"}],"predecessor-version":[{"id":16228,"href":"https:\/\/cce.it\/es\/wp-json\/wp\/v2\/pages\/104\/revisions\/16228"}],"up":[{"embeddable":true,"href":"https:\/\/cce.it\/es\/wp-json\/wp\/v2\/pages\/50"}],"wp:attachment":[{"href":"https:\/\/cce.it\/es\/wp-json\/wp\/v2\/media?parent=104"}],"curies":[{"name":"wp","href":"https:\/\/api.w.org\/{rel}","templated":true}]}}