{"id":21195,"date":"2023-08-24T10:37:51","date_gmt":"2023-08-24T08:37:51","guid":{"rendered":"https:\/\/cce.it\/?page_id=21195"},"modified":"2025-01-23T11:26:43","modified_gmt":"2025-01-23T10:26:43","slug":"certifications","status":"publish","type":"page","link":"https:\/\/cce.it\/fr\/certifications\/","title":{"rendered":"Certifications"},"content":{"rendered":"\n<div class=\"wp-container-3 wp-block-columns\">\n<div class=\"wp-container-1 wp-block-column\" style=\"flex-basis:33.33%\">\n<p><\/p>\n\n\n\n<p>L\u2019entreprise est certifi\u00e9e ISO 9001 \/ ISO 45001 et accorde une grande attention \u00e0 la qualit\u00e9 et la s\u00e9curit\u00e9 des m\u00e9thodes et processus.<\/p>\n\n\n\n<p>En 2022, la d\u00e9marche de certification ISO 14001 s&#8217;est \u00e9galement achev\u00e9e avec la mise en place d&#8217;un syst\u00e8me de management environnemental pour accompagner les diff\u00e9rentes actions d\u00e9j\u00e0 mises en \u0153uvre.<\/p>\n<\/div>\n\n\n\n<div class=\"wp-container-2 wp-block-column\" style=\"flex-basis:66.66%\"><div class=\"wp-block-image\">\n<figure class=\"aligncenter size-full is-resized\"><img loading=\"lazy\" src=\"https:\/\/cce.it\/wp-content\/uploads\/CCE-TR-Testmark_9105070522_EN.jpg\" alt=\"CCE - Certificazioni ISO tuv.com\" class=\"wp-image-21124\" width=\"500\" height=\"178\"\/><\/figure><\/div><\/div>\n<\/div>\n\n\n\n<div class=\"wp-container-7 wp-block-columns\">\n<div class=\"wp-container-4 wp-block-column\"><div class=\"wp-block-image\">\n<figure class=\"aligncenter size-full\"><a href=\"\/downloads\/CCE-certificato-ISO-9001_en.pdf\" target=\"_blank\" rel=\"noreferrer noopener\"><img loading=\"lazy\" width=\"81\" height=\"80\" src=\"https:\/\/cce.it\/wp-content\/uploads\/DS_cat_04-04.png\" alt=\"icona catalogo CCE\" class=\"wp-image-5938\"\/><\/a><\/figure><\/div>\n\n\n<p class=\"has-text-align-center\"><a href=\"\/downloads\/CCE-certificato-ISO-9001_en.pdf\" target=\"_blank\" rel=\"noreferrer noopener\"><strong>CERTIFICATION<\/strong><br \/>ISO 9001<\/a><\/p>\n<\/div>\n\n\n\n<div class=\"wp-container-5 wp-block-column\"><div class=\"wp-block-image\">\n<figure class=\"aligncenter size-full\"><a href=\"\/downloads\/CCE-certificato-ISO-45001_en.pdf\" target=\"_blank\" rel=\"noreferrer noopener\"><img loading=\"lazy\" width=\"81\" height=\"80\" src=\"https:\/\/cce.it\/wp-content\/uploads\/DS_cat_04-04.png\" alt=\"icona catalogo CCE\" class=\"wp-image-5938\"\/><\/a><\/figure><\/div>\n\n\n<p class=\"has-text-align-center\"><a href=\"\/downloads\/CCE-certificato-ISO-45001_en.pdf\" target=\"_blank\" rel=\"noreferrer noopener\"><strong>CERTIFICATION<\/strong><br \/>ISO 45001<\/a><\/p>\n<\/div>\n\n\n\n<div class=\"wp-container-6 wp-block-column\"><div class=\"wp-block-image\">\n<figure class=\"aligncenter size-full\"><a href=\"\/downloads\/CCE-certificato-ISO-14001_en.pdf\"><img loading=\"lazy\" width=\"81\" height=\"80\" src=\"https:\/\/cce.it\/wp-content\/uploads\/DS_cat_04-04.png\" alt=\"icona catalogo CCE\" class=\"wp-image-5938\"\/><\/a><\/figure><\/div>\n\n\n<p class=\"has-text-align-center\"><a href=\"\/downloads\/CCE-certificato-ISO-14001_en.pdf\" target=\"_blank\" rel=\"noreferrer noopener\"><strong>CERTIFICATION<\/strong><br \/>ISO 14001<\/a><\/p>\n<\/div>\n<\/div>\n\n\n\n<div style=\"height:40px\" aria-hidden=\"true\" class=\"wp-block-spacer\"><\/div>\n\n\n\n<h2>Division S\u00e9curit\u00e9 &#8211; Safety Division<\/h2>\n\n\n\n<div class=\"wp-container-11 wp-block-columns\">\n<div class=\"wp-container-8 wp-block-column\"><div class=\"wp-block-image\">\n<figure class=\"aligncenter size-full\"><a href=\"\/downloads\/IMQ-CR-466-DM_rev-3-CCE.pdf\" target=\"_blank\" rel=\"noreferrer noopener\"><img loading=\"lazy\" width=\"81\" height=\"80\" src=\"https:\/\/cce.it\/wp-content\/uploads\/DS_cat_04-04.png\" alt=\"icona catalogo CCE\" class=\"wp-image-5938\"\/><\/a><\/figure><\/div>\n\n\n<p class=\"has-text-align-center\"><a href=\"\/downloads\/IMQ-CR-466-DM_rev-3-CCE.pdf\" target=\"_blank\" rel=\"noreferrer noopener\"><strong>CERTIFICATION<\/strong><br \/>EN 12978 &#8211; Category 2<\/a><\/p>\n<\/div>\n\n\n\n<div class=\"wp-container-9 wp-block-column\"><div class=\"wp-block-image\">\n<figure class=\"aligncenter size-full\"><a href=\"\/downloads\/IMQ-CT-496-DM_rev-1-CCE.pdf\"><img loading=\"lazy\" width=\"81\" height=\"80\" src=\"https:\/\/cce.it\/wp-content\/uploads\/DS_cat_04-04.png\" alt=\"icona catalogo CCE\" class=\"wp-image-5938\"\/><\/a><\/figure><\/div>\n\n\n<p class=\"has-text-align-center\"><a href=\"\/downloads\/IMQ-CT-496-DM_rev-1-CCE.pdf\" target=\"_blank\" rel=\"noreferrer noopener\"><strong>CERTIFICATION<\/strong><br \/>EN 12978 &#8211; Category 3<\/a><\/p>\n<\/div>\n\n\n\n<div class=\"wp-container-10 wp-block-column\"><\/div>\n<\/div>\n","protected":false},"excerpt":{"rendered":"<p>L\u2019entreprise est certifi\u00e9e ISO 9001 \/ ISO 45001 et accorde une grande attention \u00e0 la qualit\u00e9 et la s\u00e9curit\u00e9 des m\u00e9thodes et processus. En 2022, la d\u00e9marche de certification ISO 14001 s&#8217;est \u00e9galement achev\u00e9e avec la mise en place d&#8217;un syst\u00e8me de management environnemental pour accompagner les diff\u00e9rentes actions d\u00e9j\u00e0 mises en \u0153uvre. CERTIFICATIONISO 9001 &hellip; <a href=\"https:\/\/cce.it\/fr\/certifications\/\">Continua<\/a><\/p>\n","protected":false},"author":2,"featured_media":0,"parent":0,"menu_order":17,"comment_status":"closed","ping_status":"closed","template":"","meta":[],"acf":[],"yoast_head":"<!-- This site is optimized with the Yoast SEO plugin v15.0 - https:\/\/yoast.com\/wordpress\/plugins\/seo\/ -->\n<title>Certifications - CCE<\/title>\n<meta name=\"robots\" content=\"index, follow, max-snippet:-1, max-image-preview:large, max-video-preview:-1\" \/>\n<link rel=\"canonical\" href=\"https:\/\/cce.it\/fr\/certifications\/\" \/>\n<meta property=\"og:locale\" content=\"it_IT\" \/>\n<meta property=\"og:type\" content=\"article\" \/>\n<meta property=\"og:title\" content=\"Certifications - CCE\" \/>\n<meta property=\"og:description\" content=\"L\u2019entreprise est certifi\u00e9e ISO 9001 \/ ISO 45001 et accorde une grande attention \u00e0 la qualit\u00e9 et la s\u00e9curit\u00e9 des m\u00e9thodes et processus. En 2022, la d\u00e9marche de certification ISO 14001 s&#8217;est \u00e9galement achev\u00e9e avec la mise en place d&#8217;un syst\u00e8me de management environnemental pour accompagner les diff\u00e9rentes actions d\u00e9j\u00e0 mises en \u0153uvre. CERTIFICATIONISO 9001 &hellip; Continua\" \/>\n<meta property=\"og:url\" content=\"https:\/\/cce.it\/fr\/certifications\/\" \/>\n<meta property=\"og:site_name\" content=\"CCE\" \/>\n<meta property=\"article:modified_time\" content=\"2025-01-23T10:26:43+00:00\" \/>\n<meta property=\"og:image\" content=\"https:\/\/cce.it\/wp-content\/uploads\/CCE-TR-Testmark_9105070522_EN.jpg\" \/>\n<script type=\"application\/ld+json\" class=\"yoast-schema-graph\">{\"@context\":\"https:\/\/schema.org\",\"@graph\":[{\"@type\":\"WebSite\",\"@id\":\"https:\/\/cce.it\/en\/#website\",\"url\":\"https:\/\/cce.it\/en\/\",\"name\":\"CCE\",\"description\":\"\",\"potentialAction\":[{\"@type\":\"SearchAction\",\"target\":\"https:\/\/cce.it\/en\/?s={search_term_string}\",\"query-input\":\"required name=search_term_string\"}],\"inLanguage\":\"it-IT\"},{\"@type\":\"ImageObject\",\"@id\":\"https:\/\/cce.it\/fr\/certifications\/#primaryimage\",\"inLanguage\":\"it-IT\",\"url\":\"https:\/\/cce.it\/wp-content\/uploads\/CCE-TR-Testmark_9105070522_EN.jpg\",\"width\":800,\"height\":295,\"caption\":\"CCE - Certificazioni ISO tuv.com\"},{\"@type\":\"WebPage\",\"@id\":\"https:\/\/cce.it\/fr\/certifications\/#webpage\",\"url\":\"https:\/\/cce.it\/fr\/certifications\/\",\"name\":\"Certifications - CCE\",\"isPartOf\":{\"@id\":\"https:\/\/cce.it\/en\/#website\"},\"primaryImageOfPage\":{\"@id\":\"https:\/\/cce.it\/fr\/certifications\/#primaryimage\"},\"datePublished\":\"2023-08-24T08:37:51+00:00\",\"dateModified\":\"2025-01-23T10:26:43+00:00\",\"breadcrumb\":{\"@id\":\"https:\/\/cce.it\/fr\/certifications\/#breadcrumb\"},\"inLanguage\":\"it-IT\",\"potentialAction\":[{\"@type\":\"ReadAction\",\"target\":[\"https:\/\/cce.it\/fr\/certifications\/\"]}]},{\"@type\":\"BreadcrumbList\",\"@id\":\"https:\/\/cce.it\/fr\/certifications\/#breadcrumb\",\"itemListElement\":[{\"@type\":\"ListItem\",\"position\":1,\"item\":{\"@type\":\"WebPage\",\"@id\":\"https:\/\/cce.it\/\",\"url\":\"https:\/\/cce.it\/\",\"name\":\"Home\"}},{\"@type\":\"ListItem\",\"position\":2,\"item\":{\"@type\":\"WebPage\",\"@id\":\"https:\/\/cce.it\/fr\/certifications\/\",\"url\":\"https:\/\/cce.it\/fr\/certifications\/\",\"name\":\"Certifications\"}}]}]}<\/script>\n<!-- \/ Yoast SEO plugin. -->","_links":{"self":[{"href":"https:\/\/cce.it\/en\/wp-json\/wp\/v2\/pages\/21195"}],"collection":[{"href":"https:\/\/cce.it\/en\/wp-json\/wp\/v2\/pages"}],"about":[{"href":"https:\/\/cce.it\/en\/wp-json\/wp\/v2\/types\/page"}],"author":[{"embeddable":true,"href":"https:\/\/cce.it\/en\/wp-json\/wp\/v2\/users\/2"}],"replies":[{"embeddable":true,"href":"https:\/\/cce.it\/en\/wp-json\/wp\/v2\/comments?post=21195"}],"version-history":[{"count":3,"href":"https:\/\/cce.it\/en\/wp-json\/wp\/v2\/pages\/21195\/revisions"}],"predecessor-version":[{"id":22070,"href":"https:\/\/cce.it\/en\/wp-json\/wp\/v2\/pages\/21195\/revisions\/22070"}],"wp:attachment":[{"href":"https:\/\/cce.it\/en\/wp-json\/wp\/v2\/media?parent=21195"}],"curies":[{"name":"wp","href":"https:\/\/api.w.org\/{rel}","templated":true}]}}