{"id":8364,"date":"2015-11-03T12:53:32","date_gmt":"2015-11-03T11:53:32","guid":{"rendered":"https:\/\/cce.it\/\/de\/bereich-zugluft\/perche-cce\/"},"modified":"2023-08-23T13:43:27","modified_gmt":"2023-08-23T11:43:27","slug":"perche-cce","status":"publish","type":"page","link":"https:\/\/cce.it\/de\/bereich-zugluft\/perche-cce\/","title":{"rendered":"Warum w\u00e4hlen Sie C.C.E."},"content":{"rendered":"<div class=\"row\"><div class=\"col-sm-6\">\n<div style=\"padding: 35px;\">\n<p><img loading=\"lazy\" class=\"alignnone\" src=\"https:\/\/cce.it\/wp-content\/uploads\/qualita.jpg\" alt=\"Qualit\u00e0 CCE\" width=\"70\" height=\"70\" \/><\/p>\n<p><span style=\"font-size: 30px;\">Quality<\/span><\/p>\n<p>&#8211; CCE ist seit \u00fcber 30 Jahren im Bereich automatischer Unterblattt\u00fcrdichtungen t\u00e4tig.<br \/>\n&#8211; Es ist ein nach ISO 9001 \/ ISO 45001 zertifizierter Qualit\u00e4tsbetrieb und legt allerh\u00f6chsten Wert auf Qualit\u00e4t und Sicherheit der betrieblichen Verfahren.<br \/>\n&#8211; Die automatischen Dichtungen f\u00fcr Schall- und Brandschutzt\u00fcren sind von prestigevollen internationalen Instituten wie IFT Rosenheim, Exova, Cambridge Fire Research, IFC Group zertifiziert.<br \/>\n&#8211; CCE bedient sich nur erstklassiger und dem Recycling r\u00fcckf\u00fchrbarer Materialien wie die Aluminiumlegierung T6 6060. Die zum Pressen und Extrudieren verwendeten Kunststoffe sind von erstklassiger Wahl.<br \/>\n&#8211; Alle Produktionsverfahren unterliegen von den eingehenden Materialien bis zum Versand einer strengen, innerbetrieblichen Qualit\u00e4tskontrolle.<\/p>\n<\/div>\n<p><\/p><\/div><div class=\"col-sm-6\">\n<div style=\"padding: 35px;\">\n<p><img loading=\"lazy\" class=\"alignnone\" src=\"https:\/\/cce.it\/wp-content\/uploads\/tecnologia.jpg\" alt=\"Tecnologia CCE\" width=\"70\" height=\"70\" \/><\/p>\n<p><span style=\"font-size: 30px;\">Tecnology<\/span><\/p>\n<p>&#8211; In Sachen Planung ist CCE unerm\u00fcdlich und verf\u00fcgt \u00fcber zahlreiche Patente, darunter die selbstnivellierende Kippbewegung und das exklusive verz\u00f6gerte, hydraulische Absenksystem.<br \/>\n&#8211; Der Betrieb verf\u00fcgt \u00fcber eine eigene Forschungs- und Entwicklungsabteilung, eine Werkstatt f\u00fcr Press- und Strangpresswerkzeuge und eine Abteilung f\u00fcr die 3D-Prototyping. Dies erm\u00f6glicht es uns, Zeiten und Kosten aller Projekte zu reduzieren.<br \/>\n&#8211; Ferner verf\u00fcgen wir \u00fcber eine Luft-\/Wasser-\/Wind-Testanlage zum Pr\u00fcfen und Verbessern der Leistungen der Dichtsysteme, bevor sie an die Zertifizierungsstellen geschickt werden.<br \/>\n&#8211; Die automatischen Unterblattt\u00fcrdichtungen verf\u00fcgen \u00fcber ein System mit steifen, glasfaserverst\u00e4rkten Nylonpleueln, um h\u00f6chste Effizienz und einen gleichf\u00f6rmigen Druck auf alle B\u00f6den zu gew\u00e4hrleisten.<\/p>\n<\/div>\n<p><\/p><\/div><\/div>\n<div class=\"row\"><div class=\"col-sm-6\">\n<div style=\"padding: 35px;\">\n<p><img loading=\"lazy\" class=\"alignnone\" src=\"https:\/\/cce.it\/wp-content\/uploads\/gamma.jpg\" alt=\"Gamma CCE\" width=\"70\" height=\"70\" \/><\/p>\n<p><span style=\"font-size: 30px;\">Products Range<br \/>\n<\/span><\/p>\n<p>&#8211; CCE erzeugt \u00fcber 50 verschiedene Modelle mit unterschiedlichen Gr\u00f6\u00dfen und Verwendungen, um den Bauanforderungen aller T\u00fcren wie Sicherheits-, Holz- und PVC-T\u00fcren gerecht zu werden.<br \/>\n&#8211; Viele Produkte sind mit unterschiedlichen Druckkn\u00f6pfen, Dichtlippen und Befestigungssystemen erh\u00e4ltlich, wobei letztere vormontierte Schrauben oder seitliche Laschen vorsehen k\u00f6nnen.<br \/>\n&#8211; Das Sortiment von CCE umfasst auch eine Produktreihe, die ausschlie\u00dflich der Welt der Glast\u00fcren vorbehalten ist, sowie eine Produktserie mit dem revolution\u00e4ren, verz\u00f6gerten, hydraulischen Schlie\u00dfsystem.<br \/>\n&#8211; Neben den automatischen Unterblattdichtungen erzeugt CCE eine Reihe an Zubeh\u00f6rteilen, um die Wirksamkeit der T\u00fcrdichtung zu steigern.<\/p>\n<\/div>\n<p><\/p><\/div><div class=\"col-sm-6\">\n<div style=\"padding: 35px;\">\n<p><img loading=\"lazy\" class=\"alignnone\" src=\"https:\/\/cce.it\/wp-content\/uploads\/ricerca_2.jpg\" alt=\"Ricerca CCE\" width=\"70\" height=\"70\" \/> <img loading=\"lazy\" class=\"alignnone\" src=\"https:\/\/cce.it\/wp-content\/uploads\/idee.jpg\" alt=\"Idee CCE\" width=\"70\" height=\"70\" \/><img loading=\"lazy\" class=\"alignnone\" src=\"https:\/\/cce.it\/wp-content\/uploads\/spedizione.jpg\" alt=\"Spedizione CCE\" width=\"70\" height=\"70\" \/><\/p>\n<p><span style=\"font-size: 30px;\">Services<\/span><\/p>\n<p>&#8211; Dank seiner Forschungs- und Entwicklungsabteilung ist es CCE m\u00f6glich, kundenorientierte L\u00f6sungen auszuarbeiten und mit der sich zur G\u00e4nze im Werk abspielenden Produktionskette Zeit und Kosten zu sparen.<br \/>\n&#8211; Die produktive Flexibilit\u00e4t und die kurze Produktionskette geben uns die M\u00f6glichkeit, schnell zu liefern und die Verpackungen individuell zu gestalten.<br \/>\n&#8211; CCE ist weltweit in \u00fcber 55 L\u00e4ndern vertreten und sein Handelsnetz befindet sich in st\u00e4ndigem Wachstum.<\/p>\n<\/div>\n<p><\/p><\/div><\/div>\n","protected":false},"excerpt":{"rendered":"","protected":false},"author":12,"featured_media":0,"parent":26,"menu_order":818,"comment_status":"closed","ping_status":"closed","template":"","meta":[],"acf":[],"yoast_head":"<!-- This site is optimized with the Yoast SEO plugin v15.0 - https:\/\/yoast.com\/wordpress\/plugins\/seo\/ -->\n<title>Warum w\u00e4hlen Sie C.C.E. - CCE<\/title>\n<meta name=\"robots\" content=\"index, follow, max-snippet:-1, max-image-preview:large, max-video-preview:-1\" \/>\n<link rel=\"canonical\" href=\"https:\/\/cce.it\/de\/bereich-zugluft\/perche-cce\/\" \/>\n<meta property=\"og:locale\" content=\"it_IT\" \/>\n<meta property=\"og:type\" content=\"article\" \/>\n<meta property=\"og:title\" content=\"Warum w\u00e4hlen Sie C.C.E. - CCE\" \/>\n<meta property=\"og:url\" content=\"https:\/\/cce.it\/de\/bereich-zugluft\/perche-cce\/\" \/>\n<meta property=\"og:site_name\" content=\"CCE\" \/>\n<meta property=\"article:modified_time\" content=\"2023-08-23T11:43:27+00:00\" \/>\n<meta property=\"og:image\" content=\"https:\/\/cce.it\/wp-content\/uploads\/qualita.jpg\" \/>\n<script type=\"application\/ld+json\" class=\"yoast-schema-graph\">{\"@context\":\"https:\/\/schema.org\",\"@graph\":[{\"@type\":\"WebSite\",\"@id\":\"https:\/\/cce.it\/de\/#website\",\"url\":\"https:\/\/cce.it\/de\/\",\"name\":\"CCE\",\"description\":\"\",\"potentialAction\":[{\"@type\":\"SearchAction\",\"target\":\"https:\/\/cce.it\/de\/?s={search_term_string}\",\"query-input\":\"required name=search_term_string\"}],\"inLanguage\":\"it-IT\"},{\"@type\":\"ImageObject\",\"@id\":\"https:\/\/cce.it\/de\/bereich-zugluft\/perche-cce\/#primaryimage\",\"inLanguage\":\"it-IT\",\"url\":\"https:\/\/cce.it\/wp-content\/uploads\/qualita.jpg\",\"width\":70,\"height\":70,\"caption\":\"Qualit\\u00e0 CCE\"},{\"@type\":\"WebPage\",\"@id\":\"https:\/\/cce.it\/de\/bereich-zugluft\/perche-cce\/#webpage\",\"url\":\"https:\/\/cce.it\/de\/bereich-zugluft\/perche-cce\/\",\"name\":\"Warum w\\u00e4hlen Sie C.C.E. - CCE\",\"isPartOf\":{\"@id\":\"https:\/\/cce.it\/de\/#website\"},\"primaryImageOfPage\":{\"@id\":\"https:\/\/cce.it\/de\/bereich-zugluft\/perche-cce\/#primaryimage\"},\"datePublished\":\"2015-11-03T11:53:32+00:00\",\"dateModified\":\"2023-08-23T11:43:27+00:00\",\"breadcrumb\":{\"@id\":\"https:\/\/cce.it\/de\/bereich-zugluft\/perche-cce\/#breadcrumb\"},\"inLanguage\":\"it-IT\",\"potentialAction\":[{\"@type\":\"ReadAction\",\"target\":[\"https:\/\/cce.it\/de\/bereich-zugluft\/perche-cce\/\"]}]},{\"@type\":\"BreadcrumbList\",\"@id\":\"https:\/\/cce.it\/de\/bereich-zugluft\/perche-cce\/#breadcrumb\",\"itemListElement\":[{\"@type\":\"ListItem\",\"position\":1,\"item\":{\"@type\":\"WebPage\",\"@id\":\"https:\/\/cce.it\/\",\"url\":\"https:\/\/cce.it\/\",\"name\":\"Home\"}},{\"@type\":\"ListItem\",\"position\":2,\"item\":{\"@type\":\"WebPage\",\"@id\":\"https:\/\/cce.it\/de\/bereich-zugluft\/\",\"url\":\"https:\/\/cce.it\/de\/bereich-zugluft\/\",\"name\":\"Bereich Zugluft\"}},{\"@type\":\"ListItem\",\"position\":3,\"item\":{\"@type\":\"WebPage\",\"@id\":\"https:\/\/cce.it\/de\/bereich-zugluft\/perche-cce\/\",\"url\":\"https:\/\/cce.it\/de\/bereich-zugluft\/perche-cce\/\",\"name\":\"Warum w\\u00e4hlen Sie C.C.E.\"}}]}]}<\/script>\n<!-- \/ Yoast SEO plugin. -->","_links":{"self":[{"href":"https:\/\/cce.it\/de\/wp-json\/wp\/v2\/pages\/8364"}],"collection":[{"href":"https:\/\/cce.it\/de\/wp-json\/wp\/v2\/pages"}],"about":[{"href":"https:\/\/cce.it\/de\/wp-json\/wp\/v2\/types\/page"}],"author":[{"embeddable":true,"href":"https:\/\/cce.it\/de\/wp-json\/wp\/v2\/users\/12"}],"replies":[{"embeddable":true,"href":"https:\/\/cce.it\/de\/wp-json\/wp\/v2\/comments?post=8364"}],"version-history":[{"count":5,"href":"https:\/\/cce.it\/de\/wp-json\/wp\/v2\/pages\/8364\/revisions"}],"predecessor-version":[{"id":21187,"href":"https:\/\/cce.it\/de\/wp-json\/wp\/v2\/pages\/8364\/revisions\/21187"}],"up":[{"embeddable":true,"href":"https:\/\/cce.it\/de\/wp-json\/wp\/v2\/pages\/26"}],"wp:attachment":[{"href":"https:\/\/cce.it\/de\/wp-json\/wp\/v2\/media?parent=8364"}],"curies":[{"name":"wp","href":"https:\/\/api.w.org\/{rel}","templated":true}]}}