{"id":6248,"date":"2015-03-09T17:34:57","date_gmt":"2015-03-09T16:34:57","guid":{"rendered":"https:\/\/cce.it\/\/azienda-2\/"},"modified":"2022-02-16T10:56:15","modified_gmt":"2022-02-16T09:56:15","slug":"die-firma","status":"publish","type":"page","link":"https:\/\/cce.it\/de\/die-firma\/","title":{"rendered":"Die Firma"},"content":{"rendered":"<p>Die Bezeichnung C.C.E. steht f\u00fcr den Firmennamen \u201eCostruzioni Chiusure Ermetiche Srl\u201c. Diese Firma wurde im Jahre 1980 gegr\u00fcndet und konstruierte zun\u00e4chst der automatischer Unterblattdichtungen, ein unabdingbares Zubeh\u00f6r zum Schlie\u00dfen des st\u00f6renden Spalts zwischen der Unterkante des T\u00fcrblattes und dem Fu\u00dfboden. Die Zweckm\u00e4\u00dfigkeit dieser Dichtungen und \u00fcberraschende technische L\u00f6sungen machten C.C.E. rasch erfolgreich.<\/p>\n<p>Zu den automatischen Dichtungen kamen im Laufe der Zeit die Vorrichtungen zum Schutz der Anwender hinzu, und zwar insbesondere Kontaktleisten als Schutz gegen Einklemmen in automatischen T\u00fcren. Die Ber\u00fccksichtigung der neueren Normung und die Verwendung von Ausgangsstoffen erster Qualit\u00e4t machten Kontaktleisten von C.C.E. schnell zu den besten auf dem Markt. Das Vertriebsnetz von C.C.E. umspannt den gesamten Globus, auch wegen der st\u00e4ndigen Pr\u00e4senz auf einschl\u00e4gigen Branchenveranstaltungen.<\/p>\n<p>Die St\u00e4rke von C.C.E. ist das Verm\u00f6gen, kundenspezfische Produkte von der ersten Idee bis zur Lieferfertigkeit zu entwickeln. Eine der Grundlagen hierf\u00fcr ist die hauseigene Forschung und Entwicklung. Dort besteht auch die M\u00f6glichkeit, 3D-Prototypen in Stereolithographie herzustellen, anhand derer die sp\u00e4teren Produkte im Voraus analysiert werden k\u00f6nnen. C.C.E. verf\u00fcgt dar\u00fcber hinaus \u00fcber eigene Fertigung und einen eigenen Werkzeugbau f\u00fcr Spritzgussformen. Das verk\u00fcrzt die Wege bei der Herstellung, was in Bezug auf Auslieferungsfristen einen gro\u00dfen Vorteil bedeutet.<\/p>\n<div class=\"row\"><br class=\"nc\"\/><div class=\"col-sm-12\"><a class=\"zoom\" href=\"\/wp-content\/uploads\/2022_cce_timeline-scaled.jpg\" rel=\"attachment wp-att-8455\"><img loading=\"lazy\" class=\"img-responsive alignnone\" src=\"\/wp-content\/uploads\/2022_cce_timeline-scaled.jpg\" alt=\"storyCCE1\" width=\"1500\" height=\"750\"\/><\/a><\/div><br class=\"nc\"\/><\/div>\n<p>Des Weiteren hat sich C.C.E. schon immer auf Zulieferer aus der Region gest\u00fctzt. So hat man den Aufbau eines Netzes von Firmen mit internationalen Ruf mitgetragen und die heimische Industrie unterst\u00fctzt.<br \/>\nDie Zertifizierungen nach den Normen ISO 9001 und ISO 45001 sind f\u00fcr C.C.E. nicht nur Formalit\u00e4ten, sondern die logische Folge einer Professionalit\u00e4t, die auf einer sicheren, dynamischen und effizienten Arbeitsweise beruht und den Kunden in aller Welt Produkte auf hohem Niveau garantiert.<\/p>\n<p>C.C.E. achtet auch auf den Schutz der Umwelt, das Einsparen von Energie und die Verwendung erneuerbarer Energien sowie von Werkstoffen, die keine gesundheitssch\u00e4dlichen Substanzen enthalten. Auch der Lieferantenstamm besteht bevorzugt aus Firmen mit gleicher Ausrichtung. Das Unternehmen hat einen Zertifizierungsprozess nach ISO 14001 eingeleitet, der 2022 abgeschlossen sein wird.<br \/>\nDie Produktpolitik ber\u00fccksichtigt schon heute die wahrscheinlichen Forderungen der M\u00e4rkte von morgen und versucht mit Neuentwicklungen immer, die Welt, die uns umgibt, m\u00f6glichst kreativ zu verbessern.<\/p>\n<div class=\"gallery gallery-6248-1\"><div class=\"row gallery-row\"><div class=\"col-sm-6 col-lg-6\"><a class=\"thumbnail img-thumbnail\" href='https:\/\/cce.it\/wp-content\/uploads\/azienda_cce1-e1531487132996.jpg'><img width=\"1024\" height=\"589\" src=\"https:\/\/cce.it\/wp-content\/uploads\/azienda_cce1-e1531487132996-1024x589.jpg\" class=\"attachment-large size-large\" alt=\"\" loading=\"lazy\" srcset=\"https:\/\/cce.it\/wp-content\/uploads\/azienda_cce1-e1531487132996-1024x589.jpg 1024w, https:\/\/cce.it\/wp-content\/uploads\/azienda_cce1-e1531487132996-300x173.jpg 300w, https:\/\/cce.it\/wp-content\/uploads\/azienda_cce1-e1531487132996-768x442.jpg 768w, https:\/\/cce.it\/wp-content\/uploads\/azienda_cce1-e1531487132996-350x201.jpg 350w\" sizes=\"(max-width: 1024px) 100vw, 1024px\" \/><\/a><\/div><div class=\"col-sm-6 col-lg-6\"><a class=\"thumbnail img-thumbnail\" href='https:\/\/cce.it\/wp-content\/uploads\/azienda_cce2-e1531486576955.png'><img width=\"1024\" height=\"590\" src=\"https:\/\/cce.it\/wp-content\/uploads\/azienda_cce2-1024x590.png\" class=\"attachment-large size-large\" alt=\"\" loading=\"lazy\" srcset=\"https:\/\/cce.it\/wp-content\/uploads\/azienda_cce2-1024x590.png 1024w, https:\/\/cce.it\/wp-content\/uploads\/azienda_cce2-300x173.png 300w, https:\/\/cce.it\/wp-content\/uploads\/azienda_cce2-768x442.png 768w, https:\/\/cce.it\/wp-content\/uploads\/azienda_cce2-350x202.png 350w, https:\/\/cce.it\/wp-content\/uploads\/azienda_cce2-e1531486576955.png 940w\" sizes=\"(max-width: 1024px) 100vw, 1024px\" \/><\/a><\/div><\/div><\/div>\n","protected":false},"excerpt":{"rendered":"<p>Die Bezeichnung C.C.E. steht f\u00fcr den Firmennamen \u201eCostruzioni Chiusure Ermetiche Srl\u201c. Diese Firma wurde im Jahre 1980 gegr\u00fcndet und konstruierte zun\u00e4chst der automatischer Unterblattdichtungen, ein unabdingbares Zubeh\u00f6r zum Schlie\u00dfen des st\u00f6renden Spalts zwischen der Unterkante des T\u00fcrblattes und dem Fu\u00dfboden. Die Zweckm\u00e4\u00dfigkeit dieser Dichtungen und \u00fcberraschende technische L\u00f6sungen machten C.C.E. rasch erfolgreich. Zu den automatischen &hellip; <a href=\"https:\/\/cce.it\/de\/die-firma\/\">Continua<\/a><\/p>\n","protected":false},"author":2,"featured_media":368,"parent":0,"menu_order":129,"comment_status":"closed","ping_status":"open","template":"","meta":[],"acf":[],"yoast_head":"<!-- This site is optimized with the Yoast SEO plugin v15.0 - https:\/\/yoast.com\/wordpress\/plugins\/seo\/ -->\n<title>Die Firma - CCE<\/title>\n<meta name=\"robots\" content=\"index, follow, max-snippet:-1, max-image-preview:large, max-video-preview:-1\" \/>\n<link rel=\"canonical\" href=\"https:\/\/cce.it\/de\/die-firma\/\" \/>\n<meta property=\"og:locale\" content=\"it_IT\" \/>\n<meta property=\"og:type\" content=\"article\" \/>\n<meta property=\"og:title\" content=\"Die Firma - CCE\" \/>\n<meta property=\"og:description\" content=\"Die Bezeichnung C.C.E. steht f\u00fcr den Firmennamen \u201eCostruzioni Chiusure Ermetiche Srl\u201c. Diese Firma wurde im Jahre 1980 gegr\u00fcndet und konstruierte zun\u00e4chst der automatischer Unterblattdichtungen, ein unabdingbares Zubeh\u00f6r zum Schlie\u00dfen des st\u00f6renden Spalts zwischen der Unterkante des T\u00fcrblattes und dem Fu\u00dfboden. Die Zweckm\u00e4\u00dfigkeit dieser Dichtungen und \u00fcberraschende technische L\u00f6sungen machten C.C.E. rasch erfolgreich. Zu den automatischen &hellip; Continua\" \/>\n<meta property=\"og:url\" content=\"https:\/\/cce.it\/de\/die-firma\/\" \/>\n<meta property=\"og:site_name\" content=\"CCE\" \/>\n<meta property=\"article:modified_time\" content=\"2022-02-16T09:56:15+00:00\" \/>\n<meta property=\"og:image\" content=\"https:\/\/cce.it\/wp-content\/uploads\/azienda_cover.jpg\" \/>\n\t<meta property=\"og:image:width\" content=\"1920\" \/>\n\t<meta property=\"og:image:height\" content=\"932\" \/>\n<script type=\"application\/ld+json\" class=\"yoast-schema-graph\">{\"@context\":\"https:\/\/schema.org\",\"@graph\":[{\"@type\":\"WebSite\",\"@id\":\"https:\/\/cce.it\/de\/#website\",\"url\":\"https:\/\/cce.it\/de\/\",\"name\":\"CCE\",\"description\":\"\",\"potentialAction\":[{\"@type\":\"SearchAction\",\"target\":\"https:\/\/cce.it\/de\/?s={search_term_string}\",\"query-input\":\"required name=search_term_string\"}],\"inLanguage\":\"it-IT\"},{\"@type\":\"ImageObject\",\"@id\":\"https:\/\/cce.it\/de\/die-firma\/#primaryimage\",\"inLanguage\":\"it-IT\",\"url\":\"https:\/\/cce.it\/wp-content\/uploads\/azienda_cover.jpg\",\"width\":1920,\"height\":932},{\"@type\":\"WebPage\",\"@id\":\"https:\/\/cce.it\/de\/die-firma\/#webpage\",\"url\":\"https:\/\/cce.it\/de\/die-firma\/\",\"name\":\"Die Firma - CCE\",\"isPartOf\":{\"@id\":\"https:\/\/cce.it\/de\/#website\"},\"primaryImageOfPage\":{\"@id\":\"https:\/\/cce.it\/de\/die-firma\/#primaryimage\"},\"datePublished\":\"2015-03-09T16:34:57+00:00\",\"dateModified\":\"2022-02-16T09:56:15+00:00\",\"breadcrumb\":{\"@id\":\"https:\/\/cce.it\/de\/die-firma\/#breadcrumb\"},\"inLanguage\":\"it-IT\",\"potentialAction\":[{\"@type\":\"ReadAction\",\"target\":[\"https:\/\/cce.it\/de\/die-firma\/\"]}]},{\"@type\":\"BreadcrumbList\",\"@id\":\"https:\/\/cce.it\/de\/die-firma\/#breadcrumb\",\"itemListElement\":[{\"@type\":\"ListItem\",\"position\":1,\"item\":{\"@type\":\"WebPage\",\"@id\":\"https:\/\/cce.it\/\",\"url\":\"https:\/\/cce.it\/\",\"name\":\"Home\"}},{\"@type\":\"ListItem\",\"position\":2,\"item\":{\"@type\":\"WebPage\",\"@id\":\"https:\/\/cce.it\/de\/die-firma\/\",\"url\":\"https:\/\/cce.it\/de\/die-firma\/\",\"name\":\"Die Firma\"}}]}]}<\/script>\n<!-- \/ Yoast SEO plugin. -->","_links":{"self":[{"href":"https:\/\/cce.it\/de\/wp-json\/wp\/v2\/pages\/6248"}],"collection":[{"href":"https:\/\/cce.it\/de\/wp-json\/wp\/v2\/pages"}],"about":[{"href":"https:\/\/cce.it\/de\/wp-json\/wp\/v2\/types\/page"}],"author":[{"embeddable":true,"href":"https:\/\/cce.it\/de\/wp-json\/wp\/v2\/users\/2"}],"replies":[{"embeddable":true,"href":"https:\/\/cce.it\/de\/wp-json\/wp\/v2\/comments?post=6248"}],"version-history":[{"count":7,"href":"https:\/\/cce.it\/de\/wp-json\/wp\/v2\/pages\/6248\/revisions"}],"predecessor-version":[{"id":21003,"href":"https:\/\/cce.it\/de\/wp-json\/wp\/v2\/pages\/6248\/revisions\/21003"}],"wp:featuredmedia":[{"embeddable":true,"href":"https:\/\/cce.it\/de\/wp-json\/wp\/v2\/media\/368"}],"wp:attachment":[{"href":"https:\/\/cce.it\/de\/wp-json\/wp\/v2\/media?parent=6248"}],"curies":[{"name":"wp","href":"https:\/\/api.w.org\/{rel}","templated":true}]}}