{"id":5025,"date":"2015-04-21T17:41:21","date_gmt":"2015-04-21T15:41:21","guid":{"rendered":"https:\/\/cce.it\/\/divisione-sicurezza\/products\/passiva\/"},"modified":"2018-07-19T08:40:44","modified_gmt":"2018-07-19T06:40:44","slug":"passiva","status":"publish","type":"page","link":"https:\/\/cce.it\/de\/bereich-sicherheit\/produkt\/passiva\/","title":{"rendered":"Passiva"},"content":{"rendered":"<h5><span style=\"color: #000;\"> INFORMATION <\/span><\/h5>\n<hr \/>\n<p>Alle Kontaktleisten f\u00fcr Schiebetore von C.C.E. sind auch in einer Ausf\u00fchrung ohne integrierte Elektronik erh\u00e4ltlich. <strong>PASSIVA<\/strong> ist eine Reihe von Klemmschutzvorrichtungen mit verschiedensten Abmessungen, welche als Zubeh\u00f6r f\u00fcr Schiebetore verwendbar sind, um dort St\u00f6\u00dfe abzud\u00e4mpfen.<\/p>\n","protected":false},"excerpt":{"rendered":"<p>INFORMATION Alle Kontaktleisten f\u00fcr Schiebetore von C.C.E. sind auch in einer Ausf\u00fchrung ohne integrierte Elektronik erh\u00e4ltlich. PASSIVA ist eine Reihe von Klemmschutzvorrichtungen mit verschiedensten Abmessungen, welche als Zubeh\u00f6r f\u00fcr Schiebetore verwendbar sind, um dort St\u00f6\u00dfe abzud\u00e4mpfen.<\/p>\n","protected":false},"author":12,"featured_media":1274,"parent":102,"menu_order":967,"comment_status":"closed","ping_status":"closed","template":"template-family.php","meta":[],"acf":[],"yoast_head":"<!-- This site is optimized with the Yoast SEO plugin v15.0 - https:\/\/yoast.com\/wordpress\/plugins\/seo\/ -->\n<title>Passiva - CCE<\/title>\n<meta name=\"robots\" content=\"index, follow, max-snippet:-1, max-image-preview:large, max-video-preview:-1\" \/>\n<link rel=\"canonical\" href=\"https:\/\/cce.it\/de\/bereich-sicherheit\/produkt\/passiva\/\" \/>\n<meta property=\"og:locale\" content=\"it_IT\" \/>\n<meta property=\"og:type\" content=\"article\" \/>\n<meta property=\"og:title\" content=\"Passiva - CCE\" \/>\n<meta property=\"og:description\" content=\"INFORMATION Alle Kontaktleisten f\u00fcr Schiebetore von C.C.E. sind auch in einer Ausf\u00fchrung ohne integrierte Elektronik erh\u00e4ltlich. PASSIVA ist eine Reihe von Klemmschutzvorrichtungen mit verschiedensten Abmessungen, welche als Zubeh\u00f6r f\u00fcr Schiebetore verwendbar sind, um dort St\u00f6\u00dfe abzud\u00e4mpfen.\" \/>\n<meta property=\"og:url\" content=\"https:\/\/cce.it\/de\/bereich-sicherheit\/produkt\/passiva\/\" \/>\n<meta property=\"og:site_name\" content=\"CCE\" \/>\n<meta property=\"article:modified_time\" content=\"2018-07-19T06:40:44+00:00\" \/>\n<meta property=\"og:image\" content=\"https:\/\/cce.it\/wp-content\/uploads\/passiva-prodotto.jpg\" \/>\n\t<meta property=\"og:image:width\" content=\"1920\" \/>\n\t<meta property=\"og:image:height\" content=\"726\" \/>\n<script type=\"application\/ld+json\" class=\"yoast-schema-graph\">{\"@context\":\"https:\/\/schema.org\",\"@graph\":[{\"@type\":\"WebSite\",\"@id\":\"https:\/\/cce.it\/de\/#website\",\"url\":\"https:\/\/cce.it\/de\/\",\"name\":\"CCE\",\"description\":\"\",\"potentialAction\":[{\"@type\":\"SearchAction\",\"target\":\"https:\/\/cce.it\/de\/?s={search_term_string}\",\"query-input\":\"required name=search_term_string\"}],\"inLanguage\":\"it-IT\"},{\"@type\":\"ImageObject\",\"@id\":\"https:\/\/cce.it\/de\/bereich-sicherheit\/produkt\/passiva\/#primaryimage\",\"inLanguage\":\"it-IT\",\"url\":\"https:\/\/cce.it\/wp-content\/uploads\/passiva-prodotto.jpg\",\"width\":1920,\"height\":726},{\"@type\":\"WebPage\",\"@id\":\"https:\/\/cce.it\/de\/bereich-sicherheit\/produkt\/passiva\/#webpage\",\"url\":\"https:\/\/cce.it\/de\/bereich-sicherheit\/produkt\/passiva\/\",\"name\":\"Passiva - CCE\",\"isPartOf\":{\"@id\":\"https:\/\/cce.it\/de\/#website\"},\"primaryImageOfPage\":{\"@id\":\"https:\/\/cce.it\/de\/bereich-sicherheit\/produkt\/passiva\/#primaryimage\"},\"datePublished\":\"2015-04-21T15:41:21+00:00\",\"dateModified\":\"2018-07-19T06:40:44+00:00\",\"breadcrumb\":{\"@id\":\"https:\/\/cce.it\/de\/bereich-sicherheit\/produkt\/passiva\/#breadcrumb\"},\"inLanguage\":\"it-IT\",\"potentialAction\":[{\"@type\":\"ReadAction\",\"target\":[\"https:\/\/cce.it\/de\/bereich-sicherheit\/produkt\/passiva\/\"]}]},{\"@type\":\"BreadcrumbList\",\"@id\":\"https:\/\/cce.it\/de\/bereich-sicherheit\/produkt\/passiva\/#breadcrumb\",\"itemListElement\":[{\"@type\":\"ListItem\",\"position\":1,\"item\":{\"@type\":\"WebPage\",\"@id\":\"https:\/\/cce.it\/\",\"url\":\"https:\/\/cce.it\/\",\"name\":\"Home\"}},{\"@type\":\"ListItem\",\"position\":2,\"item\":{\"@type\":\"WebPage\",\"@id\":\"https:\/\/cce.it\/de\/bereich-sicherheit\/\",\"url\":\"https:\/\/cce.it\/de\/bereich-sicherheit\/\",\"name\":\"Bereich Sicherheit\"}},{\"@type\":\"ListItem\",\"position\":3,\"item\":{\"@type\":\"WebPage\",\"@id\":\"https:\/\/cce.it\/de\/bereich-sicherheit\/produkt\/\",\"url\":\"https:\/\/cce.it\/de\/bereich-sicherheit\/produkt\/\",\"name\":\"Kategorien\"}},{\"@type\":\"ListItem\",\"position\":4,\"item\":{\"@type\":\"WebPage\",\"@id\":\"https:\/\/cce.it\/de\/bereich-sicherheit\/produkt\/passiva\/\",\"url\":\"https:\/\/cce.it\/de\/bereich-sicherheit\/produkt\/passiva\/\",\"name\":\"Passiva\"}}]}]}<\/script>\n<!-- \/ Yoast SEO plugin. -->","_links":{"self":[{"href":"https:\/\/cce.it\/de\/wp-json\/wp\/v2\/pages\/5025"}],"collection":[{"href":"https:\/\/cce.it\/de\/wp-json\/wp\/v2\/pages"}],"about":[{"href":"https:\/\/cce.it\/de\/wp-json\/wp\/v2\/types\/page"}],"author":[{"embeddable":true,"href":"https:\/\/cce.it\/de\/wp-json\/wp\/v2\/users\/12"}],"replies":[{"embeddable":true,"href":"https:\/\/cce.it\/de\/wp-json\/wp\/v2\/comments?post=5025"}],"version-history":[{"count":6,"href":"https:\/\/cce.it\/de\/wp-json\/wp\/v2\/pages\/5025\/revisions"}],"predecessor-version":[{"id":18189,"href":"https:\/\/cce.it\/de\/wp-json\/wp\/v2\/pages\/5025\/revisions\/18189"}],"up":[{"embeddable":true,"href":"https:\/\/cce.it\/de\/wp-json\/wp\/v2\/pages\/102"}],"wp:featuredmedia":[{"embeddable":true,"href":"https:\/\/cce.it\/de\/wp-json\/wp\/v2\/media\/1274"}],"wp:attachment":[{"href":"https:\/\/cce.it\/de\/wp-json\/wp\/v2\/media?parent=5025"}],"curies":[{"name":"wp","href":"https:\/\/api.w.org\/{rel}","templated":true}]}}