{"id":5022,"date":"2015-02-25T15:03:10","date_gmt":"2015-02-25T14:03:10","guid":{"rendered":"https:\/\/cce.it\/\/divisione-sicurezza\/products\/multi\/"},"modified":"2018-07-18T17:27:17","modified_gmt":"2018-07-18T15:27:17","slug":"multi","status":"publish","type":"page","link":"https:\/\/cce.it\/de\/bereich-sicherheit\/produkt\/multi\/","title":{"rendered":"Multi"},"content":{"rendered":"<h5><span style=\"color: #000;\"> INFORMATION <\/span><\/h5>\n<hr \/>\n<p><strong>MULTI<\/strong> ist eine Kontaktleiste in gef\u00e4lligem Design mit gro\u00dfartiger Leistung. Sie arbeitet mit einem System dichter Mikroschalter und eignet sich ideal f\u00fcr Schiebetore. Sie ist auch mit einem integrierten, zum Anschluss weiterer Kontaktleisten geeigneten Funksender erh\u00e4ltlich.<\/p>\n","protected":false},"excerpt":{"rendered":"<p>INFORMATION MULTI ist eine Kontaktleiste in gef\u00e4lligem Design mit gro\u00dfartiger Leistung. Sie arbeitet mit einem System dichter Mikroschalter und eignet sich ideal f\u00fcr Schiebetore. Sie ist auch mit einem integrierten, zum Anschluss weiterer Kontaktleisten geeigneten Funksender erh\u00e4ltlich.<\/p>\n","protected":false},"author":2,"featured_media":1216,"parent":102,"menu_order":880,"comment_status":"closed","ping_status":"closed","template":"template-family.php","meta":[],"acf":[],"yoast_head":"<!-- This site is optimized with the Yoast SEO plugin v15.0 - https:\/\/yoast.com\/wordpress\/plugins\/seo\/ -->\n<title>Multi - CCE<\/title>\n<meta name=\"robots\" content=\"index, follow, max-snippet:-1, max-image-preview:large, max-video-preview:-1\" \/>\n<link rel=\"canonical\" href=\"https:\/\/cce.it\/de\/bereich-sicherheit\/produkt\/multi\/\" \/>\n<meta property=\"og:locale\" content=\"it_IT\" \/>\n<meta property=\"og:type\" content=\"article\" \/>\n<meta property=\"og:title\" content=\"Multi - CCE\" \/>\n<meta property=\"og:description\" content=\"INFORMATION MULTI ist eine Kontaktleiste in gef\u00e4lligem Design mit gro\u00dfartiger Leistung. Sie arbeitet mit einem System dichter Mikroschalter und eignet sich ideal f\u00fcr Schiebetore. Sie ist auch mit einem integrierten, zum Anschluss weiterer Kontaktleisten geeigneten Funksender erh\u00e4ltlich.\" \/>\n<meta property=\"og:url\" content=\"https:\/\/cce.it\/de\/bereich-sicherheit\/produkt\/multi\/\" \/>\n<meta property=\"og:site_name\" content=\"CCE\" \/>\n<meta property=\"article:modified_time\" content=\"2018-07-18T15:27:17+00:00\" \/>\n<meta property=\"og:image\" content=\"https:\/\/cce.it\/wp-content\/uploads\/multi-prodotto.jpg\" \/>\n\t<meta property=\"og:image:width\" content=\"1920\" \/>\n\t<meta property=\"og:image:height\" content=\"726\" \/>\n<script type=\"application\/ld+json\" class=\"yoast-schema-graph\">{\"@context\":\"https:\/\/schema.org\",\"@graph\":[{\"@type\":\"WebSite\",\"@id\":\"https:\/\/cce.it\/de\/#website\",\"url\":\"https:\/\/cce.it\/de\/\",\"name\":\"CCE\",\"description\":\"\",\"potentialAction\":[{\"@type\":\"SearchAction\",\"target\":\"https:\/\/cce.it\/de\/?s={search_term_string}\",\"query-input\":\"required name=search_term_string\"}],\"inLanguage\":\"it-IT\"},{\"@type\":\"ImageObject\",\"@id\":\"https:\/\/cce.it\/de\/bereich-sicherheit\/produkt\/multi\/#primaryimage\",\"inLanguage\":\"it-IT\",\"url\":\"https:\/\/cce.it\/wp-content\/uploads\/multi-prodotto.jpg\",\"width\":1920,\"height\":726},{\"@type\":\"WebPage\",\"@id\":\"https:\/\/cce.it\/de\/bereich-sicherheit\/produkt\/multi\/#webpage\",\"url\":\"https:\/\/cce.it\/de\/bereich-sicherheit\/produkt\/multi\/\",\"name\":\"Multi - CCE\",\"isPartOf\":{\"@id\":\"https:\/\/cce.it\/de\/#website\"},\"primaryImageOfPage\":{\"@id\":\"https:\/\/cce.it\/de\/bereich-sicherheit\/produkt\/multi\/#primaryimage\"},\"datePublished\":\"2015-02-25T14:03:10+00:00\",\"dateModified\":\"2018-07-18T15:27:17+00:00\",\"breadcrumb\":{\"@id\":\"https:\/\/cce.it\/de\/bereich-sicherheit\/produkt\/multi\/#breadcrumb\"},\"inLanguage\":\"it-IT\",\"potentialAction\":[{\"@type\":\"ReadAction\",\"target\":[\"https:\/\/cce.it\/de\/bereich-sicherheit\/produkt\/multi\/\"]}]},{\"@type\":\"BreadcrumbList\",\"@id\":\"https:\/\/cce.it\/de\/bereich-sicherheit\/produkt\/multi\/#breadcrumb\",\"itemListElement\":[{\"@type\":\"ListItem\",\"position\":1,\"item\":{\"@type\":\"WebPage\",\"@id\":\"https:\/\/cce.it\/\",\"url\":\"https:\/\/cce.it\/\",\"name\":\"Home\"}},{\"@type\":\"ListItem\",\"position\":2,\"item\":{\"@type\":\"WebPage\",\"@id\":\"https:\/\/cce.it\/de\/bereich-sicherheit\/\",\"url\":\"https:\/\/cce.it\/de\/bereich-sicherheit\/\",\"name\":\"Bereich Sicherheit\"}},{\"@type\":\"ListItem\",\"position\":3,\"item\":{\"@type\":\"WebPage\",\"@id\":\"https:\/\/cce.it\/de\/bereich-sicherheit\/produkt\/\",\"url\":\"https:\/\/cce.it\/de\/bereich-sicherheit\/produkt\/\",\"name\":\"Kategorien\"}},{\"@type\":\"ListItem\",\"position\":4,\"item\":{\"@type\":\"WebPage\",\"@id\":\"https:\/\/cce.it\/de\/bereich-sicherheit\/produkt\/multi\/\",\"url\":\"https:\/\/cce.it\/de\/bereich-sicherheit\/produkt\/multi\/\",\"name\":\"Multi\"}}]}]}<\/script>\n<!-- \/ Yoast SEO plugin. -->","_links":{"self":[{"href":"https:\/\/cce.it\/de\/wp-json\/wp\/v2\/pages\/5022"}],"collection":[{"href":"https:\/\/cce.it\/de\/wp-json\/wp\/v2\/pages"}],"about":[{"href":"https:\/\/cce.it\/de\/wp-json\/wp\/v2\/types\/page"}],"author":[{"embeddable":true,"href":"https:\/\/cce.it\/de\/wp-json\/wp\/v2\/users\/2"}],"replies":[{"embeddable":true,"href":"https:\/\/cce.it\/de\/wp-json\/wp\/v2\/comments?post=5022"}],"version-history":[{"count":3,"href":"https:\/\/cce.it\/de\/wp-json\/wp\/v2\/pages\/5022\/revisions"}],"predecessor-version":[{"id":18177,"href":"https:\/\/cce.it\/de\/wp-json\/wp\/v2\/pages\/5022\/revisions\/18177"}],"up":[{"embeddable":true,"href":"https:\/\/cce.it\/de\/wp-json\/wp\/v2\/pages\/102"}],"wp:featuredmedia":[{"embeddable":true,"href":"https:\/\/cce.it\/de\/wp-json\/wp\/v2\/media\/1216"}],"wp:attachment":[{"href":"https:\/\/cce.it\/de\/wp-json\/wp\/v2\/media?parent=5022"}],"curies":[{"name":"wp","href":"https:\/\/api.w.org\/{rel}","templated":true}]}}