{"id":48,"date":"2015-02-18T15:28:05","date_gmt":"2015-02-18T14:28:05","guid":{"rendered":"https:\/\/cce.it\/\/safety-division-2\/"},"modified":"2024-04-24T13:31:17","modified_gmt":"2024-04-24T11:31:17","slug":"bereich-sicherheit","status":"publish","type":"page","link":"https:\/\/cce.it\/de\/bereich-sicherheit\/","title":{"rendered":"Bereich Sicherheit"},"content":{"rendered":"<h2>Schutz gegen Unf\u00e4lle<\/h2>\n<p>Jedes Jahr gibt es Hunderte von Unf\u00e4llen durch Einklemmen von Fingern in T\u00fcren, von denen jedermann vom Kind bis zum Senior sowohl im \u00f6ffentlichen Raum als auch zuhause betroffen sind.  In vielen L\u00e4ndern besteht bereits die Verpflichtung, in \u00f6ffentlichen Geb\u00e4uden Schutzvorrichtungen hiergegen vorzusehen. Unsere Schutzvorrichtungen gehen dar\u00fcber hinaus. Wir bieten eine Reihe von ideal geeigneten Hilfsmitteln f\u00fcr die Sicherung aller R\u00e4ume im Haus oder in der \u00d6ffentlichkeit wie etwa in Gastst\u00e4tten, \u00dcbernachtungsbetrieben, B\u00fcrogeb\u00e4uden und Schulen an.<br \/>\nDas System \u201eDigisafe\u201c beinhaltet Aluminiumprofile, mit denen der innenliegende Scherpunkt zwischen T\u00fcr und Rahmen vollst\u00e4ndig abgedeckt werden kann.<br \/>\nDieses System &#8211; elegant und unerl\u00e4sslich &#8211; umfasst verschiedene Modelle und passt sich diskret allen Arten von T\u00fcren an, wobei die technische Qualit\u00e4t durch das gute Aussehen in keiner Weise beeintr\u00e4chtigt wird.<\/p>\n","protected":false},"excerpt":{"rendered":"<p>Schutz gegen Unf\u00e4lle Jedes Jahr gibt es Hunderte von Unf\u00e4llen durch Einklemmen von Fingern in T\u00fcren, von denen jedermann vom Kind bis zum Senior sowohl im \u00f6ffentlichen Raum als auch zuhause betroffen sind. In vielen L\u00e4ndern besteht bereits die Verpflichtung, in \u00f6ffentlichen Geb\u00e4uden Schutzvorrichtungen hiergegen vorzusehen. Unsere Schutzvorrichtungen gehen dar\u00fcber hinaus. Wir bieten eine Reihe &hellip; <a href=\"https:\/\/cce.it\/de\/bereich-sicherheit\/\">Continua<\/a><\/p>\n","protected":false},"author":2,"featured_media":21305,"parent":0,"menu_order":840,"comment_status":"closed","ping_status":"open","template":"template-divisione-sicurezza.php","meta":[],"acf":[],"yoast_head":"<!-- This site is optimized with the Yoast SEO plugin v15.0 - https:\/\/yoast.com\/wordpress\/plugins\/seo\/ -->\n<title>Bereich Sicherheit - CCE<\/title>\n<meta name=\"robots\" content=\"index, follow, max-snippet:-1, max-image-preview:large, max-video-preview:-1\" \/>\n<link rel=\"canonical\" href=\"https:\/\/cce.it\/de\/bereich-sicherheit\/\" \/>\n<meta property=\"og:locale\" content=\"it_IT\" \/>\n<meta property=\"og:type\" content=\"article\" \/>\n<meta property=\"og:title\" content=\"Bereich Sicherheit - CCE\" \/>\n<meta property=\"og:description\" content=\"Schutz gegen Unf\u00e4lle Jedes Jahr gibt es Hunderte von Unf\u00e4llen durch Einklemmen von Fingern in T\u00fcren, von denen jedermann vom Kind bis zum Senior sowohl im \u00f6ffentlichen Raum als auch zuhause betroffen sind. In vielen L\u00e4ndern besteht bereits die Verpflichtung, in \u00f6ffentlichen Geb\u00e4uden Schutzvorrichtungen hiergegen vorzusehen. Unsere Schutzvorrichtungen gehen dar\u00fcber hinaus. Wir bieten eine Reihe &hellip; Continua\" \/>\n<meta property=\"og:url\" content=\"https:\/\/cce.it\/de\/bereich-sicherheit\/\" \/>\n<meta property=\"og:site_name\" content=\"CCE\" \/>\n<meta property=\"article:modified_time\" content=\"2024-04-24T11:31:17+00:00\" \/>\n<meta property=\"og:image\" content=\"https:\/\/cce.it\/wp-content\/uploads\/CCE-srl-divisione-sicurezza.jpg\" \/>\n\t<meta property=\"og:image:width\" content=\"700\" \/>\n\t<meta property=\"og:image:height\" content=\"530\" \/>\n<script type=\"application\/ld+json\" class=\"yoast-schema-graph\">{\"@context\":\"https:\/\/schema.org\",\"@graph\":[{\"@type\":\"WebSite\",\"@id\":\"https:\/\/cce.it\/de\/#website\",\"url\":\"https:\/\/cce.it\/de\/\",\"name\":\"CCE\",\"description\":\"\",\"potentialAction\":[{\"@type\":\"SearchAction\",\"target\":\"https:\/\/cce.it\/de\/?s={search_term_string}\",\"query-input\":\"required name=search_term_string\"}],\"inLanguage\":\"it-IT\"},{\"@type\":\"ImageObject\",\"@id\":\"https:\/\/cce.it\/de\/bereich-sicherheit\/#primaryimage\",\"inLanguage\":\"it-IT\",\"url\":\"https:\/\/cce.it\/wp-content\/uploads\/CCE-srl-divisione-sicurezza.jpg\",\"width\":700,\"height\":530,\"caption\":\"CCE srl divisione sicurezza\"},{\"@type\":\"WebPage\",\"@id\":\"https:\/\/cce.it\/de\/bereich-sicherheit\/#webpage\",\"url\":\"https:\/\/cce.it\/de\/bereich-sicherheit\/\",\"name\":\"Bereich Sicherheit - CCE\",\"isPartOf\":{\"@id\":\"https:\/\/cce.it\/de\/#website\"},\"primaryImageOfPage\":{\"@id\":\"https:\/\/cce.it\/de\/bereich-sicherheit\/#primaryimage\"},\"datePublished\":\"2015-02-18T14:28:05+00:00\",\"dateModified\":\"2024-04-24T11:31:17+00:00\",\"breadcrumb\":{\"@id\":\"https:\/\/cce.it\/de\/bereich-sicherheit\/#breadcrumb\"},\"inLanguage\":\"it-IT\",\"potentialAction\":[{\"@type\":\"ReadAction\",\"target\":[\"https:\/\/cce.it\/de\/bereich-sicherheit\/\"]}]},{\"@type\":\"BreadcrumbList\",\"@id\":\"https:\/\/cce.it\/de\/bereich-sicherheit\/#breadcrumb\",\"itemListElement\":[{\"@type\":\"ListItem\",\"position\":1,\"item\":{\"@type\":\"WebPage\",\"@id\":\"https:\/\/cce.it\/\",\"url\":\"https:\/\/cce.it\/\",\"name\":\"Home\"}},{\"@type\":\"ListItem\",\"position\":2,\"item\":{\"@type\":\"WebPage\",\"@id\":\"https:\/\/cce.it\/de\/bereich-sicherheit\/\",\"url\":\"https:\/\/cce.it\/de\/bereich-sicherheit\/\",\"name\":\"Bereich Sicherheit\"}}]}]}<\/script>\n<!-- \/ Yoast SEO plugin. -->","_links":{"self":[{"href":"https:\/\/cce.it\/de\/wp-json\/wp\/v2\/pages\/48"}],"collection":[{"href":"https:\/\/cce.it\/de\/wp-json\/wp\/v2\/pages"}],"about":[{"href":"https:\/\/cce.it\/de\/wp-json\/wp\/v2\/types\/page"}],"author":[{"embeddable":true,"href":"https:\/\/cce.it\/de\/wp-json\/wp\/v2\/users\/2"}],"replies":[{"embeddable":true,"href":"https:\/\/cce.it\/de\/wp-json\/wp\/v2\/comments?post=48"}],"version-history":[{"count":5,"href":"https:\/\/cce.it\/de\/wp-json\/wp\/v2\/pages\/48\/revisions"}],"predecessor-version":[{"id":21315,"href":"https:\/\/cce.it\/de\/wp-json\/wp\/v2\/pages\/48\/revisions\/21315"}],"wp:featuredmedia":[{"embeddable":true,"href":"https:\/\/cce.it\/de\/wp-json\/wp\/v2\/media\/21305"}],"wp:attachment":[{"href":"https:\/\/cce.it\/de\/wp-json\/wp\/v2\/media?parent=48"}],"curies":[{"name":"wp","href":"https:\/\/api.w.org\/{rel}","templated":true}]}}