{"id":4465,"date":"2015-04-17T11:38:29","date_gmt":"2015-04-17T09:38:29","guid":{"rendered":"https:\/\/cce.it\/\/automatic-dropdowns-division\/accessori\/digisafe-180\/"},"modified":"2018-11-27T11:21:02","modified_gmt":"2018-11-27T10:21:02","slug":"digisafe-180","status":"publish","type":"page","link":"https:\/\/cce.it\/de\/bereich-zugluft\/produkt\/zubehor-und-werbeartikel\/digisafe-180\/","title":{"rendered":"Digisafe 180"},"content":{"rendered":"<h5><span> INFORMATION<\/span><\/h5>\n<hr \/>\n<p>Schutzsystem gegen das Einklemmen von Fingern f\u00fcr Schwenkt\u00fcren, das den Scher- und Quetschpunkt zwischen T\u00fcr und Zarge an der Bandau\u00dfenseite sch\u00fctzt. Es setzt sich aus mehreren, untereinander mit Scharnieren verbundenen Aluminiumprofilen zusammen, die eine T\u00fcr\u00f6ffnung bis 180\u00b0 erm\u00f6glichen (DGSMAX180) und die interne Scher- und Quetschstelle zwischen T\u00fcr und Zarge sch\u00fctzt.<\/p>\n","protected":false},"excerpt":{"rendered":"<p>INFORMATION Schutzsystem gegen das Einklemmen von Fingern f\u00fcr Schwenkt\u00fcren, das den Scher- und Quetschpunkt zwischen T\u00fcr und Zarge an der Bandau\u00dfenseite sch\u00fctzt. Es setzt sich aus mehreren, untereinander mit Scharnieren verbundenen Aluminiumprofilen zusammen, die eine T\u00fcr\u00f6ffnung bis 180\u00b0 erm\u00f6glichen (DGSMAX180) und die interne Scher- und Quetschstelle zwischen T\u00fcr und Zarge sch\u00fctzt.<\/p>\n","protected":false},"author":12,"featured_media":9183,"parent":4409,"menu_order":460,"comment_status":"closed","ping_status":"open","template":"template-antis-product.php","meta":[],"acf":[],"yoast_head":"<!-- This site is optimized with the Yoast SEO plugin v15.0 - https:\/\/yoast.com\/wordpress\/plugins\/seo\/ -->\n<title>Digisafe 180 - CCE<\/title>\n<meta name=\"robots\" content=\"index, follow, max-snippet:-1, max-image-preview:large, max-video-preview:-1\" \/>\n<link rel=\"canonical\" href=\"https:\/\/cce.it\/de\/bereich-zugluft\/zubehor-und-werbeartikel\/digisafe-180\/\" \/>\n<meta property=\"og:locale\" content=\"it_IT\" \/>\n<meta property=\"og:type\" content=\"article\" \/>\n<meta property=\"og:title\" content=\"Digisafe 180 - CCE\" \/>\n<meta property=\"og:description\" content=\"INFORMATION Schutzsystem gegen das Einklemmen von Fingern f\u00fcr Schwenkt\u00fcren, das den Scher- und Quetschpunkt zwischen T\u00fcr und Zarge an der Bandau\u00dfenseite sch\u00fctzt. Es setzt sich aus mehreren, untereinander mit Scharnieren verbundenen Aluminiumprofilen zusammen, die eine T\u00fcr\u00f6ffnung bis 180\u00b0 erm\u00f6glichen (DGSMAX180) und die interne Scher- und Quetschstelle zwischen T\u00fcr und Zarge sch\u00fctzt.\" \/>\n<meta property=\"og:url\" content=\"https:\/\/cce.it\/de\/bereich-zugluft\/zubehor-und-werbeartikel\/digisafe-180\/\" \/>\n<meta property=\"og:site_name\" content=\"CCE\" \/>\n<meta property=\"article:modified_time\" content=\"2018-11-27T10:21:02+00:00\" \/>\n<meta property=\"og:image\" content=\"https:\/\/cce.it\/wp-content\/uploads\/digisafe180-prodotto_rev2.jpg\" \/>\n\t<meta property=\"og:image:width\" content=\"1920\" \/>\n\t<meta property=\"og:image:height\" content=\"726\" \/>\n<script type=\"application\/ld+json\" class=\"yoast-schema-graph\">{\"@context\":\"https:\/\/schema.org\",\"@graph\":[{\"@type\":\"WebSite\",\"@id\":\"https:\/\/cce.it\/de\/#website\",\"url\":\"https:\/\/cce.it\/de\/\",\"name\":\"CCE\",\"description\":\"\",\"potentialAction\":[{\"@type\":\"SearchAction\",\"target\":\"https:\/\/cce.it\/de\/?s={search_term_string}\",\"query-input\":\"required name=search_term_string\"}],\"inLanguage\":\"it-IT\"},{\"@type\":\"ImageObject\",\"@id\":\"https:\/\/cce.it\/de\/bereich-zugluft\/zubehor-und-werbeartikel\/digisafe-180\/#primaryimage\",\"inLanguage\":\"it-IT\",\"url\":\"https:\/\/cce.it\/wp-content\/uploads\/digisafe180-prodotto_rev2.jpg\",\"width\":1920,\"height\":726},{\"@type\":\"WebPage\",\"@id\":\"https:\/\/cce.it\/de\/bereich-zugluft\/zubehor-und-werbeartikel\/digisafe-180\/#webpage\",\"url\":\"https:\/\/cce.it\/de\/bereich-zugluft\/zubehor-und-werbeartikel\/digisafe-180\/\",\"name\":\"Digisafe 180 - CCE\",\"isPartOf\":{\"@id\":\"https:\/\/cce.it\/de\/#website\"},\"primaryImageOfPage\":{\"@id\":\"https:\/\/cce.it\/de\/bereich-zugluft\/zubehor-und-werbeartikel\/digisafe-180\/#primaryimage\"},\"datePublished\":\"2015-04-17T09:38:29+00:00\",\"dateModified\":\"2018-11-27T10:21:02+00:00\",\"breadcrumb\":{\"@id\":\"https:\/\/cce.it\/de\/bereich-zugluft\/zubehor-und-werbeartikel\/digisafe-180\/#breadcrumb\"},\"inLanguage\":\"it-IT\",\"potentialAction\":[{\"@type\":\"ReadAction\",\"target\":[\"https:\/\/cce.it\/de\/bereich-zugluft\/zubehor-und-werbeartikel\/digisafe-180\/\"]}]},{\"@type\":\"BreadcrumbList\",\"@id\":\"https:\/\/cce.it\/de\/bereich-zugluft\/zubehor-und-werbeartikel\/digisafe-180\/#breadcrumb\",\"itemListElement\":[{\"@type\":\"ListItem\",\"position\":1,\"item\":{\"@type\":\"WebPage\",\"@id\":\"https:\/\/cce.it\/\",\"url\":\"https:\/\/cce.it\/\",\"name\":\"Home\"}},{\"@type\":\"ListItem\",\"position\":2,\"item\":{\"@type\":\"WebPage\",\"@id\":\"https:\/\/cce.it\/de\/bereich-zugluft\/\",\"url\":\"https:\/\/cce.it\/de\/bereich-zugluft\/\",\"name\":\"Bereich Zugluft\"}},{\"@type\":\"ListItem\",\"position\":3,\"item\":{\"@type\":\"WebPage\",\"@id\":\"https:\/\/cce.it\/de\/bereich-zugluft\/zubehor-und-werbeartikel\/\",\"url\":\"https:\/\/cce.it\/de\/bereich-zugluft\/zubehor-und-werbeartikel\/\",\"name\":\"Zubeh\\u00f6r und Werbeartikel\"}},{\"@type\":\"ListItem\",\"position\":4,\"item\":{\"@type\":\"WebPage\",\"@id\":\"https:\/\/cce.it\/de\/bereich-zugluft\/zubehor-und-werbeartikel\/digisafe-180\/\",\"url\":\"https:\/\/cce.it\/de\/bereich-zugluft\/zubehor-und-werbeartikel\/digisafe-180\/\",\"name\":\"Digisafe 180\"}}]}]}<\/script>\n<!-- \/ Yoast SEO plugin. -->","_links":{"self":[{"href":"https:\/\/cce.it\/de\/wp-json\/wp\/v2\/pages\/4465"}],"collection":[{"href":"https:\/\/cce.it\/de\/wp-json\/wp\/v2\/pages"}],"about":[{"href":"https:\/\/cce.it\/de\/wp-json\/wp\/v2\/types\/page"}],"author":[{"embeddable":true,"href":"https:\/\/cce.it\/de\/wp-json\/wp\/v2\/users\/12"}],"replies":[{"embeddable":true,"href":"https:\/\/cce.it\/de\/wp-json\/wp\/v2\/comments?post=4465"}],"version-history":[{"count":9,"href":"https:\/\/cce.it\/de\/wp-json\/wp\/v2\/pages\/4465\/revisions"}],"predecessor-version":[{"id":19007,"href":"https:\/\/cce.it\/de\/wp-json\/wp\/v2\/pages\/4465\/revisions\/19007"}],"up":[{"embeddable":true,"href":"https:\/\/cce.it\/de\/wp-json\/wp\/v2\/pages\/4409"}],"wp:featuredmedia":[{"embeddable":true,"href":"https:\/\/cce.it\/de\/wp-json\/wp\/v2\/media\/9183"}],"wp:attachment":[{"href":"https:\/\/cce.it\/de\/wp-json\/wp\/v2\/media?parent=4465"}],"curies":[{"name":"wp","href":"https:\/\/api.w.org\/{rel}","templated":true}]}}