{"id":4463,"date":"2015-04-17T11:50:14","date_gmt":"2015-04-17T09:50:14","guid":{"rendered":"https:\/\/cce.it\/\/automatic-dropdowns-division\/accessori\/digismart\/"},"modified":"2018-11-27T11:16:53","modified_gmt":"2018-11-27T10:16:53","slug":"digismart","status":"publish","type":"page","link":"https:\/\/cce.it\/de\/bereich-zugluft\/produkt\/zubehor-und-werbeartikel\/digismart\/","title":{"rendered":"Digismart"},"content":{"rendered":"<h5><span> INFORMATION<\/span><\/h5>\n<hr \/>\n<p>Schutzsystem gegen das Einklemmen von Fingern f\u00fcr Schwenkt\u00fcren, das den Scher- und Quetschpunkt zwischen T\u00fcr und Zarge an der Bandau\u00dfenseite sch\u00fctzt. In Kombination mit dem Modell DIGISAFE gew\u00e4hrleistet es totalen Schutz gegen das Einklemmen von Fingern. In zwei Modellen mit verschiedenen Abmessungen erh\u00e4ltlich, kann es sowohl an Holz-, PVC- oder Aluminiumt\u00fcren angewandt werden.<\/p>\n","protected":false},"excerpt":{"rendered":"<p>INFORMATION Schutzsystem gegen das Einklemmen von Fingern f\u00fcr Schwenkt\u00fcren, das den Scher- und Quetschpunkt zwischen T\u00fcr und Zarge an der Bandau\u00dfenseite sch\u00fctzt. In Kombination mit dem Modell DIGISAFE gew\u00e4hrleistet es totalen Schutz gegen das Einklemmen von Fingern. In zwei Modellen mit verschiedenen Abmessungen erh\u00e4ltlich, kann es sowohl an Holz-, PVC- oder Aluminiumt\u00fcren angewandt werden.<\/p>\n","protected":false},"author":12,"featured_media":9191,"parent":4409,"menu_order":473,"comment_status":"closed","ping_status":"open","template":"template-antis-product.php","meta":[],"acf":[],"yoast_head":"<!-- This site is optimized with the Yoast SEO plugin v15.0 - https:\/\/yoast.com\/wordpress\/plugins\/seo\/ -->\n<title>Digismart - CCE<\/title>\n<meta name=\"robots\" content=\"index, follow, max-snippet:-1, max-image-preview:large, max-video-preview:-1\" \/>\n<link rel=\"canonical\" href=\"https:\/\/cce.it\/de\/bereich-zugluft\/zubehor-und-werbeartikel\/digismart\/\" \/>\n<meta property=\"og:locale\" content=\"it_IT\" \/>\n<meta property=\"og:type\" content=\"article\" \/>\n<meta property=\"og:title\" content=\"Digismart - CCE\" \/>\n<meta property=\"og:description\" content=\"INFORMATION Schutzsystem gegen das Einklemmen von Fingern f\u00fcr Schwenkt\u00fcren, das den Scher- und Quetschpunkt zwischen T\u00fcr und Zarge an der Bandau\u00dfenseite sch\u00fctzt. In Kombination mit dem Modell DIGISAFE gew\u00e4hrleistet es totalen Schutz gegen das Einklemmen von Fingern. In zwei Modellen mit verschiedenen Abmessungen erh\u00e4ltlich, kann es sowohl an Holz-, PVC- oder Aluminiumt\u00fcren angewandt werden.\" \/>\n<meta property=\"og:url\" content=\"https:\/\/cce.it\/de\/bereich-zugluft\/zubehor-und-werbeartikel\/digismart\/\" \/>\n<meta property=\"og:site_name\" content=\"CCE\" \/>\n<meta property=\"article:modified_time\" content=\"2018-11-27T10:16:53+00:00\" \/>\n<meta property=\"og:image\" content=\"https:\/\/cce.it\/wp-content\/uploads\/digismart-78-prodotto_rev2.jpg\" \/>\n\t<meta property=\"og:image:width\" content=\"1920\" \/>\n\t<meta property=\"og:image:height\" content=\"726\" \/>\n<script type=\"application\/ld+json\" class=\"yoast-schema-graph\">{\"@context\":\"https:\/\/schema.org\",\"@graph\":[{\"@type\":\"WebSite\",\"@id\":\"https:\/\/cce.it\/de\/#website\",\"url\":\"https:\/\/cce.it\/de\/\",\"name\":\"CCE\",\"description\":\"\",\"potentialAction\":[{\"@type\":\"SearchAction\",\"target\":\"https:\/\/cce.it\/de\/?s={search_term_string}\",\"query-input\":\"required name=search_term_string\"}],\"inLanguage\":\"it-IT\"},{\"@type\":\"ImageObject\",\"@id\":\"https:\/\/cce.it\/de\/bereich-zugluft\/zubehor-und-werbeartikel\/digismart\/#primaryimage\",\"inLanguage\":\"it-IT\",\"url\":\"https:\/\/cce.it\/wp-content\/uploads\/digismart-78-prodotto_rev2.jpg\",\"width\":1920,\"height\":726},{\"@type\":\"WebPage\",\"@id\":\"https:\/\/cce.it\/de\/bereich-zugluft\/zubehor-und-werbeartikel\/digismart\/#webpage\",\"url\":\"https:\/\/cce.it\/de\/bereich-zugluft\/zubehor-und-werbeartikel\/digismart\/\",\"name\":\"Digismart - CCE\",\"isPartOf\":{\"@id\":\"https:\/\/cce.it\/de\/#website\"},\"primaryImageOfPage\":{\"@id\":\"https:\/\/cce.it\/de\/bereich-zugluft\/zubehor-und-werbeartikel\/digismart\/#primaryimage\"},\"datePublished\":\"2015-04-17T09:50:14+00:00\",\"dateModified\":\"2018-11-27T10:16:53+00:00\",\"breadcrumb\":{\"@id\":\"https:\/\/cce.it\/de\/bereich-zugluft\/zubehor-und-werbeartikel\/digismart\/#breadcrumb\"},\"inLanguage\":\"it-IT\",\"potentialAction\":[{\"@type\":\"ReadAction\",\"target\":[\"https:\/\/cce.it\/de\/bereich-zugluft\/zubehor-und-werbeartikel\/digismart\/\"]}]},{\"@type\":\"BreadcrumbList\",\"@id\":\"https:\/\/cce.it\/de\/bereich-zugluft\/zubehor-und-werbeartikel\/digismart\/#breadcrumb\",\"itemListElement\":[{\"@type\":\"ListItem\",\"position\":1,\"item\":{\"@type\":\"WebPage\",\"@id\":\"https:\/\/cce.it\/\",\"url\":\"https:\/\/cce.it\/\",\"name\":\"Home\"}},{\"@type\":\"ListItem\",\"position\":2,\"item\":{\"@type\":\"WebPage\",\"@id\":\"https:\/\/cce.it\/de\/bereich-zugluft\/\",\"url\":\"https:\/\/cce.it\/de\/bereich-zugluft\/\",\"name\":\"Bereich Zugluft\"}},{\"@type\":\"ListItem\",\"position\":3,\"item\":{\"@type\":\"WebPage\",\"@id\":\"https:\/\/cce.it\/de\/bereich-zugluft\/zubehor-und-werbeartikel\/\",\"url\":\"https:\/\/cce.it\/de\/bereich-zugluft\/zubehor-und-werbeartikel\/\",\"name\":\"Zubeh\\u00f6r und Werbeartikel\"}},{\"@type\":\"ListItem\",\"position\":4,\"item\":{\"@type\":\"WebPage\",\"@id\":\"https:\/\/cce.it\/de\/bereich-zugluft\/zubehor-und-werbeartikel\/digismart\/\",\"url\":\"https:\/\/cce.it\/de\/bereich-zugluft\/zubehor-und-werbeartikel\/digismart\/\",\"name\":\"Digismart\"}}]}]}<\/script>\n<!-- \/ Yoast SEO plugin. -->","_links":{"self":[{"href":"https:\/\/cce.it\/de\/wp-json\/wp\/v2\/pages\/4463"}],"collection":[{"href":"https:\/\/cce.it\/de\/wp-json\/wp\/v2\/pages"}],"about":[{"href":"https:\/\/cce.it\/de\/wp-json\/wp\/v2\/types\/page"}],"author":[{"embeddable":true,"href":"https:\/\/cce.it\/de\/wp-json\/wp\/v2\/users\/12"}],"replies":[{"embeddable":true,"href":"https:\/\/cce.it\/de\/wp-json\/wp\/v2\/comments?post=4463"}],"version-history":[{"count":8,"href":"https:\/\/cce.it\/de\/wp-json\/wp\/v2\/pages\/4463\/revisions"}],"predecessor-version":[{"id":19000,"href":"https:\/\/cce.it\/de\/wp-json\/wp\/v2\/pages\/4463\/revisions\/19000"}],"up":[{"embeddable":true,"href":"https:\/\/cce.it\/de\/wp-json\/wp\/v2\/pages\/4409"}],"wp:featuredmedia":[{"embeddable":true,"href":"https:\/\/cce.it\/de\/wp-json\/wp\/v2\/media\/9191"}],"wp:attachment":[{"href":"https:\/\/cce.it\/de\/wp-json\/wp\/v2\/media?parent=4463"}],"curies":[{"name":"wp","href":"https:\/\/api.w.org\/{rel}","templated":true}]}}