{"id":4424,"date":"2015-04-17T11:19:28","date_gmt":"2015-04-17T09:19:28","guid":{"rendered":"https:\/\/cce.it\/\/automatic-dropdowns-division\/accessori\/lamal\/"},"modified":"2018-05-09T11:51:11","modified_gmt":"2018-05-09T09:51:11","slug":"lamal","status":"publish","type":"page","link":"https:\/\/cce.it\/de\/bereich-zugluft\/produkt\/zubehor-und-werbeartikel\/lamal\/","title":{"rendered":"Lamal"},"content":{"rendered":"<h5><span>INFORMATION<\/span><\/h5>\n<hr \/>\n<p>Anschlagsystem mit Dichtung f\u00fcr zweifl\u00fcgelige T\u00fcren. Ideale Erg\u00e4nzung f\u00fcr besseren L\u00e4rmschutz und zur Einhaltung der CE-Zertifizierungsstandards f\u00fcr T\u00fcren.<\/p>\n","protected":false},"excerpt":{"rendered":"<p>INFORMATION Anschlagsystem mit Dichtung f\u00fcr zweifl\u00fcgelige T\u00fcren. Ideale Erg\u00e4nzung f\u00fcr besseren L\u00e4rmschutz und zur Einhaltung der CE-Zertifizierungsstandards f\u00fcr T\u00fcren.<\/p>\n","protected":false},"author":12,"featured_media":9171,"parent":4409,"menu_order":748,"comment_status":"closed","ping_status":"open","template":"template-antis-product.php","meta":[],"acf":[],"yoast_head":"<!-- This site is optimized with the Yoast SEO plugin v15.0 - https:\/\/yoast.com\/wordpress\/plugins\/seo\/ -->\n<title>Lamal - CCE<\/title>\n<meta name=\"robots\" content=\"index, follow, max-snippet:-1, max-image-preview:large, max-video-preview:-1\" \/>\n<link rel=\"canonical\" href=\"https:\/\/cce.it\/de\/bereich-zugluft\/zubehor-und-werbeartikel\/lamal\/\" \/>\n<meta property=\"og:locale\" content=\"it_IT\" \/>\n<meta property=\"og:type\" content=\"article\" \/>\n<meta property=\"og:title\" content=\"Lamal - CCE\" \/>\n<meta property=\"og:description\" content=\"INFORMATION Anschlagsystem mit Dichtung f\u00fcr zweifl\u00fcgelige T\u00fcren. Ideale Erg\u00e4nzung f\u00fcr besseren L\u00e4rmschutz und zur Einhaltung der CE-Zertifizierungsstandards f\u00fcr T\u00fcren.\" \/>\n<meta property=\"og:url\" content=\"https:\/\/cce.it\/de\/bereich-zugluft\/zubehor-und-werbeartikel\/lamal\/\" \/>\n<meta property=\"og:site_name\" content=\"CCE\" \/>\n<meta property=\"article:modified_time\" content=\"2018-05-09T09:51:11+00:00\" \/>\n<meta property=\"og:image\" content=\"https:\/\/cce.it\/wp-content\/uploads\/guall-prodotto_rev2.jpg\" \/>\n\t<meta property=\"og:image:width\" content=\"1920\" \/>\n\t<meta property=\"og:image:height\" content=\"726\" \/>\n<script type=\"application\/ld+json\" class=\"yoast-schema-graph\">{\"@context\":\"https:\/\/schema.org\",\"@graph\":[{\"@type\":\"WebSite\",\"@id\":\"https:\/\/cce.it\/de\/#website\",\"url\":\"https:\/\/cce.it\/de\/\",\"name\":\"CCE\",\"description\":\"\",\"potentialAction\":[{\"@type\":\"SearchAction\",\"target\":\"https:\/\/cce.it\/de\/?s={search_term_string}\",\"query-input\":\"required name=search_term_string\"}],\"inLanguage\":\"it-IT\"},{\"@type\":\"ImageObject\",\"@id\":\"https:\/\/cce.it\/de\/bereich-zugluft\/zubehor-und-werbeartikel\/lamal\/#primaryimage\",\"inLanguage\":\"it-IT\",\"url\":\"https:\/\/cce.it\/wp-content\/uploads\/guall-prodotto_rev2.jpg\",\"width\":1920,\"height\":726},{\"@type\":\"WebPage\",\"@id\":\"https:\/\/cce.it\/de\/bereich-zugluft\/zubehor-und-werbeartikel\/lamal\/#webpage\",\"url\":\"https:\/\/cce.it\/de\/bereich-zugluft\/zubehor-und-werbeartikel\/lamal\/\",\"name\":\"Lamal - CCE\",\"isPartOf\":{\"@id\":\"https:\/\/cce.it\/de\/#website\"},\"primaryImageOfPage\":{\"@id\":\"https:\/\/cce.it\/de\/bereich-zugluft\/zubehor-und-werbeartikel\/lamal\/#primaryimage\"},\"datePublished\":\"2015-04-17T09:19:28+00:00\",\"dateModified\":\"2018-05-09T09:51:11+00:00\",\"breadcrumb\":{\"@id\":\"https:\/\/cce.it\/de\/bereich-zugluft\/zubehor-und-werbeartikel\/lamal\/#breadcrumb\"},\"inLanguage\":\"it-IT\",\"potentialAction\":[{\"@type\":\"ReadAction\",\"target\":[\"https:\/\/cce.it\/de\/bereich-zugluft\/zubehor-und-werbeartikel\/lamal\/\"]}]},{\"@type\":\"BreadcrumbList\",\"@id\":\"https:\/\/cce.it\/de\/bereich-zugluft\/zubehor-und-werbeartikel\/lamal\/#breadcrumb\",\"itemListElement\":[{\"@type\":\"ListItem\",\"position\":1,\"item\":{\"@type\":\"WebPage\",\"@id\":\"https:\/\/cce.it\/\",\"url\":\"https:\/\/cce.it\/\",\"name\":\"Home\"}},{\"@type\":\"ListItem\",\"position\":2,\"item\":{\"@type\":\"WebPage\",\"@id\":\"https:\/\/cce.it\/de\/bereich-zugluft\/\",\"url\":\"https:\/\/cce.it\/de\/bereich-zugluft\/\",\"name\":\"Bereich Zugluft\"}},{\"@type\":\"ListItem\",\"position\":3,\"item\":{\"@type\":\"WebPage\",\"@id\":\"https:\/\/cce.it\/de\/bereich-zugluft\/zubehor-und-werbeartikel\/\",\"url\":\"https:\/\/cce.it\/de\/bereich-zugluft\/zubehor-und-werbeartikel\/\",\"name\":\"Zubeh\\u00f6r und Werbeartikel\"}},{\"@type\":\"ListItem\",\"position\":4,\"item\":{\"@type\":\"WebPage\",\"@id\":\"https:\/\/cce.it\/de\/bereich-zugluft\/zubehor-und-werbeartikel\/lamal\/\",\"url\":\"https:\/\/cce.it\/de\/bereich-zugluft\/zubehor-und-werbeartikel\/lamal\/\",\"name\":\"Lamal\"}}]}]}<\/script>\n<!-- \/ Yoast SEO plugin. -->","_links":{"self":[{"href":"https:\/\/cce.it\/de\/wp-json\/wp\/v2\/pages\/4424"}],"collection":[{"href":"https:\/\/cce.it\/de\/wp-json\/wp\/v2\/pages"}],"about":[{"href":"https:\/\/cce.it\/de\/wp-json\/wp\/v2\/types\/page"}],"author":[{"embeddable":true,"href":"https:\/\/cce.it\/de\/wp-json\/wp\/v2\/users\/12"}],"replies":[{"embeddable":true,"href":"https:\/\/cce.it\/de\/wp-json\/wp\/v2\/comments?post=4424"}],"version-history":[{"count":7,"href":"https:\/\/cce.it\/de\/wp-json\/wp\/v2\/pages\/4424\/revisions"}],"predecessor-version":[{"id":14939,"href":"https:\/\/cce.it\/de\/wp-json\/wp\/v2\/pages\/4424\/revisions\/14939"}],"up":[{"embeddable":true,"href":"https:\/\/cce.it\/de\/wp-json\/wp\/v2\/pages\/4409"}],"wp:featuredmedia":[{"embeddable":true,"href":"https:\/\/cce.it\/de\/wp-json\/wp\/v2\/media\/9171"}],"wp:attachment":[{"href":"https:\/\/cce.it\/de\/wp-json\/wp\/v2\/media?parent=4424"}],"curies":[{"name":"wp","href":"https:\/\/api.w.org\/{rel}","templated":true}]}}