{"id":4409,"date":"2015-03-04T12:50:25","date_gmt":"2015-03-04T11:50:25","guid":{"rendered":"https:\/\/cce.it\/\/automatic-dropdowns-division\/accessori\/"},"modified":"2015-08-05T09:47:12","modified_gmt":"2015-08-05T07:47:12","slug":"zubehor-und-werbeartikel","status":"publish","type":"page","link":"https:\/\/cce.it\/de\/bereich-zugluft\/produkt\/zubehor-und-werbeartikel\/","title":{"rendered":"Zubeh\u00f6r und Werbeartikel"},"content":{"rendered":"<h2>Wir zeigen, wie Sparen geht!<\/h2>\n<p>Die funktionsf\u00e4higen Modelle der Baureihe \u201ePromo\u201c wurden als gewerblich nutzbare Vorzeigemodelle entwickelt, mit denen die Funktionsweisen unserer verschiedenen Produkte klar und verst\u00e4ndlich darstellbar sind. Jeder Kunde ist damit in der Lage, die Produkte richtig anzufassen und zu verstehen und somit den Zweck von Zubeh\u00f6r zu erfassen, das bei der Auswahl von T\u00fcren oft genug nicht zu den Kriterien geh\u00f6rt. Gutes thermisches und akustisches Abschlie\u00dfen sind Mehrwerte, die im t\u00e4glichen Leben unsch\u00e4tzbar sind, sowohl in Form von Komfort als auch in Form von Einsparung.<\/p>\n<p>&nbsp;<\/p>\n","protected":false},"excerpt":{"rendered":"<p>Wir zeigen, wie Sparen geht! Die funktionsf\u00e4higen Modelle der Baureihe \u201ePromo\u201c wurden als gewerblich nutzbare Vorzeigemodelle entwickelt, mit denen die Funktionsweisen unserer verschiedenen Produkte klar und verst\u00e4ndlich darstellbar sind. Jeder Kunde ist damit in der Lage, die Produkte richtig anzufassen und zu verstehen und somit den Zweck von Zubeh\u00f6r zu erfassen, das bei der Auswahl &hellip; <a href=\"https:\/\/cce.it\/de\/bereich-zugluft\/produkt\/zubehor-und-werbeartikel\/\">Continua<\/a><\/p>\n","protected":false},"author":2,"featured_media":0,"parent":4135,"menu_order":186,"comment_status":"closed","ping_status":"open","template":"template-antis-family.php","meta":[],"acf":[],"yoast_head":"<!-- This site is optimized with the Yoast SEO plugin v15.0 - https:\/\/yoast.com\/wordpress\/plugins\/seo\/ -->\n<title>Zubeh\u00f6r und Werbeartikel - CCE<\/title>\n<meta name=\"robots\" content=\"index, follow, max-snippet:-1, max-image-preview:large, max-video-preview:-1\" \/>\n<link rel=\"canonical\" href=\"https:\/\/cce.it\/de\/bereich-zugluft\/zubehor-und-werbeartikel\/\" \/>\n<meta property=\"og:locale\" content=\"it_IT\" \/>\n<meta property=\"og:type\" content=\"article\" \/>\n<meta property=\"og:title\" content=\"Zubeh\u00f6r und Werbeartikel - CCE\" \/>\n<meta property=\"og:description\" content=\"Wir zeigen, wie Sparen geht! Die funktionsf\u00e4higen Modelle der Baureihe \u201ePromo\u201c wurden als gewerblich nutzbare Vorzeigemodelle entwickelt, mit denen die Funktionsweisen unserer verschiedenen Produkte klar und verst\u00e4ndlich darstellbar sind. Jeder Kunde ist damit in der Lage, die Produkte richtig anzufassen und zu verstehen und somit den Zweck von Zubeh\u00f6r zu erfassen, das bei der Auswahl &hellip; Continua\" \/>\n<meta property=\"og:url\" content=\"https:\/\/cce.it\/de\/bereich-zugluft\/zubehor-und-werbeartikel\/\" \/>\n<meta property=\"og:site_name\" content=\"CCE\" \/>\n<meta property=\"article:modified_time\" content=\"2015-08-05T07:47:12+00:00\" \/>\n<script type=\"application\/ld+json\" class=\"yoast-schema-graph\">{\"@context\":\"https:\/\/schema.org\",\"@graph\":[{\"@type\":\"WebSite\",\"@id\":\"https:\/\/cce.it\/de\/#website\",\"url\":\"https:\/\/cce.it\/de\/\",\"name\":\"CCE\",\"description\":\"\",\"potentialAction\":[{\"@type\":\"SearchAction\",\"target\":\"https:\/\/cce.it\/de\/?s={search_term_string}\",\"query-input\":\"required name=search_term_string\"}],\"inLanguage\":\"it-IT\"},{\"@type\":\"WebPage\",\"@id\":\"https:\/\/cce.it\/de\/bereich-zugluft\/zubehor-und-werbeartikel\/#webpage\",\"url\":\"https:\/\/cce.it\/de\/bereich-zugluft\/zubehor-und-werbeartikel\/\",\"name\":\"Zubeh\\u00f6r und Werbeartikel - CCE\",\"isPartOf\":{\"@id\":\"https:\/\/cce.it\/de\/#website\"},\"datePublished\":\"2015-03-04T11:50:25+00:00\",\"dateModified\":\"2015-08-05T07:47:12+00:00\",\"breadcrumb\":{\"@id\":\"https:\/\/cce.it\/de\/bereich-zugluft\/zubehor-und-werbeartikel\/#breadcrumb\"},\"inLanguage\":\"it-IT\",\"potentialAction\":[{\"@type\":\"ReadAction\",\"target\":[\"https:\/\/cce.it\/de\/bereich-zugluft\/zubehor-und-werbeartikel\/\"]}]},{\"@type\":\"BreadcrumbList\",\"@id\":\"https:\/\/cce.it\/de\/bereich-zugluft\/zubehor-und-werbeartikel\/#breadcrumb\",\"itemListElement\":[{\"@type\":\"ListItem\",\"position\":1,\"item\":{\"@type\":\"WebPage\",\"@id\":\"https:\/\/cce.it\/\",\"url\":\"https:\/\/cce.it\/\",\"name\":\"Home\"}},{\"@type\":\"ListItem\",\"position\":2,\"item\":{\"@type\":\"WebPage\",\"@id\":\"https:\/\/cce.it\/de\/bereich-zugluft\/\",\"url\":\"https:\/\/cce.it\/de\/bereich-zugluft\/\",\"name\":\"Bereich Zugluft\"}},{\"@type\":\"ListItem\",\"position\":3,\"item\":{\"@type\":\"WebPage\",\"@id\":\"https:\/\/cce.it\/de\/bereich-zugluft\/zubehor-und-werbeartikel\/\",\"url\":\"https:\/\/cce.it\/de\/bereich-zugluft\/zubehor-und-werbeartikel\/\",\"name\":\"Zubeh\\u00f6r und Werbeartikel\"}}]}]}<\/script>\n<!-- \/ Yoast SEO plugin. -->","_links":{"self":[{"href":"https:\/\/cce.it\/de\/wp-json\/wp\/v2\/pages\/4409"}],"collection":[{"href":"https:\/\/cce.it\/de\/wp-json\/wp\/v2\/pages"}],"about":[{"href":"https:\/\/cce.it\/de\/wp-json\/wp\/v2\/types\/page"}],"author":[{"embeddable":true,"href":"https:\/\/cce.it\/de\/wp-json\/wp\/v2\/users\/2"}],"replies":[{"embeddable":true,"href":"https:\/\/cce.it\/de\/wp-json\/wp\/v2\/comments?post=4409"}],"version-history":[{"count":3,"href":"https:\/\/cce.it\/de\/wp-json\/wp\/v2\/pages\/4409\/revisions"}],"predecessor-version":[{"id":6614,"href":"https:\/\/cce.it\/de\/wp-json\/wp\/v2\/pages\/4409\/revisions\/6614"}],"up":[{"embeddable":true,"href":"https:\/\/cce.it\/de\/wp-json\/wp\/v2\/pages\/4135"}],"wp:attachment":[{"href":"https:\/\/cce.it\/de\/wp-json\/wp\/v2\/media?parent=4409"}],"curies":[{"name":"wp","href":"https:\/\/api.w.org\/{rel}","templated":true}]}}