{"id":4398,"date":"2015-04-16T15:23:09","date_gmt":"2015-04-16T13:23:09","guid":{"rendered":"https:\/\/cce.it\/\/automatic-dropdowns-division\/prodotti\/threshold\/ulisse-light-ulisse-drip\/"},"modified":"2020-06-12T14:29:33","modified_gmt":"2020-06-12T12:29:33","slug":"ulisse-light-ulisse-drip","status":"publish","type":"page","link":"https:\/\/cce.it\/de\/bereich-zugluft\/produkt\/threshold\/ulisse-light-ulisse-drip\/","title":{"rendered":"Ulisse Light"},"content":{"rendered":"<h5><span>INFORMATION<\/span><\/h5>\n<hr \/>\n<p>System f\u00fcr den Einbau in auch schon bestehende T\u00fcren, wo eine Entw\u00e4sserungsschwelle erforderlich ist. Die Schwelle Ulisse Light schl\u00e4gt mit einer weichen Dichtlippe aus selbstl\u00f6schendem Silikon auf das T&uuml;rblatt. Das System kann mit einem Wetterschenkel Ulisse Drip abgerundet werden, der dank der Polypropylenb\u00fcrste dazu beitr\u00e4gt, die Wasserdichtigkeit zu erh\u00f6hen.<\/p>\n","protected":false},"excerpt":{"rendered":"<p>INFORMATION System f\u00fcr den Einbau in auch schon bestehende T\u00fcren, wo eine Entw\u00e4sserungsschwelle erforderlich ist. Die Schwelle Ulisse Light schl\u00e4gt mit einer weichen Dichtlippe aus selbstl\u00f6schendem Silikon auf das T&uuml;rblatt. Das System kann mit einem Wetterschenkel Ulisse Drip abgerundet werden, der dank der Polypropylenb\u00fcrste dazu beitr\u00e4gt, die Wasserdichtigkeit zu erh\u00f6hen.<\/p>\n","protected":false},"author":12,"featured_media":17704,"parent":4395,"menu_order":1296,"comment_status":"closed","ping_status":"open","template":"template-antis-product.php","meta":[],"acf":[],"yoast_head":"<!-- This site is optimized with the Yoast SEO plugin v15.0 - https:\/\/yoast.com\/wordpress\/plugins\/seo\/ -->\n<title>Ulisse Light - CCE<\/title>\n<meta name=\"robots\" content=\"index, follow, max-snippet:-1, max-image-preview:large, max-video-preview:-1\" \/>\n<link rel=\"canonical\" href=\"https:\/\/cce.it\/de\/bereich-zugluft\/produkt\/threshold\/ulisse-light-ulisse-drip\/\" \/>\n<meta property=\"og:locale\" content=\"it_IT\" \/>\n<meta property=\"og:type\" content=\"article\" \/>\n<meta property=\"og:title\" content=\"Ulisse Light - CCE\" \/>\n<meta property=\"og:description\" content=\"INFORMATION System f\u00fcr den Einbau in auch schon bestehende T\u00fcren, wo eine Entw\u00e4sserungsschwelle erforderlich ist. Die Schwelle Ulisse Light schl\u00e4gt mit einer weichen Dichtlippe aus selbstl\u00f6schendem Silikon auf das T&uuml;rblatt. Das System kann mit einem Wetterschenkel Ulisse Drip abgerundet werden, der dank der Polypropylenb\u00fcrste dazu beitr\u00e4gt, die Wasserdichtigkeit zu erh\u00f6hen.\" \/>\n<meta property=\"og:url\" content=\"https:\/\/cce.it\/de\/bereich-zugluft\/produkt\/threshold\/ulisse-light-ulisse-drip\/\" \/>\n<meta property=\"og:site_name\" content=\"CCE\" \/>\n<meta property=\"article:modified_time\" content=\"2020-06-12T12:29:33+00:00\" \/>\n<meta property=\"og:image\" content=\"https:\/\/cce.it\/wp-content\/uploads\/ulisse_light_testata-1.jpg\" \/>\n\t<meta property=\"og:image:width\" content=\"1920\" \/>\n\t<meta property=\"og:image:height\" content=\"726\" \/>\n<script type=\"application\/ld+json\" class=\"yoast-schema-graph\">{\"@context\":\"https:\/\/schema.org\",\"@graph\":[{\"@type\":\"WebSite\",\"@id\":\"https:\/\/cce.it\/de\/#website\",\"url\":\"https:\/\/cce.it\/de\/\",\"name\":\"CCE\",\"description\":\"\",\"potentialAction\":[{\"@type\":\"SearchAction\",\"target\":\"https:\/\/cce.it\/de\/?s={search_term_string}\",\"query-input\":\"required name=search_term_string\"}],\"inLanguage\":\"it-IT\"},{\"@type\":\"ImageObject\",\"@id\":\"https:\/\/cce.it\/de\/bereich-zugluft\/produkt\/threshold\/ulisse-light-ulisse-drip\/#primaryimage\",\"inLanguage\":\"it-IT\",\"url\":\"https:\/\/cce.it\/wp-content\/uploads\/ulisse_light_testata-1.jpg\",\"width\":1920,\"height\":726},{\"@type\":\"WebPage\",\"@id\":\"https:\/\/cce.it\/de\/bereich-zugluft\/produkt\/threshold\/ulisse-light-ulisse-drip\/#webpage\",\"url\":\"https:\/\/cce.it\/de\/bereich-zugluft\/produkt\/threshold\/ulisse-light-ulisse-drip\/\",\"name\":\"Ulisse Light - CCE\",\"isPartOf\":{\"@id\":\"https:\/\/cce.it\/de\/#website\"},\"primaryImageOfPage\":{\"@id\":\"https:\/\/cce.it\/de\/bereich-zugluft\/produkt\/threshold\/ulisse-light-ulisse-drip\/#primaryimage\"},\"datePublished\":\"2015-04-16T13:23:09+00:00\",\"dateModified\":\"2020-06-12T12:29:33+00:00\",\"breadcrumb\":{\"@id\":\"https:\/\/cce.it\/de\/bereich-zugluft\/produkt\/threshold\/ulisse-light-ulisse-drip\/#breadcrumb\"},\"inLanguage\":\"it-IT\",\"potentialAction\":[{\"@type\":\"ReadAction\",\"target\":[\"https:\/\/cce.it\/de\/bereich-zugluft\/produkt\/threshold\/ulisse-light-ulisse-drip\/\"]}]},{\"@type\":\"BreadcrumbList\",\"@id\":\"https:\/\/cce.it\/de\/bereich-zugluft\/produkt\/threshold\/ulisse-light-ulisse-drip\/#breadcrumb\",\"itemListElement\":[{\"@type\":\"ListItem\",\"position\":1,\"item\":{\"@type\":\"WebPage\",\"@id\":\"https:\/\/cce.it\/\",\"url\":\"https:\/\/cce.it\/\",\"name\":\"Home\"}},{\"@type\":\"ListItem\",\"position\":2,\"item\":{\"@type\":\"WebPage\",\"@id\":\"https:\/\/cce.it\/de\/bereich-zugluft\/\",\"url\":\"https:\/\/cce.it\/de\/bereich-zugluft\/\",\"name\":\"Bereich Zugluft\"}},{\"@type\":\"ListItem\",\"position\":3,\"item\":{\"@type\":\"WebPage\",\"@id\":\"https:\/\/cce.it\/de\/bereich-zugluft\/produkt\/\",\"url\":\"https:\/\/cce.it\/de\/bereich-zugluft\/produkt\/\",\"name\":\"Kategorien\"}},{\"@type\":\"ListItem\",\"position\":4,\"item\":{\"@type\":\"WebPage\",\"@id\":\"https:\/\/cce.it\/de\/bereich-zugluft\/produkt\/threshold\/\",\"url\":\"https:\/\/cce.it\/de\/bereich-zugluft\/produkt\/threshold\/\",\"name\":\"Threshold\"}},{\"@type\":\"ListItem\",\"position\":5,\"item\":{\"@type\":\"WebPage\",\"@id\":\"https:\/\/cce.it\/de\/bereich-zugluft\/produkt\/threshold\/ulisse-light-ulisse-drip\/\",\"url\":\"https:\/\/cce.it\/de\/bereich-zugluft\/produkt\/threshold\/ulisse-light-ulisse-drip\/\",\"name\":\"Ulisse Light\"}}]}]}<\/script>\n<!-- \/ Yoast SEO plugin. -->","_links":{"self":[{"href":"https:\/\/cce.it\/de\/wp-json\/wp\/v2\/pages\/4398"}],"collection":[{"href":"https:\/\/cce.it\/de\/wp-json\/wp\/v2\/pages"}],"about":[{"href":"https:\/\/cce.it\/de\/wp-json\/wp\/v2\/types\/page"}],"author":[{"embeddable":true,"href":"https:\/\/cce.it\/de\/wp-json\/wp\/v2\/users\/12"}],"replies":[{"embeddable":true,"href":"https:\/\/cce.it\/de\/wp-json\/wp\/v2\/comments?post=4398"}],"version-history":[{"count":12,"href":"https:\/\/cce.it\/de\/wp-json\/wp\/v2\/pages\/4398\/revisions"}],"predecessor-version":[{"id":18378,"href":"https:\/\/cce.it\/de\/wp-json\/wp\/v2\/pages\/4398\/revisions\/18378"}],"up":[{"embeddable":true,"href":"https:\/\/cce.it\/de\/wp-json\/wp\/v2\/pages\/4395"}],"wp:featuredmedia":[{"embeddable":true,"href":"https:\/\/cce.it\/de\/wp-json\/wp\/v2\/media\/17704"}],"wp:attachment":[{"href":"https:\/\/cce.it\/de\/wp-json\/wp\/v2\/media?parent=4398"}],"curies":[{"name":"wp","href":"https:\/\/api.w.org\/{rel}","templated":true}]}}