{"id":4372,"date":"2015-04-16T14:27:38","date_gmt":"2015-04-16T12:27:38","guid":{"rendered":"https:\/\/cce.it\/\/automatic-dropdowns-division\/prodotti\/glass\/glass-pivot\/"},"modified":"2018-07-19T10:00:17","modified_gmt":"2018-07-19T08:00:17","slug":"glass-pivot","status":"publish","type":"page","link":"https:\/\/cce.it\/de\/bereich-zugluft\/produkt\/glass\/glass-pivot\/","title":{"rendered":"Glass Pivot"},"content":{"rendered":"<h5><span>INFORMATION<\/span><\/h5>\n<hr \/>\n<p>Unterblattdichtung f&uuml;r Glast\u00fcren, die f\u00fcr alle traditionellen Scharnier-systeme und Pivotsysteme mit Bodenpumpe geeignet ist. Mit einem eigenen Kompensator ist es m\u00f6glich, die Unterblatt-dichtung zu fluchten und den H\u00f6henunterschied zwischen der Glast\u00fcr und der Pivotplatte auszuglei- chen. Mit verschieden eloxierten Oberfl\u00e4chen erh\u00e4ltlich.<\/p>\n","protected":false},"excerpt":{"rendered":"<p>INFORMATION Unterblattdichtung f&uuml;r Glast\u00fcren, die f\u00fcr alle traditionellen Scharnier-systeme und Pivotsysteme mit Bodenpumpe geeignet ist. Mit einem eigenen Kompensator ist es m\u00f6glich, die Unterblatt-dichtung zu fluchten und den H\u00f6henunterschied zwischen der Glast\u00fcr und der Pivotplatte auszuglei- chen. Mit verschieden eloxierten Oberfl\u00e4chen erh\u00e4ltlich.<\/p>\n","protected":false},"author":12,"featured_media":9058,"parent":4358,"menu_order":672,"comment_status":"closed","ping_status":"open","template":"template-antis-product.php","meta":[],"acf":[],"yoast_head":"<!-- This site is optimized with the Yoast SEO plugin v15.0 - https:\/\/yoast.com\/wordpress\/plugins\/seo\/ -->\n<title>Glass Pivot - CCE<\/title>\n<meta name=\"robots\" content=\"index, follow, max-snippet:-1, max-image-preview:large, max-video-preview:-1\" \/>\n<link rel=\"canonical\" href=\"https:\/\/cce.it\/de\/bereich-zugluft\/produkt\/glass\/glass-pivot\/\" \/>\n<meta property=\"og:locale\" content=\"it_IT\" \/>\n<meta property=\"og:type\" content=\"article\" \/>\n<meta property=\"og:title\" content=\"Glass Pivot - CCE\" \/>\n<meta property=\"og:description\" content=\"INFORMATION Unterblattdichtung f&uuml;r Glast\u00fcren, die f\u00fcr alle traditionellen Scharnier-systeme und Pivotsysteme mit Bodenpumpe geeignet ist. Mit einem eigenen Kompensator ist es m\u00f6glich, die Unterblatt-dichtung zu fluchten und den H\u00f6henunterschied zwischen der Glast\u00fcr und der Pivotplatte auszuglei- chen. Mit verschieden eloxierten Oberfl\u00e4chen erh\u00e4ltlich.\" \/>\n<meta property=\"og:url\" content=\"https:\/\/cce.it\/de\/bereich-zugluft\/produkt\/glass\/glass-pivot\/\" \/>\n<meta property=\"og:site_name\" content=\"CCE\" \/>\n<meta property=\"article:modified_time\" content=\"2018-07-19T08:00:17+00:00\" \/>\n<meta property=\"og:image\" content=\"https:\/\/cce.it\/wp-content\/uploads\/glasspiv-prodotto_rev2.jpg\" \/>\n\t<meta property=\"og:image:width\" content=\"1920\" \/>\n\t<meta property=\"og:image:height\" content=\"726\" \/>\n<script type=\"application\/ld+json\" class=\"yoast-schema-graph\">{\"@context\":\"https:\/\/schema.org\",\"@graph\":[{\"@type\":\"WebSite\",\"@id\":\"https:\/\/cce.it\/de\/#website\",\"url\":\"https:\/\/cce.it\/de\/\",\"name\":\"CCE\",\"description\":\"\",\"potentialAction\":[{\"@type\":\"SearchAction\",\"target\":\"https:\/\/cce.it\/de\/?s={search_term_string}\",\"query-input\":\"required name=search_term_string\"}],\"inLanguage\":\"it-IT\"},{\"@type\":\"ImageObject\",\"@id\":\"https:\/\/cce.it\/de\/bereich-zugluft\/produkt\/glass\/glass-pivot\/#primaryimage\",\"inLanguage\":\"it-IT\",\"url\":\"https:\/\/cce.it\/wp-content\/uploads\/glasspiv-prodotto_rev2.jpg\",\"width\":1920,\"height\":726},{\"@type\":\"WebPage\",\"@id\":\"https:\/\/cce.it\/de\/bereich-zugluft\/produkt\/glass\/glass-pivot\/#webpage\",\"url\":\"https:\/\/cce.it\/de\/bereich-zugluft\/produkt\/glass\/glass-pivot\/\",\"name\":\"Glass Pivot - CCE\",\"isPartOf\":{\"@id\":\"https:\/\/cce.it\/de\/#website\"},\"primaryImageOfPage\":{\"@id\":\"https:\/\/cce.it\/de\/bereich-zugluft\/produkt\/glass\/glass-pivot\/#primaryimage\"},\"datePublished\":\"2015-04-16T12:27:38+00:00\",\"dateModified\":\"2018-07-19T08:00:17+00:00\",\"breadcrumb\":{\"@id\":\"https:\/\/cce.it\/de\/bereich-zugluft\/produkt\/glass\/glass-pivot\/#breadcrumb\"},\"inLanguage\":\"it-IT\",\"potentialAction\":[{\"@type\":\"ReadAction\",\"target\":[\"https:\/\/cce.it\/de\/bereich-zugluft\/produkt\/glass\/glass-pivot\/\"]}]},{\"@type\":\"BreadcrumbList\",\"@id\":\"https:\/\/cce.it\/de\/bereich-zugluft\/produkt\/glass\/glass-pivot\/#breadcrumb\",\"itemListElement\":[{\"@type\":\"ListItem\",\"position\":1,\"item\":{\"@type\":\"WebPage\",\"@id\":\"https:\/\/cce.it\/\",\"url\":\"https:\/\/cce.it\/\",\"name\":\"Home\"}},{\"@type\":\"ListItem\",\"position\":2,\"item\":{\"@type\":\"WebPage\",\"@id\":\"https:\/\/cce.it\/de\/bereich-zugluft\/\",\"url\":\"https:\/\/cce.it\/de\/bereich-zugluft\/\",\"name\":\"Bereich Zugluft\"}},{\"@type\":\"ListItem\",\"position\":3,\"item\":{\"@type\":\"WebPage\",\"@id\":\"https:\/\/cce.it\/de\/bereich-zugluft\/produkt\/\",\"url\":\"https:\/\/cce.it\/de\/bereich-zugluft\/produkt\/\",\"name\":\"Kategorien\"}},{\"@type\":\"ListItem\",\"position\":4,\"item\":{\"@type\":\"WebPage\",\"@id\":\"https:\/\/cce.it\/de\/bereich-zugluft\/produkt\/glass\/\",\"url\":\"https:\/\/cce.it\/de\/bereich-zugluft\/produkt\/glass\/\",\"name\":\"Glass\"}},{\"@type\":\"ListItem\",\"position\":5,\"item\":{\"@type\":\"WebPage\",\"@id\":\"https:\/\/cce.it\/de\/bereich-zugluft\/produkt\/glass\/glass-pivot\/\",\"url\":\"https:\/\/cce.it\/de\/bereich-zugluft\/produkt\/glass\/glass-pivot\/\",\"name\":\"Glass Pivot\"}}]}]}<\/script>\n<!-- \/ Yoast SEO plugin. -->","_links":{"self":[{"href":"https:\/\/cce.it\/de\/wp-json\/wp\/v2\/pages\/4372"}],"collection":[{"href":"https:\/\/cce.it\/de\/wp-json\/wp\/v2\/pages"}],"about":[{"href":"https:\/\/cce.it\/de\/wp-json\/wp\/v2\/types\/page"}],"author":[{"embeddable":true,"href":"https:\/\/cce.it\/de\/wp-json\/wp\/v2\/users\/12"}],"replies":[{"embeddable":true,"href":"https:\/\/cce.it\/de\/wp-json\/wp\/v2\/comments?post=4372"}],"version-history":[{"count":10,"href":"https:\/\/cce.it\/de\/wp-json\/wp\/v2\/pages\/4372\/revisions"}],"predecessor-version":[{"id":18359,"href":"https:\/\/cce.it\/de\/wp-json\/wp\/v2\/pages\/4372\/revisions\/18359"}],"up":[{"embeddable":true,"href":"https:\/\/cce.it\/de\/wp-json\/wp\/v2\/pages\/4358"}],"wp:featuredmedia":[{"embeddable":true,"href":"https:\/\/cce.it\/de\/wp-json\/wp\/v2\/media\/9058"}],"wp:attachment":[{"href":"https:\/\/cce.it\/de\/wp-json\/wp\/v2\/media?parent=4372"}],"curies":[{"name":"wp","href":"https:\/\/api.w.org\/{rel}","templated":true}]}}