{"id":4370,"date":"2015-04-16T14:33:34","date_gmt":"2015-04-16T12:33:34","guid":{"rendered":"https:\/\/cce.it\/\/automatic-dropdowns-division\/prodotti\/glass\/glass-frame\/"},"modified":"2018-07-19T10:00:31","modified_gmt":"2018-07-19T08:00:31","slug":"glass-frame","status":"publish","type":"page","link":"https:\/\/cce.it\/de\/bereich-zugluft\/produkt\/glass\/glass-frame\/","title":{"rendered":"Glass Frame"},"content":{"rendered":"<h5><span> INFORMATION<\/span><\/h5>\n<hr \/>\n<p>Umlaufende Dichtung, die es erm\u00f6glicht, die Spalten um einer Glast&uuml;r ohne Verwendung von Klebstoffen und Klebstreifen zu schlie\u00dfen. Sie besteht aus einem eloxierten Aluminiumpro l mit innen weichen Dichtungen gegen Vibrationen.<br \/>\nDas patentierte Einstell system erm\u00f6glicht das Kompensieren von Spalten ab mindestens 4 mm bis h\u00f6chsten 8 mm.<br \/>\nF\u00fcr 8, 10 und 12 mm starke Glasscheiben verf\u00fcgbar.<\/p>\n","protected":false},"excerpt":{"rendered":"<p>INFORMATION Umlaufende Dichtung, die es erm\u00f6glicht, die Spalten um einer Glast&uuml;r ohne Verwendung von Klebstoffen und Klebstreifen zu schlie\u00dfen. Sie besteht aus einem eloxierten Aluminiumpro l mit innen weichen Dichtungen gegen Vibrationen. Das patentierte Einstell system erm\u00f6glicht das Kompensieren von Spalten ab mindestens 4 mm bis h\u00f6chsten 8 mm. F\u00fcr 8, 10 und 12 mm &hellip; <a href=\"https:\/\/cce.it\/de\/bereich-zugluft\/produkt\/glass\/glass-frame\/\">Continua<\/a><\/p>\n","protected":false},"author":12,"featured_media":9066,"parent":4358,"menu_order":650,"comment_status":"closed","ping_status":"open","template":"template-antis-product.php","meta":[],"acf":[],"yoast_head":"<!-- This site is optimized with the Yoast SEO plugin v15.0 - https:\/\/yoast.com\/wordpress\/plugins\/seo\/ -->\n<title>Glass Frame - CCE<\/title>\n<meta name=\"robots\" content=\"index, follow, max-snippet:-1, max-image-preview:large, max-video-preview:-1\" \/>\n<link rel=\"canonical\" href=\"https:\/\/cce.it\/de\/bereich-zugluft\/produkt\/glass\/glass-frame\/\" \/>\n<meta property=\"og:locale\" content=\"it_IT\" \/>\n<meta property=\"og:type\" content=\"article\" \/>\n<meta property=\"og:title\" content=\"Glass Frame - CCE\" \/>\n<meta property=\"og:description\" content=\"INFORMATION Umlaufende Dichtung, die es erm\u00f6glicht, die Spalten um einer Glast&uuml;r ohne Verwendung von Klebstoffen und Klebstreifen zu schlie\u00dfen. Sie besteht aus einem eloxierten Aluminiumpro l mit innen weichen Dichtungen gegen Vibrationen. Das patentierte Einstell system erm\u00f6glicht das Kompensieren von Spalten ab mindestens 4 mm bis h\u00f6chsten 8 mm. F\u00fcr 8, 10 und 12 mm &hellip; Continua\" \/>\n<meta property=\"og:url\" content=\"https:\/\/cce.it\/de\/bereich-zugluft\/produkt\/glass\/glass-frame\/\" \/>\n<meta property=\"og:site_name\" content=\"CCE\" \/>\n<meta property=\"article:modified_time\" content=\"2018-07-19T08:00:31+00:00\" \/>\n<meta property=\"og:image\" content=\"https:\/\/cce.it\/wp-content\/uploads\/glassfr-prodotto_rev2.jpg\" \/>\n\t<meta property=\"og:image:width\" content=\"1920\" \/>\n\t<meta property=\"og:image:height\" content=\"726\" \/>\n<script type=\"application\/ld+json\" class=\"yoast-schema-graph\">{\"@context\":\"https:\/\/schema.org\",\"@graph\":[{\"@type\":\"WebSite\",\"@id\":\"https:\/\/cce.it\/de\/#website\",\"url\":\"https:\/\/cce.it\/de\/\",\"name\":\"CCE\",\"description\":\"\",\"potentialAction\":[{\"@type\":\"SearchAction\",\"target\":\"https:\/\/cce.it\/de\/?s={search_term_string}\",\"query-input\":\"required name=search_term_string\"}],\"inLanguage\":\"it-IT\"},{\"@type\":\"ImageObject\",\"@id\":\"https:\/\/cce.it\/de\/bereich-zugluft\/produkt\/glass\/glass-frame\/#primaryimage\",\"inLanguage\":\"it-IT\",\"url\":\"https:\/\/cce.it\/wp-content\/uploads\/glassfr-prodotto_rev2.jpg\",\"width\":1920,\"height\":726},{\"@type\":\"WebPage\",\"@id\":\"https:\/\/cce.it\/de\/bereich-zugluft\/produkt\/glass\/glass-frame\/#webpage\",\"url\":\"https:\/\/cce.it\/de\/bereich-zugluft\/produkt\/glass\/glass-frame\/\",\"name\":\"Glass Frame - CCE\",\"isPartOf\":{\"@id\":\"https:\/\/cce.it\/de\/#website\"},\"primaryImageOfPage\":{\"@id\":\"https:\/\/cce.it\/de\/bereich-zugluft\/produkt\/glass\/glass-frame\/#primaryimage\"},\"datePublished\":\"2015-04-16T12:33:34+00:00\",\"dateModified\":\"2018-07-19T08:00:31+00:00\",\"breadcrumb\":{\"@id\":\"https:\/\/cce.it\/de\/bereich-zugluft\/produkt\/glass\/glass-frame\/#breadcrumb\"},\"inLanguage\":\"it-IT\",\"potentialAction\":[{\"@type\":\"ReadAction\",\"target\":[\"https:\/\/cce.it\/de\/bereich-zugluft\/produkt\/glass\/glass-frame\/\"]}]},{\"@type\":\"BreadcrumbList\",\"@id\":\"https:\/\/cce.it\/de\/bereich-zugluft\/produkt\/glass\/glass-frame\/#breadcrumb\",\"itemListElement\":[{\"@type\":\"ListItem\",\"position\":1,\"item\":{\"@type\":\"WebPage\",\"@id\":\"https:\/\/cce.it\/\",\"url\":\"https:\/\/cce.it\/\",\"name\":\"Home\"}},{\"@type\":\"ListItem\",\"position\":2,\"item\":{\"@type\":\"WebPage\",\"@id\":\"https:\/\/cce.it\/de\/bereich-zugluft\/\",\"url\":\"https:\/\/cce.it\/de\/bereich-zugluft\/\",\"name\":\"Bereich Zugluft\"}},{\"@type\":\"ListItem\",\"position\":3,\"item\":{\"@type\":\"WebPage\",\"@id\":\"https:\/\/cce.it\/de\/bereich-zugluft\/produkt\/\",\"url\":\"https:\/\/cce.it\/de\/bereich-zugluft\/produkt\/\",\"name\":\"Kategorien\"}},{\"@type\":\"ListItem\",\"position\":4,\"item\":{\"@type\":\"WebPage\",\"@id\":\"https:\/\/cce.it\/de\/bereich-zugluft\/produkt\/glass\/\",\"url\":\"https:\/\/cce.it\/de\/bereich-zugluft\/produkt\/glass\/\",\"name\":\"Glass\"}},{\"@type\":\"ListItem\",\"position\":5,\"item\":{\"@type\":\"WebPage\",\"@id\":\"https:\/\/cce.it\/de\/bereich-zugluft\/produkt\/glass\/glass-frame\/\",\"url\":\"https:\/\/cce.it\/de\/bereich-zugluft\/produkt\/glass\/glass-frame\/\",\"name\":\"Glass Frame\"}}]}]}<\/script>\n<!-- \/ Yoast SEO plugin. -->","_links":{"self":[{"href":"https:\/\/cce.it\/de\/wp-json\/wp\/v2\/pages\/4370"}],"collection":[{"href":"https:\/\/cce.it\/de\/wp-json\/wp\/v2\/pages"}],"about":[{"href":"https:\/\/cce.it\/de\/wp-json\/wp\/v2\/types\/page"}],"author":[{"embeddable":true,"href":"https:\/\/cce.it\/de\/wp-json\/wp\/v2\/users\/12"}],"replies":[{"embeddable":true,"href":"https:\/\/cce.it\/de\/wp-json\/wp\/v2\/comments?post=4370"}],"version-history":[{"count":12,"href":"https:\/\/cce.it\/de\/wp-json\/wp\/v2\/pages\/4370\/revisions"}],"predecessor-version":[{"id":18361,"href":"https:\/\/cce.it\/de\/wp-json\/wp\/v2\/pages\/4370\/revisions\/18361"}],"up":[{"embeddable":true,"href":"https:\/\/cce.it\/de\/wp-json\/wp\/v2\/pages\/4358"}],"wp:featuredmedia":[{"embeddable":true,"href":"https:\/\/cce.it\/de\/wp-json\/wp\/v2\/media\/9066"}],"wp:attachment":[{"href":"https:\/\/cce.it\/de\/wp-json\/wp\/v2\/media?parent=4370"}],"curies":[{"name":"wp","href":"https:\/\/api.w.org\/{rel}","templated":true}]}}