{"id":4366,"date":"2015-04-16T14:58:42","date_gmt":"2015-04-16T12:58:42","guid":{"rendered":"https:\/\/cce.it\/\/automatic-dropdowns-division\/prodotti\/glass\/glass-bottom\/"},"modified":"2018-07-19T09:56:10","modified_gmt":"2018-07-19T07:56:10","slug":"glass-bottom","status":"publish","type":"page","link":"https:\/\/cce.it\/de\/bereich-zugluft\/produkt\/glass\/glass-bottom\/","title":{"rendered":"Glass Bottom"},"content":{"rendered":"<h5><span>INFORMATION<\/span><\/h5>\n<hr \/>\n<p>Modell f\u00fcr Glast\u00fcren, das unter der Scheibe angebracht wird. Sein Innenprofil ist auch noch nach dem Anbringen aus- ziehbar. Es verf\u00fcgt &uuml;ber eine weiche Dichtlippe aus Silikon. F\u00fcr 10 &#8211; 12 \u2013 12,7mm starke Scheiben, mit verschiedenen Eloxierungen.<\/p>\n","protected":false},"excerpt":{"rendered":"<p>INFORMATION Modell f\u00fcr Glast\u00fcren, das unter der Scheibe angebracht wird. Sein Innenprofil ist auch noch nach dem Anbringen aus- ziehbar. Es verf\u00fcgt &uuml;ber eine weiche Dichtlippe aus Silikon. F\u00fcr 10 &#8211; 12 \u2013 12,7mm starke Scheiben, mit verschiedenen Eloxierungen.<\/p>\n","protected":false},"author":12,"featured_media":9042,"parent":4358,"menu_order":621,"comment_status":"closed","ping_status":"open","template":"template-antis-product.php","meta":[],"acf":[],"yoast_head":"<!-- This site is optimized with the Yoast SEO plugin v15.0 - https:\/\/yoast.com\/wordpress\/plugins\/seo\/ -->\n<title>Glass Bottom - CCE<\/title>\n<meta name=\"robots\" content=\"index, follow, max-snippet:-1, max-image-preview:large, max-video-preview:-1\" \/>\n<link rel=\"canonical\" href=\"https:\/\/cce.it\/de\/bereich-zugluft\/produkt\/glass\/glass-bottom\/\" \/>\n<meta property=\"og:locale\" content=\"it_IT\" \/>\n<meta property=\"og:type\" content=\"article\" \/>\n<meta property=\"og:title\" content=\"Glass Bottom - CCE\" \/>\n<meta property=\"og:description\" content=\"INFORMATION Modell f\u00fcr Glast\u00fcren, das unter der Scheibe angebracht wird. Sein Innenprofil ist auch noch nach dem Anbringen aus- ziehbar. Es verf\u00fcgt &uuml;ber eine weiche Dichtlippe aus Silikon. F\u00fcr 10 &#8211; 12 \u2013 12,7mm starke Scheiben, mit verschiedenen Eloxierungen.\" \/>\n<meta property=\"og:url\" content=\"https:\/\/cce.it\/de\/bereich-zugluft\/produkt\/glass\/glass-bottom\/\" \/>\n<meta property=\"og:site_name\" content=\"CCE\" \/>\n<meta property=\"article:modified_time\" content=\"2018-07-19T07:56:10+00:00\" \/>\n<meta property=\"og:image\" content=\"https:\/\/cce.it\/wp-content\/uploads\/asgla10bt-prodotto_rev2.jpg\" \/>\n\t<meta property=\"og:image:width\" content=\"1920\" \/>\n\t<meta property=\"og:image:height\" content=\"726\" \/>\n<script type=\"application\/ld+json\" class=\"yoast-schema-graph\">{\"@context\":\"https:\/\/schema.org\",\"@graph\":[{\"@type\":\"WebSite\",\"@id\":\"https:\/\/cce.it\/de\/#website\",\"url\":\"https:\/\/cce.it\/de\/\",\"name\":\"CCE\",\"description\":\"\",\"potentialAction\":[{\"@type\":\"SearchAction\",\"target\":\"https:\/\/cce.it\/de\/?s={search_term_string}\",\"query-input\":\"required name=search_term_string\"}],\"inLanguage\":\"it-IT\"},{\"@type\":\"ImageObject\",\"@id\":\"https:\/\/cce.it\/de\/bereich-zugluft\/produkt\/glass\/glass-bottom\/#primaryimage\",\"inLanguage\":\"it-IT\",\"url\":\"https:\/\/cce.it\/wp-content\/uploads\/asgla10bt-prodotto_rev2.jpg\",\"width\":1920,\"height\":726},{\"@type\":\"WebPage\",\"@id\":\"https:\/\/cce.it\/de\/bereich-zugluft\/produkt\/glass\/glass-bottom\/#webpage\",\"url\":\"https:\/\/cce.it\/de\/bereich-zugluft\/produkt\/glass\/glass-bottom\/\",\"name\":\"Glass Bottom - CCE\",\"isPartOf\":{\"@id\":\"https:\/\/cce.it\/de\/#website\"},\"primaryImageOfPage\":{\"@id\":\"https:\/\/cce.it\/de\/bereich-zugluft\/produkt\/glass\/glass-bottom\/#primaryimage\"},\"datePublished\":\"2015-04-16T12:58:42+00:00\",\"dateModified\":\"2018-07-19T07:56:10+00:00\",\"breadcrumb\":{\"@id\":\"https:\/\/cce.it\/de\/bereich-zugluft\/produkt\/glass\/glass-bottom\/#breadcrumb\"},\"inLanguage\":\"it-IT\",\"potentialAction\":[{\"@type\":\"ReadAction\",\"target\":[\"https:\/\/cce.it\/de\/bereich-zugluft\/produkt\/glass\/glass-bottom\/\"]}]},{\"@type\":\"BreadcrumbList\",\"@id\":\"https:\/\/cce.it\/de\/bereich-zugluft\/produkt\/glass\/glass-bottom\/#breadcrumb\",\"itemListElement\":[{\"@type\":\"ListItem\",\"position\":1,\"item\":{\"@type\":\"WebPage\",\"@id\":\"https:\/\/cce.it\/\",\"url\":\"https:\/\/cce.it\/\",\"name\":\"Home\"}},{\"@type\":\"ListItem\",\"position\":2,\"item\":{\"@type\":\"WebPage\",\"@id\":\"https:\/\/cce.it\/de\/bereich-zugluft\/\",\"url\":\"https:\/\/cce.it\/de\/bereich-zugluft\/\",\"name\":\"Bereich Zugluft\"}},{\"@type\":\"ListItem\",\"position\":3,\"item\":{\"@type\":\"WebPage\",\"@id\":\"https:\/\/cce.it\/de\/bereich-zugluft\/produkt\/\",\"url\":\"https:\/\/cce.it\/de\/bereich-zugluft\/produkt\/\",\"name\":\"Kategorien\"}},{\"@type\":\"ListItem\",\"position\":4,\"item\":{\"@type\":\"WebPage\",\"@id\":\"https:\/\/cce.it\/de\/bereich-zugluft\/produkt\/glass\/\",\"url\":\"https:\/\/cce.it\/de\/bereich-zugluft\/produkt\/glass\/\",\"name\":\"Glass\"}},{\"@type\":\"ListItem\",\"position\":5,\"item\":{\"@type\":\"WebPage\",\"@id\":\"https:\/\/cce.it\/de\/bereich-zugluft\/produkt\/glass\/glass-bottom\/\",\"url\":\"https:\/\/cce.it\/de\/bereich-zugluft\/produkt\/glass\/glass-bottom\/\",\"name\":\"Glass Bottom\"}}]}]}<\/script>\n<!-- \/ Yoast SEO plugin. -->","_links":{"self":[{"href":"https:\/\/cce.it\/de\/wp-json\/wp\/v2\/pages\/4366"}],"collection":[{"href":"https:\/\/cce.it\/de\/wp-json\/wp\/v2\/pages"}],"about":[{"href":"https:\/\/cce.it\/de\/wp-json\/wp\/v2\/types\/page"}],"author":[{"embeddable":true,"href":"https:\/\/cce.it\/de\/wp-json\/wp\/v2\/users\/12"}],"replies":[{"embeddable":true,"href":"https:\/\/cce.it\/de\/wp-json\/wp\/v2\/comments?post=4366"}],"version-history":[{"count":10,"href":"https:\/\/cce.it\/de\/wp-json\/wp\/v2\/pages\/4366\/revisions"}],"predecessor-version":[{"id":18347,"href":"https:\/\/cce.it\/de\/wp-json\/wp\/v2\/pages\/4366\/revisions\/18347"}],"up":[{"embeddable":true,"href":"https:\/\/cce.it\/de\/wp-json\/wp\/v2\/pages\/4358"}],"wp:featuredmedia":[{"embeddable":true,"href":"https:\/\/cce.it\/de\/wp-json\/wp\/v2\/media\/9042"}],"wp:attachment":[{"href":"https:\/\/cce.it\/de\/wp-json\/wp\/v2\/media?parent=4366"}],"curies":[{"name":"wp","href":"https:\/\/api.w.org\/{rel}","templated":true}]}}