{"id":4360,"date":"2015-04-16T14:16:28","date_gmt":"2015-04-16T12:16:28","guid":{"rendered":"https:\/\/cce.it\/\/automatic-dropdowns-division\/prodotti\/glass\/glass-lip\/"},"modified":"2018-07-19T09:55:52","modified_gmt":"2018-07-19T07:55:52","slug":"glass-lip","status":"publish","type":"page","link":"https:\/\/cce.it\/de\/bereich-zugluft\/produkt\/glass\/glass-lip\/","title":{"rendered":"Glass Lip"},"content":{"rendered":"<h5><span> INFORMATION<\/span><\/h5>\n<hr \/>\n<p>GLASS LIP ist eine einfach und schnell anzubringende umlaufende Klebedichtung f\u00fcr Glast\u00fcren undw\u00e4nde, die st\u00f6rende Spalten rund um die Glast\u00fcr schlie\u00dft. Die weichen Lippen k\u00f6nnen durch Abrei\u00dfen gek&uuml;rzt werden und erm\u00f6glichen die Schlie\u00dfung von 2,5 bis 7 Millimeter breiten Spalten an 8 bis 14 mm breiten Glasscheiben.<\/p>\n","protected":false},"excerpt":{"rendered":"<p>INFORMATION GLASS LIP ist eine einfach und schnell anzubringende umlaufende Klebedichtung f\u00fcr Glast\u00fcren undw\u00e4nde, die st\u00f6rende Spalten rund um die Glast\u00fcr schlie\u00dft. Die weichen Lippen k\u00f6nnen durch Abrei\u00dfen gek&uuml;rzt werden und erm\u00f6glichen die Schlie\u00dfung von 2,5 bis 7 Millimeter breiten Spalten an 8 bis 14 mm breiten Glasscheiben.<\/p>\n","protected":false},"author":12,"featured_media":9054,"parent":4358,"menu_order":656,"comment_status":"closed","ping_status":"open","template":"template-antis-product.php","meta":[],"acf":[],"yoast_head":"<!-- This site is optimized with the Yoast SEO plugin v15.0 - https:\/\/yoast.com\/wordpress\/plugins\/seo\/ -->\n<title>Glass Lip - CCE<\/title>\n<meta name=\"robots\" content=\"index, follow, max-snippet:-1, max-image-preview:large, max-video-preview:-1\" \/>\n<link rel=\"canonical\" href=\"https:\/\/cce.it\/de\/bereich-zugluft\/produkt\/glass\/glass-lip\/\" \/>\n<meta property=\"og:locale\" content=\"it_IT\" \/>\n<meta property=\"og:type\" content=\"article\" \/>\n<meta property=\"og:title\" content=\"Glass Lip - CCE\" \/>\n<meta property=\"og:description\" content=\"INFORMATION GLASS LIP ist eine einfach und schnell anzubringende umlaufende Klebedichtung f\u00fcr Glast\u00fcren undw\u00e4nde, die st\u00f6rende Spalten rund um die Glast\u00fcr schlie\u00dft. Die weichen Lippen k\u00f6nnen durch Abrei\u00dfen gek&uuml;rzt werden und erm\u00f6glichen die Schlie\u00dfung von 2,5 bis 7 Millimeter breiten Spalten an 8 bis 14 mm breiten Glasscheiben.\" \/>\n<meta property=\"og:url\" content=\"https:\/\/cce.it\/de\/bereich-zugluft\/produkt\/glass\/glass-lip\/\" \/>\n<meta property=\"og:site_name\" content=\"CCE\" \/>\n<meta property=\"article:modified_time\" content=\"2018-07-19T07:55:52+00:00\" \/>\n<meta property=\"og:image\" content=\"https:\/\/cce.it\/wp-content\/uploads\/glasslip-prodotto_rev2.jpg\" \/>\n\t<meta property=\"og:image:width\" content=\"1920\" \/>\n\t<meta property=\"og:image:height\" content=\"726\" \/>\n<script type=\"application\/ld+json\" class=\"yoast-schema-graph\">{\"@context\":\"https:\/\/schema.org\",\"@graph\":[{\"@type\":\"WebSite\",\"@id\":\"https:\/\/cce.it\/de\/#website\",\"url\":\"https:\/\/cce.it\/de\/\",\"name\":\"CCE\",\"description\":\"\",\"potentialAction\":[{\"@type\":\"SearchAction\",\"target\":\"https:\/\/cce.it\/de\/?s={search_term_string}\",\"query-input\":\"required name=search_term_string\"}],\"inLanguage\":\"it-IT\"},{\"@type\":\"ImageObject\",\"@id\":\"https:\/\/cce.it\/de\/bereich-zugluft\/produkt\/glass\/glass-lip\/#primaryimage\",\"inLanguage\":\"it-IT\",\"url\":\"https:\/\/cce.it\/wp-content\/uploads\/glasslip-prodotto_rev2.jpg\",\"width\":1920,\"height\":726},{\"@type\":\"WebPage\",\"@id\":\"https:\/\/cce.it\/de\/bereich-zugluft\/produkt\/glass\/glass-lip\/#webpage\",\"url\":\"https:\/\/cce.it\/de\/bereich-zugluft\/produkt\/glass\/glass-lip\/\",\"name\":\"Glass Lip - CCE\",\"isPartOf\":{\"@id\":\"https:\/\/cce.it\/de\/#website\"},\"primaryImageOfPage\":{\"@id\":\"https:\/\/cce.it\/de\/bereich-zugluft\/produkt\/glass\/glass-lip\/#primaryimage\"},\"datePublished\":\"2015-04-16T12:16:28+00:00\",\"dateModified\":\"2018-07-19T07:55:52+00:00\",\"breadcrumb\":{\"@id\":\"https:\/\/cce.it\/de\/bereich-zugluft\/produkt\/glass\/glass-lip\/#breadcrumb\"},\"inLanguage\":\"it-IT\",\"potentialAction\":[{\"@type\":\"ReadAction\",\"target\":[\"https:\/\/cce.it\/de\/bereich-zugluft\/produkt\/glass\/glass-lip\/\"]}]},{\"@type\":\"BreadcrumbList\",\"@id\":\"https:\/\/cce.it\/de\/bereich-zugluft\/produkt\/glass\/glass-lip\/#breadcrumb\",\"itemListElement\":[{\"@type\":\"ListItem\",\"position\":1,\"item\":{\"@type\":\"WebPage\",\"@id\":\"https:\/\/cce.it\/\",\"url\":\"https:\/\/cce.it\/\",\"name\":\"Home\"}},{\"@type\":\"ListItem\",\"position\":2,\"item\":{\"@type\":\"WebPage\",\"@id\":\"https:\/\/cce.it\/de\/bereich-zugluft\/\",\"url\":\"https:\/\/cce.it\/de\/bereich-zugluft\/\",\"name\":\"Bereich Zugluft\"}},{\"@type\":\"ListItem\",\"position\":3,\"item\":{\"@type\":\"WebPage\",\"@id\":\"https:\/\/cce.it\/de\/bereich-zugluft\/produkt\/\",\"url\":\"https:\/\/cce.it\/de\/bereich-zugluft\/produkt\/\",\"name\":\"Kategorien\"}},{\"@type\":\"ListItem\",\"position\":4,\"item\":{\"@type\":\"WebPage\",\"@id\":\"https:\/\/cce.it\/de\/bereich-zugluft\/produkt\/glass\/\",\"url\":\"https:\/\/cce.it\/de\/bereich-zugluft\/produkt\/glass\/\",\"name\":\"Glass\"}},{\"@type\":\"ListItem\",\"position\":5,\"item\":{\"@type\":\"WebPage\",\"@id\":\"https:\/\/cce.it\/de\/bereich-zugluft\/produkt\/glass\/glass-lip\/\",\"url\":\"https:\/\/cce.it\/de\/bereich-zugluft\/produkt\/glass\/glass-lip\/\",\"name\":\"Glass Lip\"}}]}]}<\/script>\n<!-- \/ Yoast SEO plugin. -->","_links":{"self":[{"href":"https:\/\/cce.it\/de\/wp-json\/wp\/v2\/pages\/4360"}],"collection":[{"href":"https:\/\/cce.it\/de\/wp-json\/wp\/v2\/pages"}],"about":[{"href":"https:\/\/cce.it\/de\/wp-json\/wp\/v2\/types\/page"}],"author":[{"embeddable":true,"href":"https:\/\/cce.it\/de\/wp-json\/wp\/v2\/users\/12"}],"replies":[{"embeddable":true,"href":"https:\/\/cce.it\/de\/wp-json\/wp\/v2\/comments?post=4360"}],"version-history":[{"count":9,"href":"https:\/\/cce.it\/de\/wp-json\/wp\/v2\/pages\/4360\/revisions"}],"predecessor-version":[{"id":18344,"href":"https:\/\/cce.it\/de\/wp-json\/wp\/v2\/pages\/4360\/revisions\/18344"}],"up":[{"embeddable":true,"href":"https:\/\/cce.it\/de\/wp-json\/wp\/v2\/pages\/4358"}],"wp:featuredmedia":[{"embeddable":true,"href":"https:\/\/cce.it\/de\/wp-json\/wp\/v2\/media\/9054"}],"wp:attachment":[{"href":"https:\/\/cce.it\/de\/wp-json\/wp\/v2\/media?parent=4360"}],"curies":[{"name":"wp","href":"https:\/\/api.w.org\/{rel}","templated":true}]}}