{"id":4349,"date":"2015-04-13T17:42:26","date_gmt":"2015-04-13T15:42:26","guid":{"rendered":"https:\/\/cce.it\/\/automatic-dropdowns-division\/prodotti\/comfort\/eurogroove\/"},"modified":"2018-07-19T09:21:42","modified_gmt":"2018-07-19T07:21:42","slug":"eurogroove","status":"publish","type":"page","link":"https:\/\/cce.it\/de\/bereich-zugluft\/produkt\/comfort\/eurogroove\/","title":{"rendered":"Eurogroove"},"content":{"rendered":"<h5><span>INFORMATION<\/span><\/h5>\n<hr \/>\n<p>Eigens f\u00fcr das Ein- setzen in die Euronut ausgelegtes Schallschutzmodell. Kann auch dem Zubeh\u00f6rteil Doppio Pulsante verwendet werden, das eine noch wirksamere Bodenschlie\u00dfung erm&ouml;glicht. Mit dem Zubeh\u00f6rteil Actuator Pivot auch an Pivott\u00fcren anwendbar.<\/p>\n","protected":false},"excerpt":{"rendered":"<p>INFORMATION Eigens f\u00fcr das Ein- setzen in die Euronut ausgelegtes Schallschutzmodell. Kann auch dem Zubeh\u00f6rteil Doppio Pulsante verwendet werden, das eine noch wirksamere Bodenschlie\u00dfung erm&ouml;glicht. Mit dem Zubeh\u00f6rteil Actuator Pivot auch an Pivott\u00fcren anwendbar.<\/p>\n","protected":false},"author":12,"featured_media":15720,"parent":4169,"menu_order":578,"comment_status":"closed","ping_status":"open","template":"template-antis-product.php","meta":[],"acf":[],"yoast_head":"<!-- This site is optimized with the Yoast SEO plugin v15.0 - https:\/\/yoast.com\/wordpress\/plugins\/seo\/ -->\n<title>Eurogroove - CCE<\/title>\n<meta name=\"robots\" content=\"index, follow, max-snippet:-1, max-image-preview:large, max-video-preview:-1\" \/>\n<link rel=\"canonical\" href=\"https:\/\/cce.it\/de\/bereich-zugluft\/produkt\/comfort\/eurogroove\/\" \/>\n<meta property=\"og:locale\" content=\"it_IT\" \/>\n<meta property=\"og:type\" content=\"article\" \/>\n<meta property=\"og:title\" content=\"Eurogroove - CCE\" \/>\n<meta property=\"og:description\" content=\"INFORMATION Eigens f\u00fcr das Ein- setzen in die Euronut ausgelegtes Schallschutzmodell. Kann auch dem Zubeh\u00f6rteil Doppio Pulsante verwendet werden, das eine noch wirksamere Bodenschlie\u00dfung erm&ouml;glicht. Mit dem Zubeh\u00f6rteil Actuator Pivot auch an Pivott\u00fcren anwendbar.\" \/>\n<meta property=\"og:url\" content=\"https:\/\/cce.it\/de\/bereich-zugluft\/produkt\/comfort\/eurogroove\/\" \/>\n<meta property=\"og:site_name\" content=\"CCE\" \/>\n<meta property=\"article:modified_time\" content=\"2018-07-19T07:21:42+00:00\" \/>\n<meta property=\"og:image\" content=\"https:\/\/cce.it\/wp-content\/uploads\/asgro_solo_rev2_cat.jpg\" \/>\n\t<meta property=\"og:image:width\" content=\"1920\" \/>\n\t<meta property=\"og:image:height\" content=\"726\" \/>\n<script type=\"application\/ld+json\" class=\"yoast-schema-graph\">{\"@context\":\"https:\/\/schema.org\",\"@graph\":[{\"@type\":\"WebSite\",\"@id\":\"https:\/\/cce.it\/de\/#website\",\"url\":\"https:\/\/cce.it\/de\/\",\"name\":\"CCE\",\"description\":\"\",\"potentialAction\":[{\"@type\":\"SearchAction\",\"target\":\"https:\/\/cce.it\/de\/?s={search_term_string}\",\"query-input\":\"required name=search_term_string\"}],\"inLanguage\":\"it-IT\"},{\"@type\":\"ImageObject\",\"@id\":\"https:\/\/cce.it\/de\/bereich-zugluft\/produkt\/comfort\/eurogroove\/#primaryimage\",\"inLanguage\":\"it-IT\",\"url\":\"https:\/\/cce.it\/wp-content\/uploads\/asgro_solo_rev2_cat.jpg\",\"width\":1920,\"height\":726},{\"@type\":\"WebPage\",\"@id\":\"https:\/\/cce.it\/de\/bereich-zugluft\/produkt\/comfort\/eurogroove\/#webpage\",\"url\":\"https:\/\/cce.it\/de\/bereich-zugluft\/produkt\/comfort\/eurogroove\/\",\"name\":\"Eurogroove - CCE\",\"isPartOf\":{\"@id\":\"https:\/\/cce.it\/de\/#website\"},\"primaryImageOfPage\":{\"@id\":\"https:\/\/cce.it\/de\/bereich-zugluft\/produkt\/comfort\/eurogroove\/#primaryimage\"},\"datePublished\":\"2015-04-13T15:42:26+00:00\",\"dateModified\":\"2018-07-19T07:21:42+00:00\",\"breadcrumb\":{\"@id\":\"https:\/\/cce.it\/de\/bereich-zugluft\/produkt\/comfort\/eurogroove\/#breadcrumb\"},\"inLanguage\":\"it-IT\",\"potentialAction\":[{\"@type\":\"ReadAction\",\"target\":[\"https:\/\/cce.it\/de\/bereich-zugluft\/produkt\/comfort\/eurogroove\/\"]}]},{\"@type\":\"BreadcrumbList\",\"@id\":\"https:\/\/cce.it\/de\/bereich-zugluft\/produkt\/comfort\/eurogroove\/#breadcrumb\",\"itemListElement\":[{\"@type\":\"ListItem\",\"position\":1,\"item\":{\"@type\":\"WebPage\",\"@id\":\"https:\/\/cce.it\/\",\"url\":\"https:\/\/cce.it\/\",\"name\":\"Home\"}},{\"@type\":\"ListItem\",\"position\":2,\"item\":{\"@type\":\"WebPage\",\"@id\":\"https:\/\/cce.it\/de\/bereich-zugluft\/\",\"url\":\"https:\/\/cce.it\/de\/bereich-zugluft\/\",\"name\":\"Bereich Zugluft\"}},{\"@type\":\"ListItem\",\"position\":3,\"item\":{\"@type\":\"WebPage\",\"@id\":\"https:\/\/cce.it\/de\/bereich-zugluft\/produkt\/\",\"url\":\"https:\/\/cce.it\/de\/bereich-zugluft\/produkt\/\",\"name\":\"Kategorien\"}},{\"@type\":\"ListItem\",\"position\":4,\"item\":{\"@type\":\"WebPage\",\"@id\":\"https:\/\/cce.it\/de\/bereich-zugluft\/produkt\/comfort\/\",\"url\":\"https:\/\/cce.it\/de\/bereich-zugluft\/produkt\/comfort\/\",\"name\":\"Comfort\"}},{\"@type\":\"ListItem\",\"position\":5,\"item\":{\"@type\":\"WebPage\",\"@id\":\"https:\/\/cce.it\/de\/bereich-zugluft\/produkt\/comfort\/eurogroove\/\",\"url\":\"https:\/\/cce.it\/de\/bereich-zugluft\/produkt\/comfort\/eurogroove\/\",\"name\":\"Eurogroove\"}}]}]}<\/script>\n<!-- \/ Yoast SEO plugin. -->","_links":{"self":[{"href":"https:\/\/cce.it\/de\/wp-json\/wp\/v2\/pages\/4349"}],"collection":[{"href":"https:\/\/cce.it\/de\/wp-json\/wp\/v2\/pages"}],"about":[{"href":"https:\/\/cce.it\/de\/wp-json\/wp\/v2\/types\/page"}],"author":[{"embeddable":true,"href":"https:\/\/cce.it\/de\/wp-json\/wp\/v2\/users\/12"}],"replies":[{"embeddable":true,"href":"https:\/\/cce.it\/de\/wp-json\/wp\/v2\/comments?post=4349"}],"version-history":[{"count":11,"href":"https:\/\/cce.it\/de\/wp-json\/wp\/v2\/pages\/4349\/revisions"}],"predecessor-version":[{"id":18265,"href":"https:\/\/cce.it\/de\/wp-json\/wp\/v2\/pages\/4349\/revisions\/18265"}],"up":[{"embeddable":true,"href":"https:\/\/cce.it\/de\/wp-json\/wp\/v2\/pages\/4169"}],"wp:featuredmedia":[{"embeddable":true,"href":"https:\/\/cce.it\/de\/wp-json\/wp\/v2\/media\/15720"}],"wp:attachment":[{"href":"https:\/\/cce.it\/de\/wp-json\/wp\/v2\/media?parent=4349"}],"curies":[{"name":"wp","href":"https:\/\/api.w.org\/{rel}","templated":true}]}}