{"id":4280,"date":"2015-04-16T11:27:28","date_gmt":"2015-04-16T09:27:28","guid":{"rendered":"https:\/\/cce.it\/\/automatic-dropdowns-division\/prodotti\/easy\/trend\/"},"modified":"2018-11-27T09:22:36","modified_gmt":"2018-11-27T08:22:36","slug":"trend","status":"publish","type":"page","link":"https:\/\/cce.it\/de\/bereich-zugluft\/produkt\/easy\/trend\/","title":{"rendered":"Trend"},"content":{"rendered":"<h5><span>INFORMATION<\/span><\/h5>\n<hr \/>\n<p>Einfaches und platzsparendes Modell mit guten Schalld\u00e4mmeigenschaften. Mit vielen Druckknopf- und Dichtlippenkombinationen erh\u00e4ltlich. Je nach gew\u00e4hlter Dichtlippe k&ouml;nnen Schalld\u00e4mmwerte von 32 dB bis 39 dB erzielt werden, was f\u00fcr so eine einfache und kompakte T\u00fcrdichtung wirklich au\u00dfergew\u00f6hnlich ist.<\/p>\n","protected":false},"excerpt":{"rendered":"<p>INFORMATION Einfaches und platzsparendes Modell mit guten Schalld\u00e4mmeigenschaften. Mit vielen Druckknopf- und Dichtlippenkombinationen erh\u00e4ltlich. Je nach gew\u00e4hlter Dichtlippe k&ouml;nnen Schalld\u00e4mmwerte von 32 dB bis 39 dB erzielt werden, was f\u00fcr so eine einfache und kompakte T\u00fcrdichtung wirklich au\u00dfergew\u00f6hnlich ist.<\/p>\n","protected":false},"author":12,"featured_media":8957,"parent":4262,"menu_order":1261,"comment_status":"closed","ping_status":"open","template":"template-antis-product.php","meta":[],"acf":[],"yoast_head":"<!-- This site is optimized with the Yoast SEO plugin v15.0 - https:\/\/yoast.com\/wordpress\/plugins\/seo\/ -->\n<title>Trend - CCE<\/title>\n<meta name=\"robots\" content=\"index, follow, max-snippet:-1, max-image-preview:large, max-video-preview:-1\" \/>\n<link rel=\"canonical\" href=\"https:\/\/cce.it\/de\/bereich-zugluft\/produkt\/easy\/trend\/\" \/>\n<meta property=\"og:locale\" content=\"it_IT\" \/>\n<meta property=\"og:type\" content=\"article\" \/>\n<meta property=\"og:title\" content=\"Trend - CCE\" \/>\n<meta property=\"og:description\" content=\"INFORMATION Einfaches und platzsparendes Modell mit guten Schalld\u00e4mmeigenschaften. Mit vielen Druckknopf- und Dichtlippenkombinationen erh\u00e4ltlich. Je nach gew\u00e4hlter Dichtlippe k&ouml;nnen Schalld\u00e4mmwerte von 32 dB bis 39 dB erzielt werden, was f\u00fcr so eine einfache und kompakte T\u00fcrdichtung wirklich au\u00dfergew\u00f6hnlich ist.\" \/>\n<meta property=\"og:url\" content=\"https:\/\/cce.it\/de\/bereich-zugluft\/produkt\/easy\/trend\/\" \/>\n<meta property=\"og:site_name\" content=\"CCE\" \/>\n<meta property=\"article:modified_time\" content=\"2018-11-27T08:22:36+00:00\" \/>\n<meta property=\"og:image\" content=\"https:\/\/cce.it\/wp-content\/uploads\/astd-prodotto_rev2.jpg\" \/>\n\t<meta property=\"og:image:width\" content=\"1920\" \/>\n\t<meta property=\"og:image:height\" content=\"726\" \/>\n<script type=\"application\/ld+json\" class=\"yoast-schema-graph\">{\"@context\":\"https:\/\/schema.org\",\"@graph\":[{\"@type\":\"WebSite\",\"@id\":\"https:\/\/cce.it\/de\/#website\",\"url\":\"https:\/\/cce.it\/de\/\",\"name\":\"CCE\",\"description\":\"\",\"potentialAction\":[{\"@type\":\"SearchAction\",\"target\":\"https:\/\/cce.it\/de\/?s={search_term_string}\",\"query-input\":\"required name=search_term_string\"}],\"inLanguage\":\"it-IT\"},{\"@type\":\"ImageObject\",\"@id\":\"https:\/\/cce.it\/de\/bereich-zugluft\/produkt\/easy\/trend\/#primaryimage\",\"inLanguage\":\"it-IT\",\"url\":\"https:\/\/cce.it\/wp-content\/uploads\/astd-prodotto_rev2.jpg\",\"width\":1920,\"height\":726},{\"@type\":\"WebPage\",\"@id\":\"https:\/\/cce.it\/de\/bereich-zugluft\/produkt\/easy\/trend\/#webpage\",\"url\":\"https:\/\/cce.it\/de\/bereich-zugluft\/produkt\/easy\/trend\/\",\"name\":\"Trend - CCE\",\"isPartOf\":{\"@id\":\"https:\/\/cce.it\/de\/#website\"},\"primaryImageOfPage\":{\"@id\":\"https:\/\/cce.it\/de\/bereich-zugluft\/produkt\/easy\/trend\/#primaryimage\"},\"datePublished\":\"2015-04-16T09:27:28+00:00\",\"dateModified\":\"2018-11-27T08:22:36+00:00\",\"breadcrumb\":{\"@id\":\"https:\/\/cce.it\/de\/bereich-zugluft\/produkt\/easy\/trend\/#breadcrumb\"},\"inLanguage\":\"it-IT\",\"potentialAction\":[{\"@type\":\"ReadAction\",\"target\":[\"https:\/\/cce.it\/de\/bereich-zugluft\/produkt\/easy\/trend\/\"]}]},{\"@type\":\"BreadcrumbList\",\"@id\":\"https:\/\/cce.it\/de\/bereich-zugluft\/produkt\/easy\/trend\/#breadcrumb\",\"itemListElement\":[{\"@type\":\"ListItem\",\"position\":1,\"item\":{\"@type\":\"WebPage\",\"@id\":\"https:\/\/cce.it\/\",\"url\":\"https:\/\/cce.it\/\",\"name\":\"Home\"}},{\"@type\":\"ListItem\",\"position\":2,\"item\":{\"@type\":\"WebPage\",\"@id\":\"https:\/\/cce.it\/de\/bereich-zugluft\/\",\"url\":\"https:\/\/cce.it\/de\/bereich-zugluft\/\",\"name\":\"Bereich Zugluft\"}},{\"@type\":\"ListItem\",\"position\":3,\"item\":{\"@type\":\"WebPage\",\"@id\":\"https:\/\/cce.it\/de\/bereich-zugluft\/produkt\/\",\"url\":\"https:\/\/cce.it\/de\/bereich-zugluft\/produkt\/\",\"name\":\"Kategorien\"}},{\"@type\":\"ListItem\",\"position\":4,\"item\":{\"@type\":\"WebPage\",\"@id\":\"https:\/\/cce.it\/de\/bereich-zugluft\/produkt\/easy\/\",\"url\":\"https:\/\/cce.it\/de\/bereich-zugluft\/produkt\/easy\/\",\"name\":\"Easy\"}},{\"@type\":\"ListItem\",\"position\":5,\"item\":{\"@type\":\"WebPage\",\"@id\":\"https:\/\/cce.it\/de\/bereich-zugluft\/produkt\/easy\/trend\/\",\"url\":\"https:\/\/cce.it\/de\/bereich-zugluft\/produkt\/easy\/trend\/\",\"name\":\"Trend\"}}]}]}<\/script>\n<!-- \/ Yoast SEO plugin. -->","_links":{"self":[{"href":"https:\/\/cce.it\/de\/wp-json\/wp\/v2\/pages\/4280"}],"collection":[{"href":"https:\/\/cce.it\/de\/wp-json\/wp\/v2\/pages"}],"about":[{"href":"https:\/\/cce.it\/de\/wp-json\/wp\/v2\/types\/page"}],"author":[{"embeddable":true,"href":"https:\/\/cce.it\/de\/wp-json\/wp\/v2\/users\/12"}],"replies":[{"embeddable":true,"href":"https:\/\/cce.it\/de\/wp-json\/wp\/v2\/comments?post=4280"}],"version-history":[{"count":12,"href":"https:\/\/cce.it\/de\/wp-json\/wp\/v2\/pages\/4280\/revisions"}],"predecessor-version":[{"id":18977,"href":"https:\/\/cce.it\/de\/wp-json\/wp\/v2\/pages\/4280\/revisions\/18977"}],"up":[{"embeddable":true,"href":"https:\/\/cce.it\/de\/wp-json\/wp\/v2\/pages\/4262"}],"wp:featuredmedia":[{"embeddable":true,"href":"https:\/\/cce.it\/de\/wp-json\/wp\/v2\/media\/8957"}],"wp:attachment":[{"href":"https:\/\/cce.it\/de\/wp-json\/wp\/v2\/media?parent=4280"}],"curies":[{"name":"wp","href":"https:\/\/api.w.org\/{rel}","templated":true}]}}