{"id":4243,"date":"2015-04-14T09:28:32","date_gmt":"2015-04-14T07:28:32","guid":{"rendered":"https:\/\/cce.it\/\/automatic-dropdowns-division\/prodotti\/comfort-fire\/drop-20-mini-30\/"},"modified":"2018-07-19T09:28:47","modified_gmt":"2018-07-19T07:28:47","slug":"drop-20-mini-30","status":"publish","type":"page","link":"https:\/\/cce.it\/de\/bereich-zugluft\/produkt\/comfort-fire\/drop-20-mini-30\/","title":{"rendered":"Drop 20 Mini"},"content":{"rendered":"<h5><span>INFORMATION<\/span><\/h5>\n<hr \/>\n<p>Dieses absolute Top-Modell mit 20 mm Hub und drei m\u00f6glichen Befestigungsarten ist f\u00fcr 60 Minuten Feuerfestigkeit und 50 dB Schalld\u00e4mmung zertifiziert. Kann auch mit dem Zubeh\u00f6rteil Doppio Pulsante verwendet werden, das eine noch wirksamere Bodenschlie\u00dfung erm&ouml;glicht. Mit dem Zubeh\u00f6rteil Actuator Pivot auch an Pivott\u00fcren anwendbar.<\/p>\n","protected":false},"excerpt":{"rendered":"<p>INFORMATION Dieses absolute Top-Modell mit 20 mm Hub und drei m\u00f6glichen Befestigungsarten ist f\u00fcr 60 Minuten Feuerfestigkeit und 50 dB Schalld\u00e4mmung zertifiziert. Kann auch mit dem Zubeh\u00f6rteil Doppio Pulsante verwendet werden, das eine noch wirksamere Bodenschlie\u00dfung erm&ouml;glicht. Mit dem Zubeh\u00f6rteil Actuator Pivot auch an Pivott\u00fcren anwendbar.<\/p>\n","protected":false},"author":12,"featured_media":15710,"parent":4205,"menu_order":541,"comment_status":"closed","ping_status":"closed","template":"template-antis-product.php","meta":[],"acf":[],"yoast_head":"<!-- This site is optimized with the Yoast SEO plugin v15.0 - https:\/\/yoast.com\/wordpress\/plugins\/seo\/ -->\n<title>Drop 20 Mini - CCE<\/title>\n<meta name=\"robots\" content=\"index, follow, max-snippet:-1, max-image-preview:large, max-video-preview:-1\" \/>\n<link rel=\"canonical\" href=\"https:\/\/cce.it\/de\/bereich-zugluft\/produkt\/comfort-fire\/drop-20-mini-30\/\" \/>\n<meta property=\"og:locale\" content=\"it_IT\" \/>\n<meta property=\"og:type\" content=\"article\" \/>\n<meta property=\"og:title\" content=\"Drop 20 Mini - CCE\" \/>\n<meta property=\"og:description\" content=\"INFORMATION Dieses absolute Top-Modell mit 20 mm Hub und drei m\u00f6glichen Befestigungsarten ist f\u00fcr 60 Minuten Feuerfestigkeit und 50 dB Schalld\u00e4mmung zertifiziert. Kann auch mit dem Zubeh\u00f6rteil Doppio Pulsante verwendet werden, das eine noch wirksamere Bodenschlie\u00dfung erm&ouml;glicht. Mit dem Zubeh\u00f6rteil Actuator Pivot auch an Pivott\u00fcren anwendbar.\" \/>\n<meta property=\"og:url\" content=\"https:\/\/cce.it\/de\/bereich-zugluft\/produkt\/comfort-fire\/drop-20-mini-30\/\" \/>\n<meta property=\"og:site_name\" content=\"CCE\" \/>\n<meta property=\"article:modified_time\" content=\"2018-07-19T07:28:47+00:00\" \/>\n<meta property=\"og:image\" content=\"https:\/\/cce.it\/wp-content\/uploads\/asdro60m_solo_cat.jpg\" \/>\n\t<meta property=\"og:image:width\" content=\"1920\" \/>\n\t<meta property=\"og:image:height\" content=\"726\" \/>\n<script type=\"application\/ld+json\" class=\"yoast-schema-graph\">{\"@context\":\"https:\/\/schema.org\",\"@graph\":[{\"@type\":\"WebSite\",\"@id\":\"https:\/\/cce.it\/de\/#website\",\"url\":\"https:\/\/cce.it\/de\/\",\"name\":\"CCE\",\"description\":\"\",\"potentialAction\":[{\"@type\":\"SearchAction\",\"target\":\"https:\/\/cce.it\/de\/?s={search_term_string}\",\"query-input\":\"required name=search_term_string\"}],\"inLanguage\":\"it-IT\"},{\"@type\":\"ImageObject\",\"@id\":\"https:\/\/cce.it\/de\/bereich-zugluft\/produkt\/comfort-fire\/drop-20-mini-30\/#primaryimage\",\"inLanguage\":\"it-IT\",\"url\":\"https:\/\/cce.it\/wp-content\/uploads\/asdro60m_solo_cat.jpg\",\"width\":1920,\"height\":726},{\"@type\":\"WebPage\",\"@id\":\"https:\/\/cce.it\/de\/bereich-zugluft\/produkt\/comfort-fire\/drop-20-mini-30\/#webpage\",\"url\":\"https:\/\/cce.it\/de\/bereich-zugluft\/produkt\/comfort-fire\/drop-20-mini-30\/\",\"name\":\"Drop 20 Mini - CCE\",\"isPartOf\":{\"@id\":\"https:\/\/cce.it\/de\/#website\"},\"primaryImageOfPage\":{\"@id\":\"https:\/\/cce.it\/de\/bereich-zugluft\/produkt\/comfort-fire\/drop-20-mini-30\/#primaryimage\"},\"datePublished\":\"2015-04-14T07:28:32+00:00\",\"dateModified\":\"2018-07-19T07:28:47+00:00\",\"breadcrumb\":{\"@id\":\"https:\/\/cce.it\/de\/bereich-zugluft\/produkt\/comfort-fire\/drop-20-mini-30\/#breadcrumb\"},\"inLanguage\":\"it-IT\",\"potentialAction\":[{\"@type\":\"ReadAction\",\"target\":[\"https:\/\/cce.it\/de\/bereich-zugluft\/produkt\/comfort-fire\/drop-20-mini-30\/\"]}]},{\"@type\":\"BreadcrumbList\",\"@id\":\"https:\/\/cce.it\/de\/bereich-zugluft\/produkt\/comfort-fire\/drop-20-mini-30\/#breadcrumb\",\"itemListElement\":[{\"@type\":\"ListItem\",\"position\":1,\"item\":{\"@type\":\"WebPage\",\"@id\":\"https:\/\/cce.it\/\",\"url\":\"https:\/\/cce.it\/\",\"name\":\"Home\"}},{\"@type\":\"ListItem\",\"position\":2,\"item\":{\"@type\":\"WebPage\",\"@id\":\"https:\/\/cce.it\/de\/bereich-zugluft\/\",\"url\":\"https:\/\/cce.it\/de\/bereich-zugluft\/\",\"name\":\"Bereich Zugluft\"}},{\"@type\":\"ListItem\",\"position\":3,\"item\":{\"@type\":\"WebPage\",\"@id\":\"https:\/\/cce.it\/de\/bereich-zugluft\/produkt\/\",\"url\":\"https:\/\/cce.it\/de\/bereich-zugluft\/produkt\/\",\"name\":\"Kategorien\"}},{\"@type\":\"ListItem\",\"position\":4,\"item\":{\"@type\":\"WebPage\",\"@id\":\"https:\/\/cce.it\/de\/bereich-zugluft\/produkt\/comfort-fire\/\",\"url\":\"https:\/\/cce.it\/de\/bereich-zugluft\/produkt\/comfort-fire\/\",\"name\":\"Comfort Fire\"}},{\"@type\":\"ListItem\",\"position\":5,\"item\":{\"@type\":\"WebPage\",\"@id\":\"https:\/\/cce.it\/de\/bereich-zugluft\/produkt\/comfort-fire\/drop-20-mini-30\/\",\"url\":\"https:\/\/cce.it\/de\/bereich-zugluft\/produkt\/comfort-fire\/drop-20-mini-30\/\",\"name\":\"Drop 20 Mini\"}}]}]}<\/script>\n<!-- \/ Yoast SEO plugin. -->","_links":{"self":[{"href":"https:\/\/cce.it\/de\/wp-json\/wp\/v2\/pages\/4243"}],"collection":[{"href":"https:\/\/cce.it\/de\/wp-json\/wp\/v2\/pages"}],"about":[{"href":"https:\/\/cce.it\/de\/wp-json\/wp\/v2\/types\/page"}],"author":[{"embeddable":true,"href":"https:\/\/cce.it\/de\/wp-json\/wp\/v2\/users\/12"}],"replies":[{"embeddable":true,"href":"https:\/\/cce.it\/de\/wp-json\/wp\/v2\/comments?post=4243"}],"version-history":[{"count":16,"href":"https:\/\/cce.it\/de\/wp-json\/wp\/v2\/pages\/4243\/revisions"}],"predecessor-version":[{"id":18279,"href":"https:\/\/cce.it\/de\/wp-json\/wp\/v2\/pages\/4243\/revisions\/18279"}],"up":[{"embeddable":true,"href":"https:\/\/cce.it\/de\/wp-json\/wp\/v2\/pages\/4205"}],"wp:featuredmedia":[{"embeddable":true,"href":"https:\/\/cce.it\/de\/wp-json\/wp\/v2\/media\/15710"}],"wp:attachment":[{"href":"https:\/\/cce.it\/de\/wp-json\/wp\/v2\/media?parent=4243"}],"curies":[{"name":"wp","href":"https:\/\/api.w.org\/{rel}","templated":true}]}}