{"id":4227,"date":"2015-04-13T16:46:44","date_gmt":"2015-04-13T14:46:44","guid":{"rendered":"https:\/\/cce.it\/\/automatic-dropdowns-division\/prodotti\/comfort\/decibel\/"},"modified":"2018-07-19T09:16:54","modified_gmt":"2018-07-19T07:16:54","slug":"decibel","status":"publish","type":"page","link":"https:\/\/cce.it\/de\/bereich-zugluft\/produkt\/comfort\/decibel\/","title":{"rendered":"Decibel"},"content":{"rendered":"<h5><span>INFORMATION<\/span><\/h5>\n<hr \/>\n<p>Solide und stark, akustisch nicht nur dem Namen nach, dank seiner breiten Dreifachkammerdichtlippe durch<br \/>\nIFT Rosenheim f\u00fcr eine Schalld\u00e4mmung von 52 dB zertifiziert. Der geneigte Druckknopf kann herausgezogen und an der gegen\u00fcberliegenden Seite positioniert werden, um sowohl an rechts- als auch links&ouml;ffnenden T\u00fcren eine bessere Positionierung zu gew\u00e4hrleisten.<\/p>\n","protected":false},"excerpt":{"rendered":"<p>INFORMATION Solide und stark, akustisch nicht nur dem Namen nach, dank seiner breiten Dreifachkammerdichtlippe durch IFT Rosenheim f\u00fcr eine Schalld\u00e4mmung von 52 dB zertifiziert. Der geneigte Druckknopf kann herausgezogen und an der gegen\u00fcberliegenden Seite positioniert werden, um sowohl an rechts- als auch links&ouml;ffnenden T\u00fcren eine bessere Positionierung zu gew\u00e4hrleisten.<\/p>\n","protected":false},"author":12,"featured_media":8839,"parent":4169,"menu_order":427,"comment_status":"closed","ping_status":"open","template":"template-antis-product.php","meta":[],"acf":[],"yoast_head":"<!-- This site is optimized with the Yoast SEO plugin v15.0 - https:\/\/yoast.com\/wordpress\/plugins\/seo\/ -->\n<title>Decibel - CCE<\/title>\n<meta name=\"robots\" content=\"index, follow, max-snippet:-1, max-image-preview:large, max-video-preview:-1\" \/>\n<link rel=\"canonical\" href=\"https:\/\/cce.it\/de\/bereich-zugluft\/produkt\/comfort\/decibel\/\" \/>\n<meta property=\"og:locale\" content=\"de_DE\" \/>\n<meta property=\"og:type\" content=\"article\" \/>\n<meta property=\"og:title\" content=\"Decibel - CCE\" \/>\n<meta property=\"og:description\" content=\"INFORMATION Solide und stark, akustisch nicht nur dem Namen nach, dank seiner breiten Dreifachkammerdichtlippe durch IFT Rosenheim f\u00fcr eine Schalld\u00e4mmung von 52 dB zertifiziert. Der geneigte Druckknopf kann herausgezogen und an der gegen\u00fcberliegenden Seite positioniert werden, um sowohl an rechts- als auch links&ouml;ffnenden T\u00fcren eine bessere Positionierung zu gew\u00e4hrleisten.\" \/>\n<meta property=\"og:url\" content=\"https:\/\/cce.it\/de\/bereich-zugluft\/produkt\/comfort\/decibel\/\" \/>\n<meta property=\"og:site_name\" content=\"CCE\" \/>\n<meta property=\"article:modified_time\" content=\"2018-07-19T07:16:54+00:00\" \/>\n<meta property=\"og:image\" content=\"https:\/\/cce.it\/wp-content\/uploads\/asdb-prodotto_rev2.jpg\" \/>\n\t<meta property=\"og:image:width\" content=\"1920\" \/>\n\t<meta property=\"og:image:height\" content=\"726\" \/>\n<script type=\"application\/ld+json\" class=\"yoast-schema-graph\">{\"@context\":\"https:\/\/schema.org\",\"@graph\":[{\"@type\":\"WebSite\",\"@id\":\"https:\/\/cce.it\/de\/#website\",\"url\":\"https:\/\/cce.it\/de\/\",\"name\":\"CCE\",\"description\":\"\",\"potentialAction\":[{\"@type\":\"SearchAction\",\"target\":\"https:\/\/cce.it\/de\/?s={search_term_string}\",\"query-input\":\"required name=search_term_string\"}],\"inLanguage\":\"de-DE\"},{\"@type\":\"ImageObject\",\"@id\":\"https:\/\/cce.it\/de\/bereich-zugluft\/produkt\/comfort\/decibel\/#primaryimage\",\"inLanguage\":\"de-DE\",\"url\":\"https:\/\/cce.it\/wp-content\/uploads\/asdb-prodotto_rev2.jpg\",\"width\":1920,\"height\":726},{\"@type\":\"WebPage\",\"@id\":\"https:\/\/cce.it\/de\/bereich-zugluft\/produkt\/comfort\/decibel\/#webpage\",\"url\":\"https:\/\/cce.it\/de\/bereich-zugluft\/produkt\/comfort\/decibel\/\",\"name\":\"Decibel - CCE\",\"isPartOf\":{\"@id\":\"https:\/\/cce.it\/de\/#website\"},\"primaryImageOfPage\":{\"@id\":\"https:\/\/cce.it\/de\/bereich-zugluft\/produkt\/comfort\/decibel\/#primaryimage\"},\"datePublished\":\"2015-04-13T14:46:44+00:00\",\"dateModified\":\"2018-07-19T07:16:54+00:00\",\"breadcrumb\":{\"@id\":\"https:\/\/cce.it\/de\/bereich-zugluft\/produkt\/comfort\/decibel\/#breadcrumb\"},\"inLanguage\":\"de-DE\",\"potentialAction\":[{\"@type\":\"ReadAction\",\"target\":[\"https:\/\/cce.it\/de\/bereich-zugluft\/produkt\/comfort\/decibel\/\"]}]},{\"@type\":\"BreadcrumbList\",\"@id\":\"https:\/\/cce.it\/de\/bereich-zugluft\/produkt\/comfort\/decibel\/#breadcrumb\",\"itemListElement\":[{\"@type\":\"ListItem\",\"position\":1,\"item\":{\"@type\":\"WebPage\",\"@id\":\"https:\/\/cce.it\/de\/home\/\",\"url\":\"https:\/\/cce.it\/de\/home\/\",\"name\":\"Home\"}},{\"@type\":\"ListItem\",\"position\":2,\"item\":{\"@type\":\"WebPage\",\"@id\":\"https:\/\/cce.it\/de\/bereich-zugluft\/\",\"url\":\"https:\/\/cce.it\/de\/bereich-zugluft\/\",\"name\":\"Bereich Zugluft\"}},{\"@type\":\"ListItem\",\"position\":3,\"item\":{\"@type\":\"WebPage\",\"@id\":\"https:\/\/cce.it\/de\/bereich-zugluft\/produkt\/\",\"url\":\"https:\/\/cce.it\/de\/bereich-zugluft\/produkt\/\",\"name\":\"Kategorien\"}},{\"@type\":\"ListItem\",\"position\":4,\"item\":{\"@type\":\"WebPage\",\"@id\":\"https:\/\/cce.it\/de\/bereich-zugluft\/produkt\/comfort\/\",\"url\":\"https:\/\/cce.it\/de\/bereich-zugluft\/produkt\/comfort\/\",\"name\":\"Comfort\"}},{\"@type\":\"ListItem\",\"position\":5,\"item\":{\"@type\":\"WebPage\",\"@id\":\"https:\/\/cce.it\/de\/bereich-zugluft\/produkt\/comfort\/decibel\/\",\"url\":\"https:\/\/cce.it\/de\/bereich-zugluft\/produkt\/comfort\/decibel\/\",\"name\":\"Decibel\"}}]}]}<\/script>\n<!-- \/ Yoast SEO plugin. -->","_links":{"self":[{"href":"https:\/\/cce.it\/de\/wp-json\/wp\/v2\/pages\/4227"}],"collection":[{"href":"https:\/\/cce.it\/de\/wp-json\/wp\/v2\/pages"}],"about":[{"href":"https:\/\/cce.it\/de\/wp-json\/wp\/v2\/types\/page"}],"author":[{"embeddable":true,"href":"https:\/\/cce.it\/de\/wp-json\/wp\/v2\/users\/12"}],"replies":[{"embeddable":true,"href":"https:\/\/cce.it\/de\/wp-json\/wp\/v2\/comments?post=4227"}],"version-history":[{"count":12,"href":"https:\/\/cce.it\/de\/wp-json\/wp\/v2\/pages\/4227\/revisions"}],"predecessor-version":[{"id":18258,"href":"https:\/\/cce.it\/de\/wp-json\/wp\/v2\/pages\/4227\/revisions\/18258"}],"up":[{"embeddable":true,"href":"https:\/\/cce.it\/de\/wp-json\/wp\/v2\/pages\/4169"}],"wp:featuredmedia":[{"embeddable":true,"href":"https:\/\/cce.it\/de\/wp-json\/wp\/v2\/media\/8839"}],"wp:attachment":[{"href":"https:\/\/cce.it\/de\/wp-json\/wp\/v2\/media?parent=4227"}],"curies":[{"name":"wp","href":"https:\/\/api.w.org\/{rel}","templated":true}]}}