{"id":4214,"date":"2015-04-14T09:25:46","date_gmt":"2015-04-14T07:25:46","guid":{"rendered":"https:\/\/cce.it\/\/automatic-dropdowns-division\/prodotti\/comfort-fire\/drop-20-maxi\/"},"modified":"2018-08-29T17:14:10","modified_gmt":"2018-08-29T15:14:10","slug":"drop-20-maxi","status":"publish","type":"page","link":"https:\/\/cce.it\/de\/bereich-zugluft\/produkt\/comfort-fire\/drop-20-maxi\/","title":{"rendered":"Drop 20 Maxi"},"content":{"rendered":"<p>Dieses absolute Top-Modell mit 20 mm Hub und drei m&ouml;glichen Befestigungsarten ist f\u00fcr 60 Minuten Feuerfestigkeit und 52 dB Schalld\u00e4mmung zerti ziert. Es ist sowohl mit 28 mm als auch 30 mm H\u00f6he erh\u00e4ltlich und kann mit zahlreichen Zubeh\u00f6rteilen verwendet werden, auch f\u00fcr zwei \u00fcgelige oder Pivott\u00fcren.<\/p>\n","protected":false},"excerpt":{"rendered":"<p>Dieses absolute Top-Modell mit 20 mm Hub und drei m&ouml;glichen Befestigungsarten ist f\u00fcr 60 Minuten Feuerfestigkeit und 52 dB Schalld\u00e4mmung zerti ziert. Es ist sowohl mit 28 mm als auch 30 mm H\u00f6he erh\u00e4ltlich und kann mit zahlreichen Zubeh\u00f6rteilen verwendet werden, auch f\u00fcr zwei \u00fcgelige oder Pivott\u00fcren.<\/p>\n","protected":false},"author":12,"featured_media":8883,"parent":4205,"menu_order":532,"comment_status":"closed","ping_status":"open","template":"template-antis-product.php","meta":[],"acf":[],"yoast_head":"<!-- This site is optimized with the Yoast SEO plugin v15.0 - https:\/\/yoast.com\/wordpress\/plugins\/seo\/ -->\n<title>Drop 20 Maxi - CCE<\/title>\n<meta name=\"robots\" content=\"index, follow, max-snippet:-1, max-image-preview:large, max-video-preview:-1\" \/>\n<link rel=\"canonical\" href=\"https:\/\/cce.it\/de\/bereich-zugluft\/produkt\/comfort-fire\/drop-20-maxi\/\" \/>\n<meta property=\"og:locale\" content=\"it_IT\" \/>\n<meta property=\"og:type\" content=\"article\" \/>\n<meta property=\"og:title\" content=\"Drop 20 Maxi - CCE\" \/>\n<meta property=\"og:description\" content=\"Dieses absolute Top-Modell mit 20 mm Hub und drei m&ouml;glichen Befestigungsarten ist f\u00fcr 60 Minuten Feuerfestigkeit und 52 dB Schalld\u00e4mmung zerti ziert. Es ist sowohl mit 28 mm als auch 30 mm H\u00f6he erh\u00e4ltlich und kann mit zahlreichen Zubeh\u00f6rteilen verwendet werden, auch f\u00fcr zwei \u00fcgelige oder Pivott\u00fcren.\" \/>\n<meta property=\"og:url\" content=\"https:\/\/cce.it\/de\/bereich-zugluft\/produkt\/comfort-fire\/drop-20-maxi\/\" \/>\n<meta property=\"og:site_name\" content=\"CCE\" \/>\n<meta property=\"article:modified_time\" content=\"2018-08-29T15:14:10+00:00\" \/>\n<meta property=\"og:image\" content=\"https:\/\/cce.it\/wp-content\/uploads\/asdromax-prodotto_rev2.jpg\" \/>\n\t<meta property=\"og:image:width\" content=\"1920\" \/>\n\t<meta property=\"og:image:height\" content=\"726\" \/>\n<script type=\"application\/ld+json\" class=\"yoast-schema-graph\">{\"@context\":\"https:\/\/schema.org\",\"@graph\":[{\"@type\":\"WebSite\",\"@id\":\"https:\/\/cce.it\/de\/#website\",\"url\":\"https:\/\/cce.it\/de\/\",\"name\":\"CCE\",\"description\":\"\",\"potentialAction\":[{\"@type\":\"SearchAction\",\"target\":\"https:\/\/cce.it\/de\/?s={search_term_string}\",\"query-input\":\"required name=search_term_string\"}],\"inLanguage\":\"it-IT\"},{\"@type\":\"ImageObject\",\"@id\":\"https:\/\/cce.it\/de\/bereich-zugluft\/produkt\/comfort-fire\/drop-20-maxi\/#primaryimage\",\"inLanguage\":\"it-IT\",\"url\":\"https:\/\/cce.it\/wp-content\/uploads\/asdromax-prodotto_rev2.jpg\",\"width\":1920,\"height\":726},{\"@type\":\"WebPage\",\"@id\":\"https:\/\/cce.it\/de\/bereich-zugluft\/produkt\/comfort-fire\/drop-20-maxi\/#webpage\",\"url\":\"https:\/\/cce.it\/de\/bereich-zugluft\/produkt\/comfort-fire\/drop-20-maxi\/\",\"name\":\"Drop 20 Maxi - CCE\",\"isPartOf\":{\"@id\":\"https:\/\/cce.it\/de\/#website\"},\"primaryImageOfPage\":{\"@id\":\"https:\/\/cce.it\/de\/bereich-zugluft\/produkt\/comfort-fire\/drop-20-maxi\/#primaryimage\"},\"datePublished\":\"2015-04-14T07:25:46+00:00\",\"dateModified\":\"2018-08-29T15:14:10+00:00\",\"breadcrumb\":{\"@id\":\"https:\/\/cce.it\/de\/bereich-zugluft\/produkt\/comfort-fire\/drop-20-maxi\/#breadcrumb\"},\"inLanguage\":\"it-IT\",\"potentialAction\":[{\"@type\":\"ReadAction\",\"target\":[\"https:\/\/cce.it\/de\/bereich-zugluft\/produkt\/comfort-fire\/drop-20-maxi\/\"]}]},{\"@type\":\"BreadcrumbList\",\"@id\":\"https:\/\/cce.it\/de\/bereich-zugluft\/produkt\/comfort-fire\/drop-20-maxi\/#breadcrumb\",\"itemListElement\":[{\"@type\":\"ListItem\",\"position\":1,\"item\":{\"@type\":\"WebPage\",\"@id\":\"https:\/\/cce.it\/\",\"url\":\"https:\/\/cce.it\/\",\"name\":\"Home\"}},{\"@type\":\"ListItem\",\"position\":2,\"item\":{\"@type\":\"WebPage\",\"@id\":\"https:\/\/cce.it\/de\/bereich-zugluft\/\",\"url\":\"https:\/\/cce.it\/de\/bereich-zugluft\/\",\"name\":\"Bereich Zugluft\"}},{\"@type\":\"ListItem\",\"position\":3,\"item\":{\"@type\":\"WebPage\",\"@id\":\"https:\/\/cce.it\/de\/bereich-zugluft\/produkt\/\",\"url\":\"https:\/\/cce.it\/de\/bereich-zugluft\/produkt\/\",\"name\":\"Kategorien\"}},{\"@type\":\"ListItem\",\"position\":4,\"item\":{\"@type\":\"WebPage\",\"@id\":\"https:\/\/cce.it\/de\/bereich-zugluft\/produkt\/comfort-fire\/\",\"url\":\"https:\/\/cce.it\/de\/bereich-zugluft\/produkt\/comfort-fire\/\",\"name\":\"Comfort Fire\"}},{\"@type\":\"ListItem\",\"position\":5,\"item\":{\"@type\":\"WebPage\",\"@id\":\"https:\/\/cce.it\/de\/bereich-zugluft\/produkt\/comfort-fire\/drop-20-maxi\/\",\"url\":\"https:\/\/cce.it\/de\/bereich-zugluft\/produkt\/comfort-fire\/drop-20-maxi\/\",\"name\":\"Drop 20 Maxi\"}}]}]}<\/script>\n<!-- \/ Yoast SEO plugin. -->","_links":{"self":[{"href":"https:\/\/cce.it\/de\/wp-json\/wp\/v2\/pages\/4214"}],"collection":[{"href":"https:\/\/cce.it\/de\/wp-json\/wp\/v2\/pages"}],"about":[{"href":"https:\/\/cce.it\/de\/wp-json\/wp\/v2\/types\/page"}],"author":[{"embeddable":true,"href":"https:\/\/cce.it\/de\/wp-json\/wp\/v2\/users\/12"}],"replies":[{"embeddable":true,"href":"https:\/\/cce.it\/de\/wp-json\/wp\/v2\/comments?post=4214"}],"version-history":[{"count":17,"href":"https:\/\/cce.it\/de\/wp-json\/wp\/v2\/pages\/4214\/revisions"}],"predecessor-version":[{"id":18737,"href":"https:\/\/cce.it\/de\/wp-json\/wp\/v2\/pages\/4214\/revisions\/18737"}],"up":[{"embeddable":true,"href":"https:\/\/cce.it\/de\/wp-json\/wp\/v2\/pages\/4205"}],"wp:featuredmedia":[{"embeddable":true,"href":"https:\/\/cce.it\/de\/wp-json\/wp\/v2\/media\/8883"}],"wp:attachment":[{"href":"https:\/\/cce.it\/de\/wp-json\/wp\/v2\/media?parent=4214"}],"curies":[{"name":"wp","href":"https:\/\/api.w.org\/{rel}","templated":true}]}}