{"id":4205,"date":"2015-04-09T18:28:08","date_gmt":"2015-04-09T16:28:08","guid":{"rendered":"https:\/\/cce.it\/\/automatic-dropdowns-division\/prodotti\/comfort-fire\/"},"modified":"2022-02-08T15:22:14","modified_gmt":"2022-02-08T14:22:14","slug":"comfort-fire","status":"publish","type":"page","link":"https:\/\/cce.it\/de\/bereich-zugluft\/produkt\/comfort-fire\/","title":{"rendered":"Comfort Fire"},"content":{"rendered":"<p>Spitzenprodukte automatischer Untert\u00fcrdichtungen: der Baureihe \u201eComfort&#8220; zugeh\u00f6rig, jedoch als brandabschlie\u00dfende Weiterentwicklung. Durch Weiterentwicklung der Komponenten wurden 60 oder 120 Minuten Feuerwiderstandsf\u00e4higkeit nach der neuesten Norm BS EN 1634-1-:2000 erreicht.<\/p>\n","protected":false},"excerpt":{"rendered":"<p>Spitzenprodukte automatischer Untert\u00fcrdichtungen: der Baureihe \u201eComfort&#8220; zugeh\u00f6rig, jedoch als brandabschlie\u00dfende Weiterentwicklung. Durch Weiterentwicklung der Komponenten wurden 60 oder 120 Minuten Feuerwiderstandsf\u00e4higkeit nach der neuesten Norm BS EN 1634-1-:2000 erreicht.<\/p>\n","protected":false},"author":12,"featured_media":595,"parent":4135,"menu_order":74,"comment_status":"closed","ping_status":"closed","template":"template-antis-family.php","meta":[],"acf":[],"yoast_head":"<!-- This site is optimized with the Yoast SEO plugin v15.0 - https:\/\/yoast.com\/wordpress\/plugins\/seo\/ -->\n<title>Comfort Fire - CCE<\/title>\n<meta name=\"robots\" content=\"index, follow, max-snippet:-1, max-image-preview:large, max-video-preview:-1\" \/>\n<link rel=\"canonical\" href=\"https:\/\/cce.it\/de\/bereich-zugluft\/produkt\/comfort-fire\/\" \/>\n<meta property=\"og:locale\" content=\"de_DE\" \/>\n<meta property=\"og:type\" content=\"article\" \/>\n<meta property=\"og:title\" content=\"Comfort Fire - CCE\" \/>\n<meta property=\"og:description\" content=\"Spitzenprodukte automatischer Untert\u00fcrdichtungen: der Baureihe \u201eComfort&#8220; zugeh\u00f6rig, jedoch als brandabschlie\u00dfende Weiterentwicklung. Durch Weiterentwicklung der Komponenten wurden 60 oder 120 Minuten Feuerwiderstandsf\u00e4higkeit nach der neuesten Norm BS EN 1634-1-:2000 erreicht.\" \/>\n<meta property=\"og:url\" content=\"https:\/\/cce.it\/de\/bereich-zugluft\/produkt\/comfort-fire\/\" \/>\n<meta property=\"og:site_name\" content=\"CCE\" \/>\n<meta property=\"article:modified_time\" content=\"2022-02-08T14:22:14+00:00\" \/>\n<meta property=\"og:image\" content=\"https:\/\/cce.it\/wp-content\/uploads\/visual-comfort-fire.jpg\" \/>\n\t<meta property=\"og:image:width\" content=\"1769\" \/>\n\t<meta property=\"og:image:height\" content=\"947\" \/>\n<script type=\"application\/ld+json\" class=\"yoast-schema-graph\">{\"@context\":\"https:\/\/schema.org\",\"@graph\":[{\"@type\":\"WebSite\",\"@id\":\"https:\/\/cce.it\/de\/#website\",\"url\":\"https:\/\/cce.it\/de\/\",\"name\":\"CCE\",\"description\":\"\",\"potentialAction\":[{\"@type\":\"SearchAction\",\"target\":\"https:\/\/cce.it\/de\/?s={search_term_string}\",\"query-input\":\"required name=search_term_string\"}],\"inLanguage\":\"de-DE\"},{\"@type\":\"ImageObject\",\"@id\":\"https:\/\/cce.it\/de\/bereich-zugluft\/produkt\/comfort-fire\/#primaryimage\",\"inLanguage\":\"de-DE\",\"url\":\"https:\/\/cce.it\/wp-content\/uploads\/visual-comfort-fire.jpg\",\"width\":1769,\"height\":947},{\"@type\":\"WebPage\",\"@id\":\"https:\/\/cce.it\/de\/bereich-zugluft\/produkt\/comfort-fire\/#webpage\",\"url\":\"https:\/\/cce.it\/de\/bereich-zugluft\/produkt\/comfort-fire\/\",\"name\":\"Comfort Fire - CCE\",\"isPartOf\":{\"@id\":\"https:\/\/cce.it\/de\/#website\"},\"primaryImageOfPage\":{\"@id\":\"https:\/\/cce.it\/de\/bereich-zugluft\/produkt\/comfort-fire\/#primaryimage\"},\"datePublished\":\"2015-04-09T16:28:08+00:00\",\"dateModified\":\"2022-02-08T14:22:14+00:00\",\"breadcrumb\":{\"@id\":\"https:\/\/cce.it\/de\/bereich-zugluft\/produkt\/comfort-fire\/#breadcrumb\"},\"inLanguage\":\"de-DE\",\"potentialAction\":[{\"@type\":\"ReadAction\",\"target\":[\"https:\/\/cce.it\/de\/bereich-zugluft\/produkt\/comfort-fire\/\"]}]},{\"@type\":\"BreadcrumbList\",\"@id\":\"https:\/\/cce.it\/de\/bereich-zugluft\/produkt\/comfort-fire\/#breadcrumb\",\"itemListElement\":[{\"@type\":\"ListItem\",\"position\":1,\"item\":{\"@type\":\"WebPage\",\"@id\":\"https:\/\/cce.it\/de\/home\/\",\"url\":\"https:\/\/cce.it\/de\/home\/\",\"name\":\"Home\"}},{\"@type\":\"ListItem\",\"position\":2,\"item\":{\"@type\":\"WebPage\",\"@id\":\"https:\/\/cce.it\/de\/bereich-zugluft\/\",\"url\":\"https:\/\/cce.it\/de\/bereich-zugluft\/\",\"name\":\"Bereich Zugluft\"}},{\"@type\":\"ListItem\",\"position\":3,\"item\":{\"@type\":\"WebPage\",\"@id\":\"https:\/\/cce.it\/de\/bereich-zugluft\/produkt\/\",\"url\":\"https:\/\/cce.it\/de\/bereich-zugluft\/produkt\/\",\"name\":\"Kategorien\"}},{\"@type\":\"ListItem\",\"position\":4,\"item\":{\"@type\":\"WebPage\",\"@id\":\"https:\/\/cce.it\/de\/bereich-zugluft\/produkt\/comfort-fire\/\",\"url\":\"https:\/\/cce.it\/de\/bereich-zugluft\/produkt\/comfort-fire\/\",\"name\":\"Comfort Fire\"}}]}]}<\/script>\n<!-- \/ Yoast SEO plugin. -->","_links":{"self":[{"href":"https:\/\/cce.it\/de\/wp-json\/wp\/v2\/pages\/4205"}],"collection":[{"href":"https:\/\/cce.it\/de\/wp-json\/wp\/v2\/pages"}],"about":[{"href":"https:\/\/cce.it\/de\/wp-json\/wp\/v2\/types\/page"}],"author":[{"embeddable":true,"href":"https:\/\/cce.it\/de\/wp-json\/wp\/v2\/users\/12"}],"replies":[{"embeddable":true,"href":"https:\/\/cce.it\/de\/wp-json\/wp\/v2\/comments?post=4205"}],"version-history":[{"count":7,"href":"https:\/\/cce.it\/de\/wp-json\/wp\/v2\/pages\/4205\/revisions"}],"predecessor-version":[{"id":20902,"href":"https:\/\/cce.it\/de\/wp-json\/wp\/v2\/pages\/4205\/revisions\/20902"}],"up":[{"embeddable":true,"href":"https:\/\/cce.it\/de\/wp-json\/wp\/v2\/pages\/4135"}],"wp:featuredmedia":[{"embeddable":true,"href":"https:\/\/cce.it\/de\/wp-json\/wp\/v2\/media\/595"}],"wp:attachment":[{"href":"https:\/\/cce.it\/de\/wp-json\/wp\/v2\/media?parent=4205"}],"curies":[{"name":"wp","href":"https:\/\/api.w.org\/{rel}","templated":true}]}}